{"id":856,"date":"2021-06-10T20:23:22","date_gmt":"2021-06-10T18:23:22","guid":{"rendered":"https:\/\/ekoenergetyka.com\/kontakt\/"},"modified":"2026-03-05T12:17:03","modified_gmt":"2026-03-05T11:17:03","slug":"kontakt","status":"publish","type":"page","link":"https:\/\/ekoenergetyka.com\/pl\/kontakt\/","title":{"rendered":"Kontakt &#8211; siedziba g\u0142\u00f3wna"},"content":{"rendered":"\n<div style=\"height:2rem\" aria-hidden=\"true\" class=\"wp-block-spacer border-heading\"><\/div>\n\n\n\n<section class=\"wp-block-group contact-details\"><div class=\"wp-block-group__inner-container is-layout-constrained wp-block-group-is-layout-constrained\">\n<div class=\"wp-block-columns are-vertically-aligned-center is-layout-flex wp-container-core-columns-is-layout-9d6595d7 wp-block-columns-is-layout-flex\">\n<div class=\"wp-block-column is-vertically-aligned-center is-layout-flow wp-block-column-is-layout-flow\">\n<p class=\"text-big\">Ekoenergetyka \u2013 Polska S.A.<\/p>\n\n\n\n<p class=\"text-big has-text-color has-link-color wp-elements-abf7a5c47761d92f52ea5f9fc4c2919f\" style=\"color:#969696\">ul. Nowy Kisielin \u2013 Rozwojowa 7A, <br>66-002 Zielona G\u00f3ra, Polska<\/p>\n\n\n\n<p>Zadzwo\u0144 do nas lub napisz poprzez formularz <br>\u2013 nasz zesp\u00f3\u0142 skontaktuje si\u0119 z Tob\u0105 jak najszybciej.<\/p>\n\n\n\n<div style=\"height:1rem\" aria-hidden=\"true\" class=\"wp-block-spacer\"><\/div>\n\n\n\n<p><a href=\"mailto:contact@ekoenergetyka.com\">contact@ekoenergetyka.com<\/a><\/p>\n\n\n\n<p><a href=\"tel:+48683282068\">+48 68 328 20 68<\/a><\/p>\n<\/div>\n\n\n\n<div class=\"wp-block-column is-vertically-aligned-center is-layout-flow wp-block-column-is-layout-flow\">\n<figure class=\"wp-block-image size-full\"><img loading=\"lazy\" decoding=\"async\" width=\"1907\" height=\"1257\" src=\"https:\/\/ekoenergetyka.com\/wp-content\/uploads\/2025\/07\/company-poster.webp\" alt=\"head office\" class=\"wp-image-45492\" srcset=\"https:\/\/ekoenergetyka.com\/wp-content\/uploads\/2025\/07\/company-poster.webp 1907w, https:\/\/ekoenergetyka.com\/wp-content\/uploads\/2025\/07\/company-poster-1024x675.webp 1024w, https:\/\/ekoenergetyka.com\/wp-content\/uploads\/2025\/07\/company-poster-768x506.webp 768w, https:\/\/ekoenergetyka.com\/wp-content\/uploads\/2025\/07\/company-poster-1536x1012.webp 1536w\" sizes=\"auto, (max-width: 1907px) 100vw, 1907px\" \/><\/figure>\n<\/div>\n<\/div>\n\n\n\n<div style=\"height:3rem\" aria-hidden=\"true\" class=\"wp-block-spacer border-heading\"><\/div>\n<\/div><\/section>\n\n\n\n<section class=\"wp-block-group contact\"><div class=\"wp-block-group__inner-container is-layout-constrained wp-block-group-is-layout-constrained\">\n<h2 class=\"wp-block-heading\" id=\"h-sprzedaz\">Sprzeda\u017c<\/h2>\n\n\n\n<div style=\"height:2rem\" aria-hidden=\"true\" class=\"wp-block-spacer border-heading\"><\/div>\n\n\n\n<p class=\"text-big\"><a href=\"mailto:sales@ekoenergetyka.com\">sales@ekoenergetyka.com<\/a><\/p>\n\n\n\n<div style=\"height:2rem\" aria-hidden=\"true\" class=\"wp-block-spacer\"><\/div>\n\n\n\n<div style=\"height:1rem\" aria-hidden=\"true\" class=\"wp-block-spacer border-heading\"><\/div>\n<\/div><\/section>\n\n\n<section class=\"heading-with-text\">\n    <div\n        class=\"heading-with-text-wrapper\">\n                <div class=\"heading-with-text-h2\">\n                        <h2>Wy\u015blij  <br\/>wiadomo\u015b\u0107<\/h2>\n                    <\/div>\n                        <div class=\"heading-with-text-text\">\n            <p class=\"text-big\">Wype\u0142nij formularz, a nasz zesp\u00f3\u0142 wkr\u00f3tce si\u0119 z Tob\u0105 skontaktuje.<\/p>\n        <\/div>\n            <\/div>\n<\/section>\n\n\n<section class=\"wp-block-group\"><div class=\"wp-block-group__inner-container is-layout-constrained wp-block-group-is-layout-constrained\">\n<div class=\"wp-block-contact-form-7-contact-form-selector\">\n<div class=\"wpcf7 no-js\" id=\"wpcf7-f855-o1\" lang=\"pl-PL\" dir=\"ltr\" data-wpcf7-id=\"855\">\n<div class=\"screen-reader-response\"><p role=\"status\" aria-live=\"polite\" aria-atomic=\"true\"><\/p> <ul><\/ul><\/div>\n<form action=\"\/pl\/wp-json\/wp\/v2\/pages\/856#wpcf7-f855-o1\" method=\"post\" class=\"wpcf7-form init wpcf7-acceptance-as-validation\" aria-label=\"Formularz kontaktowy\" novalidate=\"novalidate\" data-status=\"init\">\n<fieldset class=\"hidden-fields-container\"><input type=\"hidden\" name=\"_wpcf7\" value=\"855\" \/><input type=\"hidden\" name=\"_wpcf7_version\" value=\"6.1.5\" \/><input type=\"hidden\" name=\"_wpcf7_locale\" value=\"pl_PL\" \/><input type=\"hidden\" name=\"_wpcf7_unit_tag\" value=\"wpcf7-f855-o1\" \/><input type=\"hidden\" name=\"_wpcf7_container_post\" value=\"0\" \/><input type=\"hidden\" name=\"_wpcf7_posted_data_hash\" value=\"\" \/><input type=\"hidden\" name=\"_wpcf7_recaptcha_response\" value=\"\" \/>\n<\/fieldset>\n<div class=\"contact-flex\">\n\t<p><span class=\"wpcf7-form-control-wrap\" data-name=\"drop-down-menu\"><select class=\"wpcf7-form-control wpcf7-select wpcf7-validates-as-required\" id=\"contactPurposeDropDown\" aria-required=\"true\" aria-invalid=\"false\" name=\"drop-down-menu\"><option value=\"\">Cel kontaktu*<\/option><option value=\"Sprzeda\u017c\">Sprzeda\u017c<\/option><option value=\"Obs\u0142uga klienta\">Obs\u0142uga klienta<\/option><option value=\"Wsp\u00f3\u0142praca\">Wsp\u00f3\u0142praca<\/option><option value=\"PR\/Marketing\">PR\/Marketing<\/option><option value=\"Inny\">Inny<\/option><\/select><\/span><br \/>\n<span class=\"wpcf7-form-control-wrap\" data-name=\"text-410\"><input size=\"40\" maxlength=\"400\" class=\"wpcf7-form-control wpcf7-text wpcf7-validates-as-required\" aria-required=\"true\" aria-invalid=\"false\" placeholder=\"Kraj\/Region*\" value=\"\" type=\"text\" name=\"text-410\" \/><\/span>\n\t<\/p>\n<\/div>\n<p><span class=\"wpcf7-form-control-wrap\" data-name=\"contact-propose-other\"><input size=\"40\" maxlength=\"400\" class=\"wpcf7-form-control wpcf7-text\" id=\"contactPurpose\" aria-invalid=\"false\" placeholder=\"Wpisz cel kontaktu\" value=\"\" type=\"text\" name=\"contact-propose-other\" \/><\/span>\n<\/p>\n<div class=\"contact-flex\">\n\t<p><span class=\"wpcf7-form-control-wrap\" data-name=\"sm-email\"><input size=\"40\" maxlength=\"400\" class=\"wpcf7-form-control wpcf7-email wpcf7-validates-as-required wpcf7-text wpcf7-validates-as-email\" aria-required=\"true\" aria-invalid=\"false\" placeholder=\"Firmowy e-mail*\" value=\"\" type=\"email\" name=\"sm-email\" \/><\/span><br \/>\n<span class=\"wpcf7-form-control-wrap\" data-name=\"tel-638\"><input size=\"40\" maxlength=\"400\" class=\"wpcf7-form-control wpcf7-tel wpcf7-text wpcf7-validates-as-tel\" aria-invalid=\"false\" placeholder=\"Telefon\" value=\"\" type=\"tel\" name=\"tel-638\" \/><\/span>\n\t<\/p>\n<\/div>\n<p><span class=\"wpcf7-form-control-wrap\" data-name=\"textarea-476\"><textarea cols=\"40\" rows=\"10\" maxlength=\"2000\" class=\"wpcf7-form-control wpcf7-textarea wpcf7-validates-as-required\" aria-required=\"true\" aria-invalid=\"false\" placeholder=\"Twoja wiadomo\u015b\u0107*\" name=\"textarea-476\"><\/textarea><\/span>\n<\/p>\n<div class=\"contact-button\">\n\t<p><input class=\"wpcf7-form-control wpcf7-submit has-spinner\" type=\"submit\" value=\"Wy\u015blij wiadomo\u015b\u0107 -&gt;\" \/>\n\t<\/p>\n<\/div>\n<p><span class=\"wpcf7-form-control-wrap\" data-name=\"acceptance-514\"><span class=\"wpcf7-form-control wpcf7-acceptance\"><span class=\"wpcf7-list-item\"><label><input type=\"checkbox\" name=\"acceptance-514\" value=\"1\" aria-invalid=\"false\" \/><span class=\"wpcf7-list-item-label\">Wyra\u017cam zgod\u0119 na przetwarzanie danych osobowych do celu udzielenia odpowiedzi na zapytanie. Szczeg\u00f3\u0142owe informacje na temat przetwarzania danych osobowych znajduj\u0105 si\u0119 na podstronie: <a style=\"text-decoration: underline;\" href=\"\/pl\/klauzula-informacyjna\/\">Klauzula informacyjna*<\/a><\/span><\/label><\/span><\/span><\/span><br \/>\n<span class=\"wpcf7-form-control-wrap\" data-name=\"sm-optin\"><span class=\"wpcf7-form-control wpcf7-acceptance optional\"><span class=\"wpcf7-list-item\"><label><input type=\"checkbox\" name=\"sm-optin\" value=\"1\" aria-invalid=\"false\" \/><span class=\"wpcf7-list-item-label\">Wyra\u017cam zgod\u0119 na dopisanie adresu e-mail do bazy kontaktowej oraz przesy\u0142anie informacji handlowych zwi\u0105zanych z bie\u017c\u0105c\u0105 ofert\u0105 produktow\u0105 i us\u0142ugow\u0105 Ekoenergetyka-Polska S.A. z siedzib\u0105 w Zielonej G\u00f3rze (66-002) przy ulicy Nowy Kisielin \u2013 Rozwojowa 7A. Szczeg\u00f3\u0142owe informacje na temat przetwarzania danych osobowych znajduj\u0105 si\u0119 na podstronie: <a style=\"text-decoration: underline;\" href=\"\/pl\/klauzula-informacyjna\/\">Klauzula informacyjna<\/a><\/span><\/label><\/span><\/span><\/span>\n<\/p>\n<p><script language=\"javascript\" type=\"text\/javascript\">\ndocument.getElementById(\"contactPurpose\").style.display = 'none';\ndocument.getElementById(\"contactPurposeDropDown\").addEventListener(\"change\", displayTextField);\n function displayTextField() {\n \/\/ Get the value of the selected drop down\n var dropDownText = document.getElementById(\"contactPurposeDropDown\").value;\n \/\/ If selected text matches 'Other', display the text field.\n if (dropDownText == \"Inny\") {\n document.getElementById(\"contactPurpose\").style.display = 'block';\n } else {\n document.getElementById(\"contactPurpose\").style.display = 'none';\n }\n }\n<\/script>\n<\/p><div class=\"wpcf7-response-output\" aria-hidden=\"true\"><\/div>\n<\/form>\n<\/div>\n<\/div>\n<\/div><\/section>\n\n\n\n<p class=\"has-medium-font-size\"><a href=\"https:\/\/ekoenergetyka.com\/pl\/zgloszenia\/\" target=\"_blank\" rel=\"noreferrer noopener\"><strong>Zg\u0142oszenia<\/strong><\/a><\/p>\n","protected":false},"excerpt":{"rendered":"<p>Ekoenergetyka \u2013 Polska S.A. ul. Nowy Kisielin \u2013 Rozwojowa 7A, 66-002 Zielona G\u00f3ra, Polska Zadzwo\u0144 do nas lub napisz poprzez formularz \u2013 nasz zesp\u00f3\u0142 skontaktuje si\u0119 z Tob\u0105 jak najszybciej. contact@ekoenergetyka.com +48 68 328 20 68 Sprzeda\u017c sales@ekoenergetyka.com Zg\u0142oszenia<\/p>\n","protected":false},"author":1,"featured_media":0,"parent":0,"menu_order":0,"comment_status":"closed","ping_status":"closed","template":"","meta":{"_acf_changed":false,"footnotes":""},"class_list":["post-856","page","type-page","status-publish","hentry"],"acf":[],"yoast_head":"<!-- This site is optimized with the Yoast SEO Premium plugin v27.1 (Yoast SEO v27.3) - https:\/\/yoast.com\/product\/yoast-seo-premium-wordpress\/ -->\n<title>Kontakt - siedziba g\u0142\u00f3wna, skontaktuj si\u0119 z naszymi przedstawicielami | Ekoenergetyka<\/title>\n<meta name=\"description\" content=\"Skontaktuj si\u0119 z nami, aby\u015bmy mogli przedstawi\u0107 Nasz\u0105 wyj\u0105tkow\u0105 ofert\u0119 w zakresie infrastruktury do \u0142adowania pojazd\u00f3w elektrycznych.\" \/>\n<meta name=\"robots\" content=\"index, follow, max-snippet:-1, max-image-preview:large, max-video-preview:-1\" \/>\n<link rel=\"canonical\" href=\"https:\/\/ekoenergetyka.com\/pl\/kontakt\/\" \/>\n<meta property=\"og:locale\" content=\"pl_PL\" \/>\n<meta property=\"og:type\" content=\"article\" \/>\n<meta property=\"og:title\" content=\"Kontakt - siedziba g\u0142\u00f3wna\" \/>\n<meta property=\"og:description\" content=\"Skontaktuj si\u0119 z nami, aby\u015bmy mogli przedstawi\u0107 Nasz\u0105 wyj\u0105tkow\u0105 ofert\u0119 w zakresie infrastruktury do \u0142adowania pojazd\u00f3w elektrycznych.\" \/>\n<meta property=\"og:url\" content=\"https:\/\/ekoenergetyka.com\/pl\/kontakt\/\" \/>\n<meta property=\"og:site_name\" content=\"Ekoenergetyka\" \/>\n<meta property=\"article:publisher\" content=\"https:\/\/www.facebook.com\/ekoenergetykaPolska\/\" \/>\n<meta property=\"article:modified_time\" content=\"2026-03-05T11:17:03+00:00\" \/>\n<meta property=\"og:image\" content=\"https:\/\/ekoenergetyka.com\/wp-content\/uploads\/2025\/07\/company-poster.webp\" \/>\n\t<meta property=\"og:image:width\" content=\"1907\" \/>\n\t<meta property=\"og:image:height\" content=\"1257\" \/>\n\t<meta property=\"og:image:type\" content=\"image\/webp\" \/>\n<meta name=\"twitter:card\" content=\"summary_large_image\" \/>\n<meta name=\"twitter:label1\" content=\"Szacowany czas czytania\" \/>\n\t<meta name=\"twitter:data1\" content=\"1 minuta\" \/>\n<script type=\"application\/ld+json\" class=\"yoast-schema-graph\">{\"@context\":\"https:\\\/\\\/schema.org\",\"@graph\":[{\"@type\":\"WebPage\",\"@id\":\"https:\\\/\\\/ekoenergetyka.com\\\/pl\\\/kontakt\\\/\",\"url\":\"https:\\\/\\\/ekoenergetyka.com\\\/pl\\\/kontakt\\\/\",\"name\":\"Kontakt - siedziba g\u0142\u00f3wna, skontaktuj si\u0119 z naszymi przedstawicielami | Ekoenergetyka\",\"isPartOf\":{\"@id\":\"https:\\\/\\\/ekoenergetyka.com\\\/pl\\\/#website\"},\"primaryImageOfPage\":{\"@id\":\"https:\\\/\\\/ekoenergetyka.com\\\/pl\\\/kontakt\\\/#primaryimage\"},\"image\":{\"@id\":\"https:\\\/\\\/ekoenergetyka.com\\\/pl\\\/kontakt\\\/#primaryimage\"},\"thumbnailUrl\":\"https:\\\/\\\/ekoenergetyka.com\\\/wp-content\\\/uploads\\\/2025\\\/07\\\/company-poster.webp\",\"datePublished\":\"2021-06-10T18:23:22+00:00\",\"dateModified\":\"2026-03-05T11:17:03+00:00\",\"description\":\"Skontaktuj si\u0119 z nami, aby\u015bmy mogli przedstawi\u0107 Nasz\u0105 wyj\u0105tkow\u0105 ofert\u0119 w zakresie infrastruktury do \u0142adowania pojazd\u00f3w elektrycznych.\",\"breadcrumb\":{\"@id\":\"https:\\\/\\\/ekoenergetyka.com\\\/pl\\\/kontakt\\\/#breadcrumb\"},\"inLanguage\":\"pl-PL\",\"potentialAction\":[{\"@type\":\"ReadAction\",\"target\":[\"https:\\\/\\\/ekoenergetyka.com\\\/pl\\\/kontakt\\\/\"]}]},{\"@type\":\"ImageObject\",\"inLanguage\":\"pl-PL\",\"@id\":\"https:\\\/\\\/ekoenergetyka.com\\\/pl\\\/kontakt\\\/#primaryimage\",\"url\":\"https:\\\/\\\/ekoenergetyka.com\\\/wp-content\\\/uploads\\\/2025\\\/07\\\/company-poster.webp\",\"contentUrl\":\"https:\\\/\\\/ekoenergetyka.com\\\/wp-content\\\/uploads\\\/2025\\\/07\\\/company-poster.webp\"},{\"@type\":\"BreadcrumbList\",\"@id\":\"https:\\\/\\\/ekoenergetyka.com\\\/pl\\\/kontakt\\\/#breadcrumb\",\"itemListElement\":[{\"@type\":\"ListItem\",\"position\":1,\"name\":\"Strona G\u0142\u00f3wna\",\"item\":\"https:\\\/\\\/ekoenergetyka.com\\\/pl\\\/\"},{\"@type\":\"ListItem\",\"position\":2,\"name\":\"Kontakt &#8211; siedziba g\u0142\u00f3wna\"}]},{\"@type\":\"WebSite\",\"@id\":\"https:\\\/\\\/ekoenergetyka.com\\\/pl\\\/#website\",\"url\":\"https:\\\/\\\/ekoenergetyka.com\\\/pl\\\/\",\"name\":\"Ekoenergetyka\",\"description\":\"\",\"publisher\":{\"@id\":\"https:\\\/\\\/ekoenergetyka.com\\\/pl\\\/#organization\"},\"potentialAction\":[{\"@type\":\"SearchAction\",\"target\":{\"@type\":\"EntryPoint\",\"urlTemplate\":\"https:\\\/\\\/ekoenergetyka.com\\\/pl\\\/?s={search_term_string}\"},\"query-input\":{\"@type\":\"PropertyValueSpecification\",\"valueRequired\":true,\"valueName\":\"search_term_string\"}}],\"inLanguage\":\"pl-PL\"},{\"@type\":\"Organization\",\"@id\":\"https:\\\/\\\/ekoenergetyka.com\\\/pl\\\/#organization\",\"name\":\"Ekoenergetyka - Polska S.A.\",\"url\":\"https:\\\/\\\/ekoenergetyka.com\\\/pl\\\/\",\"logo\":{\"@type\":\"ImageObject\",\"inLanguage\":\"pl-PL\",\"@id\":\"https:\\\/\\\/ekoenergetyka.com\\\/pl\\\/#\\\/schema\\\/logo\\\/image\\\/\",\"url\":\"https:\\\/\\\/ekoenergetyka.com\\\/wp-content\\\/uploads\\\/2024\\\/11\\\/cropped-sygnet-bez-tla-black-1-2.png\",\"contentUrl\":\"https:\\\/\\\/ekoenergetyka.com\\\/wp-content\\\/uploads\\\/2024\\\/11\\\/cropped-sygnet-bez-tla-black-1-2.png\",\"width\":512,\"height\":512,\"caption\":\"Ekoenergetyka - Polska S.A.\"},\"image\":{\"@id\":\"https:\\\/\\\/ekoenergetyka.com\\\/pl\\\/#\\\/schema\\\/logo\\\/image\\\/\"},\"sameAs\":[\"https:\\\/\\\/www.facebook.com\\\/ekoenergetykaPolska\\\/\",\"https:\\\/\\\/www.linkedin.com\\\/company\\\/ekoenergetyka\",\"https:\\\/\\\/www.youtube.com\\\/channel\\\/UCfZM_rPDdrv6D0JB-uhWi8Q\\\/videos\"],\"description\":\"Established in 2009 Poland with a sole purpose of providing charging solutions, we are one of the pioneers in the e-mobility industry. In a decade, Ekoenergetyka has grown from 2 to more than 400 employees (currently around 1,000) and has acquired customers throughout Europe and are now a Central and Eastern European leader in charging technologies.\",\"email\":\"contact@ekoenergetyka.com.pl\",\"telephone\":\"+ 48 68 328 20 68\",\"numberOfEmployees\":{\"@type\":\"QuantitativeValue\",\"minValue\":\"501\",\"maxValue\":\"1000\"}}]}<\/script>\n<!-- \/ Yoast SEO Premium plugin. -->","yoast_head_json":{"title":"Kontakt - siedziba g\u0142\u00f3wna, skontaktuj si\u0119 z naszymi przedstawicielami | Ekoenergetyka","description":"Skontaktuj si\u0119 z nami, aby\u015bmy mogli przedstawi\u0107 Nasz\u0105 wyj\u0105tkow\u0105 ofert\u0119 w zakresie infrastruktury do \u0142adowania pojazd\u00f3w elektrycznych.","robots":{"index":"index","follow":"follow","max-snippet":"max-snippet:-1","max-image-preview":"max-image-preview:large","max-video-preview":"max-video-preview:-1"},"canonical":"https:\/\/ekoenergetyka.com\/pl\/kontakt\/","og_locale":"pl_PL","og_type":"article","og_title":"Kontakt - siedziba g\u0142\u00f3wna","og_description":"Skontaktuj si\u0119 z nami, aby\u015bmy mogli przedstawi\u0107 Nasz\u0105 wyj\u0105tkow\u0105 ofert\u0119 w zakresie infrastruktury do \u0142adowania pojazd\u00f3w elektrycznych.","og_url":"https:\/\/ekoenergetyka.com\/pl\/kontakt\/","og_site_name":"Ekoenergetyka","article_publisher":"https:\/\/www.facebook.com\/ekoenergetykaPolska\/","article_modified_time":"2026-03-05T11:17:03+00:00","og_image":[{"width":1907,"height":1257,"url":"https:\/\/ekoenergetyka.com\/wp-content\/uploads\/2025\/07\/company-poster.webp","type":"image\/webp"}],"twitter_card":"summary_large_image","twitter_misc":{"Szacowany czas czytania":"1 minuta"},"schema":{"@context":"https:\/\/schema.org","@graph":[{"@type":"WebPage","@id":"https:\/\/ekoenergetyka.com\/pl\/kontakt\/","url":"https:\/\/ekoenergetyka.com\/pl\/kontakt\/","name":"Kontakt - siedziba g\u0142\u00f3wna, skontaktuj si\u0119 z naszymi przedstawicielami | Ekoenergetyka","isPartOf":{"@id":"https:\/\/ekoenergetyka.com\/pl\/#website"},"primaryImageOfPage":{"@id":"https:\/\/ekoenergetyka.com\/pl\/kontakt\/#primaryimage"},"image":{"@id":"https:\/\/ekoenergetyka.com\/pl\/kontakt\/#primaryimage"},"thumbnailUrl":"https:\/\/ekoenergetyka.com\/wp-content\/uploads\/2025\/07\/company-poster.webp","datePublished":"2021-06-10T18:23:22+00:00","dateModified":"2026-03-05T11:17:03+00:00","description":"Skontaktuj si\u0119 z nami, aby\u015bmy mogli przedstawi\u0107 Nasz\u0105 wyj\u0105tkow\u0105 ofert\u0119 w zakresie infrastruktury do \u0142adowania pojazd\u00f3w elektrycznych.","breadcrumb":{"@id":"https:\/\/ekoenergetyka.com\/pl\/kontakt\/#breadcrumb"},"inLanguage":"pl-PL","potentialAction":[{"@type":"ReadAction","target":["https:\/\/ekoenergetyka.com\/pl\/kontakt\/"]}]},{"@type":"ImageObject","inLanguage":"pl-PL","@id":"https:\/\/ekoenergetyka.com\/pl\/kontakt\/#primaryimage","url":"https:\/\/ekoenergetyka.com\/wp-content\/uploads\/2025\/07\/company-poster.webp","contentUrl":"https:\/\/ekoenergetyka.com\/wp-content\/uploads\/2025\/07\/company-poster.webp"},{"@type":"BreadcrumbList","@id":"https:\/\/ekoenergetyka.com\/pl\/kontakt\/#breadcrumb","itemListElement":[{"@type":"ListItem","position":1,"name":"Strona G\u0142\u00f3wna","item":"https:\/\/ekoenergetyka.com\/pl\/"},{"@type":"ListItem","position":2,"name":"Kontakt &#8211; siedziba g\u0142\u00f3wna"}]},{"@type":"WebSite","@id":"https:\/\/ekoenergetyka.com\/pl\/#website","url":"https:\/\/ekoenergetyka.com\/pl\/","name":"Ekoenergetyka","description":"","publisher":{"@id":"https:\/\/ekoenergetyka.com\/pl\/#organization"},"potentialAction":[{"@type":"SearchAction","target":{"@type":"EntryPoint","urlTemplate":"https:\/\/ekoenergetyka.com\/pl\/?s={search_term_string}"},"query-input":{"@type":"PropertyValueSpecification","valueRequired":true,"valueName":"search_term_string"}}],"inLanguage":"pl-PL"},{"@type":"Organization","@id":"https:\/\/ekoenergetyka.com\/pl\/#organization","name":"Ekoenergetyka - Polska S.A.","url":"https:\/\/ekoenergetyka.com\/pl\/","logo":{"@type":"ImageObject","inLanguage":"pl-PL","@id":"https:\/\/ekoenergetyka.com\/pl\/#\/schema\/logo\/image\/","url":"https:\/\/ekoenergetyka.com\/wp-content\/uploads\/2024\/11\/cropped-sygnet-bez-tla-black-1-2.png","contentUrl":"https:\/\/ekoenergetyka.com\/wp-content\/uploads\/2024\/11\/cropped-sygnet-bez-tla-black-1-2.png","width":512,"height":512,"caption":"Ekoenergetyka - Polska S.A."},"image":{"@id":"https:\/\/ekoenergetyka.com\/pl\/#\/schema\/logo\/image\/"},"sameAs":["https:\/\/www.facebook.com\/ekoenergetykaPolska\/","https:\/\/www.linkedin.com\/company\/ekoenergetyka","https:\/\/www.youtube.com\/channel\/UCfZM_rPDdrv6D0JB-uhWi8Q\/videos"],"description":"Established in 2009 Poland with a sole purpose of providing charging solutions, we are one of the pioneers in the e-mobility industry. In a decade, Ekoenergetyka has grown from 2 to more than 400 employees (currently around 1,000) and has acquired customers throughout Europe and are now a Central and Eastern European leader in charging technologies.","email":"contact@ekoenergetyka.com.pl","telephone":"+ 48 68 328 20 68","numberOfEmployees":{"@type":"QuantitativeValue","minValue":"501","maxValue":"1000"}}]}},"_links":{"self":[{"href":"https:\/\/ekoenergetyka.com\/pl\/wp-json\/wp\/v2\/pages\/856","targetHints":{"allow":["GET"]}}],"collection":[{"href":"https:\/\/ekoenergetyka.com\/pl\/wp-json\/wp\/v2\/pages"}],"about":[{"href":"https:\/\/ekoenergetyka.com\/pl\/wp-json\/wp\/v2\/types\/page"}],"author":[{"embeddable":true,"href":"https:\/\/ekoenergetyka.com\/pl\/wp-json\/wp\/v2\/users\/1"}],"replies":[{"embeddable":true,"href":"https:\/\/ekoenergetyka.com\/pl\/wp-json\/wp\/v2\/comments?post=856"}],"version-history":[{"count":5,"href":"https:\/\/ekoenergetyka.com\/pl\/wp-json\/wp\/v2\/pages\/856\/revisions"}],"predecessor-version":[{"id":57945,"href":"https:\/\/ekoenergetyka.com\/pl\/wp-json\/wp\/v2\/pages\/856\/revisions\/57945"}],"wp:attachment":[{"href":"https:\/\/ekoenergetyka.com\/pl\/wp-json\/wp\/v2\/media?parent=856"}],"curies":[{"name":"wp","href":"https:\/\/api.w.org\/{rel}","templated":true}]}}