{"id":853,"date":"2021-06-10T20:07:43","date_gmt":"2021-06-10T18:07:43","guid":{"rendered":"https:\/\/ekoenergetyka.com\/grupa-ekoenergetyki\/"},"modified":"2025-12-12T12:30:13","modified_gmt":"2025-12-12T11:30:13","slug":"grupa-ee","status":"publish","type":"page","link":"https:\/\/ekoenergetyka.com\/pl\/grupa-ee\/","title":{"rendered":"Grupa EE"},"content":{"rendered":"\n<div style=\"height:50px\" aria-hidden=\"true\" class=\"wp-block-spacer\"><\/div>\n\n\n\n<div class=\"wp-block-group ee-group\"><div class=\"wp-block-group__inner-container is-layout-flow wp-block-group-is-layout-flow\">\n<div class=\"wp-block-columns is-layout-flex wp-container-core-columns-is-layout-9d6595d7 wp-block-columns-is-layout-flex\">\n<div class=\"wp-block-column is-vertically-aligned-center is-layout-flow wp-block-column-is-layout-flow\">\n<div class=\"wp-block-columns is-layout-flex wp-container-core-columns-is-layout-9d6595d7 wp-block-columns-is-layout-flex\">\n<div class=\"wp-block-column is-layout-flow wp-block-column-is-layout-flow\"><div class=\"wp-block-image\">\n<figure class=\"aligncenter size-full\"><a href=\"\/pl\/\" target=\"_blank\" rel=\"noopener\"><img loading=\"lazy\" decoding=\"async\" width=\"520\" height=\"212\" src=\"https:\/\/ekoenergetyka.com\/wp-content\/uploads\/2024\/07\/ekoenergetykapolska-logo-700x400px-black-bez-tla.png\" alt=\"\" class=\"wp-image-37449\" srcset=\"https:\/\/ekoenergetyka.com\/wp-content\/uploads\/2024\/07\/ekoenergetykapolska-logo-700x400px-black-bez-tla.png 520w, https:\/\/ekoenergetyka.com\/wp-content\/uploads\/2024\/07\/ekoenergetykapolska-logo-700x400px-black-bez-tla-300x122.png 300w\" sizes=\"auto, (max-width: 520px) 100vw, 520px\" \/><\/a><\/figure>\n<\/div><\/div>\n\n\n\n<div class=\"wp-block-column is-layout-flow wp-block-column-is-layout-flow\"><div class=\"wp-block-image\">\n<figure class=\"aligncenter size-full\"><a href=\"https:\/\/ekoenergetyka.com\/pl\/grupa-ee\/grupa-ekoenergetyka-s-a\/\" target=\"_blank\" rel=\"noreferrer noopener\"><img loading=\"lazy\" decoding=\"async\" width=\"520\" height=\"212\" src=\"https:\/\/ekoenergetyka.com\/wp-content\/uploads\/2021\/06\/EE-Grupa@2x.png\" alt=\"logo EE Grupa\" class=\"wp-image-1733\" srcset=\"https:\/\/ekoenergetyka.com\/wp-content\/uploads\/2021\/06\/EE-Grupa@2x.png 520w, https:\/\/ekoenergetyka.com\/wp-content\/uploads\/2021\/06\/EE-Grupa@2x-300x122.png 300w\" sizes=\"auto, (max-width: 520px) 100vw, 520px\" \/><\/a><\/figure>\n<\/div><\/div>\n<\/div>\n<\/div>\n\n\n\n<div class=\"wp-block-column is-vertically-aligned-center is-layout-flow wp-block-column-is-layout-flow\">\n<div class=\"wp-block-columns is-layout-flex wp-container-core-columns-is-layout-9d6595d7 wp-block-columns-is-layout-flex\">\n<div class=\"wp-block-column is-layout-flow wp-block-column-is-layout-flow\"><div class=\"wp-block-image\">\n<figure class=\"aligncenter size-large\"><a href=\"https:\/\/ekoenergetyka.com\/pl\/serwis\/\" target=\"_blank\" rel=\"noopener\"><img loading=\"lazy\" decoding=\"async\" width=\"520\" height=\"212\" src=\"https:\/\/ekoenergetyka.com\/wp-content\/uploads\/2021\/06\/EE_Service@2x.png\" alt=\"logo EE_Service\" class=\"wp-image-1724\" srcset=\"https:\/\/ekoenergetyka.com\/wp-content\/uploads\/2021\/06\/EE_Service@2x.png 520w, https:\/\/ekoenergetyka.com\/wp-content\/uploads\/2021\/06\/EE_Service@2x-300x122.png 300w\" sizes=\"auto, (max-width: 520px) 100vw, 520px\" \/><\/a><\/figure>\n<\/div><\/div>\n\n\n\n<div class=\"wp-block-column ee-gro is-layout-flow wp-block-column-is-layout-flow\"><div class=\"wp-block-image\">\n<figure class=\"aligncenter size-large\"><a href=\"https:\/\/ekoenergetyka-pv.com\/\" target=\"_blank\" rel=\"noopener\"><img loading=\"lazy\" decoding=\"async\" width=\"520\" height=\"212\" src=\"https:\/\/ekoenergetyka.com\/wp-content\/uploads\/2021\/06\/EE-PV@2x.png\" alt=\"\" class=\"wp-image-1727\" srcset=\"https:\/\/ekoenergetyka.com\/wp-content\/uploads\/2021\/06\/EE-PV@2x.png 520w, https:\/\/ekoenergetyka.com\/wp-content\/uploads\/2021\/06\/EE-PV@2x-300x122.png 300w\" sizes=\"auto, (max-width: 520px) 100vw, 520px\" \/><\/a><\/figure>\n<\/div><\/div>\n<\/div>\n<\/div>\n\n\n\n<div class=\"wp-block-column is-vertically-aligned-center is-layout-flow wp-block-column-is-layout-flow\">\n<div class=\"wp-block-columns is-layout-flex wp-container-core-columns-is-layout-9d6595d7 wp-block-columns-is-layout-flex\">\n<div class=\"wp-block-column is-layout-flow wp-block-column-is-layout-flow\"><div class=\"wp-block-image\">\n<figure class=\"aligncenter size-large\"><img loading=\"lazy\" decoding=\"async\" width=\"520\" height=\"212\" src=\"https:\/\/ekoenergetyka.com\/wp-content\/uploads\/2021\/06\/EE-Development-PV@2x.png\" alt=\"logo EE Development PV\" class=\"wp-image-1730\" srcset=\"https:\/\/ekoenergetyka.com\/wp-content\/uploads\/2021\/06\/EE-Development-PV@2x.png 520w, https:\/\/ekoenergetyka.com\/wp-content\/uploads\/2021\/06\/EE-Development-PV@2x-300x122.png 300w\" sizes=\"auto, (max-width: 520px) 100vw, 520px\" \/><\/figure>\n<\/div><\/div>\n\n\n\n<div class=\"wp-block-column is-layout-flow wp-block-column-is-layout-flow\"><\/div>\n<\/div>\n<\/div>\n<\/div>\n\n\n\n<div class=\"wp-block-columns are-vertically-aligned-center is-layout-flex wp-container-core-columns-is-layout-9d6595d7 wp-block-columns-is-layout-flex\">\n<div class=\"wp-block-column is-vertically-aligned-center is-layout-flow wp-block-column-is-layout-flow\">\n<div class=\"wp-block-columns is-layout-flex wp-container-core-columns-is-layout-9d6595d7 wp-block-columns-is-layout-flex\">\n<div class=\"wp-block-column is-vertically-aligned-center is-layout-flow wp-block-column-is-layout-flow\"><div class=\"wp-block-image\">\n<figure class=\"aligncenter size-full\"><a href=\"https:\/\/mpowertech.com.pl\/\" target=\"_blank\" rel=\"noopener\"><img loading=\"lazy\" decoding=\"async\" width=\"520\" height=\"212\" src=\"https:\/\/ekoenergetyka.com\/wp-content\/uploads\/2021\/06\/MPOWER_ZIELEN@2x.png\" alt=\"logo Mpower\" class=\"wp-image-1749\" srcset=\"https:\/\/ekoenergetyka.com\/wp-content\/uploads\/2021\/06\/MPOWER_ZIELEN@2x.png 520w, https:\/\/ekoenergetyka.com\/wp-content\/uploads\/2021\/06\/MPOWER_ZIELEN@2x-300x122.png 300w\" sizes=\"auto, (max-width: 520px) 100vw, 520px\" \/><\/a><\/figure>\n<\/div><\/div>\n\n\n\n<div class=\"wp-block-column is-vertically-aligned-center is-layout-flow wp-block-column-is-layout-flow\"><div class=\"wp-block-image\">\n<figure class=\"aligncenter size-full\"><a href=\"https:\/\/fundacjaekoenergetyki.pl\/\" target=\"_blank\" rel=\"noopener\"><img loading=\"lazy\" decoding=\"async\" width=\"674\" height=\"212\" src=\"https:\/\/ekoenergetyka.com\/wp-content\/uploads\/2021\/06\/LOGO-FUNDACJI_BEZ-HASLA_Obszar-roboczy-1-kopia-3@2x.png\" alt=\"logo fundacja EE\" class=\"wp-image-1746\" srcset=\"https:\/\/ekoenergetyka.com\/wp-content\/uploads\/2021\/06\/LOGO-FUNDACJI_BEZ-HASLA_Obszar-roboczy-1-kopia-3@2x.png 674w, https:\/\/ekoenergetyka.com\/wp-content\/uploads\/2021\/06\/LOGO-FUNDACJI_BEZ-HASLA_Obszar-roboczy-1-kopia-3@2x-300x94.png 300w\" sizes=\"auto, (max-width: 674px) 100vw, 674px\" \/><\/a><\/figure>\n<\/div><\/div>\n<\/div>\n<\/div>\n\n\n\n<div class=\"wp-block-column is-vertically-aligned-center is-layout-flow wp-block-column-is-layout-flow\">\n<div class=\"wp-block-columns is-layout-flex wp-container-core-columns-is-layout-9d6595d7 wp-block-columns-is-layout-flex\">\n<div class=\"wp-block-column is-layout-flow wp-block-column-is-layout-flow\"><div class=\"wp-block-image\">\n<figure class=\"aligncenter size-large\"><a href=\"https:\/\/ekoen.pl\/\" target=\"_blank\" rel=\"noopener\"><img loading=\"lazy\" decoding=\"async\" width=\"520\" height=\"212\" src=\"https:\/\/ekoenergetyka.com\/wp-content\/uploads\/2021\/06\/E5@2x.png\" alt=\"logo Ekoen\" class=\"wp-image-1739\" srcset=\"https:\/\/ekoenergetyka.com\/wp-content\/uploads\/2021\/06\/E5@2x.png 520w, https:\/\/ekoenergetyka.com\/wp-content\/uploads\/2021\/06\/E5@2x-300x122.png 300w\" sizes=\"auto, (max-width: 520px) 100vw, 520px\" \/><\/a><\/figure>\n<\/div><\/div>\n\n\n\n<div class=\"wp-block-column is-layout-flow wp-block-column-is-layout-flow\"><div class=\"wp-block-image\">\n<figure class=\"aligncenter size-large\"><a href=\"https:\/\/ekolucky.pl\/\" target=\"_blank\" rel=\"noopener\"><img loading=\"lazy\" decoding=\"async\" width=\"520\" height=\"212\" src=\"https:\/\/ekoenergetyka.com\/wp-content\/uploads\/2021\/06\/EKOLUCKY_KOLORY@2x.png\" alt=\"logo Ekolucky\" class=\"wp-image-1752\" srcset=\"https:\/\/ekoenergetyka.com\/wp-content\/uploads\/2021\/06\/EKOLUCKY_KOLORY@2x.png 520w, https:\/\/ekoenergetyka.com\/wp-content\/uploads\/2021\/06\/EKOLUCKY_KOLORY@2x-300x122.png 300w\" sizes=\"auto, (max-width: 520px) 100vw, 520px\" \/><\/a><\/figure>\n<\/div><\/div>\n<\/div>\n<\/div>\n\n\n\n<div class=\"wp-block-column is-vertically-aligned-center is-layout-flow wp-block-column-is-layout-flow\">\n<div class=\"wp-block-columns is-layout-flex wp-container-core-columns-is-layout-9d6595d7 wp-block-columns-is-layout-flex\">\n<div class=\"wp-block-column is-layout-flow wp-block-column-is-layout-flow\"><\/div>\n\n\n\n<div class=\"wp-block-column is-layout-flow wp-block-column-is-layout-flow\"><\/div>\n<\/div>\n<\/div>\n<\/div>\n<\/div><\/div>\n\n\n\n<p class=\"has-text-color has-link-color wp-elements-e70cc6341942fd044a13aec39457fde1\" style=\"color:#161412\"><strong><a href=\"https:\/\/ekoenergetyka.com\/pl\/grupa-ee\/ekoenergetyka-sales-sp-z-o-o\/\">Ekoenergetyka Sales sp. z o.o. -&gt;<\/a><\/strong><\/p>\n\n\n\n<p class=\"has-text-color has-link-color wp-elements-f4b4f358d716e8d113a03db496503c7b\" style=\"color:#161412\"><strong><a href=\"https:\/\/ekoenergetyka.com\/pl\/grupa-ee\/capital-chargers-sp-z-o-o\/\">Capital Chargers sp. z o.o. -&gt;<\/a><\/strong><\/p>\n\n\n\n<div style=\"height:1rem\" aria-hidden=\"true\" class=\"wp-block-spacer\"><\/div>\n\n\n\n<p class=\"has-text-color has-link-color wp-elements-009be36db5d16b6b4c10d77c0318f416\" style=\"color:#161412\"><strong><a href=\"https:\/\/ekoenergetyka.com\/pl\/ogloszenia\/\">Og\u0142oszenia Ekoenergetyka-Polska S.A. -&gt;<\/a><\/strong><\/p>\n\n\n\n<div style=\"height:100px\" aria-hidden=\"true\" class=\"wp-block-spacer\"><\/div>\n\n\n\n<p><\/p>\n","protected":false},"excerpt":{"rendered":"<p>Ekoenergetyka Sales sp. z o.o. -&gt; Capital Chargers sp. z o.o. -&gt; Og\u0142oszenia Ekoenergetyka-Polska S.A. -&gt;<\/p>\n","protected":false},"author":1,"featured_media":0,"parent":0,"menu_order":0,"comment_status":"closed","ping_status":"closed","template":"","meta":{"_acf_changed":false,"footnotes":""},"class_list":["post-853","page","type-page","status-publish","hentry"],"acf":[],"yoast_head":"<!-- This site is optimized with the Yoast SEO Premium plugin v27.3 (Yoast SEO v27.4) - https:\/\/yoast.com\/product\/yoast-seo-premium-wordpress\/ -->\n<title>Grupa EE | Ekoenergetyka<\/title>\n<meta name=\"description\" content=\"Ekoenergetyka-Polska to nie tylko jedna sp\u00f3\u0142ka. Dzia\u0142amy w ramach grupy, w kt\u00f3rych sk\u0142ad wchodzi, m.in. Ekoen, Evity, czy Fundacja.\" \/>\n<meta name=\"robots\" content=\"index, follow, max-snippet:-1, max-image-preview:large, max-video-preview:-1\" \/>\n<link rel=\"canonical\" href=\"https:\/\/ekoenergetyka.com\/pl\/grupa-ee\/\" \/>\n<meta property=\"og:locale\" content=\"pl_PL\" \/>\n<meta property=\"og:type\" content=\"article\" \/>\n<meta property=\"og:title\" content=\"Grupa EE\" \/>\n<meta property=\"og:description\" content=\"Ekoenergetyka-Polska to nie tylko jedna sp\u00f3\u0142ka. Dzia\u0142amy w ramach grupy, w kt\u00f3rych sk\u0142ad wchodzi, m.in. Ekoen, Evity, czy Fundacja.\" \/>\n<meta property=\"og:url\" content=\"https:\/\/ekoenergetyka.com\/pl\/grupa-ee\/\" \/>\n<meta property=\"og:site_name\" content=\"Ekoenergetyka\" \/>\n<meta property=\"article:publisher\" content=\"https:\/\/www.facebook.com\/ekoenergetykaPolska\/\" \/>\n<meta property=\"article:modified_time\" content=\"2025-12-12T11:30:13+00:00\" \/>\n<meta property=\"og:image\" content=\"https:\/\/ekoenergetyka.com\/wp-content\/uploads\/2024\/11\/cropped-sygnet-bez-tla-black-1-2.png\" \/>\n\t<meta property=\"og:image:width\" content=\"512\" \/>\n\t<meta property=\"og:image:height\" content=\"512\" \/>\n\t<meta property=\"og:image:type\" content=\"image\/png\" \/>\n<meta name=\"twitter:card\" content=\"summary_large_image\" \/>\n<meta name=\"twitter:label1\" content=\"Szacowany czas czytania\" \/>\n\t<meta name=\"twitter:data1\" content=\"2 minuty\" \/>\n<script type=\"application\/ld+json\" class=\"yoast-schema-graph\">{\"@context\":\"https:\\\/\\\/schema.org\",\"@graph\":[{\"@type\":\"WebPage\",\"@id\":\"https:\\\/\\\/ekoenergetyka.com\\\/pl\\\/grupa-ee\\\/\",\"url\":\"https:\\\/\\\/ekoenergetyka.com\\\/pl\\\/grupa-ee\\\/\",\"name\":\"Grupa EE | Ekoenergetyka\",\"isPartOf\":{\"@id\":\"https:\\\/\\\/ekoenergetyka.com\\\/pl\\\/#website\"},\"primaryImageOfPage\":{\"@id\":\"https:\\\/\\\/ekoenergetyka.com\\\/pl\\\/grupa-ee\\\/#primaryimage\"},\"image\":{\"@id\":\"https:\\\/\\\/ekoenergetyka.com\\\/pl\\\/grupa-ee\\\/#primaryimage\"},\"thumbnailUrl\":\"https:\\\/\\\/ekoenergetyka.com\\\/wp-content\\\/uploads\\\/2024\\\/07\\\/ekoenergetykapolska-logo-700x400px-black-bez-tla.png\",\"datePublished\":\"2021-06-10T18:07:43+00:00\",\"dateModified\":\"2025-12-12T11:30:13+00:00\",\"description\":\"Ekoenergetyka-Polska to nie tylko jedna sp\u00f3\u0142ka. Dzia\u0142amy w ramach grupy, w kt\u00f3rych sk\u0142ad wchodzi, m.in. Ekoen, Evity, czy Fundacja.\",\"breadcrumb\":{\"@id\":\"https:\\\/\\\/ekoenergetyka.com\\\/pl\\\/grupa-ee\\\/#breadcrumb\"},\"inLanguage\":\"pl-PL\",\"potentialAction\":[{\"@type\":\"ReadAction\",\"target\":[\"https:\\\/\\\/ekoenergetyka.com\\\/pl\\\/grupa-ee\\\/\"]}]},{\"@type\":\"ImageObject\",\"inLanguage\":\"pl-PL\",\"@id\":\"https:\\\/\\\/ekoenergetyka.com\\\/pl\\\/grupa-ee\\\/#primaryimage\",\"url\":\"https:\\\/\\\/ekoenergetyka.com\\\/wp-content\\\/uploads\\\/2024\\\/07\\\/ekoenergetykapolska-logo-700x400px-black-bez-tla.png\",\"contentUrl\":\"https:\\\/\\\/ekoenergetyka.com\\\/wp-content\\\/uploads\\\/2024\\\/07\\\/ekoenergetykapolska-logo-700x400px-black-bez-tla.png\"},{\"@type\":\"BreadcrumbList\",\"@id\":\"https:\\\/\\\/ekoenergetyka.com\\\/pl\\\/grupa-ee\\\/#breadcrumb\",\"itemListElement\":[{\"@type\":\"ListItem\",\"position\":1,\"name\":\"Strona G\u0142\u00f3wna\",\"item\":\"https:\\\/\\\/ekoenergetyka.com\\\/pl\\\/\"},{\"@type\":\"ListItem\",\"position\":2,\"name\":\"Grupa EE\"}]},{\"@type\":\"WebSite\",\"@id\":\"https:\\\/\\\/ekoenergetyka.com\\\/pl\\\/#website\",\"url\":\"https:\\\/\\\/ekoenergetyka.com\\\/pl\\\/\",\"name\":\"Ekoenergetyka\",\"description\":\"\",\"publisher\":{\"@id\":\"https:\\\/\\\/ekoenergetyka.com\\\/pl\\\/#organization\"},\"potentialAction\":[{\"@type\":\"SearchAction\",\"target\":{\"@type\":\"EntryPoint\",\"urlTemplate\":\"https:\\\/\\\/ekoenergetyka.com\\\/pl\\\/?s={search_term_string}\"},\"query-input\":{\"@type\":\"PropertyValueSpecification\",\"valueRequired\":true,\"valueName\":\"search_term_string\"}}],\"inLanguage\":\"pl-PL\"},{\"@type\":\"Organization\",\"@id\":\"https:\\\/\\\/ekoenergetyka.com\\\/pl\\\/#organization\",\"name\":\"Ekoenergetyka - Polska S.A.\",\"url\":\"https:\\\/\\\/ekoenergetyka.com\\\/pl\\\/\",\"logo\":{\"@type\":\"ImageObject\",\"inLanguage\":\"pl-PL\",\"@id\":\"https:\\\/\\\/ekoenergetyka.com\\\/pl\\\/#\\\/schema\\\/logo\\\/image\\\/\",\"url\":\"https:\\\/\\\/ekoenergetyka.com\\\/wp-content\\\/uploads\\\/2024\\\/11\\\/cropped-sygnet-bez-tla-black-1-2.png\",\"contentUrl\":\"https:\\\/\\\/ekoenergetyka.com\\\/wp-content\\\/uploads\\\/2024\\\/11\\\/cropped-sygnet-bez-tla-black-1-2.png\",\"width\":512,\"height\":512,\"caption\":\"Ekoenergetyka - Polska S.A.\"},\"image\":{\"@id\":\"https:\\\/\\\/ekoenergetyka.com\\\/pl\\\/#\\\/schema\\\/logo\\\/image\\\/\"},\"sameAs\":[\"https:\\\/\\\/www.facebook.com\\\/ekoenergetykaPolska\\\/\",\"https:\\\/\\\/www.linkedin.com\\\/company\\\/ekoenergetyka\",\"https:\\\/\\\/www.youtube.com\\\/channel\\\/UCfZM_rPDdrv6D0JB-uhWi8Q\\\/videos\"],\"description\":\"Established in 2009 Poland with a sole purpose of providing charging solutions, we are one of the pioneers in the e-mobility industry. In a decade, Ekoenergetyka has grown from 2 to more than 400 employees (currently around 1,000) and has acquired customers throughout Europe and are now a Central and Eastern European leader in charging technologies.\",\"email\":\"contact@ekoenergetyka.com.pl\",\"telephone\":\"+ 48 68 328 20 68\",\"numberOfEmployees\":{\"@type\":\"QuantitativeValue\",\"minValue\":\"501\",\"maxValue\":\"1000\"}}]}<\/script>\n<!-- \/ Yoast SEO Premium plugin. -->","yoast_head_json":{"title":"Grupa EE | Ekoenergetyka","description":"Ekoenergetyka-Polska to nie tylko jedna sp\u00f3\u0142ka. Dzia\u0142amy w ramach grupy, w kt\u00f3rych sk\u0142ad wchodzi, m.in. Ekoen, Evity, czy Fundacja.","robots":{"index":"index","follow":"follow","max-snippet":"max-snippet:-1","max-image-preview":"max-image-preview:large","max-video-preview":"max-video-preview:-1"},"canonical":"https:\/\/ekoenergetyka.com\/pl\/grupa-ee\/","og_locale":"pl_PL","og_type":"article","og_title":"Grupa EE","og_description":"Ekoenergetyka-Polska to nie tylko jedna sp\u00f3\u0142ka. Dzia\u0142amy w ramach grupy, w kt\u00f3rych sk\u0142ad wchodzi, m.in. Ekoen, Evity, czy Fundacja.","og_url":"https:\/\/ekoenergetyka.com\/pl\/grupa-ee\/","og_site_name":"Ekoenergetyka","article_publisher":"https:\/\/www.facebook.com\/ekoenergetykaPolska\/","article_modified_time":"2025-12-12T11:30:13+00:00","og_image":[{"width":512,"height":512,"url":"https:\/\/ekoenergetyka.com\/wp-content\/uploads\/2024\/11\/cropped-sygnet-bez-tla-black-1-2.png","type":"image\/png"}],"twitter_card":"summary_large_image","twitter_misc":{"Szacowany czas czytania":"2 minuty"},"schema":{"@context":"https:\/\/schema.org","@graph":[{"@type":"WebPage","@id":"https:\/\/ekoenergetyka.com\/pl\/grupa-ee\/","url":"https:\/\/ekoenergetyka.com\/pl\/grupa-ee\/","name":"Grupa EE | Ekoenergetyka","isPartOf":{"@id":"https:\/\/ekoenergetyka.com\/pl\/#website"},"primaryImageOfPage":{"@id":"https:\/\/ekoenergetyka.com\/pl\/grupa-ee\/#primaryimage"},"image":{"@id":"https:\/\/ekoenergetyka.com\/pl\/grupa-ee\/#primaryimage"},"thumbnailUrl":"https:\/\/ekoenergetyka.com\/wp-content\/uploads\/2024\/07\/ekoenergetykapolska-logo-700x400px-black-bez-tla.png","datePublished":"2021-06-10T18:07:43+00:00","dateModified":"2025-12-12T11:30:13+00:00","description":"Ekoenergetyka-Polska to nie tylko jedna sp\u00f3\u0142ka. Dzia\u0142amy w ramach grupy, w kt\u00f3rych sk\u0142ad wchodzi, m.in. Ekoen, Evity, czy Fundacja.","breadcrumb":{"@id":"https:\/\/ekoenergetyka.com\/pl\/grupa-ee\/#breadcrumb"},"inLanguage":"pl-PL","potentialAction":[{"@type":"ReadAction","target":["https:\/\/ekoenergetyka.com\/pl\/grupa-ee\/"]}]},{"@type":"ImageObject","inLanguage":"pl-PL","@id":"https:\/\/ekoenergetyka.com\/pl\/grupa-ee\/#primaryimage","url":"https:\/\/ekoenergetyka.com\/wp-content\/uploads\/2024\/07\/ekoenergetykapolska-logo-700x400px-black-bez-tla.png","contentUrl":"https:\/\/ekoenergetyka.com\/wp-content\/uploads\/2024\/07\/ekoenergetykapolska-logo-700x400px-black-bez-tla.png"},{"@type":"BreadcrumbList","@id":"https:\/\/ekoenergetyka.com\/pl\/grupa-ee\/#breadcrumb","itemListElement":[{"@type":"ListItem","position":1,"name":"Strona G\u0142\u00f3wna","item":"https:\/\/ekoenergetyka.com\/pl\/"},{"@type":"ListItem","position":2,"name":"Grupa EE"}]},{"@type":"WebSite","@id":"https:\/\/ekoenergetyka.com\/pl\/#website","url":"https:\/\/ekoenergetyka.com\/pl\/","name":"Ekoenergetyka","description":"","publisher":{"@id":"https:\/\/ekoenergetyka.com\/pl\/#organization"},"potentialAction":[{"@type":"SearchAction","target":{"@type":"EntryPoint","urlTemplate":"https:\/\/ekoenergetyka.com\/pl\/?s={search_term_string}"},"query-input":{"@type":"PropertyValueSpecification","valueRequired":true,"valueName":"search_term_string"}}],"inLanguage":"pl-PL"},{"@type":"Organization","@id":"https:\/\/ekoenergetyka.com\/pl\/#organization","name":"Ekoenergetyka - Polska S.A.","url":"https:\/\/ekoenergetyka.com\/pl\/","logo":{"@type":"ImageObject","inLanguage":"pl-PL","@id":"https:\/\/ekoenergetyka.com\/pl\/#\/schema\/logo\/image\/","url":"https:\/\/ekoenergetyka.com\/wp-content\/uploads\/2024\/11\/cropped-sygnet-bez-tla-black-1-2.png","contentUrl":"https:\/\/ekoenergetyka.com\/wp-content\/uploads\/2024\/11\/cropped-sygnet-bez-tla-black-1-2.png","width":512,"height":512,"caption":"Ekoenergetyka - Polska S.A."},"image":{"@id":"https:\/\/ekoenergetyka.com\/pl\/#\/schema\/logo\/image\/"},"sameAs":["https:\/\/www.facebook.com\/ekoenergetykaPolska\/","https:\/\/www.linkedin.com\/company\/ekoenergetyka","https:\/\/www.youtube.com\/channel\/UCfZM_rPDdrv6D0JB-uhWi8Q\/videos"],"description":"Established in 2009 Poland with a sole purpose of providing charging solutions, we are one of the pioneers in the e-mobility industry. In a decade, Ekoenergetyka has grown from 2 to more than 400 employees (currently around 1,000) and has acquired customers throughout Europe and are now a Central and Eastern European leader in charging technologies.","email":"contact@ekoenergetyka.com.pl","telephone":"+ 48 68 328 20 68","numberOfEmployees":{"@type":"QuantitativeValue","minValue":"501","maxValue":"1000"}}]}},"_links":{"self":[{"href":"https:\/\/ekoenergetyka.com\/pl\/wp-json\/wp\/v2\/pages\/853","targetHints":{"allow":["GET"]}}],"collection":[{"href":"https:\/\/ekoenergetyka.com\/pl\/wp-json\/wp\/v2\/pages"}],"about":[{"href":"https:\/\/ekoenergetyka.com\/pl\/wp-json\/wp\/v2\/types\/page"}],"author":[{"embeddable":true,"href":"https:\/\/ekoenergetyka.com\/pl\/wp-json\/wp\/v2\/users\/1"}],"replies":[{"embeddable":true,"href":"https:\/\/ekoenergetyka.com\/pl\/wp-json\/wp\/v2\/comments?post=853"}],"version-history":[{"count":5,"href":"https:\/\/ekoenergetyka.com\/pl\/wp-json\/wp\/v2\/pages\/853\/revisions"}],"predecessor-version":[{"id":55102,"href":"https:\/\/ekoenergetyka.com\/pl\/wp-json\/wp\/v2\/pages\/853\/revisions\/55102"}],"wp:attachment":[{"href":"https:\/\/ekoenergetyka.com\/pl\/wp-json\/wp\/v2\/media?parent=853"}],"curies":[{"name":"wp","href":"https:\/\/api.w.org\/{rel}","templated":true}]}}