{"id":51401,"date":"2025-10-03T13:47:17","date_gmt":"2025-10-03T11:47:17","guid":{"rendered":"https:\/\/ekoenergetyka.com\/?page_id=51401"},"modified":"2025-10-08T14:01:27","modified_gmt":"2025-10-08T12:01:27","slug":"zgloszenia-incydentow-cyberbezpieczenstwa","status":"publish","type":"page","link":"https:\/\/ekoenergetyka.com\/pl\/zgloszenia-incydentow-cyberbezpieczenstwa\/","title":{"rendered":"Zg\u0142oszenia incydent\u00f3w cyberbezpiecze\u0144stwa"},"content":{"rendered":"\n<div style=\"height:3em\" aria-hidden=\"true\" class=\"wp-block-spacer\"><\/div>\n\n\n\n<div class=\"wp-block-columns is-layout-flex wp-container-core-columns-is-layout-9d6595d7 wp-block-columns-is-layout-flex\">\n<div class=\"wp-block-column is-layout-flow wp-block-column-is-layout-flow\" style=\"flex-basis:100%\">\n<p>Ekoenergetyka-Polska S.A. d\u0105\u017cy do zapewnienia najwy\u017cszego poziomu bezpiecze\u0144stwa informacji dla wszystkich swoich Pracownik\u00f3w oraz Partner\u00f3w Biznesowych. W dobie cyfryzacji i rosn\u0105cej liczby zagro\u017ce\u0144 w internecie, cyberbezpiecze\u0144stwo jest kluczowym elementem, kt\u00f3ry wp\u0142ywa na ochron\u0119 danych osobowych, projektowych czy te\u017c kontraktowych.\u00a0<\/p>\n\n\n\n<p>Poni\u017cej zosta\u0142 zamieszczony formularz, kt\u00f3ry umo\u017cliwia zg\u0142aszanie przypadk\u00f3w narusze\u0144 bezpiecze\u0144stwa informacji oraz incydent\u00f3w cyberbezpiecze\u0144stwa mog\u0105cych mie\u0107 wp\u0142yw na bezpiecze\u0144stwo cybernetyczne Ekoenergetyka-Polska S.A. oraz Partner\u00f3w Biznesowych Sp\u00f3\u0142ki.<\/p>\n\n\n\n<div id=\"form\" class=\"wp-block-group\"><div class=\"wp-block-group__inner-container is-layout-constrained wp-block-group-is-layout-constrained\">\n<div style=\"height:3em\" aria-hidden=\"true\" class=\"wp-block-spacer\"><\/div>\n\n\n\n<div class=\"wpcf7 no-js\" id=\"wpcf7-f51405-o1\" lang=\"pl-PL\" dir=\"ltr\" data-wpcf7-id=\"51405\">\n<div class=\"screen-reader-response\"><p role=\"status\" aria-live=\"polite\" aria-atomic=\"true\"><\/p> <ul><\/ul><\/div>\n<form action=\"\/pl\/wp-json\/wp\/v2\/pages\/51401#wpcf7-f51405-o1\" method=\"post\" class=\"wpcf7-form init\" aria-label=\"Formularz kontaktowy\" enctype=\"multipart\/form-data\" novalidate=\"novalidate\" data-status=\"init\">\n<fieldset class=\"hidden-fields-container\"><input type=\"hidden\" name=\"_wpcf7\" value=\"51405\" \/><input type=\"hidden\" name=\"_wpcf7_version\" value=\"6.1.5\" \/><input type=\"hidden\" name=\"_wpcf7_locale\" value=\"pl_PL\" \/><input type=\"hidden\" name=\"_wpcf7_unit_tag\" value=\"wpcf7-f51405-o1\" \/><input type=\"hidden\" name=\"_wpcf7_container_post\" value=\"0\" \/><input type=\"hidden\" name=\"_wpcf7_posted_data_hash\" value=\"\" \/><input type=\"hidden\" name=\"_wpcf7_recaptcha_response\" value=\"\" \/>\n<\/fieldset>\n<div class=\"form-notification\">\n\t<h3>Informacje o osobach kontaktowych\n\t<\/h3>\n\t<p><label> Adres e-mail osoby zg\u0142aszaj\u0105cej<br \/>\n<span class=\"wpcf7-form-control-wrap\" data-name=\"your-email\"><input size=\"40\" maxlength=\"400\" class=\"wpcf7-form-control wpcf7-email wpcf7-validates-as-required wpcf7-text wpcf7-validates-as-email\" aria-required=\"true\" aria-invalid=\"false\" value=\"\" type=\"email\" name=\"your-email\" \/><\/span><br \/>\n<\/label>\n\t<\/p>\n\t<h3>Informacje podstawowe\n\t<\/h3>\n\t<p><label> Data i czas wyst\u0105pienia oraz data i czas wykrycia incydentu<br \/>\n<span class=\"wpcf7-form-control-wrap\" data-name=\"your-data\"><input size=\"40\" maxlength=\"400\" class=\"wpcf7-form-control wpcf7-text wpcf7-validates-as-required\" aria-required=\"true\" aria-invalid=\"false\" value=\"\" type=\"text\" name=\"your-data\" \/><\/span> <\/label>\n\t<\/p>\n\t<p><label> Kr\u00f3tki, zwi\u0119z\u0142y opis incydentu<br \/>\n<span class=\"wpcf7-form-control-wrap\" data-name=\"your-description\"><textarea cols=\"40\" rows=\"10\" maxlength=\"2000\" class=\"wpcf7-form-control wpcf7-textarea wpcf7-validates-as-required\" aria-required=\"true\" aria-invalid=\"false\" name=\"your-description\"><\/textarea><\/span> <\/label>\n\t<\/p>\n\t<p><label> Inne istotne informacje<br \/>\n<span class=\"wpcf7-form-control-wrap\" data-name=\"your-other\"><textarea cols=\"40\" rows=\"10\" maxlength=\"2000\" class=\"wpcf7-form-control wpcf7-textarea\" aria-invalid=\"false\" name=\"your-other\"><\/textarea><\/span> <\/label>\n\t<\/p>\n\t<h3>Dodatkowe informacje i za\u0142\u0105czniki\n\t<\/h3>\n\t<p><label> Miejsce na do\u0142\u0105czenie log\u00f3w, zrzut\u00f3w ekranu, z\u0142o\u015bliwego oprogramowania, itp. (za\u0142\u0105cz)<\/label>\n\t<\/p>\n\t<p><span class=\"wpcf7-form-control-wrap\" data-name=\"file-715\"><input size=\"40\" class=\"wpcf7-form-control wpcf7-file\" accept=\"audio\/*,video\/*,image\/*\" aria-invalid=\"false\" type=\"file\" name=\"file-715\" \/><\/span>\n\t<\/p>\n\t<div style=\"margin-top: 50px;\">\n\t\t<p><input class=\"wpcf7-form-control wpcf7-submit has-spinner\" type=\"submit\" value=\"Wy\u015blij zg\u0142oszenie\" \/>\n\t\t<\/p>\n\t<\/div>\n\t<p><span class=\"wpcf7-form-control-wrap\" data-name=\"acceptance-826\"><span class=\"wpcf7-form-control wpcf7-acceptance\"><span class=\"wpcf7-list-item\"><label><input type=\"checkbox\" name=\"acceptance-826\" value=\"1\" aria-invalid=\"false\" \/><span class=\"wpcf7-list-item-label\">Wyra\u017cam zgod\u0119 na przetwarzanie danych w celu realizacji zg\u0142oszenia oraz o\u015bwiadczam, \u017ce zapozna\u0142em si\u0119 z klauzul\u0105 informacyjn\u0105. Sk\u0142adam niniejsze zg\u0142oszenie w dobrej wierze, zgodnie z najlepszym stanem mojej wiedzy, daj\u0105cym podstawy by s\u0105dzi\u0107, \u017ce w \u015bwietle okoliczno\u015bci i informacji jakimi dysponuje na dzie\u0144 sporz\u0105dzania niniejszej notatki, ujawnione przeze mnie okoliczno\u015bci i zdarzenia s\u0105 prawdziwe. Ponadto o\u015bwiadczam, \u017ce ujawni\u0142em\/-am wszystkie znane mi, a pozostaj\u0105ce w zwi\u0105zku z naruszeniem informacje, dowody oraz ewentualnych \u015bwiadk\u00f3w.<\/span><\/label><\/span><\/span><\/span>\n\t<\/p>\n\t<div style=\"margin-top: 10px;\">\n\t\t<div>\n\t\t\t<p><a href=\"https:\/\/ekoenergetyka.com\/wp-content\/uploads\/2024\/10\/klauzula-informacyjna-eep-zalacznik-nr-4-do-gk-eko-pro-004-eep-docx.pdf\" target=\"_blank\">Klauzula informacyjna dla Ekoenergetyka \u2013 Polska S.A.<\/a>\n\t\t\t<\/p>\n\t\t<\/div>\n\t<\/div>\n<\/div>\n<p><script>\ndocument.addEventListener('DOMContentLoaded', function() {\n document.querySelectorAll('input[type=\"file\"][name=\"file-715\"], input[type=\"file\"][name=\"file-715[]\"]').forEach(input => {\n input.setAttribute('accept', '.jpg,.jpeg,.png,.pdf,.log,.txt');\n input.setAttribute('multiple', 'multiple');\n });\n});\n<\/script>\n<\/p><div class=\"wpcf7-response-output\" aria-hidden=\"true\"><\/div>\n<\/form>\n<\/div>\n\n<\/div><\/div>\n<\/div>\n<\/div>\n\n\n\n<p><\/p>\n","protected":false},"excerpt":{"rendered":"<p>Ekoenergetyka-Polska S.A. d\u0105\u017cy do zapewnienia najwy\u017cszego poziomu bezpiecze\u0144stwa informacji dla wszystkich swoich Pracownik\u00f3w oraz Partner\u00f3w Biznesowych. W dobie cyfryzacji i rosn\u0105cej liczby zagro\u017ce\u0144 w internecie, cyberbezpiecze\u0144stwo jest kluczowym elementem, kt\u00f3ry wp\u0142ywa na ochron\u0119 danych osobowych, projektowych czy te\u017c kontraktowych.\u00a0 Poni\u017cej zosta\u0142 zamieszczony formularz, kt\u00f3ry umo\u017cliwia zg\u0142aszanie przypadk\u00f3w narusze\u0144 bezpiecze\u0144stwa informacji oraz incydent\u00f3w cyberbezpiecze\u0144stwa mog\u0105cych mie\u0107 [&hellip;]<\/p>\n","protected":false},"author":1,"featured_media":0,"parent":0,"menu_order":0,"comment_status":"closed","ping_status":"closed","template":"","meta":{"_acf_changed":false,"footnotes":""},"class_list":["post-51401","page","type-page","status-publish","hentry"],"acf":[],"yoast_head":"<!-- This site is optimized with the Yoast SEO Premium plugin v27.3 (Yoast SEO v27.3) - https:\/\/yoast.com\/product\/yoast-seo-premium-wordpress\/ -->\n<title>Zg\u0142oszenia incydent\u00f3w cyberbezpiecze\u0144stwa | Ekoenergetyka<\/title>\n<meta name=\"description\" content=\"Zg\u0142oszenia: Masz pytania lub potrzebujesz wsparcia? Skorzystaj z naszego formularza zg\u0142oszeniowego. Jeste\u015bmy tu, aby Ci pom\u00f3c w ka\u017cdym aspekcie naszej oferty.\" \/>\n<meta name=\"robots\" content=\"noindex, nofollow\" \/>\n<meta property=\"og:locale\" content=\"pl_PL\" \/>\n<meta property=\"og:type\" content=\"article\" \/>\n<meta property=\"og:title\" content=\"Zg\u0142oszenia incydent\u00f3w cyberbezpiecze\u0144stwa\" \/>\n<meta property=\"og:description\" content=\"Zg\u0142oszenia: Masz pytania lub potrzebujesz wsparcia? Skorzystaj z naszego formularza zg\u0142oszeniowego. Jeste\u015bmy tu, aby Ci pom\u00f3c w ka\u017cdym aspekcie naszej oferty.\" \/>\n<meta property=\"og:url\" content=\"https:\/\/ekoenergetyka.com\/pl\/zgloszenia-incydentow-cyberbezpieczenstwa\/\" \/>\n<meta property=\"og:site_name\" content=\"Ekoenergetyka\" \/>\n<meta property=\"article:publisher\" content=\"https:\/\/www.facebook.com\/ekoenergetykaPolska\/\" \/>\n<meta property=\"article:modified_time\" content=\"2025-10-08T12:01:27+00:00\" \/>\n<meta property=\"og:image\" content=\"https:\/\/ekoenergetyka.com\/wp-content\/uploads\/2025\/06\/baner-ev-charging-stations-hd.jpg\" \/>\n\t<meta property=\"og:image:width\" content=\"1920\" \/>\n\t<meta property=\"og:image:height\" content=\"916\" \/>\n\t<meta property=\"og:image:type\" content=\"image\/jpeg\" \/>\n<meta name=\"twitter:card\" content=\"summary_large_image\" \/>\n<meta name=\"twitter:label1\" content=\"Szacowany czas czytania\" \/>\n\t<meta name=\"twitter:data1\" content=\"1 minuta\" \/>\n<script type=\"application\/ld+json\" class=\"yoast-schema-graph\">{\"@context\":\"https:\\\/\\\/schema.org\",\"@graph\":[{\"@type\":\"WebPage\",\"@id\":\"https:\\\/\\\/ekoenergetyka.com\\\/pl\\\/zgloszenia-incydentow-cyberbezpieczenstwa\\\/\",\"url\":\"https:\\\/\\\/ekoenergetyka.com\\\/pl\\\/zgloszenia-incydentow-cyberbezpieczenstwa\\\/\",\"name\":\"Zg\u0142oszenia incydent\u00f3w cyberbezpiecze\u0144stwa | Ekoenergetyka\",\"isPartOf\":{\"@id\":\"https:\\\/\\\/ekoenergetyka.com\\\/pl\\\/#website\"},\"datePublished\":\"2025-10-03T11:47:17+00:00\",\"dateModified\":\"2025-10-08T12:01:27+00:00\",\"description\":\"Zg\u0142oszenia: Masz pytania lub potrzebujesz wsparcia? Skorzystaj z naszego formularza zg\u0142oszeniowego. Jeste\u015bmy tu, aby Ci pom\u00f3c w ka\u017cdym aspekcie naszej oferty.\",\"breadcrumb\":{\"@id\":\"https:\\\/\\\/ekoenergetyka.com\\\/pl\\\/zgloszenia-incydentow-cyberbezpieczenstwa\\\/#breadcrumb\"},\"inLanguage\":\"pl-PL\",\"potentialAction\":[{\"@type\":\"ReadAction\",\"target\":[\"https:\\\/\\\/ekoenergetyka.com\\\/pl\\\/zgloszenia-incydentow-cyberbezpieczenstwa\\\/\"]}]},{\"@type\":\"BreadcrumbList\",\"@id\":\"https:\\\/\\\/ekoenergetyka.com\\\/pl\\\/zgloszenia-incydentow-cyberbezpieczenstwa\\\/#breadcrumb\",\"itemListElement\":[{\"@type\":\"ListItem\",\"position\":1,\"name\":\"Strona G\u0142\u00f3wna\",\"item\":\"https:\\\/\\\/ekoenergetyka.com\\\/pl\\\/\"},{\"@type\":\"ListItem\",\"position\":2,\"name\":\"Zg\u0142oszenia incydent\u00f3w cyberbezpiecze\u0144stwa\"}]},{\"@type\":\"WebSite\",\"@id\":\"https:\\\/\\\/ekoenergetyka.com\\\/pl\\\/#website\",\"url\":\"https:\\\/\\\/ekoenergetyka.com\\\/pl\\\/\",\"name\":\"Ekoenergetyka\",\"description\":\"\",\"publisher\":{\"@id\":\"https:\\\/\\\/ekoenergetyka.com\\\/pl\\\/#organization\"},\"potentialAction\":[{\"@type\":\"SearchAction\",\"target\":{\"@type\":\"EntryPoint\",\"urlTemplate\":\"https:\\\/\\\/ekoenergetyka.com\\\/pl\\\/?s={search_term_string}\"},\"query-input\":{\"@type\":\"PropertyValueSpecification\",\"valueRequired\":true,\"valueName\":\"search_term_string\"}}],\"inLanguage\":\"pl-PL\"},{\"@type\":\"Organization\",\"@id\":\"https:\\\/\\\/ekoenergetyka.com\\\/pl\\\/#organization\",\"name\":\"Ekoenergetyka - Polska S.A.\",\"url\":\"https:\\\/\\\/ekoenergetyka.com\\\/pl\\\/\",\"logo\":{\"@type\":\"ImageObject\",\"inLanguage\":\"pl-PL\",\"@id\":\"https:\\\/\\\/ekoenergetyka.com\\\/pl\\\/#\\\/schema\\\/logo\\\/image\\\/\",\"url\":\"https:\\\/\\\/ekoenergetyka.com\\\/wp-content\\\/uploads\\\/2024\\\/11\\\/cropped-sygnet-bez-tla-black-1-2.png\",\"contentUrl\":\"https:\\\/\\\/ekoenergetyka.com\\\/wp-content\\\/uploads\\\/2024\\\/11\\\/cropped-sygnet-bez-tla-black-1-2.png\",\"width\":512,\"height\":512,\"caption\":\"Ekoenergetyka - Polska S.A.\"},\"image\":{\"@id\":\"https:\\\/\\\/ekoenergetyka.com\\\/pl\\\/#\\\/schema\\\/logo\\\/image\\\/\"},\"sameAs\":[\"https:\\\/\\\/www.facebook.com\\\/ekoenergetykaPolska\\\/\",\"https:\\\/\\\/www.linkedin.com\\\/company\\\/ekoenergetyka\",\"https:\\\/\\\/www.youtube.com\\\/channel\\\/UCfZM_rPDdrv6D0JB-uhWi8Q\\\/videos\"],\"description\":\"Established in 2009 Poland with a sole purpose of providing charging solutions, we are one of the pioneers in the e-mobility industry. In a decade, Ekoenergetyka has grown from 2 to more than 400 employees (currently around 1,000) and has acquired customers throughout Europe and are now a Central and Eastern European leader in charging technologies.\",\"email\":\"contact@ekoenergetyka.com.pl\",\"telephone\":\"+ 48 68 328 20 68\",\"numberOfEmployees\":{\"@type\":\"QuantitativeValue\",\"minValue\":\"501\",\"maxValue\":\"1000\"}}]}<\/script>\n<!-- \/ Yoast SEO Premium plugin. -->","yoast_head_json":{"title":"Zg\u0142oszenia incydent\u00f3w cyberbezpiecze\u0144stwa | Ekoenergetyka","description":"Zg\u0142oszenia: Masz pytania lub potrzebujesz wsparcia? Skorzystaj z naszego formularza zg\u0142oszeniowego. Jeste\u015bmy tu, aby Ci pom\u00f3c w ka\u017cdym aspekcie naszej oferty.","robots":{"index":"noindex","follow":"nofollow"},"og_locale":"pl_PL","og_type":"article","og_title":"Zg\u0142oszenia incydent\u00f3w cyberbezpiecze\u0144stwa","og_description":"Zg\u0142oszenia: Masz pytania lub potrzebujesz wsparcia? Skorzystaj z naszego formularza zg\u0142oszeniowego. Jeste\u015bmy tu, aby Ci pom\u00f3c w ka\u017cdym aspekcie naszej oferty.","og_url":"https:\/\/ekoenergetyka.com\/pl\/zgloszenia-incydentow-cyberbezpieczenstwa\/","og_site_name":"Ekoenergetyka","article_publisher":"https:\/\/www.facebook.com\/ekoenergetykaPolska\/","article_modified_time":"2025-10-08T12:01:27+00:00","og_image":[{"width":1920,"height":916,"url":"https:\/\/ekoenergetyka.com\/wp-content\/uploads\/2025\/06\/baner-ev-charging-stations-hd.jpg","type":"image\/jpeg"}],"twitter_card":"summary_large_image","twitter_misc":{"Szacowany czas czytania":"1 minuta"},"schema":{"@context":"https:\/\/schema.org","@graph":[{"@type":"WebPage","@id":"https:\/\/ekoenergetyka.com\/pl\/zgloszenia-incydentow-cyberbezpieczenstwa\/","url":"https:\/\/ekoenergetyka.com\/pl\/zgloszenia-incydentow-cyberbezpieczenstwa\/","name":"Zg\u0142oszenia incydent\u00f3w cyberbezpiecze\u0144stwa | Ekoenergetyka","isPartOf":{"@id":"https:\/\/ekoenergetyka.com\/pl\/#website"},"datePublished":"2025-10-03T11:47:17+00:00","dateModified":"2025-10-08T12:01:27+00:00","description":"Zg\u0142oszenia: Masz pytania lub potrzebujesz wsparcia? Skorzystaj z naszego formularza zg\u0142oszeniowego. Jeste\u015bmy tu, aby Ci pom\u00f3c w ka\u017cdym aspekcie naszej oferty.","breadcrumb":{"@id":"https:\/\/ekoenergetyka.com\/pl\/zgloszenia-incydentow-cyberbezpieczenstwa\/#breadcrumb"},"inLanguage":"pl-PL","potentialAction":[{"@type":"ReadAction","target":["https:\/\/ekoenergetyka.com\/pl\/zgloszenia-incydentow-cyberbezpieczenstwa\/"]}]},{"@type":"BreadcrumbList","@id":"https:\/\/ekoenergetyka.com\/pl\/zgloszenia-incydentow-cyberbezpieczenstwa\/#breadcrumb","itemListElement":[{"@type":"ListItem","position":1,"name":"Strona G\u0142\u00f3wna","item":"https:\/\/ekoenergetyka.com\/pl\/"},{"@type":"ListItem","position":2,"name":"Zg\u0142oszenia incydent\u00f3w cyberbezpiecze\u0144stwa"}]},{"@type":"WebSite","@id":"https:\/\/ekoenergetyka.com\/pl\/#website","url":"https:\/\/ekoenergetyka.com\/pl\/","name":"Ekoenergetyka","description":"","publisher":{"@id":"https:\/\/ekoenergetyka.com\/pl\/#organization"},"potentialAction":[{"@type":"SearchAction","target":{"@type":"EntryPoint","urlTemplate":"https:\/\/ekoenergetyka.com\/pl\/?s={search_term_string}"},"query-input":{"@type":"PropertyValueSpecification","valueRequired":true,"valueName":"search_term_string"}}],"inLanguage":"pl-PL"},{"@type":"Organization","@id":"https:\/\/ekoenergetyka.com\/pl\/#organization","name":"Ekoenergetyka - Polska S.A.","url":"https:\/\/ekoenergetyka.com\/pl\/","logo":{"@type":"ImageObject","inLanguage":"pl-PL","@id":"https:\/\/ekoenergetyka.com\/pl\/#\/schema\/logo\/image\/","url":"https:\/\/ekoenergetyka.com\/wp-content\/uploads\/2024\/11\/cropped-sygnet-bez-tla-black-1-2.png","contentUrl":"https:\/\/ekoenergetyka.com\/wp-content\/uploads\/2024\/11\/cropped-sygnet-bez-tla-black-1-2.png","width":512,"height":512,"caption":"Ekoenergetyka - Polska S.A."},"image":{"@id":"https:\/\/ekoenergetyka.com\/pl\/#\/schema\/logo\/image\/"},"sameAs":["https:\/\/www.facebook.com\/ekoenergetykaPolska\/","https:\/\/www.linkedin.com\/company\/ekoenergetyka","https:\/\/www.youtube.com\/channel\/UCfZM_rPDdrv6D0JB-uhWi8Q\/videos"],"description":"Established in 2009 Poland with a sole purpose of providing charging solutions, we are one of the pioneers in the e-mobility industry. In a decade, Ekoenergetyka has grown from 2 to more than 400 employees (currently around 1,000) and has acquired customers throughout Europe and are now a Central and Eastern European leader in charging technologies.","email":"contact@ekoenergetyka.com.pl","telephone":"+ 48 68 328 20 68","numberOfEmployees":{"@type":"QuantitativeValue","minValue":"501","maxValue":"1000"}}]}},"_links":{"self":[{"href":"https:\/\/ekoenergetyka.com\/pl\/wp-json\/wp\/v2\/pages\/51401","targetHints":{"allow":["GET"]}}],"collection":[{"href":"https:\/\/ekoenergetyka.com\/pl\/wp-json\/wp\/v2\/pages"}],"about":[{"href":"https:\/\/ekoenergetyka.com\/pl\/wp-json\/wp\/v2\/types\/page"}],"author":[{"embeddable":true,"href":"https:\/\/ekoenergetyka.com\/pl\/wp-json\/wp\/v2\/users\/1"}],"replies":[{"embeddable":true,"href":"https:\/\/ekoenergetyka.com\/pl\/wp-json\/wp\/v2\/comments?post=51401"}],"version-history":[{"count":5,"href":"https:\/\/ekoenergetyka.com\/pl\/wp-json\/wp\/v2\/pages\/51401\/revisions"}],"predecessor-version":[{"id":51563,"href":"https:\/\/ekoenergetyka.com\/pl\/wp-json\/wp\/v2\/pages\/51401\/revisions\/51563"}],"wp:attachment":[{"href":"https:\/\/ekoenergetyka.com\/pl\/wp-json\/wp\/v2\/media?parent=51401"}],"curies":[{"name":"wp","href":"https:\/\/api.w.org\/{rel}","templated":true}]}}