{"id":51062,"date":"2025-09-29T20:44:53","date_gmt":"2025-09-29T18:44:53","guid":{"rendered":"https:\/\/ekoenergetyka.com\/?page_id=51062"},"modified":"2025-09-29T20:44:55","modified_gmt":"2025-09-29T18:44:55","slug":"capital-chargers-sp-z-o-o","status":"publish","type":"page","link":"https:\/\/ekoenergetyka.com\/pl\/grupa-ee\/capital-chargers-sp-z-o-o\/","title":{"rendered":"Capital Chargers sp. z o.o."},"content":{"rendered":"\n<p><strong>Capital Chargers sp\u00f3\u0142ka z ograniczon\u0105 odpowiedzialno\u015bci\u0105<\/strong><\/p>\n\n\n\n<p><strong><a href=\"\/wp-content\/uploads\/2025\/06\/capital-chargers-plan-polaczenia-31-12-2024.pdf\" target=\"_blank\" rel=\"noreferrer noopener\">Plan Po\u0142\u0105czenia Sp\u00f3\u0142ek -&gt;<\/a><\/strong><\/p>\n\n\n\n<p>Zarz\u0105d:<\/p>\n\n\n\n<p>Prezes Zarz\u0105du: Bartosz Kubik<\/p>\n\n\n\n<p>Capital&nbsp;Chargers sp\u00f3\u0142ka z ograniczon\u0105 odpowiedzialno\u015bci\u0105<br>ul. Piotrkowska 148\/150,&nbsp;<\/p>\n\n\n\n<p>90-063 \u0141\u00f3d\u017a<\/p>\n\n\n\n<p>KRS: 0000906381, NIP: 7252309798, REGON: 389188249<\/p>\n\n\n\n<p>S\u0105d Rejonowy dla \u0141odzi \u015ar\u00f3dmie\u015bcia w \u0141odzi, XX Wydzia\u0142 Gospodarczy Krajowego Rejestru S\u0105dowego, kapita\u0142 zak\u0142adowy 100.000 z\u0142<\/p>\n","protected":false},"excerpt":{"rendered":"<p>Capital Chargers sp\u00f3\u0142ka z ograniczon\u0105 odpowiedzialno\u015bci\u0105 Plan Po\u0142\u0105czenia Sp\u00f3\u0142ek -&gt; Zarz\u0105d: Prezes Zarz\u0105du: Bartosz Kubik Capital&nbsp;Chargers sp\u00f3\u0142ka z ograniczon\u0105 odpowiedzialno\u015bci\u0105ul. Piotrkowska 148\/150,&nbsp; 90-063 \u0141\u00f3d\u017a KRS: 0000906381, NIP: 7252309798, REGON: 389188249 S\u0105d Rejonowy dla \u0141odzi \u015ar\u00f3dmie\u015bcia w \u0141odzi, XX Wydzia\u0142 Gospodarczy Krajowego Rejestru S\u0105dowego, kapita\u0142 zak\u0142adowy 100.000 z\u0142<\/p>\n","protected":false},"author":1,"featured_media":0,"parent":853,"menu_order":0,"comment_status":"closed","ping_status":"closed","template":"","meta":{"_acf_changed":false,"footnotes":""},"class_list":["post-51062","page","type-page","status-publish","hentry"],"acf":[],"yoast_head":"<!-- This site is optimized with the Yoast SEO Premium plugin v27.1 (Yoast SEO v27.3) - https:\/\/yoast.com\/product\/yoast-seo-premium-wordpress\/ -->\n<title>Capital Chargers sp. z o.o. | Ekoenergetyka<\/title>\n<meta name=\"description\" content=\"Nap\u0119dzani ch\u0119ci\u0105 tworzenia innowacyjnych rozwi\u0105za\u0144 oraz motywowani pragnieniem wprowadzenia zeroemisyjnego transportu publicznego, projektujemy i produkujemy stacje \u0142adowania wysokiej mocy przeznaczone dla samochod\u00f3w, aut dostawczych, autobus\u00f3w, a tak\u017ce ci\u0119\u017car\u00f3wek.\" \/>\n<meta name=\"robots\" content=\"noindex, nofollow\" \/>\n<meta property=\"og:locale\" content=\"pl_PL\" \/>\n<meta property=\"og:type\" content=\"article\" \/>\n<meta property=\"og:title\" content=\"Capital Chargers sp. z o.o.\" \/>\n<meta property=\"og:description\" content=\"Nap\u0119dzani ch\u0119ci\u0105 tworzenia innowacyjnych rozwi\u0105za\u0144 oraz motywowani pragnieniem wprowadzenia zeroemisyjnego transportu publicznego, projektujemy i produkujemy stacje \u0142adowania wysokiej mocy przeznaczone dla samochod\u00f3w, aut dostawczych, autobus\u00f3w, a tak\u017ce ci\u0119\u017car\u00f3wek.\" \/>\n<meta property=\"og:url\" content=\"https:\/\/ekoenergetyka.com\/pl\/grupa-ee\/capital-chargers-sp-z-o-o\/\" \/>\n<meta property=\"og:site_name\" content=\"Ekoenergetyka\" \/>\n<meta property=\"article:publisher\" content=\"https:\/\/www.facebook.com\/ekoenergetykaPolska\/\" \/>\n<meta property=\"article:modified_time\" content=\"2025-09-29T18:44:55+00:00\" \/>\n<meta property=\"og:image\" content=\"https:\/\/ekoenergetyka.com\/wp-content\/uploads\/2025\/06\/baner-ev-charging-stations-hd.jpg\" \/>\n\t<meta property=\"og:image:width\" content=\"1920\" \/>\n\t<meta property=\"og:image:height\" content=\"916\" \/>\n\t<meta property=\"og:image:type\" content=\"image\/jpeg\" \/>\n<meta name=\"twitter:card\" content=\"summary_large_image\" \/>\n<meta name=\"twitter:label1\" content=\"Szacowany czas czytania\" \/>\n\t<meta name=\"twitter:data1\" content=\"1 minuta\" \/>\n<script type=\"application\/ld+json\" class=\"yoast-schema-graph\">{\"@context\":\"https:\\\/\\\/schema.org\",\"@graph\":[{\"@type\":\"WebPage\",\"@id\":\"https:\\\/\\\/ekoenergetyka.com\\\/pl\\\/grupa-ee\\\/capital-chargers-sp-z-o-o\\\/\",\"url\":\"https:\\\/\\\/ekoenergetyka.com\\\/pl\\\/grupa-ee\\\/capital-chargers-sp-z-o-o\\\/\",\"name\":\"Capital Chargers sp. z o.o. | Ekoenergetyka\",\"isPartOf\":{\"@id\":\"https:\\\/\\\/ekoenergetyka.com\\\/pl\\\/#website\"},\"datePublished\":\"2025-09-29T18:44:53+00:00\",\"dateModified\":\"2025-09-29T18:44:55+00:00\",\"description\":\"Nap\u0119dzani ch\u0119ci\u0105 tworzenia innowacyjnych rozwi\u0105za\u0144 oraz motywowani pragnieniem wprowadzenia zeroemisyjnego transportu publicznego, projektujemy i produkujemy stacje \u0142adowania wysokiej mocy przeznaczone dla samochod\u00f3w, aut dostawczych, autobus\u00f3w, a tak\u017ce ci\u0119\u017car\u00f3wek.\",\"breadcrumb\":{\"@id\":\"https:\\\/\\\/ekoenergetyka.com\\\/pl\\\/grupa-ee\\\/capital-chargers-sp-z-o-o\\\/#breadcrumb\"},\"inLanguage\":\"pl-PL\",\"potentialAction\":[{\"@type\":\"ReadAction\",\"target\":[\"https:\\\/\\\/ekoenergetyka.com\\\/pl\\\/grupa-ee\\\/capital-chargers-sp-z-o-o\\\/\"]}]},{\"@type\":\"BreadcrumbList\",\"@id\":\"https:\\\/\\\/ekoenergetyka.com\\\/pl\\\/grupa-ee\\\/capital-chargers-sp-z-o-o\\\/#breadcrumb\",\"itemListElement\":[{\"@type\":\"ListItem\",\"position\":1,\"name\":\"Strona G\u0142\u00f3wna\",\"item\":\"https:\\\/\\\/ekoenergetyka.com\\\/pl\\\/\"},{\"@type\":\"ListItem\",\"position\":2,\"name\":\"Grupa EE\",\"item\":\"https:\\\/\\\/ekoenergetyka.com\\\/pl\\\/grupa-ee\\\/\"},{\"@type\":\"ListItem\",\"position\":3,\"name\":\"Capital Chargers sp. z o.o.\"}]},{\"@type\":\"WebSite\",\"@id\":\"https:\\\/\\\/ekoenergetyka.com\\\/pl\\\/#website\",\"url\":\"https:\\\/\\\/ekoenergetyka.com\\\/pl\\\/\",\"name\":\"Ekoenergetyka\",\"description\":\"\",\"publisher\":{\"@id\":\"https:\\\/\\\/ekoenergetyka.com\\\/pl\\\/#organization\"},\"potentialAction\":[{\"@type\":\"SearchAction\",\"target\":{\"@type\":\"EntryPoint\",\"urlTemplate\":\"https:\\\/\\\/ekoenergetyka.com\\\/pl\\\/?s={search_term_string}\"},\"query-input\":{\"@type\":\"PropertyValueSpecification\",\"valueRequired\":true,\"valueName\":\"search_term_string\"}}],\"inLanguage\":\"pl-PL\"},{\"@type\":\"Organization\",\"@id\":\"https:\\\/\\\/ekoenergetyka.com\\\/pl\\\/#organization\",\"name\":\"Ekoenergetyka - Polska S.A.\",\"url\":\"https:\\\/\\\/ekoenergetyka.com\\\/pl\\\/\",\"logo\":{\"@type\":\"ImageObject\",\"inLanguage\":\"pl-PL\",\"@id\":\"https:\\\/\\\/ekoenergetyka.com\\\/pl\\\/#\\\/schema\\\/logo\\\/image\\\/\",\"url\":\"https:\\\/\\\/ekoenergetyka.com\\\/wp-content\\\/uploads\\\/2024\\\/11\\\/cropped-sygnet-bez-tla-black-1-2.png\",\"contentUrl\":\"https:\\\/\\\/ekoenergetyka.com\\\/wp-content\\\/uploads\\\/2024\\\/11\\\/cropped-sygnet-bez-tla-black-1-2.png\",\"width\":512,\"height\":512,\"caption\":\"Ekoenergetyka - Polska S.A.\"},\"image\":{\"@id\":\"https:\\\/\\\/ekoenergetyka.com\\\/pl\\\/#\\\/schema\\\/logo\\\/image\\\/\"},\"sameAs\":[\"https:\\\/\\\/www.facebook.com\\\/ekoenergetykaPolska\\\/\",\"https:\\\/\\\/www.linkedin.com\\\/company\\\/ekoenergetyka\",\"https:\\\/\\\/www.youtube.com\\\/channel\\\/UCfZM_rPDdrv6D0JB-uhWi8Q\\\/videos\"],\"description\":\"Established in 2009 Poland with a sole purpose of providing charging solutions, we are one of the pioneers in the e-mobility industry. In a decade, Ekoenergetyka has grown from 2 to more than 400 employees (currently around 1,000) and has acquired customers throughout Europe and are now a Central and Eastern European leader in charging technologies.\",\"email\":\"contact@ekoenergetyka.com.pl\",\"telephone\":\"+ 48 68 328 20 68\",\"numberOfEmployees\":{\"@type\":\"QuantitativeValue\",\"minValue\":\"501\",\"maxValue\":\"1000\"}}]}<\/script>\n<!-- \/ Yoast SEO Premium plugin. -->","yoast_head_json":{"title":"Capital Chargers sp. z o.o. | Ekoenergetyka","description":"Nap\u0119dzani ch\u0119ci\u0105 tworzenia innowacyjnych rozwi\u0105za\u0144 oraz motywowani pragnieniem wprowadzenia zeroemisyjnego transportu publicznego, projektujemy i produkujemy stacje \u0142adowania wysokiej mocy przeznaczone dla samochod\u00f3w, aut dostawczych, autobus\u00f3w, a tak\u017ce ci\u0119\u017car\u00f3wek.","robots":{"index":"noindex","follow":"nofollow"},"og_locale":"pl_PL","og_type":"article","og_title":"Capital Chargers sp. z o.o.","og_description":"Nap\u0119dzani ch\u0119ci\u0105 tworzenia innowacyjnych rozwi\u0105za\u0144 oraz motywowani pragnieniem wprowadzenia zeroemisyjnego transportu publicznego, projektujemy i produkujemy stacje \u0142adowania wysokiej mocy przeznaczone dla samochod\u00f3w, aut dostawczych, autobus\u00f3w, a tak\u017ce ci\u0119\u017car\u00f3wek.","og_url":"https:\/\/ekoenergetyka.com\/pl\/grupa-ee\/capital-chargers-sp-z-o-o\/","og_site_name":"Ekoenergetyka","article_publisher":"https:\/\/www.facebook.com\/ekoenergetykaPolska\/","article_modified_time":"2025-09-29T18:44:55+00:00","og_image":[{"width":1920,"height":916,"url":"https:\/\/ekoenergetyka.com\/wp-content\/uploads\/2025\/06\/baner-ev-charging-stations-hd.jpg","type":"image\/jpeg"}],"twitter_card":"summary_large_image","twitter_misc":{"Szacowany czas czytania":"1 minuta"},"schema":{"@context":"https:\/\/schema.org","@graph":[{"@type":"WebPage","@id":"https:\/\/ekoenergetyka.com\/pl\/grupa-ee\/capital-chargers-sp-z-o-o\/","url":"https:\/\/ekoenergetyka.com\/pl\/grupa-ee\/capital-chargers-sp-z-o-o\/","name":"Capital Chargers sp. z o.o. | Ekoenergetyka","isPartOf":{"@id":"https:\/\/ekoenergetyka.com\/pl\/#website"},"datePublished":"2025-09-29T18:44:53+00:00","dateModified":"2025-09-29T18:44:55+00:00","description":"Nap\u0119dzani ch\u0119ci\u0105 tworzenia innowacyjnych rozwi\u0105za\u0144 oraz motywowani pragnieniem wprowadzenia zeroemisyjnego transportu publicznego, projektujemy i produkujemy stacje \u0142adowania wysokiej mocy przeznaczone dla samochod\u00f3w, aut dostawczych, autobus\u00f3w, a tak\u017ce ci\u0119\u017car\u00f3wek.","breadcrumb":{"@id":"https:\/\/ekoenergetyka.com\/pl\/grupa-ee\/capital-chargers-sp-z-o-o\/#breadcrumb"},"inLanguage":"pl-PL","potentialAction":[{"@type":"ReadAction","target":["https:\/\/ekoenergetyka.com\/pl\/grupa-ee\/capital-chargers-sp-z-o-o\/"]}]},{"@type":"BreadcrumbList","@id":"https:\/\/ekoenergetyka.com\/pl\/grupa-ee\/capital-chargers-sp-z-o-o\/#breadcrumb","itemListElement":[{"@type":"ListItem","position":1,"name":"Strona G\u0142\u00f3wna","item":"https:\/\/ekoenergetyka.com\/pl\/"},{"@type":"ListItem","position":2,"name":"Grupa EE","item":"https:\/\/ekoenergetyka.com\/pl\/grupa-ee\/"},{"@type":"ListItem","position":3,"name":"Capital Chargers sp. z o.o."}]},{"@type":"WebSite","@id":"https:\/\/ekoenergetyka.com\/pl\/#website","url":"https:\/\/ekoenergetyka.com\/pl\/","name":"Ekoenergetyka","description":"","publisher":{"@id":"https:\/\/ekoenergetyka.com\/pl\/#organization"},"potentialAction":[{"@type":"SearchAction","target":{"@type":"EntryPoint","urlTemplate":"https:\/\/ekoenergetyka.com\/pl\/?s={search_term_string}"},"query-input":{"@type":"PropertyValueSpecification","valueRequired":true,"valueName":"search_term_string"}}],"inLanguage":"pl-PL"},{"@type":"Organization","@id":"https:\/\/ekoenergetyka.com\/pl\/#organization","name":"Ekoenergetyka - Polska S.A.","url":"https:\/\/ekoenergetyka.com\/pl\/","logo":{"@type":"ImageObject","inLanguage":"pl-PL","@id":"https:\/\/ekoenergetyka.com\/pl\/#\/schema\/logo\/image\/","url":"https:\/\/ekoenergetyka.com\/wp-content\/uploads\/2024\/11\/cropped-sygnet-bez-tla-black-1-2.png","contentUrl":"https:\/\/ekoenergetyka.com\/wp-content\/uploads\/2024\/11\/cropped-sygnet-bez-tla-black-1-2.png","width":512,"height":512,"caption":"Ekoenergetyka - Polska S.A."},"image":{"@id":"https:\/\/ekoenergetyka.com\/pl\/#\/schema\/logo\/image\/"},"sameAs":["https:\/\/www.facebook.com\/ekoenergetykaPolska\/","https:\/\/www.linkedin.com\/company\/ekoenergetyka","https:\/\/www.youtube.com\/channel\/UCfZM_rPDdrv6D0JB-uhWi8Q\/videos"],"description":"Established in 2009 Poland with a sole purpose of providing charging solutions, we are one of the pioneers in the e-mobility industry. In a decade, Ekoenergetyka has grown from 2 to more than 400 employees (currently around 1,000) and has acquired customers throughout Europe and are now a Central and Eastern European leader in charging technologies.","email":"contact@ekoenergetyka.com.pl","telephone":"+ 48 68 328 20 68","numberOfEmployees":{"@type":"QuantitativeValue","minValue":"501","maxValue":"1000"}}]}},"_links":{"self":[{"href":"https:\/\/ekoenergetyka.com\/pl\/wp-json\/wp\/v2\/pages\/51062","targetHints":{"allow":["GET"]}}],"collection":[{"href":"https:\/\/ekoenergetyka.com\/pl\/wp-json\/wp\/v2\/pages"}],"about":[{"href":"https:\/\/ekoenergetyka.com\/pl\/wp-json\/wp\/v2\/types\/page"}],"author":[{"embeddable":true,"href":"https:\/\/ekoenergetyka.com\/pl\/wp-json\/wp\/v2\/users\/1"}],"replies":[{"embeddable":true,"href":"https:\/\/ekoenergetyka.com\/pl\/wp-json\/wp\/v2\/comments?post=51062"}],"version-history":[{"count":1,"href":"https:\/\/ekoenergetyka.com\/pl\/wp-json\/wp\/v2\/pages\/51062\/revisions"}],"predecessor-version":[{"id":51063,"href":"https:\/\/ekoenergetyka.com\/pl\/wp-json\/wp\/v2\/pages\/51062\/revisions\/51063"}],"up":[{"embeddable":true,"href":"https:\/\/ekoenergetyka.com\/pl\/wp-json\/wp\/v2\/pages\/853"}],"wp:attachment":[{"href":"https:\/\/ekoenergetyka.com\/pl\/wp-json\/wp\/v2\/media?parent=51062"}],"curies":[{"name":"wp","href":"https:\/\/api.w.org\/{rel}","templated":true}]}}