{"id":49384,"date":"2025-09-22T10:45:32","date_gmt":"2025-09-22T08:45:32","guid":{"rendered":"https:\/\/ekoenergetyka.com\/?page_id=49384"},"modified":"2026-03-25T12:37:04","modified_gmt":"2026-03-25T11:37:04","slug":"skonfiguruj-swoja-stacje-ladowania","status":"publish","type":"page","link":"https:\/\/ekoenergetyka.com\/pl\/skonfiguruj-swoja-stacje-ladowania\/","title":{"rendered":"Skonfiguruj swoj\u0105 stacj\u0119 \u0142adowania"},"content":{"rendered":"<section class=\"configurator-list\">\n        \n    <div class=\"configurator-image\">\n        <img decoding=\"async\" src=\"https:\/\/ekoenergetyka.com\/wp-content\/uploads\/2025\/10\/axon-easy.png\" alt=\"axon-easy\"\n            id=\"charger-image\" class=\"fade-in\">\n    <\/div>\n\n    <div class=\"configurator-name\">\n        <h1 class=\"confiugrator-title\">\n            Skonfiguruj swoj\u0105 stacj\u0119 \u0142adowania        <\/h1>\n        <ul>\n                        <li class=\"charger-option active\" data-image=\"https:\/\/ekoenergetyka.com\/wp-content\/uploads\/2025\/10\/axon-easy.png\"\n                data-link=\"\/pl\/konfiguruj-axon-easy-400\/\" data-icon-default=\"&lt;svg xmlns=&quot;http:\/\/www.w3.org\/2000\/svg&quot; width=&quot;15&quot; height=&quot;16&quot; viewBox=&quot;0 0 15 16&quot; fill=&quot;none&quot;&gt;\n                &lt;path d=&quot;M14.9 8.01775C14.8405 7.86432 14.7513 7.72413 14.6375 7.60525L8.3875 1.35526C8.27095 1.23871 8.13259 1.14626 7.98031 1.08318C7.82803 1.02011 7.66482 0.987641 7.5 0.987641C7.16712 0.987641 6.84788 1.11988 6.6125 1.35526C6.49595 1.4718 6.4035 1.61017 6.34042 1.76244C6.27735 1.91472 6.24488 2.07793 6.24488 2.24276C6.24488 2.57563 6.37712 2.89488 6.6125 3.13026L10.7375 7.24275L1.25 7.24275C0.918479 7.24275 0.600537 7.37445 0.366116 7.60887C0.131696 7.84329 -3.99112e-07 8.16123 -4.17557e-07 8.49275C-4.36001e-07 8.82427 0.131696 9.14222 0.366116 9.37664C0.600537 9.61106 0.918479 9.74275 1.25 9.74275L10.7375 9.74275L6.6125 13.8553C6.49534 13.9715 6.40234 14.1097 6.33888 14.262C6.27542 14.4144 6.24275 14.5777 6.24275 14.7428C6.24275 14.9078 6.27542 15.0711 6.33888 15.2235C6.40234 15.3758 6.49534 15.514 6.6125 15.6303C6.7287 15.7474 6.86695 15.8404 7.01928 15.9039C7.1716 15.9673 7.33498 16 7.5 16C7.66501 16 7.82839 15.9673 7.98072 15.9039C8.13304 15.8404 8.27129 15.7474 8.3875 15.6303L14.6375 9.38025C14.7513 9.26137 14.8405 9.12119 14.9 8.96775C15.025 8.66343 15.025 8.32208 14.9 8.01775Z&quot; fill=&quot;white&quot;\/&gt;\n                &lt;\/svg&gt;\" data-icon-active=\"&lt;svg xmlns=&quot;http:\/\/www.w3.org\/2000\/svg&quot; width=&quot;22&quot; height=&quot;15&quot; viewBox=&quot;0 0 22 15&quot; fill=&quot;none&quot;&gt;\n                &lt;path d=&quot;M8.00895 15.0102C7.65913 15.0102 7.3099 14.8753 7.04334 14.6043L0.40029 7.86693C-0.13343 7.32563 -0.13343 6.44898 0.40029 5.90768C0.934011 5.36638 1.79839 5.36638 2.33211 5.90768L8.00955 11.6658L19.1111 0.405977C19.6448 -0.134715 20.5091 -0.134715 21.0429 0.405977C21.5766 0.947278 21.5766 1.82454 21.0429 2.36523L8.97516 14.6043C8.7086 14.8747 8.35877 15.0102 8.00955 15.0102H8.00895Z&quot; fill=&quot;white&quot;\/&gt;\n                &lt;\/svg&gt;\">\n\n                <div class=\"charger-panel\">\n                    <span class=\"charger-name\">AXON EASY DLBS - All in one<\/span>\n                    <span class=\"charger-icon\"><\/span>\n                <\/div>\n            <\/li>\n                        <li class=\"charger-option \" data-image=\"https:\/\/ekoenergetyka.com\/wp-content\/uploads\/2025\/10\/sat-400-1.png\"\n                data-link=\"\/pl\/konfiguruj-sat-400\/\" data-icon-default=\"&lt;svg xmlns=&quot;http:\/\/www.w3.org\/2000\/svg&quot; width=&quot;15&quot; height=&quot;16&quot; viewBox=&quot;0 0 15 16&quot; fill=&quot;none&quot;&gt;\n                &lt;path d=&quot;M14.9 8.01775C14.8405 7.86432 14.7513 7.72413 14.6375 7.60525L8.3875 1.35526C8.27095 1.23871 8.13259 1.14626 7.98031 1.08318C7.82803 1.02011 7.66482 0.987641 7.5 0.987641C7.16712 0.987641 6.84788 1.11988 6.6125 1.35526C6.49595 1.4718 6.4035 1.61017 6.34042 1.76244C6.27735 1.91472 6.24488 2.07793 6.24488 2.24276C6.24488 2.57563 6.37712 2.89488 6.6125 3.13026L10.7375 7.24275L1.25 7.24275C0.918479 7.24275 0.600537 7.37445 0.366116 7.60887C0.131696 7.84329 -3.99112e-07 8.16123 -4.17557e-07 8.49275C-4.36001e-07 8.82427 0.131696 9.14222 0.366116 9.37664C0.600537 9.61106 0.918479 9.74275 1.25 9.74275L10.7375 9.74275L6.6125 13.8553C6.49534 13.9715 6.40234 14.1097 6.33888 14.262C6.27542 14.4144 6.24275 14.5777 6.24275 14.7428C6.24275 14.9078 6.27542 15.0711 6.33888 15.2235C6.40234 15.3758 6.49534 15.514 6.6125 15.6303C6.7287 15.7474 6.86695 15.8404 7.01928 15.9039C7.1716 15.9673 7.33498 16 7.5 16C7.66501 16 7.82839 15.9673 7.98072 15.9039C8.13304 15.8404 8.27129 15.7474 8.3875 15.6303L14.6375 9.38025C14.7513 9.26137 14.8405 9.12119 14.9 8.96775C15.025 8.66343 15.025 8.32208 14.9 8.01775Z&quot; fill=&quot;white&quot;\/&gt;\n                &lt;\/svg&gt;\" data-icon-active=\"&lt;svg xmlns=&quot;http:\/\/www.w3.org\/2000\/svg&quot; width=&quot;22&quot; height=&quot;15&quot; viewBox=&quot;0 0 22 15&quot; fill=&quot;none&quot;&gt;\n                &lt;path d=&quot;M8.00895 15.0102C7.65913 15.0102 7.3099 14.8753 7.04334 14.6043L0.40029 7.86693C-0.13343 7.32563 -0.13343 6.44898 0.40029 5.90768C0.934011 5.36638 1.79839 5.36638 2.33211 5.90768L8.00955 11.6658L19.1111 0.405977C19.6448 -0.134715 20.5091 -0.134715 21.0429 0.405977C21.5766 0.947278 21.5766 1.82454 21.0429 2.36523L8.97516 14.6043C8.7086 14.8747 8.35877 15.0102 8.00955 15.0102H8.00895Z&quot; fill=&quot;white&quot;\/&gt;\n                &lt;\/svg&gt;\">\n\n                <div class=\"charger-panel\">\n                    <span class=\"charger-name\">AXON SAT - Satelita<\/span>\n                    <span class=\"charger-icon\"><\/span>\n                <\/div>\n            <\/li>\n                        <li class=\"charger-option \" data-image=\"https:\/\/ekoenergetyka.com\/wp-content\/uploads\/2025\/10\/sat-600.png\"\n                data-link=\"\/pl\/konfiguruj-sat-600\/\" data-icon-default=\"&lt;svg xmlns=&quot;http:\/\/www.w3.org\/2000\/svg&quot; width=&quot;15&quot; height=&quot;16&quot; viewBox=&quot;0 0 15 16&quot; fill=&quot;none&quot;&gt;\n                &lt;path d=&quot;M14.9 8.01775C14.8405 7.86432 14.7513 7.72413 14.6375 7.60525L8.3875 1.35526C8.27095 1.23871 8.13259 1.14626 7.98031 1.08318C7.82803 1.02011 7.66482 0.987641 7.5 0.987641C7.16712 0.987641 6.84788 1.11988 6.6125 1.35526C6.49595 1.4718 6.4035 1.61017 6.34042 1.76244C6.27735 1.91472 6.24488 2.07793 6.24488 2.24276C6.24488 2.57563 6.37712 2.89488 6.6125 3.13026L10.7375 7.24275L1.25 7.24275C0.918479 7.24275 0.600537 7.37445 0.366116 7.60887C0.131696 7.84329 -3.99112e-07 8.16123 -4.17557e-07 8.49275C-4.36001e-07 8.82427 0.131696 9.14222 0.366116 9.37664C0.600537 9.61106 0.918479 9.74275 1.25 9.74275L10.7375 9.74275L6.6125 13.8553C6.49534 13.9715 6.40234 14.1097 6.33888 14.262C6.27542 14.4144 6.24275 14.5777 6.24275 14.7428C6.24275 14.9078 6.27542 15.0711 6.33888 15.2235C6.40234 15.3758 6.49534 15.514 6.6125 15.6303C6.7287 15.7474 6.86695 15.8404 7.01928 15.9039C7.1716 15.9673 7.33498 16 7.5 16C7.66501 16 7.82839 15.9673 7.98072 15.9039C8.13304 15.8404 8.27129 15.7474 8.3875 15.6303L14.6375 9.38025C14.7513 9.26137 14.8405 9.12119 14.9 8.96775C15.025 8.66343 15.025 8.32208 14.9 8.01775Z&quot; fill=&quot;white&quot;\/&gt;\n                &lt;\/svg&gt;\" data-icon-active=\"&lt;svg xmlns=&quot;http:\/\/www.w3.org\/2000\/svg&quot; width=&quot;22&quot; height=&quot;15&quot; viewBox=&quot;0 0 22 15&quot; fill=&quot;none&quot;&gt;\n                &lt;path d=&quot;M8.00895 15.0102C7.65913 15.0102 7.3099 14.8753 7.04334 14.6043L0.40029 7.86693C-0.13343 7.32563 -0.13343 6.44898 0.40029 5.90768C0.934011 5.36638 1.79839 5.36638 2.33211 5.90768L8.00955 11.6658L19.1111 0.405977C19.6448 -0.134715 20.5091 -0.134715 21.0429 0.405977C21.5766 0.947278 21.5766 1.82454 21.0429 2.36523L8.97516 14.6043C8.7086 14.8747 8.35877 15.0102 8.00955 15.0102H8.00895Z&quot; fill=&quot;white&quot;\/&gt;\n                &lt;\/svg&gt;\">\n\n                <div class=\"charger-panel\">\n                    <span class=\"charger-name\">AXON SAT HPC - Satelita<\/span>\n                    <span class=\"charger-icon\"><\/span>\n                <\/div>\n            <\/li>\n                        <li class=\"charger-option \" data-image=\"https:\/\/ekoenergetyka.com\/wp-content\/uploads\/2025\/10\/axon-side-g1-1.png\"\n                data-link=\"\/pl\/konfiguruj-axon-side-dlbs\/\" data-icon-default=\"&lt;svg xmlns=&quot;http:\/\/www.w3.org\/2000\/svg&quot; width=&quot;15&quot; height=&quot;16&quot; viewBox=&quot;0 0 15 16&quot; fill=&quot;none&quot;&gt;\n                &lt;path d=&quot;M14.9 8.01775C14.8405 7.86432 14.7513 7.72413 14.6375 7.60525L8.3875 1.35526C8.27095 1.23871 8.13259 1.14626 7.98031 1.08318C7.82803 1.02011 7.66482 0.987641 7.5 0.987641C7.16712 0.987641 6.84788 1.11988 6.6125 1.35526C6.49595 1.4718 6.4035 1.61017 6.34042 1.76244C6.27735 1.91472 6.24488 2.07793 6.24488 2.24276C6.24488 2.57563 6.37712 2.89488 6.6125 3.13026L10.7375 7.24275L1.25 7.24275C0.918479 7.24275 0.600537 7.37445 0.366116 7.60887C0.131696 7.84329 -3.99112e-07 8.16123 -4.17557e-07 8.49275C-4.36001e-07 8.82427 0.131696 9.14222 0.366116 9.37664C0.600537 9.61106 0.918479 9.74275 1.25 9.74275L10.7375 9.74275L6.6125 13.8553C6.49534 13.9715 6.40234 14.1097 6.33888 14.262C6.27542 14.4144 6.24275 14.5777 6.24275 14.7428C6.24275 14.9078 6.27542 15.0711 6.33888 15.2235C6.40234 15.3758 6.49534 15.514 6.6125 15.6303C6.7287 15.7474 6.86695 15.8404 7.01928 15.9039C7.1716 15.9673 7.33498 16 7.5 16C7.66501 16 7.82839 15.9673 7.98072 15.9039C8.13304 15.8404 8.27129 15.7474 8.3875 15.6303L14.6375 9.38025C14.7513 9.26137 14.8405 9.12119 14.9 8.96775C15.025 8.66343 15.025 8.32208 14.9 8.01775Z&quot; fill=&quot;white&quot;\/&gt;\n                &lt;\/svg&gt;\" data-icon-active=\"&lt;svg xmlns=&quot;http:\/\/www.w3.org\/2000\/svg&quot; width=&quot;22&quot; height=&quot;15&quot; viewBox=&quot;0 0 22 15&quot; fill=&quot;none&quot;&gt;\n                &lt;path d=&quot;M8.00895 15.0102C7.65913 15.0102 7.3099 14.8753 7.04334 14.6043L0.40029 7.86693C-0.13343 7.32563 -0.13343 6.44898 0.40029 5.90768C0.934011 5.36638 1.79839 5.36638 2.33211 5.90768L8.00955 11.6658L19.1111 0.405977C19.6448 -0.134715 20.5091 -0.134715 21.0429 0.405977C21.5766 0.947278 21.5766 1.82454 21.0429 2.36523L8.97516 14.6043C8.7086 14.8747 8.35877 15.0102 8.00955 15.0102H8.00895Z&quot; fill=&quot;white&quot;\/&gt;\n                &lt;\/svg&gt;\">\n\n                <div class=\"charger-panel\">\n                    <span class=\"charger-name\">AXON SIDE DLBS - Jednostka mocy<\/span>\n                    <span class=\"charger-icon\"><\/span>\n                <\/div>\n            <\/li>\n                    <\/ul>\n                <div class=\"configurator-button\">\n            <a href=\"\/pl\/konfiguruj-axon-easy-400\/\" class=\"button button-primary\">\n                Skonfiguruj                <span>\n                    <svg xmlns=\"http:\/\/www.w3.org\/2000\/svg\" width=\"15\" height=\"16\" viewBox=\"0 0 15 16\"\n                        class=\"arrow-right\">\n                        <path id=\"Vector_1\"\n                            d=\"M14.9 7.52395C14.8405 7.37051 14.7513 7.23033 14.6375 7.11145L8.3875 0.861451C8.27095 0.744903 8.13259 0.652453 7.98031 0.589377C7.82803 0.526302 7.66482 0.493837 7.5 0.493837C7.16712 0.493837 6.84788 0.626072 6.6125 0.861451C6.49595 0.977999 6.4035 1.11636 6.34042 1.26864C6.27735 1.42092 6.24488 1.58413 6.24488 1.74895C6.24488 2.08183 6.37712 2.40107 6.6125 2.63645L10.7375 6.74895L1.25 6.74895C0.918478 6.74895 0.600536 6.88065 0.366116 7.11507C0.131695 7.34949 -1.25427e-06 7.66743 -1.31224e-06 7.99895C-1.3702e-06 8.33047 0.131695 8.64841 0.366115 8.88283C0.600536 9.11725 0.918478 9.24895 1.25 9.24895L10.7375 9.24895L6.6125 13.3614C6.49534 13.4777 6.40234 13.6159 6.33888 13.7682C6.27542 13.9206 6.24275 14.0839 6.24275 14.2489C6.24275 14.414 6.27542 14.5773 6.33888 14.7297C6.40234 14.882 6.49534 15.0202 6.6125 15.1364C6.7287 15.2536 6.86695 15.3466 7.01927 15.4101C7.1716 15.4735 7.33498 15.5062 7.5 15.5062C7.66501 15.5062 7.82839 15.4735 7.98072 15.4101C8.13304 15.3466 8.27129 15.2536 8.3875 15.1364L14.6375 8.88645C14.7513 8.76757 14.8405 8.62739 14.9 8.47395C15.025 8.16962 15.025 7.82828 14.9 7.52395Z\" \/>\n                    <\/svg>\n                <\/span>\n            <\/a>\n        <\/div>\n    <\/div>\n    <\/section>","protected":false},"excerpt":{"rendered":"","protected":false},"author":1,"featured_media":0,"parent":0,"menu_order":0,"comment_status":"closed","ping_status":"closed","template":"","meta":{"_acf_changed":false,"footnotes":""},"class_list":["post-49384","page","type-page","status-publish","hentry"],"acf":[],"yoast_head":"<!-- This site is optimized with the Yoast SEO Premium plugin v27.3 (Yoast SEO v27.4) - https:\/\/yoast.com\/product\/yoast-seo-premium-wordpress\/ -->\n<title>Skonfiguruj swoj\u0105 stacj\u0119 \u0142adowania | Ekoenergetyka<\/title>\n<meta name=\"description\" content=\"Skonfiguruj swoj\u0105 stacj\u0119 \u0142adowania od Ekoenergetyki.\" \/>\n<meta name=\"robots\" content=\"index, follow, max-snippet:-1, max-image-preview:large, max-video-preview:-1\" \/>\n<link rel=\"canonical\" href=\"https:\/\/ekoenergetyka.com\/pl\/skonfiguruj-swoja-stacje-ladowania\/\" \/>\n<meta property=\"og:locale\" content=\"pl_PL\" \/>\n<meta property=\"og:type\" content=\"article\" \/>\n<meta property=\"og:title\" content=\"Skonfiguruj swoj\u0105 stacj\u0119 \u0142adowania\" \/>\n<meta property=\"og:description\" content=\"Skonfiguruj swoj\u0105 stacj\u0119 \u0142adowania od Ekoenergetyki.\" \/>\n<meta property=\"og:url\" content=\"https:\/\/ekoenergetyka.com\/pl\/skonfiguruj-swoja-stacje-ladowania\/\" \/>\n<meta property=\"og:site_name\" content=\"Ekoenergetyka\" \/>\n<meta property=\"article:publisher\" content=\"https:\/\/www.facebook.com\/ekoenergetykaPolska\/\" \/>\n<meta property=\"article:modified_time\" content=\"2026-03-25T11:37:04+00:00\" \/>\n<meta property=\"og:image\" content=\"https:\/\/ekoenergetyka.com\/wp-content\/uploads\/2025\/06\/baner-ev-charging-stations-hd.jpg\" \/>\n\t<meta property=\"og:image:width\" content=\"1920\" \/>\n\t<meta property=\"og:image:height\" content=\"916\" \/>\n\t<meta property=\"og:image:type\" content=\"image\/jpeg\" \/>\n<meta name=\"twitter:card\" content=\"summary_large_image\" \/>\n<script type=\"application\/ld+json\" class=\"yoast-schema-graph\">{\"@context\":\"https:\\\/\\\/schema.org\",\"@graph\":[{\"@type\":\"WebPage\",\"@id\":\"https:\\\/\\\/ekoenergetyka.com\\\/pl\\\/skonfiguruj-swoja-stacje-ladowania\\\/\",\"url\":\"https:\\\/\\\/ekoenergetyka.com\\\/pl\\\/skonfiguruj-swoja-stacje-ladowania\\\/\",\"name\":\"Skonfiguruj swoj\u0105 stacj\u0119 \u0142adowania | Ekoenergetyka\",\"isPartOf\":{\"@id\":\"https:\\\/\\\/ekoenergetyka.com\\\/pl\\\/#website\"},\"datePublished\":\"2025-09-22T08:45:32+00:00\",\"dateModified\":\"2026-03-25T11:37:04+00:00\",\"description\":\"Skonfiguruj swoj\u0105 stacj\u0119 \u0142adowania od Ekoenergetyki.\",\"breadcrumb\":{\"@id\":\"https:\\\/\\\/ekoenergetyka.com\\\/pl\\\/skonfiguruj-swoja-stacje-ladowania\\\/#breadcrumb\"},\"inLanguage\":\"pl-PL\",\"potentialAction\":[{\"@type\":\"ReadAction\",\"target\":[\"https:\\\/\\\/ekoenergetyka.com\\\/pl\\\/skonfiguruj-swoja-stacje-ladowania\\\/\"]}]},{\"@type\":\"BreadcrumbList\",\"@id\":\"https:\\\/\\\/ekoenergetyka.com\\\/pl\\\/skonfiguruj-swoja-stacje-ladowania\\\/#breadcrumb\",\"itemListElement\":[{\"@type\":\"ListItem\",\"position\":1,\"name\":\"Strona G\u0142\u00f3wna\",\"item\":\"https:\\\/\\\/ekoenergetyka.com\\\/pl\\\/\"},{\"@type\":\"ListItem\",\"position\":2,\"name\":\"Skonfiguruj swoj\u0105 stacj\u0119 \u0142adowania\"}]},{\"@type\":\"WebSite\",\"@id\":\"https:\\\/\\\/ekoenergetyka.com\\\/pl\\\/#website\",\"url\":\"https:\\\/\\\/ekoenergetyka.com\\\/pl\\\/\",\"name\":\"Ekoenergetyka\",\"description\":\"\",\"publisher\":{\"@id\":\"https:\\\/\\\/ekoenergetyka.com\\\/pl\\\/#organization\"},\"potentialAction\":[{\"@type\":\"SearchAction\",\"target\":{\"@type\":\"EntryPoint\",\"urlTemplate\":\"https:\\\/\\\/ekoenergetyka.com\\\/pl\\\/?s={search_term_string}\"},\"query-input\":{\"@type\":\"PropertyValueSpecification\",\"valueRequired\":true,\"valueName\":\"search_term_string\"}}],\"inLanguage\":\"pl-PL\"},{\"@type\":\"Organization\",\"@id\":\"https:\\\/\\\/ekoenergetyka.com\\\/pl\\\/#organization\",\"name\":\"Ekoenergetyka - Polska S.A.\",\"url\":\"https:\\\/\\\/ekoenergetyka.com\\\/pl\\\/\",\"logo\":{\"@type\":\"ImageObject\",\"inLanguage\":\"pl-PL\",\"@id\":\"https:\\\/\\\/ekoenergetyka.com\\\/pl\\\/#\\\/schema\\\/logo\\\/image\\\/\",\"url\":\"https:\\\/\\\/ekoenergetyka.com\\\/wp-content\\\/uploads\\\/2024\\\/11\\\/cropped-sygnet-bez-tla-black-1-2.png\",\"contentUrl\":\"https:\\\/\\\/ekoenergetyka.com\\\/wp-content\\\/uploads\\\/2024\\\/11\\\/cropped-sygnet-bez-tla-black-1-2.png\",\"width\":512,\"height\":512,\"caption\":\"Ekoenergetyka - Polska S.A.\"},\"image\":{\"@id\":\"https:\\\/\\\/ekoenergetyka.com\\\/pl\\\/#\\\/schema\\\/logo\\\/image\\\/\"},\"sameAs\":[\"https:\\\/\\\/www.facebook.com\\\/ekoenergetykaPolska\\\/\",\"https:\\\/\\\/www.linkedin.com\\\/company\\\/ekoenergetyka\",\"https:\\\/\\\/www.youtube.com\\\/channel\\\/UCfZM_rPDdrv6D0JB-uhWi8Q\\\/videos\"],\"description\":\"Established in 2009 Poland with a sole purpose of providing charging solutions, we are one of the pioneers in the e-mobility industry. In a decade, Ekoenergetyka has grown from 2 to more than 400 employees (currently around 1,000) and has acquired customers throughout Europe and are now a Central and Eastern European leader in charging technologies.\",\"email\":\"contact@ekoenergetyka.com.pl\",\"telephone\":\"+ 48 68 328 20 68\",\"numberOfEmployees\":{\"@type\":\"QuantitativeValue\",\"minValue\":\"501\",\"maxValue\":\"1000\"}}]}<\/script>\n<!-- \/ Yoast SEO Premium plugin. -->","yoast_head_json":{"title":"Skonfiguruj swoj\u0105 stacj\u0119 \u0142adowania | Ekoenergetyka","description":"Skonfiguruj swoj\u0105 stacj\u0119 \u0142adowania od Ekoenergetyki.","robots":{"index":"index","follow":"follow","max-snippet":"max-snippet:-1","max-image-preview":"max-image-preview:large","max-video-preview":"max-video-preview:-1"},"canonical":"https:\/\/ekoenergetyka.com\/pl\/skonfiguruj-swoja-stacje-ladowania\/","og_locale":"pl_PL","og_type":"article","og_title":"Skonfiguruj swoj\u0105 stacj\u0119 \u0142adowania","og_description":"Skonfiguruj swoj\u0105 stacj\u0119 \u0142adowania od Ekoenergetyki.","og_url":"https:\/\/ekoenergetyka.com\/pl\/skonfiguruj-swoja-stacje-ladowania\/","og_site_name":"Ekoenergetyka","article_publisher":"https:\/\/www.facebook.com\/ekoenergetykaPolska\/","article_modified_time":"2026-03-25T11:37:04+00:00","og_image":[{"width":1920,"height":916,"url":"https:\/\/ekoenergetyka.com\/wp-content\/uploads\/2025\/06\/baner-ev-charging-stations-hd.jpg","type":"image\/jpeg"}],"twitter_card":"summary_large_image","schema":{"@context":"https:\/\/schema.org","@graph":[{"@type":"WebPage","@id":"https:\/\/ekoenergetyka.com\/pl\/skonfiguruj-swoja-stacje-ladowania\/","url":"https:\/\/ekoenergetyka.com\/pl\/skonfiguruj-swoja-stacje-ladowania\/","name":"Skonfiguruj swoj\u0105 stacj\u0119 \u0142adowania | Ekoenergetyka","isPartOf":{"@id":"https:\/\/ekoenergetyka.com\/pl\/#website"},"datePublished":"2025-09-22T08:45:32+00:00","dateModified":"2026-03-25T11:37:04+00:00","description":"Skonfiguruj swoj\u0105 stacj\u0119 \u0142adowania od Ekoenergetyki.","breadcrumb":{"@id":"https:\/\/ekoenergetyka.com\/pl\/skonfiguruj-swoja-stacje-ladowania\/#breadcrumb"},"inLanguage":"pl-PL","potentialAction":[{"@type":"ReadAction","target":["https:\/\/ekoenergetyka.com\/pl\/skonfiguruj-swoja-stacje-ladowania\/"]}]},{"@type":"BreadcrumbList","@id":"https:\/\/ekoenergetyka.com\/pl\/skonfiguruj-swoja-stacje-ladowania\/#breadcrumb","itemListElement":[{"@type":"ListItem","position":1,"name":"Strona G\u0142\u00f3wna","item":"https:\/\/ekoenergetyka.com\/pl\/"},{"@type":"ListItem","position":2,"name":"Skonfiguruj swoj\u0105 stacj\u0119 \u0142adowania"}]},{"@type":"WebSite","@id":"https:\/\/ekoenergetyka.com\/pl\/#website","url":"https:\/\/ekoenergetyka.com\/pl\/","name":"Ekoenergetyka","description":"","publisher":{"@id":"https:\/\/ekoenergetyka.com\/pl\/#organization"},"potentialAction":[{"@type":"SearchAction","target":{"@type":"EntryPoint","urlTemplate":"https:\/\/ekoenergetyka.com\/pl\/?s={search_term_string}"},"query-input":{"@type":"PropertyValueSpecification","valueRequired":true,"valueName":"search_term_string"}}],"inLanguage":"pl-PL"},{"@type":"Organization","@id":"https:\/\/ekoenergetyka.com\/pl\/#organization","name":"Ekoenergetyka - Polska S.A.","url":"https:\/\/ekoenergetyka.com\/pl\/","logo":{"@type":"ImageObject","inLanguage":"pl-PL","@id":"https:\/\/ekoenergetyka.com\/pl\/#\/schema\/logo\/image\/","url":"https:\/\/ekoenergetyka.com\/wp-content\/uploads\/2024\/11\/cropped-sygnet-bez-tla-black-1-2.png","contentUrl":"https:\/\/ekoenergetyka.com\/wp-content\/uploads\/2024\/11\/cropped-sygnet-bez-tla-black-1-2.png","width":512,"height":512,"caption":"Ekoenergetyka - Polska S.A."},"image":{"@id":"https:\/\/ekoenergetyka.com\/pl\/#\/schema\/logo\/image\/"},"sameAs":["https:\/\/www.facebook.com\/ekoenergetykaPolska\/","https:\/\/www.linkedin.com\/company\/ekoenergetyka","https:\/\/www.youtube.com\/channel\/UCfZM_rPDdrv6D0JB-uhWi8Q\/videos"],"description":"Established in 2009 Poland with a sole purpose of providing charging solutions, we are one of the pioneers in the e-mobility industry. In a decade, Ekoenergetyka has grown from 2 to more than 400 employees (currently around 1,000) and has acquired customers throughout Europe and are now a Central and Eastern European leader in charging technologies.","email":"contact@ekoenergetyka.com.pl","telephone":"+ 48 68 328 20 68","numberOfEmployees":{"@type":"QuantitativeValue","minValue":"501","maxValue":"1000"}}]}},"_links":{"self":[{"href":"https:\/\/ekoenergetyka.com\/pl\/wp-json\/wp\/v2\/pages\/49384","targetHints":{"allow":["GET"]}}],"collection":[{"href":"https:\/\/ekoenergetyka.com\/pl\/wp-json\/wp\/v2\/pages"}],"about":[{"href":"https:\/\/ekoenergetyka.com\/pl\/wp-json\/wp\/v2\/types\/page"}],"author":[{"embeddable":true,"href":"https:\/\/ekoenergetyka.com\/pl\/wp-json\/wp\/v2\/users\/1"}],"replies":[{"embeddable":true,"href":"https:\/\/ekoenergetyka.com\/pl\/wp-json\/wp\/v2\/comments?post=49384"}],"version-history":[{"count":5,"href":"https:\/\/ekoenergetyka.com\/pl\/wp-json\/wp\/v2\/pages\/49384\/revisions"}],"predecessor-version":[{"id":58260,"href":"https:\/\/ekoenergetyka.com\/pl\/wp-json\/wp\/v2\/pages\/49384\/revisions\/58260"}],"wp:attachment":[{"href":"https:\/\/ekoenergetyka.com\/pl\/wp-json\/wp\/v2\/media?parent=49384"}],"curies":[{"name":"wp","href":"https:\/\/api.w.org\/{rel}","templated":true}]}}