{"id":49382,"date":"2025-09-22T10:38:08","date_gmt":"2025-09-22T08:38:08","guid":{"rendered":"https:\/\/ekoenergetyka.com\/?page_id=49382"},"modified":"2026-03-25T15:34:25","modified_gmt":"2026-03-25T14:34:25","slug":"konfiguruj-sat-600","status":"publish","type":"page","link":"https:\/\/ekoenergetyka.com\/pl\/konfiguruj-sat-600\/","title":{"rendered":"Konfiguruj AXON SAT HPC"},"content":{"rendered":"<div class=\"configurator-header-wrap\">\n    <div class=\"configurator-back-button\">\n                <a href=\"\/pl\/skonfiguruj-swoja-stacje-ladowania\/\" class=\"button button-primary\">\n            <span>\n                <svg xmlns=\"http:\/\/www.w3.org\/2000\/svg\" width=\"15\" height=\"16\" viewBox=\"0 0 15 16\" fill=\"none\">\n                    <path\n                        d=\"M0.0941435 8.47611C0.153637 8.62955 0.242844 8.76973 0.356645 8.88861L6.60664 15.1386C6.72319 15.2552 6.86155 15.3476 7.01383 15.4107C7.16611 15.4738 7.32932 15.5062 7.49414 15.5062C7.82702 15.5062 8.14626 15.374 8.38164 15.1386C8.49819 15.0221 8.59064 14.8837 8.65372 14.7314C8.71679 14.5791 8.74926 14.4159 8.74926 14.2511C8.74926 13.9182 8.61702 13.599 8.38164 13.3636L4.25664 9.25111L13.7441 9.25111C14.0757 9.25111 14.3936 9.11942 14.628 8.885C14.8624 8.65058 14.9941 8.33263 14.9941 8.00111C14.9941 7.66959 14.8624 7.35165 14.628 7.11723C14.3936 6.88281 14.0757 6.75111 13.7441 6.75111L4.25664 6.75111L8.38164 2.63861C8.4988 2.52241 8.5918 2.38416 8.65526 2.23183C8.71872 2.07951 8.75139 1.91613 8.75139 1.75111C8.75139 1.5861 8.71872 1.42272 8.65526 1.27039C8.5918 1.11807 8.4988 0.979819 8.38164 0.863614C8.26544 0.746455 8.12719 0.653459 7.97486 0.589999C7.82254 0.526537 7.65916 0.493866 7.49414 0.493866C7.32913 0.493866 7.16575 0.526537 7.01342 0.589999C6.8611 0.653459 6.72285 0.746454 6.60664 0.863614L0.356645 7.11361C0.242844 7.23249 0.153637 7.37267 0.0941436 7.52611C-0.0308783 7.83044 -0.0308784 8.17178 0.0941435 8.47611Z\" \/>\n                <\/svg>\n            <\/span>\n            Powr\u00f3t        <\/a>\n    <\/div>\n    <h1 class=\"configurator-title\">\n        Konfiguruj AXON SAT HPC    <\/h1>\n<\/div>\n<mmq-embed short-code=\"MEH5AP\" template=\"ekoenergetyka_pdf_black_ue_pl\"\n    locale=\"pl\"><\/mmq-embed>\n\n<script src=\"https:\/\/cdn.mimeeq.com\/read_models\/embed\/app-embed.js\" rel=\"script\" type=\"application\/javascript\" async>\n<\/script>\n<script>\nwindow.mimeeqCustomMessages = {\n    en: {\n        'summarypanel.addToCart': 'Request a quote',\n        'basket.panel.requestQuote': 'Add contact details ->',\n        'basket.contact.submit': 'Send request ->',\n        'basket.success.header': 'Product Request',\n        'basket.success.subheader': 'Thank you for submitting a product request!',\n        'basket.success.reference': 'Your request has been sent to our system',\n        'basket.success.email': '.',\n        'basket.success.spam': 'You will receive feedback shortly at the email address you provided.',\n        'basket.success.view': 'Company page',\n        'basket.success.explore': 'Back',\n    },\n    pl: {\n        'summarypanel.addToCart': 'Zapytaj o produkt',\n        'basket.panel.requestQuote': 'Dodaj dane kontaktowe ->',\n        'basket.contact.submit': 'Zapytanie ->',\n        'basket.success.header': 'Zapytanie o produkt',\n        'basket.success.subheader': 'Dzi\u0119kuj\u0119my za przes\u0142anie zapytania o produkt!',\n        'basket.success.reference': 'Twoje zapytanie zosta\u0142o przes\u0142ane do naszego systemu',\n        'basket.success.email': '.',\n        'basket.success.spam': 'Wkr\u00f3tce otrzymasz na podany adres e-mail informacj\u0119 zwrotn\u0105.',\n        'basket.success.view': 'Strona firmowa',\n        'basket.success.explore': 'Powr\u00f3t',\n    },\n};\n<\/script>\n\n<div id=\"loader\" class=\"container-mimeeq\">\n    <div class=\"holder\">\n        <div class=\"box\"><\/div>\n    <\/div>\n    <div class=\"holder\">\n        <div class=\"box\"><\/div>\n    <\/div>\n    <div class=\"holder\">\n        <div class=\"box\"><\/div>\n    <\/div>\n<\/div>\n<script>\ndocument.addEventListener('mimeeq-3d-product-initialized', () => {\n    setTimeout(() => {\n        const embed = document.querySelector('mmq-embed');\n        embed.classList.add('show');\n\n        const loader = document.querySelector('#loader');\n        loader.remove();\n\n    }, 100);\n});\n<\/script>\n\n\n<p><\/p>\n","protected":false},"excerpt":{"rendered":"","protected":false},"author":1,"featured_media":0,"parent":0,"menu_order":0,"comment_status":"closed","ping_status":"closed","template":"","meta":{"_acf_changed":false,"footnotes":""},"class_list":["post-49382","page","type-page","status-publish","hentry"],"acf":[],"yoast_head":"<!-- This site is optimized with the Yoast SEO Premium plugin v27.3 (Yoast SEO v27.4) - https:\/\/yoast.com\/product\/yoast-seo-premium-wordpress\/ -->\n<title>Konfiguruj AXON SAT HPC | Ekoenergetyka<\/title>\n<meta name=\"description\" content=\"Nap\u0119dzani ch\u0119ci\u0105 tworzenia innowacyjnych rozwi\u0105za\u0144 oraz motywowani pragnieniem wprowadzenia zeroemisyjnego transportu publicznego, projektujemy i produkujemy stacje \u0142adowania wysokiej mocy przeznaczone dla samochod\u00f3w, aut dostawczych, autobus\u00f3w, a tak\u017ce ci\u0119\u017car\u00f3wek.\" \/>\n<meta name=\"robots\" content=\"index, follow, max-snippet:-1, max-image-preview:large, max-video-preview:-1\" \/>\n<link rel=\"canonical\" href=\"https:\/\/ekoenergetyka.com\/pl\/konfiguruj-sat-600\/\" \/>\n<meta property=\"og:locale\" content=\"pl_PL\" \/>\n<meta property=\"og:type\" content=\"article\" \/>\n<meta property=\"og:title\" content=\"Konfiguruj AXON SAT HPC\" \/>\n<meta property=\"og:description\" content=\"Nap\u0119dzani ch\u0119ci\u0105 tworzenia innowacyjnych rozwi\u0105za\u0144 oraz motywowani pragnieniem wprowadzenia zeroemisyjnego transportu publicznego, projektujemy i produkujemy stacje \u0142adowania wysokiej mocy przeznaczone dla samochod\u00f3w, aut dostawczych, autobus\u00f3w, a tak\u017ce ci\u0119\u017car\u00f3wek.\" \/>\n<meta property=\"og:url\" content=\"https:\/\/ekoenergetyka.com\/pl\/konfiguruj-sat-600\/\" \/>\n<meta property=\"og:site_name\" content=\"Ekoenergetyka\" \/>\n<meta property=\"article:publisher\" content=\"https:\/\/www.facebook.com\/ekoenergetykaPolska\/\" \/>\n<meta property=\"article:modified_time\" content=\"2026-03-25T14:34:25+00:00\" \/>\n<meta property=\"og:image\" content=\"https:\/\/ekoenergetyka.com\/wp-content\/uploads\/2025\/06\/baner-ev-charging-stations-hd.jpg\" \/>\n\t<meta property=\"og:image:width\" content=\"1920\" \/>\n\t<meta property=\"og:image:height\" content=\"916\" \/>\n\t<meta property=\"og:image:type\" content=\"image\/jpeg\" \/>\n<meta name=\"twitter:card\" content=\"summary_large_image\" \/>\n<script type=\"application\/ld+json\" class=\"yoast-schema-graph\">{\"@context\":\"https:\\\/\\\/schema.org\",\"@graph\":[{\"@type\":\"WebPage\",\"@id\":\"https:\\\/\\\/ekoenergetyka.com\\\/pl\\\/konfiguruj-sat-600\\\/\",\"url\":\"https:\\\/\\\/ekoenergetyka.com\\\/pl\\\/konfiguruj-sat-600\\\/\",\"name\":\"Konfiguruj AXON SAT HPC | Ekoenergetyka\",\"isPartOf\":{\"@id\":\"https:\\\/\\\/ekoenergetyka.com\\\/pl\\\/#website\"},\"datePublished\":\"2025-09-22T08:38:08+00:00\",\"dateModified\":\"2026-03-25T14:34:25+00:00\",\"description\":\"Nap\u0119dzani ch\u0119ci\u0105 tworzenia innowacyjnych rozwi\u0105za\u0144 oraz motywowani pragnieniem wprowadzenia zeroemisyjnego transportu publicznego, projektujemy i produkujemy stacje \u0142adowania wysokiej mocy przeznaczone dla samochod\u00f3w, aut dostawczych, autobus\u00f3w, a tak\u017ce ci\u0119\u017car\u00f3wek.\",\"breadcrumb\":{\"@id\":\"https:\\\/\\\/ekoenergetyka.com\\\/pl\\\/konfiguruj-sat-600\\\/#breadcrumb\"},\"inLanguage\":\"pl-PL\",\"potentialAction\":[{\"@type\":\"ReadAction\",\"target\":[\"https:\\\/\\\/ekoenergetyka.com\\\/pl\\\/konfiguruj-sat-600\\\/\"]}]},{\"@type\":\"BreadcrumbList\",\"@id\":\"https:\\\/\\\/ekoenergetyka.com\\\/pl\\\/konfiguruj-sat-600\\\/#breadcrumb\",\"itemListElement\":[{\"@type\":\"ListItem\",\"position\":1,\"name\":\"Strona G\u0142\u00f3wna\",\"item\":\"https:\\\/\\\/ekoenergetyka.com\\\/pl\\\/\"},{\"@type\":\"ListItem\",\"position\":2,\"name\":\"Konfiguruj AXON SAT HPC\"}]},{\"@type\":\"WebSite\",\"@id\":\"https:\\\/\\\/ekoenergetyka.com\\\/pl\\\/#website\",\"url\":\"https:\\\/\\\/ekoenergetyka.com\\\/pl\\\/\",\"name\":\"Ekoenergetyka\",\"description\":\"\",\"publisher\":{\"@id\":\"https:\\\/\\\/ekoenergetyka.com\\\/pl\\\/#organization\"},\"potentialAction\":[{\"@type\":\"SearchAction\",\"target\":{\"@type\":\"EntryPoint\",\"urlTemplate\":\"https:\\\/\\\/ekoenergetyka.com\\\/pl\\\/?s={search_term_string}\"},\"query-input\":{\"@type\":\"PropertyValueSpecification\",\"valueRequired\":true,\"valueName\":\"search_term_string\"}}],\"inLanguage\":\"pl-PL\"},{\"@type\":\"Organization\",\"@id\":\"https:\\\/\\\/ekoenergetyka.com\\\/pl\\\/#organization\",\"name\":\"Ekoenergetyka - Polska S.A.\",\"url\":\"https:\\\/\\\/ekoenergetyka.com\\\/pl\\\/\",\"logo\":{\"@type\":\"ImageObject\",\"inLanguage\":\"pl-PL\",\"@id\":\"https:\\\/\\\/ekoenergetyka.com\\\/pl\\\/#\\\/schema\\\/logo\\\/image\\\/\",\"url\":\"https:\\\/\\\/ekoenergetyka.com\\\/wp-content\\\/uploads\\\/2024\\\/11\\\/cropped-sygnet-bez-tla-black-1-2.png\",\"contentUrl\":\"https:\\\/\\\/ekoenergetyka.com\\\/wp-content\\\/uploads\\\/2024\\\/11\\\/cropped-sygnet-bez-tla-black-1-2.png\",\"width\":512,\"height\":512,\"caption\":\"Ekoenergetyka - Polska S.A.\"},\"image\":{\"@id\":\"https:\\\/\\\/ekoenergetyka.com\\\/pl\\\/#\\\/schema\\\/logo\\\/image\\\/\"},\"sameAs\":[\"https:\\\/\\\/www.facebook.com\\\/ekoenergetykaPolska\\\/\",\"https:\\\/\\\/www.linkedin.com\\\/company\\\/ekoenergetyka\",\"https:\\\/\\\/www.youtube.com\\\/channel\\\/UCfZM_rPDdrv6D0JB-uhWi8Q\\\/videos\"],\"description\":\"Established in 2009 Poland with a sole purpose of providing charging solutions, we are one of the pioneers in the e-mobility industry. In a decade, Ekoenergetyka has grown from 2 to more than 400 employees (currently around 1,000) and has acquired customers throughout Europe and are now a Central and Eastern European leader in charging technologies.\",\"email\":\"contact@ekoenergetyka.com.pl\",\"telephone\":\"+ 48 68 328 20 68\",\"numberOfEmployees\":{\"@type\":\"QuantitativeValue\",\"minValue\":\"501\",\"maxValue\":\"1000\"}}]}<\/script>\n<!-- \/ Yoast SEO Premium plugin. -->","yoast_head_json":{"title":"Konfiguruj AXON SAT HPC | Ekoenergetyka","description":"Nap\u0119dzani ch\u0119ci\u0105 tworzenia innowacyjnych rozwi\u0105za\u0144 oraz motywowani pragnieniem wprowadzenia zeroemisyjnego transportu publicznego, projektujemy i produkujemy stacje \u0142adowania wysokiej mocy przeznaczone dla samochod\u00f3w, aut dostawczych, autobus\u00f3w, a tak\u017ce ci\u0119\u017car\u00f3wek.","robots":{"index":"index","follow":"follow","max-snippet":"max-snippet:-1","max-image-preview":"max-image-preview:large","max-video-preview":"max-video-preview:-1"},"canonical":"https:\/\/ekoenergetyka.com\/pl\/konfiguruj-sat-600\/","og_locale":"pl_PL","og_type":"article","og_title":"Konfiguruj AXON SAT HPC","og_description":"Nap\u0119dzani ch\u0119ci\u0105 tworzenia innowacyjnych rozwi\u0105za\u0144 oraz motywowani pragnieniem wprowadzenia zeroemisyjnego transportu publicznego, projektujemy i produkujemy stacje \u0142adowania wysokiej mocy przeznaczone dla samochod\u00f3w, aut dostawczych, autobus\u00f3w, a tak\u017ce ci\u0119\u017car\u00f3wek.","og_url":"https:\/\/ekoenergetyka.com\/pl\/konfiguruj-sat-600\/","og_site_name":"Ekoenergetyka","article_publisher":"https:\/\/www.facebook.com\/ekoenergetykaPolska\/","article_modified_time":"2026-03-25T14:34:25+00:00","og_image":[{"width":1920,"height":916,"url":"https:\/\/ekoenergetyka.com\/wp-content\/uploads\/2025\/06\/baner-ev-charging-stations-hd.jpg","type":"image\/jpeg"}],"twitter_card":"summary_large_image","schema":{"@context":"https:\/\/schema.org","@graph":[{"@type":"WebPage","@id":"https:\/\/ekoenergetyka.com\/pl\/konfiguruj-sat-600\/","url":"https:\/\/ekoenergetyka.com\/pl\/konfiguruj-sat-600\/","name":"Konfiguruj AXON SAT HPC | Ekoenergetyka","isPartOf":{"@id":"https:\/\/ekoenergetyka.com\/pl\/#website"},"datePublished":"2025-09-22T08:38:08+00:00","dateModified":"2026-03-25T14:34:25+00:00","description":"Nap\u0119dzani ch\u0119ci\u0105 tworzenia innowacyjnych rozwi\u0105za\u0144 oraz motywowani pragnieniem wprowadzenia zeroemisyjnego transportu publicznego, projektujemy i produkujemy stacje \u0142adowania wysokiej mocy przeznaczone dla samochod\u00f3w, aut dostawczych, autobus\u00f3w, a tak\u017ce ci\u0119\u017car\u00f3wek.","breadcrumb":{"@id":"https:\/\/ekoenergetyka.com\/pl\/konfiguruj-sat-600\/#breadcrumb"},"inLanguage":"pl-PL","potentialAction":[{"@type":"ReadAction","target":["https:\/\/ekoenergetyka.com\/pl\/konfiguruj-sat-600\/"]}]},{"@type":"BreadcrumbList","@id":"https:\/\/ekoenergetyka.com\/pl\/konfiguruj-sat-600\/#breadcrumb","itemListElement":[{"@type":"ListItem","position":1,"name":"Strona G\u0142\u00f3wna","item":"https:\/\/ekoenergetyka.com\/pl\/"},{"@type":"ListItem","position":2,"name":"Konfiguruj AXON SAT HPC"}]},{"@type":"WebSite","@id":"https:\/\/ekoenergetyka.com\/pl\/#website","url":"https:\/\/ekoenergetyka.com\/pl\/","name":"Ekoenergetyka","description":"","publisher":{"@id":"https:\/\/ekoenergetyka.com\/pl\/#organization"},"potentialAction":[{"@type":"SearchAction","target":{"@type":"EntryPoint","urlTemplate":"https:\/\/ekoenergetyka.com\/pl\/?s={search_term_string}"},"query-input":{"@type":"PropertyValueSpecification","valueRequired":true,"valueName":"search_term_string"}}],"inLanguage":"pl-PL"},{"@type":"Organization","@id":"https:\/\/ekoenergetyka.com\/pl\/#organization","name":"Ekoenergetyka - Polska S.A.","url":"https:\/\/ekoenergetyka.com\/pl\/","logo":{"@type":"ImageObject","inLanguage":"pl-PL","@id":"https:\/\/ekoenergetyka.com\/pl\/#\/schema\/logo\/image\/","url":"https:\/\/ekoenergetyka.com\/wp-content\/uploads\/2024\/11\/cropped-sygnet-bez-tla-black-1-2.png","contentUrl":"https:\/\/ekoenergetyka.com\/wp-content\/uploads\/2024\/11\/cropped-sygnet-bez-tla-black-1-2.png","width":512,"height":512,"caption":"Ekoenergetyka - Polska S.A."},"image":{"@id":"https:\/\/ekoenergetyka.com\/pl\/#\/schema\/logo\/image\/"},"sameAs":["https:\/\/www.facebook.com\/ekoenergetykaPolska\/","https:\/\/www.linkedin.com\/company\/ekoenergetyka","https:\/\/www.youtube.com\/channel\/UCfZM_rPDdrv6D0JB-uhWi8Q\/videos"],"description":"Established in 2009 Poland with a sole purpose of providing charging solutions, we are one of the pioneers in the e-mobility industry. In a decade, Ekoenergetyka has grown from 2 to more than 400 employees (currently around 1,000) and has acquired customers throughout Europe and are now a Central and Eastern European leader in charging technologies.","email":"contact@ekoenergetyka.com.pl","telephone":"+ 48 68 328 20 68","numberOfEmployees":{"@type":"QuantitativeValue","minValue":"501","maxValue":"1000"}}]}},"_links":{"self":[{"href":"https:\/\/ekoenergetyka.com\/pl\/wp-json\/wp\/v2\/pages\/49382","targetHints":{"allow":["GET"]}}],"collection":[{"href":"https:\/\/ekoenergetyka.com\/pl\/wp-json\/wp\/v2\/pages"}],"about":[{"href":"https:\/\/ekoenergetyka.com\/pl\/wp-json\/wp\/v2\/types\/page"}],"author":[{"embeddable":true,"href":"https:\/\/ekoenergetyka.com\/pl\/wp-json\/wp\/v2\/users\/1"}],"replies":[{"embeddable":true,"href":"https:\/\/ekoenergetyka.com\/pl\/wp-json\/wp\/v2\/comments?post=49382"}],"version-history":[{"count":2,"href":"https:\/\/ekoenergetyka.com\/pl\/wp-json\/wp\/v2\/pages\/49382\/revisions"}],"predecessor-version":[{"id":58303,"href":"https:\/\/ekoenergetyka.com\/pl\/wp-json\/wp\/v2\/pages\/49382\/revisions\/58303"}],"wp:attachment":[{"href":"https:\/\/ekoenergetyka.com\/pl\/wp-json\/wp\/v2\/media?parent=49382"}],"curies":[{"name":"wp","href":"https:\/\/api.w.org\/{rel}","templated":true}]}}