{"id":48876,"date":"2025-09-16T13:43:07","date_gmt":"2025-09-16T11:43:07","guid":{"rendered":"https:\/\/ekoenergetyka.com\/?page_id=48876"},"modified":"2025-09-28T14:11:00","modified_gmt":"2025-09-28T12:11:00","slug":"bartosz-kubik","status":"publish","type":"page","link":"https:\/\/ekoenergetyka.com\/pl\/o-nas\/bartosz-kubik\/","title":{"rendered":"Bartosz Kubik"},"content":{"rendered":"\n<div class=\"wp-block-columns bio-page is-layout-flex wp-container-core-columns-is-layout-9d6595d7 wp-block-columns-is-layout-flex\">\n<div class=\"wp-block-column is-layout-flow wp-block-column-is-layout-flow\" style=\"flex-basis:25%\"><\/div>\n\n\n\n<div class=\"wp-block-column is-layout-flow wp-block-column-is-layout-flow\" style=\"flex-basis:50%\">\n<h1 class=\"wp-block-heading\" id=\"h-bartosz-kubik\">Bartosz Kubik<\/h1>\n\n\n\n<h3 class=\"wp-block-heading\" id=\"h-prezes-zarzadu\">Prezes Zarz\u0105du<\/h3>\n\n\n\n<div style=\"height:1rem\" aria-hidden=\"true\" class=\"wp-block-spacer\"><\/div>\n\n\n\n<p class=\"text-big\">Bartosz Kubik jest wsp\u00f3\u0142za\u0142o\u017cycielem i Prezesem Ekoenergetyki-Polska, globalnej firmy specjalizuj\u0105cej si\u0119 w zaawansowanych technologiach elektromobilno\u015bci, oferuj\u0105cej swoje produkty w ponad 40 krajach.<\/p>\n\n\n\n<p>Ekspert i entuzjasta elektromobilno\u015bci, wizjoner oraz wielokrotnie nagradzany przedsi\u0119biorca. Uko\u0144czy\u0142 studia na kierunku elektrotechnika, podczas kt\u00f3rych rozpocz\u0105\u0142 prace nad systemami \u0142adowania pojazd\u00f3w elektrycznych. Po uko\u0144czeniu studi\u00f3w za\u0142o\u017cy\u0142 firm\u0119, kt\u00f3ra sta\u0142a si\u0119 wiod\u0105cym dostawc\u0105 system\u00f3w \u0142adowania dla pojazd\u00f3w elektrycznych (w tym m.in. autobus\u00f3w elektrycznych).<\/p>\n\n\n\n<p>Bartosz Kubik jest wsp\u00f3\u0142tw\u00f3rc\u0105 koncepcji rozwoju Ekoenergetyki, w tym powstania Centrum Badawczo-Rozwojowego firmy. Jako lider, anga\u017cuje si\u0119 w rozw\u00f3j nowych technologii, kt\u00f3re kszta\u0142tuj\u0105 przysz\u0142o\u015b\u0107 elektromobilno\u015bci.<\/p>\n\n\n\n<div style=\"height:3rem\" aria-hidden=\"true\" class=\"wp-block-spacer\"><\/div>\n\n\n<section class=\"history-back\">\n    <div class=\"history-back-button\">\n                        <a href=\"\/pl\/o-nas#managment-board\" class=\"button\">\n            <span>\n                <svg xmlns=\"http:\/\/www.w3.org\/2000\/svg\" width=\"15\" height=\"16\" viewBox=\"0 0 15 16\" fill=\"none\">\n                    <path\n                        d=\"M0.0941435 8.47611C0.153637 8.62955 0.242844 8.76973 0.356645 8.88861L6.60664 15.1386C6.72319 15.2552 6.86155 15.3476 7.01383 15.4107C7.16611 15.4738 7.32932 15.5062 7.49414 15.5062C7.82702 15.5062 8.14626 15.374 8.38164 15.1386C8.49819 15.0221 8.59064 14.8837 8.65372 14.7314C8.71679 14.5791 8.74926 14.4159 8.74926 14.2511C8.74926 13.9182 8.61702 13.599 8.38164 13.3636L4.25664 9.25111L13.7441 9.25111C14.0757 9.25111 14.3936 9.11942 14.628 8.885C14.8624 8.65058 14.9941 8.33263 14.9941 8.00111C14.9941 7.66959 14.8624 7.35165 14.628 7.11723C14.3936 6.88281 14.0757 6.75111 13.7441 6.75111L4.25664 6.75111L8.38164 2.63861C8.4988 2.52241 8.5918 2.38416 8.65526 2.23183C8.71872 2.07951 8.75139 1.91613 8.75139 1.75111C8.75139 1.5861 8.71872 1.42272 8.65526 1.27039C8.5918 1.11807 8.4988 0.979819 8.38164 0.863614C8.26544 0.746455 8.12719 0.653459 7.97486 0.589999C7.82254 0.526537 7.65916 0.493866 7.49414 0.493866C7.32913 0.493866 7.16575 0.526537 7.01342 0.589999C6.8611 0.653459 6.72285 0.746454 6.60664 0.863614L0.356645 7.11361C0.242844 7.23249 0.153637 7.37267 0.0941436 7.52611C-0.0308783 7.83044 -0.0308784 8.17178 0.0941435 8.47611Z\" \/>\n                <\/svg>\n            <\/span>\n            Powr\u00f3t        <\/a>\n            <\/div>\n<\/section><\/div>\n\n\n\n<div class=\"wp-block-column is-layout-flow wp-block-column-is-layout-flow\" style=\"flex-basis:25%\"><\/div>\n<\/div>\n\n\n\n<p><\/p>\n","protected":false},"excerpt":{"rendered":"<p>Bartosz Kubik Prezes Zarz\u0105du Bartosz Kubik jest wsp\u00f3\u0142za\u0142o\u017cycielem i Prezesem Ekoenergetyki-Polska, globalnej firmy specjalizuj\u0105cej si\u0119 w zaawansowanych technologiach elektromobilno\u015bci, oferuj\u0105cej swoje produkty w ponad 40 krajach. Ekspert i entuzjasta elektromobilno\u015bci, wizjoner oraz wielokrotnie nagradzany przedsi\u0119biorca. Uko\u0144czy\u0142 studia na kierunku elektrotechnika, podczas kt\u00f3rych rozpocz\u0105\u0142 prace nad systemami \u0142adowania pojazd\u00f3w elektrycznych. Po uko\u0144czeniu studi\u00f3w za\u0142o\u017cy\u0142 firm\u0119, kt\u00f3ra [&hellip;]<\/p>\n","protected":false},"author":1,"featured_media":46098,"parent":17250,"menu_order":0,"comment_status":"closed","ping_status":"closed","template":"","meta":{"_acf_changed":false,"footnotes":""},"class_list":["post-48876","page","type-page","status-publish","has-post-thumbnail","hentry"],"acf":[],"yoast_head":"<!-- This site is optimized with the Yoast SEO Premium plugin v27.3 (Yoast SEO v27.4) - https:\/\/yoast.com\/product\/yoast-seo-premium-wordpress\/ -->\n<title>Bartosz Kubik | Ekoenergetyka<\/title>\n<meta name=\"description\" content=\"Bartosz Kubik jest wsp\u00f3\u0142za\u0142o\u017cycielem i Prezesem Ekoenergetyki-Polska, globalnej firmy specjalizuj\u0105cej si\u0119 w zaawansowanych technologiach elektromobilno\u015bci, oferuj\u0105cej swoje produkty w ponad 40 krajach.\" \/>\n<meta name=\"robots\" content=\"index, follow, max-snippet:-1, max-image-preview:large, max-video-preview:-1\" \/>\n<link rel=\"canonical\" href=\"https:\/\/ekoenergetyka.com\/pl\/o-nas\/bartosz-kubik\/\" \/>\n<meta property=\"og:locale\" content=\"pl_PL\" \/>\n<meta property=\"og:type\" content=\"article\" \/>\n<meta property=\"og:title\" content=\"Bartosz Kubik\" \/>\n<meta property=\"og:description\" content=\"Bartosz Kubik jest wsp\u00f3\u0142za\u0142o\u017cycielem i Prezesem Ekoenergetyki-Polska, globalnej firmy specjalizuj\u0105cej si\u0119 w zaawansowanych technologiach elektromobilno\u015bci, oferuj\u0105cej swoje produkty w ponad 40 krajach.\" \/>\n<meta property=\"og:url\" content=\"https:\/\/ekoenergetyka.com\/pl\/o-nas\/bartosz-kubik\/\" \/>\n<meta property=\"og:site_name\" content=\"Ekoenergetyka\" \/>\n<meta property=\"article:publisher\" content=\"https:\/\/www.facebook.com\/ekoenergetykaPolska\/\" \/>\n<meta property=\"article:modified_time\" content=\"2025-09-28T12:11:00+00:00\" \/>\n<meta property=\"og:image\" content=\"https:\/\/ekoenergetyka.com\/wp-content\/uploads\/2025\/07\/bartosz-kubik-full.jpg\" \/>\n\t<meta property=\"og:image:width\" content=\"2298\" \/>\n\t<meta property=\"og:image:height\" content=\"1131\" \/>\n\t<meta property=\"og:image:type\" content=\"image\/jpeg\" \/>\n<meta name=\"twitter:card\" content=\"summary_large_image\" \/>\n<meta name=\"twitter:label1\" content=\"Szacowany czas czytania\" \/>\n\t<meta name=\"twitter:data1\" content=\"1 minuta\" \/>\n<script type=\"application\/ld+json\" class=\"yoast-schema-graph\">{\"@context\":\"https:\\\/\\\/schema.org\",\"@graph\":[{\"@type\":\"WebPage\",\"@id\":\"https:\\\/\\\/ekoenergetyka.com\\\/pl\\\/o-nas\\\/bartosz-kubik\\\/\",\"url\":\"https:\\\/\\\/ekoenergetyka.com\\\/pl\\\/o-nas\\\/bartosz-kubik\\\/\",\"name\":\"Bartosz Kubik | Ekoenergetyka\",\"isPartOf\":{\"@id\":\"https:\\\/\\\/ekoenergetyka.com\\\/pl\\\/#website\"},\"primaryImageOfPage\":{\"@id\":\"https:\\\/\\\/ekoenergetyka.com\\\/pl\\\/o-nas\\\/bartosz-kubik\\\/#primaryimage\"},\"image\":{\"@id\":\"https:\\\/\\\/ekoenergetyka.com\\\/pl\\\/o-nas\\\/bartosz-kubik\\\/#primaryimage\"},\"thumbnailUrl\":\"https:\\\/\\\/ekoenergetyka.com\\\/wp-content\\\/uploads\\\/2025\\\/07\\\/bartosz-kubik-full.jpg\",\"datePublished\":\"2025-09-16T11:43:07+00:00\",\"dateModified\":\"2025-09-28T12:11:00+00:00\",\"description\":\"Bartosz Kubik jest wsp\u00f3\u0142za\u0142o\u017cycielem i Prezesem Ekoenergetyki-Polska, globalnej firmy specjalizuj\u0105cej si\u0119 w zaawansowanych technologiach elektromobilno\u015bci, oferuj\u0105cej swoje produkty w ponad 40 krajach.\",\"breadcrumb\":{\"@id\":\"https:\\\/\\\/ekoenergetyka.com\\\/pl\\\/o-nas\\\/bartosz-kubik\\\/#breadcrumb\"},\"inLanguage\":\"pl-PL\",\"potentialAction\":[{\"@type\":\"ReadAction\",\"target\":[\"https:\\\/\\\/ekoenergetyka.com\\\/pl\\\/o-nas\\\/bartosz-kubik\\\/\"]}]},{\"@type\":\"ImageObject\",\"inLanguage\":\"pl-PL\",\"@id\":\"https:\\\/\\\/ekoenergetyka.com\\\/pl\\\/o-nas\\\/bartosz-kubik\\\/#primaryimage\",\"url\":\"https:\\\/\\\/ekoenergetyka.com\\\/wp-content\\\/uploads\\\/2025\\\/07\\\/bartosz-kubik-full.jpg\",\"contentUrl\":\"https:\\\/\\\/ekoenergetyka.com\\\/wp-content\\\/uploads\\\/2025\\\/07\\\/bartosz-kubik-full.jpg\",\"width\":2298,\"height\":1131,\"caption\":\"Bartosz_Kubik\"},{\"@type\":\"BreadcrumbList\",\"@id\":\"https:\\\/\\\/ekoenergetyka.com\\\/pl\\\/o-nas\\\/bartosz-kubik\\\/#breadcrumb\",\"itemListElement\":[{\"@type\":\"ListItem\",\"position\":1,\"name\":\"Strona G\u0142\u00f3wna\",\"item\":\"https:\\\/\\\/ekoenergetyka.com\\\/pl\\\/\"},{\"@type\":\"ListItem\",\"position\":2,\"name\":\"O nas\",\"item\":\"https:\\\/\\\/ekoenergetyka.com\\\/pl\\\/o-nas\\\/\"},{\"@type\":\"ListItem\",\"position\":3,\"name\":\"Bartosz Kubik\"}]},{\"@type\":\"WebSite\",\"@id\":\"https:\\\/\\\/ekoenergetyka.com\\\/pl\\\/#website\",\"url\":\"https:\\\/\\\/ekoenergetyka.com\\\/pl\\\/\",\"name\":\"Ekoenergetyka\",\"description\":\"\",\"publisher\":{\"@id\":\"https:\\\/\\\/ekoenergetyka.com\\\/pl\\\/#organization\"},\"potentialAction\":[{\"@type\":\"SearchAction\",\"target\":{\"@type\":\"EntryPoint\",\"urlTemplate\":\"https:\\\/\\\/ekoenergetyka.com\\\/pl\\\/?s={search_term_string}\"},\"query-input\":{\"@type\":\"PropertyValueSpecification\",\"valueRequired\":true,\"valueName\":\"search_term_string\"}}],\"inLanguage\":\"pl-PL\"},{\"@type\":\"Organization\",\"@id\":\"https:\\\/\\\/ekoenergetyka.com\\\/pl\\\/#organization\",\"name\":\"Ekoenergetyka - Polska S.A.\",\"url\":\"https:\\\/\\\/ekoenergetyka.com\\\/pl\\\/\",\"logo\":{\"@type\":\"ImageObject\",\"inLanguage\":\"pl-PL\",\"@id\":\"https:\\\/\\\/ekoenergetyka.com\\\/pl\\\/#\\\/schema\\\/logo\\\/image\\\/\",\"url\":\"https:\\\/\\\/ekoenergetyka.com\\\/wp-content\\\/uploads\\\/2024\\\/11\\\/cropped-sygnet-bez-tla-black-1-2.png\",\"contentUrl\":\"https:\\\/\\\/ekoenergetyka.com\\\/wp-content\\\/uploads\\\/2024\\\/11\\\/cropped-sygnet-bez-tla-black-1-2.png\",\"width\":512,\"height\":512,\"caption\":\"Ekoenergetyka - Polska S.A.\"},\"image\":{\"@id\":\"https:\\\/\\\/ekoenergetyka.com\\\/pl\\\/#\\\/schema\\\/logo\\\/image\\\/\"},\"sameAs\":[\"https:\\\/\\\/www.facebook.com\\\/ekoenergetykaPolska\\\/\",\"https:\\\/\\\/www.linkedin.com\\\/company\\\/ekoenergetyka\",\"https:\\\/\\\/www.youtube.com\\\/channel\\\/UCfZM_rPDdrv6D0JB-uhWi8Q\\\/videos\"],\"description\":\"Established in 2009 Poland with a sole purpose of providing charging solutions, we are one of the pioneers in the e-mobility industry. In a decade, Ekoenergetyka has grown from 2 to more than 400 employees (currently around 1,000) and has acquired customers throughout Europe and are now a Central and Eastern European leader in charging technologies.\",\"email\":\"contact@ekoenergetyka.com.pl\",\"telephone\":\"+ 48 68 328 20 68\",\"numberOfEmployees\":{\"@type\":\"QuantitativeValue\",\"minValue\":\"501\",\"maxValue\":\"1000\"}}]}<\/script>\n<!-- \/ Yoast SEO Premium plugin. -->","yoast_head_json":{"title":"Bartosz Kubik | Ekoenergetyka","description":"Bartosz Kubik jest wsp\u00f3\u0142za\u0142o\u017cycielem i Prezesem Ekoenergetyki-Polska, globalnej firmy specjalizuj\u0105cej si\u0119 w zaawansowanych technologiach elektromobilno\u015bci, oferuj\u0105cej swoje produkty w ponad 40 krajach.","robots":{"index":"index","follow":"follow","max-snippet":"max-snippet:-1","max-image-preview":"max-image-preview:large","max-video-preview":"max-video-preview:-1"},"canonical":"https:\/\/ekoenergetyka.com\/pl\/o-nas\/bartosz-kubik\/","og_locale":"pl_PL","og_type":"article","og_title":"Bartosz Kubik","og_description":"Bartosz Kubik jest wsp\u00f3\u0142za\u0142o\u017cycielem i Prezesem Ekoenergetyki-Polska, globalnej firmy specjalizuj\u0105cej si\u0119 w zaawansowanych technologiach elektromobilno\u015bci, oferuj\u0105cej swoje produkty w ponad 40 krajach.","og_url":"https:\/\/ekoenergetyka.com\/pl\/o-nas\/bartosz-kubik\/","og_site_name":"Ekoenergetyka","article_publisher":"https:\/\/www.facebook.com\/ekoenergetykaPolska\/","article_modified_time":"2025-09-28T12:11:00+00:00","og_image":[{"width":2298,"height":1131,"url":"https:\/\/ekoenergetyka.com\/wp-content\/uploads\/2025\/07\/bartosz-kubik-full.jpg","type":"image\/jpeg"}],"twitter_card":"summary_large_image","twitter_misc":{"Szacowany czas czytania":"1 minuta"},"schema":{"@context":"https:\/\/schema.org","@graph":[{"@type":"WebPage","@id":"https:\/\/ekoenergetyka.com\/pl\/o-nas\/bartosz-kubik\/","url":"https:\/\/ekoenergetyka.com\/pl\/o-nas\/bartosz-kubik\/","name":"Bartosz Kubik | Ekoenergetyka","isPartOf":{"@id":"https:\/\/ekoenergetyka.com\/pl\/#website"},"primaryImageOfPage":{"@id":"https:\/\/ekoenergetyka.com\/pl\/o-nas\/bartosz-kubik\/#primaryimage"},"image":{"@id":"https:\/\/ekoenergetyka.com\/pl\/o-nas\/bartosz-kubik\/#primaryimage"},"thumbnailUrl":"https:\/\/ekoenergetyka.com\/wp-content\/uploads\/2025\/07\/bartosz-kubik-full.jpg","datePublished":"2025-09-16T11:43:07+00:00","dateModified":"2025-09-28T12:11:00+00:00","description":"Bartosz Kubik jest wsp\u00f3\u0142za\u0142o\u017cycielem i Prezesem Ekoenergetyki-Polska, globalnej firmy specjalizuj\u0105cej si\u0119 w zaawansowanych technologiach elektromobilno\u015bci, oferuj\u0105cej swoje produkty w ponad 40 krajach.","breadcrumb":{"@id":"https:\/\/ekoenergetyka.com\/pl\/o-nas\/bartosz-kubik\/#breadcrumb"},"inLanguage":"pl-PL","potentialAction":[{"@type":"ReadAction","target":["https:\/\/ekoenergetyka.com\/pl\/o-nas\/bartosz-kubik\/"]}]},{"@type":"ImageObject","inLanguage":"pl-PL","@id":"https:\/\/ekoenergetyka.com\/pl\/o-nas\/bartosz-kubik\/#primaryimage","url":"https:\/\/ekoenergetyka.com\/wp-content\/uploads\/2025\/07\/bartosz-kubik-full.jpg","contentUrl":"https:\/\/ekoenergetyka.com\/wp-content\/uploads\/2025\/07\/bartosz-kubik-full.jpg","width":2298,"height":1131,"caption":"Bartosz_Kubik"},{"@type":"BreadcrumbList","@id":"https:\/\/ekoenergetyka.com\/pl\/o-nas\/bartosz-kubik\/#breadcrumb","itemListElement":[{"@type":"ListItem","position":1,"name":"Strona G\u0142\u00f3wna","item":"https:\/\/ekoenergetyka.com\/pl\/"},{"@type":"ListItem","position":2,"name":"O nas","item":"https:\/\/ekoenergetyka.com\/pl\/o-nas\/"},{"@type":"ListItem","position":3,"name":"Bartosz Kubik"}]},{"@type":"WebSite","@id":"https:\/\/ekoenergetyka.com\/pl\/#website","url":"https:\/\/ekoenergetyka.com\/pl\/","name":"Ekoenergetyka","description":"","publisher":{"@id":"https:\/\/ekoenergetyka.com\/pl\/#organization"},"potentialAction":[{"@type":"SearchAction","target":{"@type":"EntryPoint","urlTemplate":"https:\/\/ekoenergetyka.com\/pl\/?s={search_term_string}"},"query-input":{"@type":"PropertyValueSpecification","valueRequired":true,"valueName":"search_term_string"}}],"inLanguage":"pl-PL"},{"@type":"Organization","@id":"https:\/\/ekoenergetyka.com\/pl\/#organization","name":"Ekoenergetyka - Polska S.A.","url":"https:\/\/ekoenergetyka.com\/pl\/","logo":{"@type":"ImageObject","inLanguage":"pl-PL","@id":"https:\/\/ekoenergetyka.com\/pl\/#\/schema\/logo\/image\/","url":"https:\/\/ekoenergetyka.com\/wp-content\/uploads\/2024\/11\/cropped-sygnet-bez-tla-black-1-2.png","contentUrl":"https:\/\/ekoenergetyka.com\/wp-content\/uploads\/2024\/11\/cropped-sygnet-bez-tla-black-1-2.png","width":512,"height":512,"caption":"Ekoenergetyka - Polska S.A."},"image":{"@id":"https:\/\/ekoenergetyka.com\/pl\/#\/schema\/logo\/image\/"},"sameAs":["https:\/\/www.facebook.com\/ekoenergetykaPolska\/","https:\/\/www.linkedin.com\/company\/ekoenergetyka","https:\/\/www.youtube.com\/channel\/UCfZM_rPDdrv6D0JB-uhWi8Q\/videos"],"description":"Established in 2009 Poland with a sole purpose of providing charging solutions, we are one of the pioneers in the e-mobility industry. In a decade, Ekoenergetyka has grown from 2 to more than 400 employees (currently around 1,000) and has acquired customers throughout Europe and are now a Central and Eastern European leader in charging technologies.","email":"contact@ekoenergetyka.com.pl","telephone":"+ 48 68 328 20 68","numberOfEmployees":{"@type":"QuantitativeValue","minValue":"501","maxValue":"1000"}}]}},"_links":{"self":[{"href":"https:\/\/ekoenergetyka.com\/pl\/wp-json\/wp\/v2\/pages\/48876","targetHints":{"allow":["GET"]}}],"collection":[{"href":"https:\/\/ekoenergetyka.com\/pl\/wp-json\/wp\/v2\/pages"}],"about":[{"href":"https:\/\/ekoenergetyka.com\/pl\/wp-json\/wp\/v2\/types\/page"}],"author":[{"embeddable":true,"href":"https:\/\/ekoenergetyka.com\/pl\/wp-json\/wp\/v2\/users\/1"}],"replies":[{"embeddable":true,"href":"https:\/\/ekoenergetyka.com\/pl\/wp-json\/wp\/v2\/comments?post=48876"}],"version-history":[{"count":3,"href":"https:\/\/ekoenergetyka.com\/pl\/wp-json\/wp\/v2\/pages\/48876\/revisions"}],"predecessor-version":[{"id":48879,"href":"https:\/\/ekoenergetyka.com\/pl\/wp-json\/wp\/v2\/pages\/48876\/revisions\/48879"}],"up":[{"embeddable":true,"href":"https:\/\/ekoenergetyka.com\/pl\/wp-json\/wp\/v2\/pages\/17250"}],"wp:featuredmedia":[{"embeddable":true,"href":"https:\/\/ekoenergetyka.com\/pl\/wp-json\/wp\/v2\/media\/46098"}],"wp:attachment":[{"href":"https:\/\/ekoenergetyka.com\/pl\/wp-json\/wp\/v2\/media?parent=48876"}],"curies":[{"name":"wp","href":"https:\/\/api.w.org\/{rel}","templated":true}]}}