{"id":3886,"date":"2021-12-16T13:44:58","date_gmt":"2021-12-16T12:44:58","guid":{"rendered":"https:\/\/ekoenergetyka.com\/?page_id=3886"},"modified":"2025-10-01T15:04:26","modified_gmt":"2025-10-01T13:04:26","slug":"kariera-oferty-pracy","status":"publish","type":"page","link":"https:\/\/ekoenergetyka.com\/pl\/kariera-oferty-pracy\/","title":{"rendered":"Kariera &#8211; oferty pracy"},"content":{"rendered":"\n<h1 class=\"wp-block-heading\" id=\"h-kariera-aktualne-oferty-pracy\"><span style=\"color: #161412;\">Kariera<\/span> <br>aktualne oferty pracy<\/h1>\n\n\n\n<section class=\"jobs-offer\">\n    <div id=\"search-job\" class=\"search-job\">\n        <div class=\"search-job__filters\">\n            <div class=\"search-job__inputs\">\n                <!-- Workplace -->\n                <div class=\"search-job__inputs-flex\">\n                    <label>Wybierz miejsce pracy:<\/label>\n                    <v-select :options=\"locations\" v-model=\"place\" :reduce=\"location => location.value\" label=\"label\"\n                        :clearable=\"false\" \/>\n                <\/div>\n\n                <!-- Company -->\n                <div class=\"search-job__inputs-flex\">\n                    <label>Wybierz sp\u00f3\u0142k\u0119:<\/label>\n                    <v-select :options=\"brands\" v-model=\"company\" :reduce=\"company => company.value\" label=\"label\"\n                        :clearable=\"false\" \/>\n                <\/div>\n\n                <!-- Area -->\n                <div class=\"search-job__inputs-flex\">\n                    <label>Wybierz obszar:<\/label>\n                    <v-select :options=\"areas\" v-model=\"area\" :reduce=\"area => area.value\" label=\"label\"\n                        :clearable=\"false\" \/>\n                <\/div>\n            <\/div>\n        <\/div>\n\n        <div class=\"search-job__grid\">\n            <div class=\"grid-row grid-header\">\n                <div>Stanowisko<\/div>\n                <div>Data publikacji<\/div>\n                <div>Miejsce pracy<\/div>\n                <div>Sp\u00f3\u0142ka<\/div>\n                <div>Obszar<\/div>\n                <div><\/div>\n            <\/div>\n\n            <div v-for=\"(item, index) in sortDateAndFilterJobs\" :key=\"index\" class=\"grid-row\">\n                <div class=\"job-title\"><a :href=\"item.urlWithLayout\" @click.stop target=\"_blank\"\n                        rel=\"noopener noreferrer\">{{ item.title }}<\/a><\/div>\n                <div>{{ item.publishDate }}<\/div>\n                <div>{{ item.location }}<\/div>\n                <div>{{ item.partnership }}<\/div>\n                <div>{{ (item.additionalFields.Obszar || '').toString().replace(';', '') }}<\/div>\n                <div>\n                    <a class=\"button\" :href=\"item.urlWithLayout\" @click.stop target=\"_blank\" rel=\"noopener noreferrer\">\n                        Aplikuj                    <\/a>\n                <\/div>\n            <\/div>\n\n            <div v-if=\"!sortDateAndFilterJobs.length\" class=\"no-results\">\n                Brak ofert pracy spe\u0142niaj\u0105cych kryteria wyszukiwania.            <\/div>\n        <\/div>\n    <\/div>\n<\/section>\n\n\n<div style=\"height:2em\" aria-hidden=\"true\" class=\"wp-block-spacer\"><\/div>\n\n\n\n<p class=\"has-text-align-center text-big\"><strong>Nie znalaz\u0142e\u015b oferty dla siebie?<\/strong><\/p>\n\n\n\n<p class=\"has-text-align-center\"><strong>Zostaw Nam Swoje CV!<\/strong><\/p>\n\n\n\n<div class=\"wp-block-buttons is-content-justification-center is-layout-flex wp-container-core-buttons-is-layout-16018d1d wp-block-buttons-is-layout-flex\">\n<div class=\"wp-block-button is-style-outline is-style-outline--1\"><a class=\"wp-block-button__link has-black-color has-white-background-color has-text-color has-background has-link-color has-custom-font-size wp-element-button\" href=\"https:\/\/system.erecruiter.pl\/FormTemplates\/RecruitmentForm.aspx?WebID=add895829ce24b198ecf7431bbe6175b\" style=\"font-size:16px\" target=\"_blank\" rel=\"noreferrer noopener\">Wy\u015blij CV -><\/a><\/div>\n<\/div>\n\n\n\n<div style=\"height:2em\" aria-hidden=\"true\" class=\"wp-block-spacer\"><\/div>\n","protected":false},"excerpt":{"rendered":"<p>Kariera aktualne oferty pracy Nie znalaz\u0142e\u015b oferty dla siebie? Zostaw Nam Swoje CV!<\/p>\n","protected":false},"author":1,"featured_media":0,"parent":0,"menu_order":0,"comment_status":"closed","ping_status":"closed","template":"","meta":{"_acf_changed":false,"footnotes":""},"class_list":["post-3886","page","type-page","status-publish","hentry"],"acf":[],"yoast_head":"<!-- This site is optimized with the Yoast SEO Premium plugin v27.3 (Yoast SEO v27.4) - https:\/\/yoast.com\/product\/yoast-seo-premium-wordpress\/ -->\n<title>Kariera - oferty pracy | Ekoenergetyka<\/title>\n<meta name=\"description\" content=\"Ludzie, kt\u00f3rzy tworz\u0105 nasz\u0105 firm\u0119. Kieruje nimi pasja. Pracownicy Ekoenergetyki opowiedz\u0105 ci dlaczego warto do nas do\u0142\u0105czy\u0107.\" \/>\n<meta name=\"robots\" content=\"index, follow, max-snippet:-1, max-image-preview:large, max-video-preview:-1\" \/>\n<link rel=\"canonical\" href=\"https:\/\/ekoenergetyka.com\/pl\/kariera-oferty-pracy\/\" \/>\n<meta property=\"og:locale\" content=\"pl_PL\" \/>\n<meta property=\"og:type\" content=\"article\" \/>\n<meta property=\"og:title\" content=\"Kariera - oferty pracy\" \/>\n<meta property=\"og:description\" content=\"Ludzie, kt\u00f3rzy tworz\u0105 nasz\u0105 firm\u0119. Kieruje nimi pasja. Pracownicy Ekoenergetyki opowiedz\u0105 ci dlaczego warto do nas do\u0142\u0105czy\u0107.\" \/>\n<meta property=\"og:url\" content=\"https:\/\/ekoenergetyka.com\/pl\/kariera-oferty-pracy\/\" \/>\n<meta property=\"og:site_name\" content=\"Ekoenergetyka\" \/>\n<meta property=\"article:publisher\" content=\"https:\/\/www.facebook.com\/ekoenergetykaPolska\/\" \/>\n<meta property=\"article:modified_time\" content=\"2025-10-01T13:04:26+00:00\" \/>\n<meta property=\"og:image\" content=\"https:\/\/ekoenergetyka.com\/wp-content\/uploads\/2025\/06\/baner-ev-charging-stations-hd.jpg\" \/>\n\t<meta property=\"og:image:width\" content=\"1920\" \/>\n\t<meta property=\"og:image:height\" content=\"916\" \/>\n\t<meta property=\"og:image:type\" content=\"image\/jpeg\" \/>\n<meta name=\"twitter:card\" content=\"summary_large_image\" \/>\n<meta name=\"twitter:label1\" content=\"Szacowany czas czytania\" \/>\n\t<meta name=\"twitter:data1\" content=\"1 minuta\" \/>\n<script type=\"application\/ld+json\" class=\"yoast-schema-graph\">{\"@context\":\"https:\\\/\\\/schema.org\",\"@graph\":[{\"@type\":\"WebPage\",\"@id\":\"https:\\\/\\\/ekoenergetyka.com\\\/pl\\\/kariera-oferty-pracy\\\/\",\"url\":\"https:\\\/\\\/ekoenergetyka.com\\\/pl\\\/kariera-oferty-pracy\\\/\",\"name\":\"Kariera - oferty pracy | Ekoenergetyka\",\"isPartOf\":{\"@id\":\"https:\\\/\\\/ekoenergetyka.com\\\/pl\\\/#website\"},\"datePublished\":\"2021-12-16T12:44:58+00:00\",\"dateModified\":\"2025-10-01T13:04:26+00:00\",\"description\":\"Ludzie, kt\u00f3rzy tworz\u0105 nasz\u0105 firm\u0119. Kieruje nimi pasja. Pracownicy Ekoenergetyki opowiedz\u0105 ci dlaczego warto do nas do\u0142\u0105czy\u0107.\",\"breadcrumb\":{\"@id\":\"https:\\\/\\\/ekoenergetyka.com\\\/pl\\\/kariera-oferty-pracy\\\/#breadcrumb\"},\"inLanguage\":\"pl-PL\",\"potentialAction\":[{\"@type\":\"ReadAction\",\"target\":[\"https:\\\/\\\/ekoenergetyka.com\\\/pl\\\/kariera-oferty-pracy\\\/\"]}]},{\"@type\":\"BreadcrumbList\",\"@id\":\"https:\\\/\\\/ekoenergetyka.com\\\/pl\\\/kariera-oferty-pracy\\\/#breadcrumb\",\"itemListElement\":[{\"@type\":\"ListItem\",\"position\":1,\"name\":\"Strona G\u0142\u00f3wna\",\"item\":\"https:\\\/\\\/ekoenergetyka.com\\\/pl\\\/\"},{\"@type\":\"ListItem\",\"position\":2,\"name\":\"Kariera &#8211; oferty pracy\"}]},{\"@type\":\"WebSite\",\"@id\":\"https:\\\/\\\/ekoenergetyka.com\\\/pl\\\/#website\",\"url\":\"https:\\\/\\\/ekoenergetyka.com\\\/pl\\\/\",\"name\":\"Ekoenergetyka\",\"description\":\"\",\"publisher\":{\"@id\":\"https:\\\/\\\/ekoenergetyka.com\\\/pl\\\/#organization\"},\"potentialAction\":[{\"@type\":\"SearchAction\",\"target\":{\"@type\":\"EntryPoint\",\"urlTemplate\":\"https:\\\/\\\/ekoenergetyka.com\\\/pl\\\/?s={search_term_string}\"},\"query-input\":{\"@type\":\"PropertyValueSpecification\",\"valueRequired\":true,\"valueName\":\"search_term_string\"}}],\"inLanguage\":\"pl-PL\"},{\"@type\":\"Organization\",\"@id\":\"https:\\\/\\\/ekoenergetyka.com\\\/pl\\\/#organization\",\"name\":\"Ekoenergetyka - Polska S.A.\",\"url\":\"https:\\\/\\\/ekoenergetyka.com\\\/pl\\\/\",\"logo\":{\"@type\":\"ImageObject\",\"inLanguage\":\"pl-PL\",\"@id\":\"https:\\\/\\\/ekoenergetyka.com\\\/pl\\\/#\\\/schema\\\/logo\\\/image\\\/\",\"url\":\"https:\\\/\\\/ekoenergetyka.com\\\/wp-content\\\/uploads\\\/2024\\\/11\\\/cropped-sygnet-bez-tla-black-1-2.png\",\"contentUrl\":\"https:\\\/\\\/ekoenergetyka.com\\\/wp-content\\\/uploads\\\/2024\\\/11\\\/cropped-sygnet-bez-tla-black-1-2.png\",\"width\":512,\"height\":512,\"caption\":\"Ekoenergetyka - Polska S.A.\"},\"image\":{\"@id\":\"https:\\\/\\\/ekoenergetyka.com\\\/pl\\\/#\\\/schema\\\/logo\\\/image\\\/\"},\"sameAs\":[\"https:\\\/\\\/www.facebook.com\\\/ekoenergetykaPolska\\\/\",\"https:\\\/\\\/www.linkedin.com\\\/company\\\/ekoenergetyka\",\"https:\\\/\\\/www.youtube.com\\\/channel\\\/UCfZM_rPDdrv6D0JB-uhWi8Q\\\/videos\"],\"description\":\"Established in 2009 Poland with a sole purpose of providing charging solutions, we are one of the pioneers in the e-mobility industry. In a decade, Ekoenergetyka has grown from 2 to more than 400 employees (currently around 1,000) and has acquired customers throughout Europe and are now a Central and Eastern European leader in charging technologies.\",\"email\":\"contact@ekoenergetyka.com.pl\",\"telephone\":\"+ 48 68 328 20 68\",\"numberOfEmployees\":{\"@type\":\"QuantitativeValue\",\"minValue\":\"501\",\"maxValue\":\"1000\"}}]}<\/script>\n<!-- \/ Yoast SEO Premium plugin. -->","yoast_head_json":{"title":"Kariera - oferty pracy | Ekoenergetyka","description":"Ludzie, kt\u00f3rzy tworz\u0105 nasz\u0105 firm\u0119. Kieruje nimi pasja. Pracownicy Ekoenergetyki opowiedz\u0105 ci dlaczego warto do nas do\u0142\u0105czy\u0107.","robots":{"index":"index","follow":"follow","max-snippet":"max-snippet:-1","max-image-preview":"max-image-preview:large","max-video-preview":"max-video-preview:-1"},"canonical":"https:\/\/ekoenergetyka.com\/pl\/kariera-oferty-pracy\/","og_locale":"pl_PL","og_type":"article","og_title":"Kariera - oferty pracy","og_description":"Ludzie, kt\u00f3rzy tworz\u0105 nasz\u0105 firm\u0119. Kieruje nimi pasja. Pracownicy Ekoenergetyki opowiedz\u0105 ci dlaczego warto do nas do\u0142\u0105czy\u0107.","og_url":"https:\/\/ekoenergetyka.com\/pl\/kariera-oferty-pracy\/","og_site_name":"Ekoenergetyka","article_publisher":"https:\/\/www.facebook.com\/ekoenergetykaPolska\/","article_modified_time":"2025-10-01T13:04:26+00:00","og_image":[{"width":1920,"height":916,"url":"https:\/\/ekoenergetyka.com\/wp-content\/uploads\/2025\/06\/baner-ev-charging-stations-hd.jpg","type":"image\/jpeg"}],"twitter_card":"summary_large_image","twitter_misc":{"Szacowany czas czytania":"1 minuta"},"schema":{"@context":"https:\/\/schema.org","@graph":[{"@type":"WebPage","@id":"https:\/\/ekoenergetyka.com\/pl\/kariera-oferty-pracy\/","url":"https:\/\/ekoenergetyka.com\/pl\/kariera-oferty-pracy\/","name":"Kariera - oferty pracy | Ekoenergetyka","isPartOf":{"@id":"https:\/\/ekoenergetyka.com\/pl\/#website"},"datePublished":"2021-12-16T12:44:58+00:00","dateModified":"2025-10-01T13:04:26+00:00","description":"Ludzie, kt\u00f3rzy tworz\u0105 nasz\u0105 firm\u0119. Kieruje nimi pasja. Pracownicy Ekoenergetyki opowiedz\u0105 ci dlaczego warto do nas do\u0142\u0105czy\u0107.","breadcrumb":{"@id":"https:\/\/ekoenergetyka.com\/pl\/kariera-oferty-pracy\/#breadcrumb"},"inLanguage":"pl-PL","potentialAction":[{"@type":"ReadAction","target":["https:\/\/ekoenergetyka.com\/pl\/kariera-oferty-pracy\/"]}]},{"@type":"BreadcrumbList","@id":"https:\/\/ekoenergetyka.com\/pl\/kariera-oferty-pracy\/#breadcrumb","itemListElement":[{"@type":"ListItem","position":1,"name":"Strona G\u0142\u00f3wna","item":"https:\/\/ekoenergetyka.com\/pl\/"},{"@type":"ListItem","position":2,"name":"Kariera &#8211; oferty pracy"}]},{"@type":"WebSite","@id":"https:\/\/ekoenergetyka.com\/pl\/#website","url":"https:\/\/ekoenergetyka.com\/pl\/","name":"Ekoenergetyka","description":"","publisher":{"@id":"https:\/\/ekoenergetyka.com\/pl\/#organization"},"potentialAction":[{"@type":"SearchAction","target":{"@type":"EntryPoint","urlTemplate":"https:\/\/ekoenergetyka.com\/pl\/?s={search_term_string}"},"query-input":{"@type":"PropertyValueSpecification","valueRequired":true,"valueName":"search_term_string"}}],"inLanguage":"pl-PL"},{"@type":"Organization","@id":"https:\/\/ekoenergetyka.com\/pl\/#organization","name":"Ekoenergetyka - Polska S.A.","url":"https:\/\/ekoenergetyka.com\/pl\/","logo":{"@type":"ImageObject","inLanguage":"pl-PL","@id":"https:\/\/ekoenergetyka.com\/pl\/#\/schema\/logo\/image\/","url":"https:\/\/ekoenergetyka.com\/wp-content\/uploads\/2024\/11\/cropped-sygnet-bez-tla-black-1-2.png","contentUrl":"https:\/\/ekoenergetyka.com\/wp-content\/uploads\/2024\/11\/cropped-sygnet-bez-tla-black-1-2.png","width":512,"height":512,"caption":"Ekoenergetyka - Polska S.A."},"image":{"@id":"https:\/\/ekoenergetyka.com\/pl\/#\/schema\/logo\/image\/"},"sameAs":["https:\/\/www.facebook.com\/ekoenergetykaPolska\/","https:\/\/www.linkedin.com\/company\/ekoenergetyka","https:\/\/www.youtube.com\/channel\/UCfZM_rPDdrv6D0JB-uhWi8Q\/videos"],"description":"Established in 2009 Poland with a sole purpose of providing charging solutions, we are one of the pioneers in the e-mobility industry. In a decade, Ekoenergetyka has grown from 2 to more than 400 employees (currently around 1,000) and has acquired customers throughout Europe and are now a Central and Eastern European leader in charging technologies.","email":"contact@ekoenergetyka.com.pl","telephone":"+ 48 68 328 20 68","numberOfEmployees":{"@type":"QuantitativeValue","minValue":"501","maxValue":"1000"}}]}},"_links":{"self":[{"href":"https:\/\/ekoenergetyka.com\/pl\/wp-json\/wp\/v2\/pages\/3886","targetHints":{"allow":["GET"]}}],"collection":[{"href":"https:\/\/ekoenergetyka.com\/pl\/wp-json\/wp\/v2\/pages"}],"about":[{"href":"https:\/\/ekoenergetyka.com\/pl\/wp-json\/wp\/v2\/types\/page"}],"author":[{"embeddable":true,"href":"https:\/\/ekoenergetyka.com\/pl\/wp-json\/wp\/v2\/users\/1"}],"replies":[{"embeddable":true,"href":"https:\/\/ekoenergetyka.com\/pl\/wp-json\/wp\/v2\/comments?post=3886"}],"version-history":[{"count":4,"href":"https:\/\/ekoenergetyka.com\/pl\/wp-json\/wp\/v2\/pages\/3886\/revisions"}],"predecessor-version":[{"id":51230,"href":"https:\/\/ekoenergetyka.com\/pl\/wp-json\/wp\/v2\/pages\/3886\/revisions\/51230"}],"wp:attachment":[{"href":"https:\/\/ekoenergetyka.com\/pl\/wp-json\/wp\/v2\/media?parent=3886"}],"curies":[{"name":"wp","href":"https:\/\/api.w.org\/{rel}","templated":true}]}}