{"id":3566,"date":"2021-11-24T11:43:45","date_gmt":"2021-11-24T10:43:45","guid":{"rendered":"https:\/\/ekoenergetyka.com\/?page_id=3566"},"modified":"2025-09-19T10:01:59","modified_gmt":"2025-09-19T08:01:59","slug":"zgloszenia","status":"publish","type":"page","link":"https:\/\/ekoenergetyka.com\/pl\/zgloszenia\/","title":{"rendered":"Zg\u0142oszenia"},"content":{"rendered":"\n<div class=\"wp-block-columns is-layout-flex wp-container-core-columns-is-layout-9d6595d7 wp-block-columns-is-layout-flex\">\n<div class=\"wp-block-column is-layout-flow wp-block-column-is-layout-flow\" style=\"flex-basis:100%\">\n<p>Fundamentem dzia\u0142alno\u015bci <strong>Grupy Ekoenergetyka \u2013 Polska<\/strong> jest odpowiedzialne podej\u015bcie do prowadzonego biznesu, kt\u00f3re uto\u017csamiamy z zapewnieniem zgodno\u015bci naszych dzia\u0142a\u0144 z prawem, regulacjami wewn\u0119trznymi oraz zasadami wsp\u00f3\u0142\u017cycia spo\u0142ecznego wyra\u017conymi w <strong>Kodeksie post\u0119powania Grupy.<\/strong><\/p>\n\n\n\n<p>Mamy \u015bwiadomo\u015b\u0107 ryzyka wyst\u0105pienia nieprawid\u0142owo\u015bci, dlatego podejmujemy dzia\u0142ania ukierunkowane na zapewnienie zgodno\u015bci oraz eliminacj\u0119 narusze\u0144, w szczeg\u00f3lno\u015bci poprzez ich wykrywanie i odpowiedni\u0105 reakcj\u0119 ukierunkowan\u0105 na przeciwdzia\u0142anie ich wyst\u0105pieniu w przysz\u0142o\u015bci.<\/p>\n\n\n\n<p>Z powy\u017cszego wzgl\u0119du ustanowili\u015bmy system zg\u0142aszania narusze\u0144, umo\u017cliwiaj\u0105cy naszym pracownikom, wsp\u00f3\u0142pracownikom, partnerom biznesowym oraz innym interesariuszom dokonanie zg\u0142oszenia w zakresie zidentyfikowanych, w tym potencjalnych, zdarze\u0144 o charakterze nieprawid\u0142owo\u015bci.<\/p>\n\n\n\n<p>Poni\u017cej zamieszczony zosta\u0142 Formularz zg\u0142oszenia, kt\u00f3ry umo\u017cliwia zg\u0142oszenie informacji dotycz\u0105cej narusze\u0144 prawa, regulacji wewn\u0119trznych lub zasad wsp\u00f3\u0142\u017cycia spo\u0142ecznego w spos\u00f3b zapewniaj\u0105cy ca\u0142kowit\u0105 poufno\u015bci.<\/p>\n\n\n\n<p><strong>Formularz nie s\u0142u\u017cy do sk\u0142adania reklamacji<\/strong>. W przypadku otrzymania takiego zg\u0142oszenia dokonamy jego przekazania do w\u0142a\u015bciwego dzia\u0142u Sp\u00f3\u0142ki Grupy, kt\u00f3rej dotyczy.<\/p>\n\n\n\n<p>Po dokonaniu zg\u0142oszenia poinformujemy o jego przyj\u0119ciu w maksymalnym terminie 7 dni od dnia dokonania zg\u0142oszenia (z wy\u0142\u0105czeniem zg\u0142osze\u0144, w kt\u00f3rych nie zostanie wskazany adres do kontaktu).&nbsp;<\/p>\n\n\n\n<p>O wynikach przeprowadzonych dzia\u0142a\u0144 nast\u0119pczych lub przed\u0142u\u017ceniu terminu do przeprowadzenia takich dzia\u0142a\u0144 poinformujemy w maksymalnym terminie 3 miesi\u0119cy od dnia otrzymania potwierdzenia przyj\u0119cia zg\u0142oszenia.<\/p>\n\n\n\n<p><strong><a href=\"#form\">Przejd\u017a do formularza -&gt;<\/a><\/strong><\/p>\n\n\n\n<p>Niezale\u017cnie informujemy, \u017ce wszelkie nieprawid\u0142owo\u015bci, o kt\u00f3rych mowa powy\u017cej mog\u0105 zosta\u0107 ponadto zg\u0142oszone nast\u0119puj\u0105cymi kana\u0142ami:<\/p>\n\n\n\n<ul class=\"wp-block-list\">\n<li>Pisemnie: na adres rejestrowy Sp\u00f3\u0142ki, z dopiskiem \u201eDzia\u0142 Compliance\u201d oraz \u201eZG\u0141OSZENIA\u201d<\/li>\n\n\n\n<li>Mailowo: na adres: <a href=\"mailto:compliance@ekoenergetyka.com\">compliance@ekoenergetyka.com<\/a>, z zaznaczeniem tytu\u0142u wiadomo\u015bci jako \u201eZg\u0142oszenie\u201d<\/li>\n<\/ul>\n\n\n\n<div id=\"form\" class=\"wp-block-group\"><div class=\"wp-block-group__inner-container is-layout-constrained wp-block-group-is-layout-constrained\">\n<div style=\"height:4em\" aria-hidden=\"true\" class=\"wp-block-spacer\"><\/div>\n\n\n\n<h2 class=\"wp-block-heading has-text-align-left\" id=\"h-formularz\">Formularz<\/h2>\n\n\n\n<div class=\"wpcf7 no-js\" id=\"wpcf7-f3565-o1\" lang=\"pl-PL\" dir=\"ltr\" data-wpcf7-id=\"3565\">\n<div class=\"screen-reader-response\"><p role=\"status\" aria-live=\"polite\" aria-atomic=\"true\"><\/p> <ul><\/ul><\/div>\n<form action=\"\/pl\/wp-json\/wp\/v2\/pages\/3566#wpcf7-f3565-o1\" method=\"post\" class=\"wpcf7-form init\" aria-label=\"Formularz kontaktowy\" enctype=\"multipart\/form-data\" novalidate=\"novalidate\" data-status=\"init\">\n<fieldset class=\"hidden-fields-container\"><input type=\"hidden\" name=\"_wpcf7\" value=\"3565\" \/><input type=\"hidden\" name=\"_wpcf7_version\" value=\"6.1.5\" \/><input type=\"hidden\" name=\"_wpcf7_locale\" value=\"pl_PL\" \/><input type=\"hidden\" name=\"_wpcf7_unit_tag\" value=\"wpcf7-f3565-o1\" \/><input type=\"hidden\" name=\"_wpcf7_container_post\" value=\"0\" \/><input type=\"hidden\" name=\"_wpcf7_posted_data_hash\" value=\"\" \/><input type=\"hidden\" name=\"_wpcf7_recaptcha_response\" value=\"\" \/>\n<\/fieldset>\n<div class=\"form-notification\">\n\t<p><label> Wybierz sp\u00f3\u0142k\u0119, kt\u00f3rej dotyczy zg\u0142oszenie<br \/>\n<span class=\"wpcf7-form-control-wrap\" data-name=\"menu-817\"><select class=\"wpcf7-form-control wpcf7-select wpcf7-validates-as-required company-select\" aria-required=\"true\" aria-invalid=\"false\" name=\"menu-817\"><option value=\"\">Wybierz z listy<\/option><option value=\"Ekoenergetyka \u2013 Polska S.A.\">Ekoenergetyka \u2013 Polska S.A.<\/option><option value=\"Ekoenergetyka \u2013 Service sp. z o.o.\">Ekoenergetyka \u2013 Service sp. z o.o.<\/option><\/select><\/span><br \/>\n<\/label>\n\t<\/p>\n\t<p><label> Imi\u0119 i Nazwisko<br \/>\n<span class=\"wpcf7-form-control-wrap\" data-name=\"your-name\"><input size=\"40\" maxlength=\"400\" class=\"wpcf7-form-control wpcf7-text wpcf7-validates-as-required\" aria-required=\"true\" aria-invalid=\"false\" value=\"\" type=\"text\" name=\"your-name\" \/><\/span> <\/label>\n\t<\/p>\n\t<p><label> Adres do korespondencji sygnalisty<br \/>\n<span class=\"wpcf7-form-control-wrap\" data-name=\"your-place\"><input size=\"40\" maxlength=\"400\" class=\"wpcf7-form-control wpcf7-text wpcf7-validates-as-required\" aria-required=\"true\" aria-invalid=\"false\" value=\"\" type=\"text\" name=\"your-place\" \/><\/span> <\/label>\n\t<\/p>\n\t<p><label> Data i miejsce zg\u0142aszanego naruszenia<br \/>\n<span class=\"wpcf7-form-control-wrap\" data-name=\"date-place\"><input size=\"40\" maxlength=\"400\" class=\"wpcf7-form-control wpcf7-text wpcf7-validates-as-required\" aria-required=\"true\" aria-invalid=\"false\" value=\"\" type=\"text\" name=\"date-place\" \/><\/span> <\/label>\n\t<\/p>\n\t<p><label> Zg\u0142oszenie dotyczy naruszenia prawa w zakresie:<br \/>\n<span class=\"wpcf7-form-control-wrap\" data-name=\"menu-541\"><select class=\"wpcf7-form-control wpcf7-select wpcf7-validates-as-required\" aria-required=\"true\" aria-invalid=\"false\" name=\"menu-541\"><option value=\"\">Wybierz z listy<\/option><option value=\"korupcji\">korupcji<\/option><option value=\"zam\u00f3wie\u0144 publicznych\">zam\u00f3wie\u0144 publicznych<\/option><option value=\"us\u0142ug, produkt\u00f3w i rynk\u00f3w finansowych\">us\u0142ug, produkt\u00f3w i rynk\u00f3w finansowych<\/option><option value=\"zapobiegania praniu pieni\u0119dzy i finansowaniu terroryzmu\">zapobiegania praniu pieni\u0119dzy i finansowaniu terroryzmu<\/option><option value=\"bezpiecze\u0144stwa produkt\u00f3w i ich zgodno\u015bci z wymogami\">bezpiecze\u0144stwa produkt\u00f3w i ich zgodno\u015bci z wymogami<\/option><option value=\"bezpiecze\u0144stwa transportu\">bezpiecze\u0144stwa transportu<\/option><option value=\"ochrony \u015brodowiska\">ochrony \u015brodowiska<\/option><option value=\"ochrony radiologicznej i bezpiecze\u0144stwa j\u0105drowego\">ochrony radiologicznej i bezpiecze\u0144stwa j\u0105drowego<\/option><option value=\"zdrowia i dobrostanu zwierz\u0105t\">zdrowia i dobrostanu zwierz\u0105t<\/option><option value=\"zdrowia publicznego\">zdrowia publicznego<\/option><option value=\"ochrony konsument\u00f3w\">ochrony konsument\u00f3w<\/option><option value=\"ochrony prywatno\u015bci i danych osobowych\">ochrony prywatno\u015bci i danych osobowych<\/option><option value=\"bezpiecze\u0144stwa sieci i system\u00f3w teleinformatycznych\">bezpiecze\u0144stwa sieci i system\u00f3w teleinformatycznych<\/option><option value=\"interes\u00f3w finansowych Skarbu Pa\u0144stwa Rzeczypospolitej Polskiej, jednostki samorz\u0105du terytorialnego oraz Unii Europejskiej\">interes\u00f3w finansowych Skarbu Pa\u0144stwa Rzeczypospolitej Polskiej, jednostki samorz\u0105du terytorialnego oraz Unii Europejskiej<\/option><option value=\"rynku wewn\u0119trznego Unii Europejskiej, w tym publicznoprawnych zasad konkurencji i pomocy pa\u0144stwa oraz opodatkowania os\u00f3b prawnych\">rynku wewn\u0119trznego Unii Europejskiej, w tym publicznoprawnych zasad konkurencji i pomocy pa\u0144stwa oraz opodatkowania os\u00f3b prawnych<\/option><option value=\"konstytucyjnych wolno\u015bci i praw cz\u0142owieka i obywatela wyst\u0119puj\u0105ce w stosunkach jednostki z organami w\u0142adzy publicznej i niezwi\u0105zane z dziedzinami prawa wyszczeg\u00f3lnionymi powy\u017cej\">konstytucyjnych wolno\u015bci i praw cz\u0142owieka i obywatela wyst\u0119puj\u0105ce w stosunkach jednostki z organami w\u0142adzy publicznej i niezwi\u0105zane z dziedzinami prawa wyszczeg\u00f3lnionymi powy\u017cej<\/option><option value=\"niezgodno\u015b\u0107 z regulacjami wewn\u0119trznymi Sp\u00f3\u0142ki\">niezgodno\u015b\u0107 z regulacjami wewn\u0119trznymi Sp\u00f3\u0142ki<\/option><option value=\"niezgodno\u015b\u0107 z zasadami wsp\u00f3\u0142\u017cycia spo\u0142ecznego\">niezgodno\u015b\u0107 z zasadami wsp\u00f3\u0142\u017cycia spo\u0142ecznego<\/option><\/select><\/span> <\/label>\n\t<\/p>\n\t<p><label> Spos\u00f3b uzyskania informacji o naruszeniu (opisz \u017ar\u00f3d\u0142o informacji i okoliczno\u015bci ich uzyskania)<br \/>\n<span class=\"wpcf7-form-control-wrap\" data-name=\"your-way\"><textarea cols=\"40\" rows=\"10\" maxlength=\"2000\" class=\"wpcf7-form-control wpcf7-textarea wpcf7-validates-as-required\" aria-required=\"true\" aria-invalid=\"false\" name=\"your-way\"><\/textarea><\/span> <\/label>\n\t<\/p>\n\t<p><label> Szczeg\u00f3\u0142owe informacje dotycz\u0105ce naruszenia (wskazanie osoby, kt\u00f3rej dotyczy zg\u0142oszenie, opis sytuacji oraz zaistnia\u0142ych okoliczno\u015bci, mo\u017cliwe konsekwencje)<br \/>\n<span class=\"wpcf7-form-control-wrap\" data-name=\"your-specific\"><textarea cols=\"40\" rows=\"10\" maxlength=\"2000\" class=\"wpcf7-form-control wpcf7-textarea wpcf7-validates-as-required\" aria-required=\"true\" aria-invalid=\"false\" name=\"your-specific\"><\/textarea><\/span> <\/label>\n\t<\/p>\n\t<p><label> Dowody potwierdzaj\u0105ce naruszenie<br \/>\n<span class=\"wpcf7-form-control-wrap\" data-name=\"your-proof\"><textarea cols=\"40\" rows=\"10\" maxlength=\"2000\" class=\"wpcf7-form-control wpcf7-textarea wpcf7-validates-as-required\" aria-required=\"true\" aria-invalid=\"false\" name=\"your-proof\"><\/textarea><\/span><br \/>\n<\/label><br \/>\n<label> Za\u0142\u0105cz:<br \/>\n<span class=\"wpcf7-form-control-wrap\" data-name=\"file-715\"><input size=\"40\" class=\"wpcf7-form-control wpcf7-file\" accept=\"audio\/*,video\/*,image\/*\" aria-invalid=\"false\" type=\"file\" name=\"file-715\" \/><\/span><br \/>\n<\/label>\n\t<\/p>\n\t<p><label> \u015awiadkowie (podaj imi\u0119, nazwisko i kontakt do \u015bwiadk\u00f3w -telefon lub mail)<br \/>\n<span class=\"wpcf7-form-control-wrap\" data-name=\"your-persons\"><textarea cols=\"40\" rows=\"10\" maxlength=\"2000\" class=\"wpcf7-form-control wpcf7-textarea\" aria-invalid=\"false\" name=\"your-persons\"><\/textarea><\/span> <\/label>\n\t<\/p>\n\t<p><input class=\"wpcf7-form-control wpcf7-submit has-spinner\" type=\"submit\" value=\"Wy\u015blij zg\u0142oszenie\" \/>\n\t<\/p>\n\t<p><span class=\"wpcf7-form-control-wrap\" data-name=\"acceptance-826\"><span class=\"wpcf7-form-control wpcf7-acceptance\"><span class=\"wpcf7-list-item\"><label><input type=\"checkbox\" name=\"acceptance-826\" value=\"1\" aria-invalid=\"false\" \/><span class=\"wpcf7-list-item-label\">Wyra\u017cam zgod\u0119 na przetwarzanie danych w celu realizacji zg\u0142oszenia oraz o\u015bwiadczam, \u017ce zapozna\u0142em si\u0119 z klauzul\u0105 informacyjn\u0105. Sk\u0142adam niniejsze zg\u0142oszenie w dobrej wierze, zgodnie z najlepszym stanem mojej wiedzy, daj\u0105cym podstawy by s\u0105dzi\u0107, \u017ce w \u015bwietle okoliczno\u015bci i informacji jakimi dysponuje na dzie\u0144 sporz\u0105dzania niniejszej notatki, ujawnione przeze mnie okoliczno\u015bci i zdarzenia s\u0105 prawdziwe. Ponadto o\u015bwiadczam, \u017ce ujawni\u0142em\/-am wszystkie znane mi, a pozostaj\u0105ce w zwi\u0105zku z naruszeniem informacje, dowody oraz ewentualnych \u015bwiadk\u00f3w.<\/span><\/label><\/span><\/span><\/span>\n\t<\/p>\n\t<div id=\"clause-link\" style=\"margin-top: 10px;\">\n\t\t<div id=\"clause-polska\" style=\"display: none;\">\n\t\t\t<p><a href=\"https:\/\/ekoenergetyka.com\/wp-content\/uploads\/2024\/10\/klauzula-informacyjna-eep-zalacznik-nr-4-do-gk-eko-pro-004-eep-docx.pdf\" target=\"_blank\">Klauzula informacyjna dla Ekoenergetyka \u2013 Polska S.A.<\/a>\n\t\t\t<\/p>\n\t\t<\/div>\n\t\t<div id=\"clause-service\" style=\"display: none;\">\n\t\t\t<p><a href=\"https:\/\/ekoenergetyka.com\/wp-content\/uploads\/2024\/10\/klauzula-informacyjna-ees-zalacznik-nr-4-do-gk-eko-pro-004-ee-service-docx.pdf\" target=\"_blank\">Klauzula informacyjna dla Ekoenergetyka \u2013 Service sp. z o.o.<\/a>\n\t\t\t<\/p>\n\t\t<\/div>\n\t<\/div>\n<\/div>\n<p><script>\njQuery(document).ready(function($) {\n $('.company-select').change(function() {\n \/\/ Resetowanie widoczno\u015bci klauzul\n $('#clause-polska').hide();\n $('#clause-service').hide();\n\n \/\/ Logowanie wybranego indeksu\n var selectedIndex = $(this).prop('selectedIndex');\n console.log(\"Wybrany indeks:\", selectedIndex);\n\n \/\/ Ustawienie widoczno\u015bci w zale\u017cno\u015bci od wybranego indeksu\n if (selectedIndex === 1) { \/\/ Indeks 1 dla Ekoenergetyka \u2013 Polska S.A.\n $('#clause-polska').show();\n console.log(\"Wy\u015bwietlono klauzul\u0119 dla Ekoenergetyka \u2013 Polska S.A.\");\n $('#company-name').text('Ekoenergetyka - Polska S.A.');\n } else if (selectedIndex === 2) { \/\/ Indeks 2 dla Ekoenergetyka - Service sp. z o.o.\n $('#clause-service').show();\n console.log(\"Wy\u015bwietlono klauzul\u0119 dla Ekoenergetyka \u2013 Service sp. z o.o.\");\n $('#company-name').text('Ekoenergetyka - Service sp. z o.o.');\n }\n });\n});\n<\/script>\n<\/p><div class=\"wpcf7-response-output\" aria-hidden=\"true\"><\/div>\n<\/form>\n<\/div>\n\n<\/div><\/div>\n<\/div>\n<\/div>\n\n\n\n<p><\/p>\n","protected":false},"excerpt":{"rendered":"<p>Fundamentem dzia\u0142alno\u015bci Grupy Ekoenergetyka \u2013 Polska jest odpowiedzialne podej\u015bcie do prowadzonego biznesu, kt\u00f3re uto\u017csamiamy z zapewnieniem zgodno\u015bci naszych dzia\u0142a\u0144 z prawem, regulacjami wewn\u0119trznymi oraz zasadami wsp\u00f3\u0142\u017cycia spo\u0142ecznego wyra\u017conymi w Kodeksie post\u0119powania Grupy. Mamy \u015bwiadomo\u015b\u0107 ryzyka wyst\u0105pienia nieprawid\u0142owo\u015bci, dlatego podejmujemy dzia\u0142ania ukierunkowane na zapewnienie zgodno\u015bci oraz eliminacj\u0119 narusze\u0144, w szczeg\u00f3lno\u015bci poprzez ich wykrywanie i odpowiedni\u0105 reakcj\u0119 [&hellip;]<\/p>\n","protected":false},"author":1,"featured_media":0,"parent":0,"menu_order":0,"comment_status":"closed","ping_status":"closed","template":"","meta":{"_acf_changed":false,"footnotes":""},"class_list":["post-3566","page","type-page","status-publish","hentry"],"acf":[],"yoast_head":"<!-- This site is optimized with the Yoast SEO Premium plugin v27.3 (Yoast SEO v27.3) - https:\/\/yoast.com\/product\/yoast-seo-premium-wordpress\/ -->\n<title>Zg\u0142oszenia | Ekoenergetyka<\/title>\n<meta name=\"description\" content=\"Zg\u0142oszenia: Masz pytania lub potrzebujesz wsparcia? Skorzystaj z naszego formularza zg\u0142oszeniowego. Jeste\u015bmy tu, aby Ci pom\u00f3c w ka\u017cdym aspekcie naszej oferty.\" \/>\n<meta name=\"robots\" content=\"index, follow, max-snippet:-1, max-image-preview:large, max-video-preview:-1\" \/>\n<link rel=\"canonical\" href=\"https:\/\/ekoenergetyka.com\/pl\/zgloszenia\/\" \/>\n<meta property=\"og:locale\" content=\"pl_PL\" \/>\n<meta property=\"og:type\" content=\"article\" \/>\n<meta property=\"og:title\" content=\"Zg\u0142oszenia\" \/>\n<meta property=\"og:description\" content=\"Zg\u0142oszenia: Masz pytania lub potrzebujesz wsparcia? Skorzystaj z naszego formularza zg\u0142oszeniowego. Jeste\u015bmy tu, aby Ci pom\u00f3c w ka\u017cdym aspekcie naszej oferty.\" \/>\n<meta property=\"og:url\" content=\"https:\/\/ekoenergetyka.com\/pl\/zgloszenia\/\" \/>\n<meta property=\"og:site_name\" content=\"Ekoenergetyka\" \/>\n<meta property=\"article:publisher\" content=\"https:\/\/www.facebook.com\/ekoenergetykaPolska\/\" \/>\n<meta property=\"article:modified_time\" content=\"2025-09-19T08:01:59+00:00\" \/>\n<meta property=\"og:image\" content=\"https:\/\/ekoenergetyka.com\/wp-content\/uploads\/2025\/06\/baner-ev-charging-stations-hd.jpg\" \/>\n\t<meta property=\"og:image:width\" content=\"1920\" \/>\n\t<meta property=\"og:image:height\" content=\"916\" \/>\n\t<meta property=\"og:image:type\" content=\"image\/jpeg\" \/>\n<meta name=\"twitter:card\" content=\"summary_large_image\" \/>\n<meta name=\"twitter:label1\" content=\"Szacowany czas czytania\" \/>\n\t<meta name=\"twitter:data1\" content=\"2 minuty\" \/>\n<script type=\"application\/ld+json\" class=\"yoast-schema-graph\">{\"@context\":\"https:\\\/\\\/schema.org\",\"@graph\":[{\"@type\":\"WebPage\",\"@id\":\"https:\\\/\\\/ekoenergetyka.com\\\/pl\\\/zgloszenia\\\/\",\"url\":\"https:\\\/\\\/ekoenergetyka.com\\\/pl\\\/zgloszenia\\\/\",\"name\":\"Zg\u0142oszenia | Ekoenergetyka\",\"isPartOf\":{\"@id\":\"https:\\\/\\\/ekoenergetyka.com\\\/pl\\\/#website\"},\"datePublished\":\"2021-11-24T10:43:45+00:00\",\"dateModified\":\"2025-09-19T08:01:59+00:00\",\"description\":\"Zg\u0142oszenia: Masz pytania lub potrzebujesz wsparcia? Skorzystaj z naszego formularza zg\u0142oszeniowego. Jeste\u015bmy tu, aby Ci pom\u00f3c w ka\u017cdym aspekcie naszej oferty.\",\"breadcrumb\":{\"@id\":\"https:\\\/\\\/ekoenergetyka.com\\\/pl\\\/zgloszenia\\\/#breadcrumb\"},\"inLanguage\":\"pl-PL\",\"potentialAction\":[{\"@type\":\"ReadAction\",\"target\":[\"https:\\\/\\\/ekoenergetyka.com\\\/pl\\\/zgloszenia\\\/\"]}]},{\"@type\":\"BreadcrumbList\",\"@id\":\"https:\\\/\\\/ekoenergetyka.com\\\/pl\\\/zgloszenia\\\/#breadcrumb\",\"itemListElement\":[{\"@type\":\"ListItem\",\"position\":1,\"name\":\"Strona G\u0142\u00f3wna\",\"item\":\"https:\\\/\\\/ekoenergetyka.com\\\/pl\\\/\"},{\"@type\":\"ListItem\",\"position\":2,\"name\":\"Zg\u0142oszenia\"}]},{\"@type\":\"WebSite\",\"@id\":\"https:\\\/\\\/ekoenergetyka.com\\\/pl\\\/#website\",\"url\":\"https:\\\/\\\/ekoenergetyka.com\\\/pl\\\/\",\"name\":\"Ekoenergetyka\",\"description\":\"\",\"publisher\":{\"@id\":\"https:\\\/\\\/ekoenergetyka.com\\\/pl\\\/#organization\"},\"potentialAction\":[{\"@type\":\"SearchAction\",\"target\":{\"@type\":\"EntryPoint\",\"urlTemplate\":\"https:\\\/\\\/ekoenergetyka.com\\\/pl\\\/?s={search_term_string}\"},\"query-input\":{\"@type\":\"PropertyValueSpecification\",\"valueRequired\":true,\"valueName\":\"search_term_string\"}}],\"inLanguage\":\"pl-PL\"},{\"@type\":\"Organization\",\"@id\":\"https:\\\/\\\/ekoenergetyka.com\\\/pl\\\/#organization\",\"name\":\"Ekoenergetyka - Polska S.A.\",\"url\":\"https:\\\/\\\/ekoenergetyka.com\\\/pl\\\/\",\"logo\":{\"@type\":\"ImageObject\",\"inLanguage\":\"pl-PL\",\"@id\":\"https:\\\/\\\/ekoenergetyka.com\\\/pl\\\/#\\\/schema\\\/logo\\\/image\\\/\",\"url\":\"https:\\\/\\\/ekoenergetyka.com\\\/wp-content\\\/uploads\\\/2024\\\/11\\\/cropped-sygnet-bez-tla-black-1-2.png\",\"contentUrl\":\"https:\\\/\\\/ekoenergetyka.com\\\/wp-content\\\/uploads\\\/2024\\\/11\\\/cropped-sygnet-bez-tla-black-1-2.png\",\"width\":512,\"height\":512,\"caption\":\"Ekoenergetyka - Polska S.A.\"},\"image\":{\"@id\":\"https:\\\/\\\/ekoenergetyka.com\\\/pl\\\/#\\\/schema\\\/logo\\\/image\\\/\"},\"sameAs\":[\"https:\\\/\\\/www.facebook.com\\\/ekoenergetykaPolska\\\/\",\"https:\\\/\\\/www.linkedin.com\\\/company\\\/ekoenergetyka\",\"https:\\\/\\\/www.youtube.com\\\/channel\\\/UCfZM_rPDdrv6D0JB-uhWi8Q\\\/videos\"],\"description\":\"Established in 2009 Poland with a sole purpose of providing charging solutions, we are one of the pioneers in the e-mobility industry. In a decade, Ekoenergetyka has grown from 2 to more than 400 employees (currently around 1,000) and has acquired customers throughout Europe and are now a Central and Eastern European leader in charging technologies.\",\"email\":\"contact@ekoenergetyka.com.pl\",\"telephone\":\"+ 48 68 328 20 68\",\"numberOfEmployees\":{\"@type\":\"QuantitativeValue\",\"minValue\":\"501\",\"maxValue\":\"1000\"}}]}<\/script>\n<!-- \/ Yoast SEO Premium plugin. -->","yoast_head_json":{"title":"Zg\u0142oszenia | Ekoenergetyka","description":"Zg\u0142oszenia: Masz pytania lub potrzebujesz wsparcia? Skorzystaj z naszego formularza zg\u0142oszeniowego. Jeste\u015bmy tu, aby Ci pom\u00f3c w ka\u017cdym aspekcie naszej oferty.","robots":{"index":"index","follow":"follow","max-snippet":"max-snippet:-1","max-image-preview":"max-image-preview:large","max-video-preview":"max-video-preview:-1"},"canonical":"https:\/\/ekoenergetyka.com\/pl\/zgloszenia\/","og_locale":"pl_PL","og_type":"article","og_title":"Zg\u0142oszenia","og_description":"Zg\u0142oszenia: Masz pytania lub potrzebujesz wsparcia? Skorzystaj z naszego formularza zg\u0142oszeniowego. Jeste\u015bmy tu, aby Ci pom\u00f3c w ka\u017cdym aspekcie naszej oferty.","og_url":"https:\/\/ekoenergetyka.com\/pl\/zgloszenia\/","og_site_name":"Ekoenergetyka","article_publisher":"https:\/\/www.facebook.com\/ekoenergetykaPolska\/","article_modified_time":"2025-09-19T08:01:59+00:00","og_image":[{"width":1920,"height":916,"url":"https:\/\/ekoenergetyka.com\/wp-content\/uploads\/2025\/06\/baner-ev-charging-stations-hd.jpg","type":"image\/jpeg"}],"twitter_card":"summary_large_image","twitter_misc":{"Szacowany czas czytania":"2 minuty"},"schema":{"@context":"https:\/\/schema.org","@graph":[{"@type":"WebPage","@id":"https:\/\/ekoenergetyka.com\/pl\/zgloszenia\/","url":"https:\/\/ekoenergetyka.com\/pl\/zgloszenia\/","name":"Zg\u0142oszenia | Ekoenergetyka","isPartOf":{"@id":"https:\/\/ekoenergetyka.com\/pl\/#website"},"datePublished":"2021-11-24T10:43:45+00:00","dateModified":"2025-09-19T08:01:59+00:00","description":"Zg\u0142oszenia: Masz pytania lub potrzebujesz wsparcia? Skorzystaj z naszego formularza zg\u0142oszeniowego. Jeste\u015bmy tu, aby Ci pom\u00f3c w ka\u017cdym aspekcie naszej oferty.","breadcrumb":{"@id":"https:\/\/ekoenergetyka.com\/pl\/zgloszenia\/#breadcrumb"},"inLanguage":"pl-PL","potentialAction":[{"@type":"ReadAction","target":["https:\/\/ekoenergetyka.com\/pl\/zgloszenia\/"]}]},{"@type":"BreadcrumbList","@id":"https:\/\/ekoenergetyka.com\/pl\/zgloszenia\/#breadcrumb","itemListElement":[{"@type":"ListItem","position":1,"name":"Strona G\u0142\u00f3wna","item":"https:\/\/ekoenergetyka.com\/pl\/"},{"@type":"ListItem","position":2,"name":"Zg\u0142oszenia"}]},{"@type":"WebSite","@id":"https:\/\/ekoenergetyka.com\/pl\/#website","url":"https:\/\/ekoenergetyka.com\/pl\/","name":"Ekoenergetyka","description":"","publisher":{"@id":"https:\/\/ekoenergetyka.com\/pl\/#organization"},"potentialAction":[{"@type":"SearchAction","target":{"@type":"EntryPoint","urlTemplate":"https:\/\/ekoenergetyka.com\/pl\/?s={search_term_string}"},"query-input":{"@type":"PropertyValueSpecification","valueRequired":true,"valueName":"search_term_string"}}],"inLanguage":"pl-PL"},{"@type":"Organization","@id":"https:\/\/ekoenergetyka.com\/pl\/#organization","name":"Ekoenergetyka - Polska S.A.","url":"https:\/\/ekoenergetyka.com\/pl\/","logo":{"@type":"ImageObject","inLanguage":"pl-PL","@id":"https:\/\/ekoenergetyka.com\/pl\/#\/schema\/logo\/image\/","url":"https:\/\/ekoenergetyka.com\/wp-content\/uploads\/2024\/11\/cropped-sygnet-bez-tla-black-1-2.png","contentUrl":"https:\/\/ekoenergetyka.com\/wp-content\/uploads\/2024\/11\/cropped-sygnet-bez-tla-black-1-2.png","width":512,"height":512,"caption":"Ekoenergetyka - Polska S.A."},"image":{"@id":"https:\/\/ekoenergetyka.com\/pl\/#\/schema\/logo\/image\/"},"sameAs":["https:\/\/www.facebook.com\/ekoenergetykaPolska\/","https:\/\/www.linkedin.com\/company\/ekoenergetyka","https:\/\/www.youtube.com\/channel\/UCfZM_rPDdrv6D0JB-uhWi8Q\/videos"],"description":"Established in 2009 Poland with a sole purpose of providing charging solutions, we are one of the pioneers in the e-mobility industry. In a decade, Ekoenergetyka has grown from 2 to more than 400 employees (currently around 1,000) and has acquired customers throughout Europe and are now a Central and Eastern European leader in charging technologies.","email":"contact@ekoenergetyka.com.pl","telephone":"+ 48 68 328 20 68","numberOfEmployees":{"@type":"QuantitativeValue","minValue":"501","maxValue":"1000"}}]}},"_links":{"self":[{"href":"https:\/\/ekoenergetyka.com\/pl\/wp-json\/wp\/v2\/pages\/3566","targetHints":{"allow":["GET"]}}],"collection":[{"href":"https:\/\/ekoenergetyka.com\/pl\/wp-json\/wp\/v2\/pages"}],"about":[{"href":"https:\/\/ekoenergetyka.com\/pl\/wp-json\/wp\/v2\/types\/page"}],"author":[{"embeddable":true,"href":"https:\/\/ekoenergetyka.com\/pl\/wp-json\/wp\/v2\/users\/1"}],"replies":[{"embeddable":true,"href":"https:\/\/ekoenergetyka.com\/pl\/wp-json\/wp\/v2\/comments?post=3566"}],"version-history":[{"count":5,"href":"https:\/\/ekoenergetyka.com\/pl\/wp-json\/wp\/v2\/pages\/3566\/revisions"}],"predecessor-version":[{"id":49289,"href":"https:\/\/ekoenergetyka.com\/pl\/wp-json\/wp\/v2\/pages\/3566\/revisions\/49289"}],"wp:attachment":[{"href":"https:\/\/ekoenergetyka.com\/pl\/wp-json\/wp\/v2\/media?parent=3566"}],"curies":[{"name":"wp","href":"https:\/\/api.w.org\/{rel}","templated":true}]}}