{"id":2561,"date":"2021-08-31T16:35:04","date_gmt":"2021-08-31T14:35:04","guid":{"rendered":"https:\/\/ekoenergetyka.com\/?page_id=2561"},"modified":"2025-09-16T16:09:37","modified_gmt":"2025-09-16T14:09:37","slug":"polityka-prywatnosci","status":"publish","type":"page","link":"https:\/\/ekoenergetyka.com\/pl\/polityka-prywatnosci\/","title":{"rendered":"Polityka Prywatno\u015bci"},"content":{"rendered":"\n<h2 class=\"wp-block-heading\" id=\"h-polityka-prywatnosci-strony-internetowej\">POLITYKA PRYWATNO\u015aCI STRONY INTERNETOWEJ<\/h2>\n\n\n\n<p>ekoenergetyka.com<\/p>\n\n\n\n<h3 class=\"wp-block-heading\"><strong>Administrator danych<\/strong><\/h3>\n\n\n\n<p>&nbsp;Ekoenergetyka-Polska S.A. z&nbsp;siedzib\u0105 w&nbsp;Zielonej G\u00f3rze (66-002) przy ulicy Nowy Kisielin \u2013 Rozwojowa 7A<\/p>\n\n\n\n<h3 class=\"wp-block-heading\"><strong>Dane osobowe<\/strong><\/h3>\n\n\n\n<p>1. Dane osobowe zbierane przez Administratora za po\u015brednictwem strony internetowej s\u0105 przetwarzane zgodnie z Rozporz\u0105dzeniem Parlamentu Europejskiego i Rady (UE) 2016\/679 z dnia 27 kwietnia 2016 r. w sprawie ochrony os\u00f3b fizycznych w zwi\u0105zku z przetwarzaniem danych osobowych i w sprawie swobodnego przep\u0142ywu takich danych oraz uchylenia dyrektywy 95\/46\/WE (og\u00f3lne rozporz\u0105dzenie o ochronie danych), zwane dalej RODO oraz ustaw\u0105 o ochronie danych osobowych z dnia 10 maja 2018 r.<\/p>\n\n\n\n<p>2. Administrator przetwarza dane osobowe (imi\u0119 oraz adres e-mail) za po\u015brednictwem strony ekoenergetyka.com w momencie skorzystania przez u\u017cytkownika z formularza kontaktowego. Dane przetwarzane s\u0105 na podstawie udzielonej zgody (art. 6 ust. 1 lit. a RODO) oraz dla cel\u00f3w wynikaj\u0105cych z prawnie uzasadnionych interes\u00f3w (art. 6 ust. 1 lit f. RODO).<\/p>\n\n\n\n<p>3. Dane przetwarzane b\u0119d\u0105 przez okres minimum 2 lat w celu wykonania zobowi\u0105za\u0144 wynikaj\u0105cych z wymog\u00f3w zapytania lub do czasu odwo\u0142ania udzielonej zgody.<\/p>\n\n\n\n<p>4. W trakcie korzystania ze strony internetowej pobierane b\u0119d\u0105 r\u00f3wnie\u017c nast\u0119puj\u0105ce dane: adres IP odwiedzaj\u0105cego oraz adres IP, z kt\u00f3rego nades\u0142ano wiadomo\u015b\u0107, lokalizacja geograficzna, wersja oraz typ przegl\u0105darki internetowej, a tak\u017ce informacje o czasie i sposobie przegl\u0105dania strony.<\/p>\n\n\n\n<p>5. Podanie danych jest dobrowolne, a Administrator dok\u0142ada szczeg\u00f3lnej staranno\u015bci w celu ochrony interes\u00f3w os\u00f3b, kt\u00f3rych dane dotycz\u0105, a w szczeg\u00f3lno\u015bci zapewnia, \u017ce zbierane przez niego dane s\u0105: przetwarzane zgodnie z prawem, zbierane dla oznaczonych, zgodnych z prawem cel\u00f3w i niepoddawane dalszemu przetwarzaniu niezgodnemu z tymi celami, merytorycznie poprawne i adekwatne w stosunku do cel\u00f3w, w jakich s\u0105 przetwarzane oraz przechowywane w postaci umo\u017cliwiaj\u0105cej identyfikacj\u0119 os\u00f3b, kt\u00f3rych dotycz\u0105, nie d\u0142u\u017cej ni\u017c jest to niezb\u0119dne do osi\u0105gni\u0119cia celu przetwarzania.<\/p>\n\n\n\n<h3 class=\"wp-block-heading\"><strong>Udost\u0119pnianie danych osobowych<\/strong><\/h3>\n\n\n\n<p>1. Dane osobowe przekazywane s\u0105 dostawcom us\u0142ug, z\u00a0kt\u00f3rych korzysta Administrator przy prowadzeniu strony internetowej, w\u00a0tym w\u00a0szczeg\u00f3lno\u015bci hostingodawcom oraz\u00a0podmiotom udost\u0119pniaj\u0105cym narz\u0119dzia do\u00a0analizy ruchu internetowego \u2013 Google Analitics, Google Ads, a tak\u017ce Meta i Linkedin w celu optymalizacji informacji i tworzenia grup odbiorc\u00f3w kampanii reklamowych.<\/p>\n\n\n\n<p>2. Osoba, kt\u00f3rej dane dotycz\u0105, ma prawo dost\u0119pu do tre\u015bci swoich danych osobowych oraz prawo ich sprostowania, usuni\u0119cia, ograniczenia przetwarzania, prawo do przenoszenia danych, prawo wniesienia sprzeciwu, prawo do cofni\u0119cia zgody w dowolnym momencie bez wp\u0142ywu na zgodno\u015b\u0107 z prawem przetwarzania, kt\u00f3rego dokonano na podstawie zgody przed jej cofni\u0119ciem<\/p>\n\n\n\n<p>3. W celu realizacji uprawnie\u0144, o kt\u00f3rych mowa w pkt. 2 nale\u017cy wys\u0142a\u0107 stosown\u0105 wiadomo\u015b\u0107 e-mail na adres: <a href=\"mailto:rodo@ekoenergetyka.com\">rodo@ekoenergetyka.com<\/a><\/p>\n\n\n\n<p>4. W sytuacji wyst\u0105pienia przez u\u017cytkownika z uprawnieniem wynikaj\u0105cym z powy\u017cszych praw, Administrator spe\u0142nia \u017c\u0105danie albo odmawia jego spe\u0142nienia niezw\u0142ocznie, nie p\u00f3\u017aniej jednak ni\u017c w ci\u0105gu miesi\u0105ca po jego otrzymaniu. Je\u017celi jednak - z uwagi na skomplikowany charakter \u017c\u0105dania lub liczb\u0119 \u017c\u0105da\u0144 \u2013 Administrator nie b\u0119dzie m\u00f3g\u0142 spe\u0142ni\u0107 \u017c\u0105dania w ci\u0105gu miesi\u0105ca, spe\u0142ni je w ci\u0105gu kolejnych dw\u00f3ch miesi\u0119cy informuj\u0105c u\u017cytkownika uprzednio w terminie miesi\u0105ca od otrzymania \u017c\u0105dania - o zamierzonym przed\u0142u\u017ceniu terminu oraz jego przyczynach.<\/p>\n\n\n\n<p>5. W przypadku stwierdzenia, \u017ce przetwarzanie danych osobowych narusza przepisy RODO, osoba, kt\u00f3rej dane dotycz\u0105, ma prawo wnie\u015b\u0107 skarg\u0119 do Prezesa Urz\u0119du Ochrony Danych Osobowych.<\/p>\n\n\n\n<h3 class=\"wp-block-heading\"><strong>Pliki cookies<\/strong><\/h3>\n\n\n\n<p>1. Pliki cookies stanowi\u0105 dane informatyczne, w szczeg\u00f3lno\u015bci pliki tekstowe, kt\u00f3re s\u0105 pobierane i przechowywane w urz\u0105dzeniu ko\u0144cowym u\u017cytkownika strony internetowej przez czas okre\u015blony w parametrach pliku lub do czasu ich usuni\u0119cia przez u\u017cytkownika. W plikach cookies przechowywane s\u0105 informacje, kt\u00f3re s\u0105 cz\u0119sto niezb\u0119dne do prawid\u0142owego dzia\u0142ania witryny internetowej, a zawieraj\u0105 w szczeg\u00f3lno\u015bci nazw\u0119 domeny serwisu internetowego, z kt\u00f3rego pochodz\u0105, czas przechowywania ich na urz\u0105dzeniu ko\u0144cowym oraz unikaln\u0105 nazw\u0119.<\/p>\n\n\n\n<p>2. W celu analizowania ruchu u\u017cytkownika na stronie internetowej wykorzystujemy Google Analytics, kt\u00f3ry u\u017cywa plik\u00f3w cookie, aby rozpoznawa\u0107 komputer u\u017cytkownika podczas odwiedzania witryny internetowej. Niniejsze pliki wykorzystywane s\u0105 do analizowania sposobu korzystania ze strony internetowej w celu opracowywania og\u00f3lnych statystyk odwiedzin strony. Szczeg\u00f3\u0142owe informacje dotycz\u0105ce polityki prywatno\u015bci Google Analitycs znajduj\u0105 si\u0119 pod niniejszym adresem: <a href=\"https:\/\/policies.google.com\/privacy?hl=pl\" target=\"_blank\" rel=\"noreferrer noopener\">https:\/\/policies.google.com\/privacy?hl=pl<\/a><\/p>\n\n\n\n<p>3. Wykorzystywanie plik\u00f3w cookies jest konieczne do prawid\u0142owego \u015bwiadczenia us\u0142ug na stronie internetowej, a Administrator wykorzystuje pliki cookies w celu lepszego poznania sposobu interakcji u\u017cytkownika w zakresie zawarto\u015bci strony.<\/p>\n\n\n\n<p>4. U\u017cytkownik ma prawo zadecydowania w zakresie dost\u0119pno\u015bci plik\u00f3w cookies dla swojego komputera poprzez ich uprzedni wyb\u00f3r w oknie przegl\u0105darki. Szczeg\u00f3\u0142owe informacje o mo\u017cliwo\u015bci i sposobach obs\u0142ugi plik\u00f3w cookies dost\u0119pne s\u0105 w ustawieniach przegl\u0105darki internetowej.<\/p>\n","protected":false},"excerpt":{"rendered":"<p>POLITYKA PRYWATNO\u015aCI STRONY INTERNETOWEJ ekoenergetyka.com Administrator danych &nbsp;Ekoenergetyka-Polska S.A. z&nbsp;siedzib\u0105 w&nbsp;Zielonej G\u00f3rze (66-002) przy ulicy Nowy Kisielin \u2013 Rozwojowa 7A Dane osobowe 1. Dane osobowe zbierane przez Administratora za po\u015brednictwem strony internetowej s\u0105 przetwarzane zgodnie z Rozporz\u0105dzeniem Parlamentu Europejskiego i Rady (UE) 2016\/679 z dnia 27 kwietnia 2016 r. w sprawie ochrony os\u00f3b fizycznych w [&hellip;]<\/p>\n","protected":false},"author":1,"featured_media":0,"parent":0,"menu_order":0,"comment_status":"closed","ping_status":"closed","template":"","meta":{"_acf_changed":false,"footnotes":""},"class_list":["post-2561","page","type-page","status-publish","hentry"],"acf":[],"yoast_head":"<!-- This site is optimized with the Yoast SEO Premium plugin v27.3 (Yoast SEO v27.3) - https:\/\/yoast.com\/product\/yoast-seo-premium-wordpress\/ -->\n<title>Polityka Prywatno\u015bci | Ekoenergetyka<\/title>\n<meta name=\"description\" content=\"Ekoenergetyka Polska S.A. zbiera informacje o sposobie, w jaki korzystasz z tej strony za pomoc\u0105 cookies.\" \/>\n<meta name=\"robots\" content=\"index, follow, max-snippet:-1, max-image-preview:large, max-video-preview:-1\" \/>\n<link rel=\"canonical\" href=\"https:\/\/ekoenergetyka.com\/pl\/polityka-prywatnosci\/\" \/>\n<meta property=\"og:locale\" content=\"pl_PL\" \/>\n<meta property=\"og:type\" content=\"article\" \/>\n<meta property=\"og:title\" content=\"Polityka Prywatno\u015bci\" \/>\n<meta property=\"og:description\" content=\"Ekoenergetyka Polska S.A. zbiera informacje o sposobie, w jaki korzystasz z tej strony za pomoc\u0105 cookies.\" \/>\n<meta property=\"og:url\" content=\"https:\/\/ekoenergetyka.com\/pl\/polityka-prywatnosci\/\" \/>\n<meta property=\"og:site_name\" content=\"Ekoenergetyka\" \/>\n<meta property=\"article:publisher\" content=\"https:\/\/www.facebook.com\/ekoenergetykaPolska\/\" \/>\n<meta property=\"article:modified_time\" content=\"2025-09-16T14:09:37+00:00\" \/>\n<meta property=\"og:image\" content=\"https:\/\/ekoenergetyka.com\/wp-content\/uploads\/2025\/06\/baner-ev-charging-stations-hd.jpg\" \/>\n\t<meta property=\"og:image:width\" content=\"1920\" \/>\n\t<meta property=\"og:image:height\" content=\"916\" \/>\n\t<meta property=\"og:image:type\" content=\"image\/jpeg\" \/>\n<meta name=\"twitter:card\" content=\"summary_large_image\" \/>\n<meta name=\"twitter:label1\" content=\"Szacowany czas czytania\" \/>\n\t<meta name=\"twitter:data1\" content=\"5 minut\" \/>\n<script type=\"application\/ld+json\" class=\"yoast-schema-graph\">{\"@context\":\"https:\\\/\\\/schema.org\",\"@graph\":[{\"@type\":\"WebPage\",\"@id\":\"https:\\\/\\\/ekoenergetyka.com\\\/pl\\\/polityka-prywatnosci\\\/\",\"url\":\"https:\\\/\\\/ekoenergetyka.com\\\/pl\\\/polityka-prywatnosci\\\/\",\"name\":\"Polityka Prywatno\u015bci | Ekoenergetyka\",\"isPartOf\":{\"@id\":\"https:\\\/\\\/ekoenergetyka.com\\\/pl\\\/#website\"},\"datePublished\":\"2021-08-31T14:35:04+00:00\",\"dateModified\":\"2025-09-16T14:09:37+00:00\",\"description\":\"Ekoenergetyka Polska S.A. zbiera informacje o sposobie, w jaki korzystasz z tej strony za pomoc\u0105 cookies.\",\"breadcrumb\":{\"@id\":\"https:\\\/\\\/ekoenergetyka.com\\\/pl\\\/polityka-prywatnosci\\\/#breadcrumb\"},\"inLanguage\":\"pl-PL\",\"potentialAction\":[{\"@type\":\"ReadAction\",\"target\":[\"https:\\\/\\\/ekoenergetyka.com\\\/pl\\\/polityka-prywatnosci\\\/\"]}]},{\"@type\":\"BreadcrumbList\",\"@id\":\"https:\\\/\\\/ekoenergetyka.com\\\/pl\\\/polityka-prywatnosci\\\/#breadcrumb\",\"itemListElement\":[{\"@type\":\"ListItem\",\"position\":1,\"name\":\"Strona G\u0142\u00f3wna\",\"item\":\"https:\\\/\\\/ekoenergetyka.com\\\/pl\\\/\"},{\"@type\":\"ListItem\",\"position\":2,\"name\":\"Polityka Prywatno\u015bci\"}]},{\"@type\":\"WebSite\",\"@id\":\"https:\\\/\\\/ekoenergetyka.com\\\/pl\\\/#website\",\"url\":\"https:\\\/\\\/ekoenergetyka.com\\\/pl\\\/\",\"name\":\"Ekoenergetyka\",\"description\":\"\",\"publisher\":{\"@id\":\"https:\\\/\\\/ekoenergetyka.com\\\/pl\\\/#organization\"},\"potentialAction\":[{\"@type\":\"SearchAction\",\"target\":{\"@type\":\"EntryPoint\",\"urlTemplate\":\"https:\\\/\\\/ekoenergetyka.com\\\/pl\\\/?s={search_term_string}\"},\"query-input\":{\"@type\":\"PropertyValueSpecification\",\"valueRequired\":true,\"valueName\":\"search_term_string\"}}],\"inLanguage\":\"pl-PL\"},{\"@type\":\"Organization\",\"@id\":\"https:\\\/\\\/ekoenergetyka.com\\\/pl\\\/#organization\",\"name\":\"Ekoenergetyka - Polska S.A.\",\"url\":\"https:\\\/\\\/ekoenergetyka.com\\\/pl\\\/\",\"logo\":{\"@type\":\"ImageObject\",\"inLanguage\":\"pl-PL\",\"@id\":\"https:\\\/\\\/ekoenergetyka.com\\\/pl\\\/#\\\/schema\\\/logo\\\/image\\\/\",\"url\":\"https:\\\/\\\/ekoenergetyka.com\\\/wp-content\\\/uploads\\\/2024\\\/11\\\/cropped-sygnet-bez-tla-black-1-2.png\",\"contentUrl\":\"https:\\\/\\\/ekoenergetyka.com\\\/wp-content\\\/uploads\\\/2024\\\/11\\\/cropped-sygnet-bez-tla-black-1-2.png\",\"width\":512,\"height\":512,\"caption\":\"Ekoenergetyka - Polska S.A.\"},\"image\":{\"@id\":\"https:\\\/\\\/ekoenergetyka.com\\\/pl\\\/#\\\/schema\\\/logo\\\/image\\\/\"},\"sameAs\":[\"https:\\\/\\\/www.facebook.com\\\/ekoenergetykaPolska\\\/\",\"https:\\\/\\\/www.linkedin.com\\\/company\\\/ekoenergetyka\",\"https:\\\/\\\/www.youtube.com\\\/channel\\\/UCfZM_rPDdrv6D0JB-uhWi8Q\\\/videos\"],\"description\":\"Established in 2009 Poland with a sole purpose of providing charging solutions, we are one of the pioneers in the e-mobility industry. In a decade, Ekoenergetyka has grown from 2 to more than 400 employees (currently around 1,000) and has acquired customers throughout Europe and are now a Central and Eastern European leader in charging technologies.\",\"email\":\"contact@ekoenergetyka.com.pl\",\"telephone\":\"+ 48 68 328 20 68\",\"numberOfEmployees\":{\"@type\":\"QuantitativeValue\",\"minValue\":\"501\",\"maxValue\":\"1000\"}}]}<\/script>\n<!-- \/ Yoast SEO Premium plugin. -->","yoast_head_json":{"title":"Polityka Prywatno\u015bci | Ekoenergetyka","description":"Ekoenergetyka Polska S.A. zbiera informacje o sposobie, w jaki korzystasz z tej strony za pomoc\u0105 cookies.","robots":{"index":"index","follow":"follow","max-snippet":"max-snippet:-1","max-image-preview":"max-image-preview:large","max-video-preview":"max-video-preview:-1"},"canonical":"https:\/\/ekoenergetyka.com\/pl\/polityka-prywatnosci\/","og_locale":"pl_PL","og_type":"article","og_title":"Polityka Prywatno\u015bci","og_description":"Ekoenergetyka Polska S.A. zbiera informacje o sposobie, w jaki korzystasz z tej strony za pomoc\u0105 cookies.","og_url":"https:\/\/ekoenergetyka.com\/pl\/polityka-prywatnosci\/","og_site_name":"Ekoenergetyka","article_publisher":"https:\/\/www.facebook.com\/ekoenergetykaPolska\/","article_modified_time":"2025-09-16T14:09:37+00:00","og_image":[{"width":1920,"height":916,"url":"https:\/\/ekoenergetyka.com\/wp-content\/uploads\/2025\/06\/baner-ev-charging-stations-hd.jpg","type":"image\/jpeg"}],"twitter_card":"summary_large_image","twitter_misc":{"Szacowany czas czytania":"5 minut"},"schema":{"@context":"https:\/\/schema.org","@graph":[{"@type":"WebPage","@id":"https:\/\/ekoenergetyka.com\/pl\/polityka-prywatnosci\/","url":"https:\/\/ekoenergetyka.com\/pl\/polityka-prywatnosci\/","name":"Polityka Prywatno\u015bci | Ekoenergetyka","isPartOf":{"@id":"https:\/\/ekoenergetyka.com\/pl\/#website"},"datePublished":"2021-08-31T14:35:04+00:00","dateModified":"2025-09-16T14:09:37+00:00","description":"Ekoenergetyka Polska S.A. zbiera informacje o sposobie, w jaki korzystasz z tej strony za pomoc\u0105 cookies.","breadcrumb":{"@id":"https:\/\/ekoenergetyka.com\/pl\/polityka-prywatnosci\/#breadcrumb"},"inLanguage":"pl-PL","potentialAction":[{"@type":"ReadAction","target":["https:\/\/ekoenergetyka.com\/pl\/polityka-prywatnosci\/"]}]},{"@type":"BreadcrumbList","@id":"https:\/\/ekoenergetyka.com\/pl\/polityka-prywatnosci\/#breadcrumb","itemListElement":[{"@type":"ListItem","position":1,"name":"Strona G\u0142\u00f3wna","item":"https:\/\/ekoenergetyka.com\/pl\/"},{"@type":"ListItem","position":2,"name":"Polityka Prywatno\u015bci"}]},{"@type":"WebSite","@id":"https:\/\/ekoenergetyka.com\/pl\/#website","url":"https:\/\/ekoenergetyka.com\/pl\/","name":"Ekoenergetyka","description":"","publisher":{"@id":"https:\/\/ekoenergetyka.com\/pl\/#organization"},"potentialAction":[{"@type":"SearchAction","target":{"@type":"EntryPoint","urlTemplate":"https:\/\/ekoenergetyka.com\/pl\/?s={search_term_string}"},"query-input":{"@type":"PropertyValueSpecification","valueRequired":true,"valueName":"search_term_string"}}],"inLanguage":"pl-PL"},{"@type":"Organization","@id":"https:\/\/ekoenergetyka.com\/pl\/#organization","name":"Ekoenergetyka - Polska S.A.","url":"https:\/\/ekoenergetyka.com\/pl\/","logo":{"@type":"ImageObject","inLanguage":"pl-PL","@id":"https:\/\/ekoenergetyka.com\/pl\/#\/schema\/logo\/image\/","url":"https:\/\/ekoenergetyka.com\/wp-content\/uploads\/2024\/11\/cropped-sygnet-bez-tla-black-1-2.png","contentUrl":"https:\/\/ekoenergetyka.com\/wp-content\/uploads\/2024\/11\/cropped-sygnet-bez-tla-black-1-2.png","width":512,"height":512,"caption":"Ekoenergetyka - Polska S.A."},"image":{"@id":"https:\/\/ekoenergetyka.com\/pl\/#\/schema\/logo\/image\/"},"sameAs":["https:\/\/www.facebook.com\/ekoenergetykaPolska\/","https:\/\/www.linkedin.com\/company\/ekoenergetyka","https:\/\/www.youtube.com\/channel\/UCfZM_rPDdrv6D0JB-uhWi8Q\/videos"],"description":"Established in 2009 Poland with a sole purpose of providing charging solutions, we are one of the pioneers in the e-mobility industry. In a decade, Ekoenergetyka has grown from 2 to more than 400 employees (currently around 1,000) and has acquired customers throughout Europe and are now a Central and Eastern European leader in charging technologies.","email":"contact@ekoenergetyka.com.pl","telephone":"+ 48 68 328 20 68","numberOfEmployees":{"@type":"QuantitativeValue","minValue":"501","maxValue":"1000"}}]}},"_links":{"self":[{"href":"https:\/\/ekoenergetyka.com\/pl\/wp-json\/wp\/v2\/pages\/2561","targetHints":{"allow":["GET"]}}],"collection":[{"href":"https:\/\/ekoenergetyka.com\/pl\/wp-json\/wp\/v2\/pages"}],"about":[{"href":"https:\/\/ekoenergetyka.com\/pl\/wp-json\/wp\/v2\/types\/page"}],"author":[{"embeddable":true,"href":"https:\/\/ekoenergetyka.com\/pl\/wp-json\/wp\/v2\/users\/1"}],"replies":[{"embeddable":true,"href":"https:\/\/ekoenergetyka.com\/pl\/wp-json\/wp\/v2\/comments?post=2561"}],"version-history":[{"count":1,"href":"https:\/\/ekoenergetyka.com\/pl\/wp-json\/wp\/v2\/pages\/2561\/revisions"}],"predecessor-version":[{"id":48933,"href":"https:\/\/ekoenergetyka.com\/pl\/wp-json\/wp\/v2\/pages\/2561\/revisions\/48933"}],"wp:attachment":[{"href":"https:\/\/ekoenergetyka.com\/pl\/wp-json\/wp\/v2\/media?parent=2561"}],"curies":[{"name":"wp","href":"https:\/\/api.w.org\/{rel}","templated":true}]}}