{"id":2541,"date":"2021-08-24T21:16:46","date_gmt":"2021-08-24T19:16:46","guid":{"rendered":"https:\/\/ekoenergetyka.com\/?page_id=2541"},"modified":"2021-09-28T13:47:52","modified_gmt":"2021-09-28T11:47:52","slug":"ekowizja","status":"publish","type":"page","link":"https:\/\/ekoenergetyka.com\/pl\/ekowizja\/","title":{"rendered":"EkoWizja"},"content":{"rendered":"\n<div class=\"wp-block-group european-projects\"><div class=\"wp-block-group__inner-container is-layout-flow wp-block-group-is-layout-flow\">\n<div class=\"wp-block-columns is-layout-flex wp-container-core-columns-is-layout-9d6595d7 wp-block-columns-is-layout-flex\">\n<div class=\"wp-block-column is-layout-flow wp-block-column-is-layout-flow\">\n<section class=\"title-with-border hidden border-turkus\">\n        <h2>projects<\/h2>\n    <\/section>\n\n\n<p>Polityka Zintegrowanego Systemu Zarz\u0105dzania Jako\u015bci\u0105, \u015arodowiskiem i BHP<\/p>\n\n\n\n<p class=\"has-text-color\" style=\"color: #161412\"><a href=\"\/wp-content\/uploads\/2021\/08\/eko-pol-001-polityka-jakosci-srodowiska-i-bhp-2.pdf\">czytaj wi\u0119cej -&gt;<\/a><\/p>\n<\/div>\n\n\n\n<div class=\"wp-block-column is-layout-flow wp-block-column-is-layout-flow\">\n<section class=\"title-with-border hidden border-turkus\">\n        <h2>projects<\/h2>\n    <\/section>\n\n\n<p>Polityka Odpowiedzialnego Pozyskiwania Zasob\u00f3w<\/p>\n\n\n\n<p class=\"has-text-color\" style=\"color: #161412\"><a href=\"\/wp-content\/uploads\/2021\/08\/eko-pol-002-polityka-odpowiedzialnego-pozyskiwania-zasobow.pdf\">czytaj wi\u0119cej<\/a> -&gt;<\/p>\n<\/div>\n\n\n\n<div class=\"wp-block-column is-layout-flow wp-block-column-is-layout-flow\">\n<section class=\"title-with-border hidden border-turkus\">\n        <h2>projects<\/h2>\n    <\/section>\n\n\n<p>Polityka CSR - spo\u0142ecznej odpowiedzialno\u015bci biznesu<\/p>\n\n\n\n<p class=\"has-text-color\" style=\"color: #161412\"><a href=\"\/wp-content\/uploads\/2021\/08\/eko-pol-004-polityka-csr-spolecznej-odpowiedzialnosci-biznesu.pdf\">czytaj wi\u0119cej<\/a> -&gt;<\/p>\n<\/div>\n<\/div>\n\n\n\n<div class=\"wp-block-columns is-layout-flex wp-container-core-columns-is-layout-9d6595d7 wp-block-columns-is-layout-flex\">\n<div class=\"wp-block-column is-layout-flow wp-block-column-is-layout-flow\">\n<section class=\"title-with-border hidden border-turkus\">\n        <h2>projects<\/h2>\n    <\/section>\n\n\n<p>Polityka i o\u015bwiadczenie dotycz\u0105ce praw cz\u0142owieka<\/p>\n\n\n\n<p class=\"has-text-color\" style=\"color: #161412\"><a href=\"\/wp-content\/uploads\/2021\/08\/eko-pol-005-polityka-i-oswiadczenie-dotyczace-praw-czlowieka.pdf\">czytaj wi\u0119cej<\/a> -&gt;<\/p>\n<\/div>\n\n\n\n<div class=\"wp-block-column is-layout-flow wp-block-column-is-layout-flow\">\n<section class=\"title-with-border hidden border-turkus\">\n        <h2>projects<\/h2>\n    <\/section>\n\n\n<p>Kodeks Etyczny<\/p>\n\n\n\n<p class=\"has-text-color\" style=\"color: #161412\"><a href=\"\/wp-content\/uploads\/2021\/09\/eko-pro-004-kodeks-etyczny.pdf\">czytaj wi\u0119cej<\/a> -><\/p>\n<\/div>\n\n\n\n<div class=\"wp-block-column is-layout-flow wp-block-column-is-layout-flow\">\n<section class=\"title-with-border hidden border-turkus\">\n        <h2>projects<\/h2>\n    <\/section>\n\n\n<p>Kodeks Post\u0119powania Dostawc\u00f3w Ekoenergetyka Polska S.A.<\/p>\n\n\n\n<p class=\"has-text-color\" style=\"color: #161412\"><a href=\"\/wp-content\/uploads\/2021\/08\/eko-pro-010-kodeks-postepowania-dostawcow-ekoenergetyka-polska-s-a-1.pdf\">czytaj wi\u0119cej<\/a> -&gt;<\/p>\n<\/div>\n<\/div>\n\n\n\n<div class=\"wp-block-columns is-layout-flex wp-container-core-columns-is-layout-9d6595d7 wp-block-columns-is-layout-flex\">\n<div class=\"wp-block-column is-layout-flow wp-block-column-is-layout-flow\">\n<section class=\"title-with-border hidden border-turkus\">\n        <h2>projects<\/h2>\n    <\/section>\n\n\n<p>Zarz\u0105dzanie Jako\u015bci\u0105 Ochron\u0105 \u015arodowiska i Higien\u0105 Pracy w Ekoenergetyka-Polska S.A.<\/p>\n\n\n\n<p class=\"has-text-color\" style=\"color: #161412\"><a href=\"\/wp-content\/uploads\/2021\/08\/eko-pro-022-zarzadzanie-jakoscia-ochrona-srodowiska-i-higiena-pracy-w-ekoenergetyka-polska-s-a-1.pdf\">czytaj wi\u0119cej<\/a> -&gt;<\/p>\n<\/div>\n\n\n\n<div class=\"wp-block-column is-layout-flow wp-block-column-is-layout-flow\"><\/div>\n\n\n\n<div class=\"wp-block-column is-layout-flow wp-block-column-is-layout-flow\"><\/div>\n<\/div>\n<\/div><\/div>\n\n\n\n<p><\/p>\n","protected":false},"excerpt":{"rendered":"<p>Polityka Zintegrowanego Systemu Zarz\u0105dzania Jako\u015bci\u0105, \u015arodowiskiem i BHP czytaj wi\u0119cej -&gt; Polityka Odpowiedzialnego Pozyskiwania Zasob\u00f3w czytaj wi\u0119cej -&gt; Polityka CSR &#8211; spo\u0142ecznej odpowiedzialno\u015bci biznesu czytaj wi\u0119cej -&gt; Polityka i o\u015bwiadczenie dotycz\u0105ce praw cz\u0142owieka czytaj wi\u0119cej -&gt; Kodeks Etyczny czytaj wi\u0119cej -> Kodeks Post\u0119powania Dostawc\u00f3w Ekoenergetyka Polska S.A. czytaj wi\u0119cej -&gt; Zarz\u0105dzanie Jako\u015bci\u0105 Ochron\u0105 \u015arodowiska i [&hellip;]<\/p>\n","protected":false},"author":1,"featured_media":0,"parent":0,"menu_order":0,"comment_status":"closed","ping_status":"closed","template":"","meta":{"_acf_changed":false,"footnotes":""},"class_list":["post-2541","page","type-page","status-publish","hentry"],"acf":[],"yoast_head":"<!-- This site is optimized with the Yoast SEO Premium plugin v27.3 (Yoast SEO v27.4) - https:\/\/yoast.com\/product\/yoast-seo-premium-wordpress\/ -->\n<title>EkoWizja | Ekoenergetyka<\/title>\n<meta name=\"description\" content=\"Ekoenergetyka to nie tylko innowacyjna firma, kt\u00f3ra rozwija si\u0119 w bardzo szybkim tempie. To tak\u017ce warto\u015bci, kt\u00f3re wyznajemy. Poznaj je!\" \/>\n<meta name=\"robots\" content=\"index, follow, max-snippet:-1, max-image-preview:large, max-video-preview:-1\" \/>\n<link rel=\"canonical\" href=\"https:\/\/ekoenergetyka.com\/pl\/ekowizja\/\" \/>\n<meta property=\"og:locale\" content=\"pl_PL\" \/>\n<meta property=\"og:type\" content=\"article\" \/>\n<meta property=\"og:title\" content=\"EkoWizja\" \/>\n<meta property=\"og:description\" content=\"Ekoenergetyka to nie tylko innowacyjna firma, kt\u00f3ra rozwija si\u0119 w bardzo szybkim tempie. To tak\u017ce warto\u015bci, kt\u00f3re wyznajemy. Poznaj je!\" \/>\n<meta property=\"og:url\" content=\"https:\/\/ekoenergetyka.com\/pl\/ekowizja\/\" \/>\n<meta property=\"og:site_name\" content=\"Ekoenergetyka\" \/>\n<meta property=\"article:publisher\" content=\"https:\/\/www.facebook.com\/ekoenergetykaPolska\/\" \/>\n<meta property=\"article:modified_time\" content=\"2021-09-28T11:47:52+00:00\" \/>\n<meta property=\"og:image\" content=\"https:\/\/ekoenergetyka.com\/wp-content\/uploads\/2025\/06\/baner-ev-charging-stations-hd.jpg\" \/>\n\t<meta property=\"og:image:width\" content=\"1920\" \/>\n\t<meta property=\"og:image:height\" content=\"916\" \/>\n\t<meta property=\"og:image:type\" content=\"image\/jpeg\" \/>\n<meta name=\"twitter:card\" content=\"summary_large_image\" \/>\n<meta name=\"twitter:label1\" content=\"Szacowany czas czytania\" \/>\n\t<meta name=\"twitter:data1\" content=\"1 minuta\" \/>\n<script type=\"application\/ld+json\" class=\"yoast-schema-graph\">{\"@context\":\"https:\\\/\\\/schema.org\",\"@graph\":[{\"@type\":\"WebPage\",\"@id\":\"https:\\\/\\\/ekoenergetyka.com\\\/pl\\\/ekowizja\\\/\",\"url\":\"https:\\\/\\\/ekoenergetyka.com\\\/pl\\\/ekowizja\\\/\",\"name\":\"EkoWizja | Ekoenergetyka\",\"isPartOf\":{\"@id\":\"https:\\\/\\\/ekoenergetyka.com\\\/pl\\\/#website\"},\"datePublished\":\"2021-08-24T19:16:46+00:00\",\"dateModified\":\"2021-09-28T11:47:52+00:00\",\"description\":\"Ekoenergetyka to nie tylko innowacyjna firma, kt\u00f3ra rozwija si\u0119 w bardzo szybkim tempie. To tak\u017ce warto\u015bci, kt\u00f3re wyznajemy. Poznaj je!\",\"breadcrumb\":{\"@id\":\"https:\\\/\\\/ekoenergetyka.com\\\/pl\\\/ekowizja\\\/#breadcrumb\"},\"inLanguage\":\"pl-PL\",\"potentialAction\":[{\"@type\":\"ReadAction\",\"target\":[\"https:\\\/\\\/ekoenergetyka.com\\\/pl\\\/ekowizja\\\/\"]}]},{\"@type\":\"BreadcrumbList\",\"@id\":\"https:\\\/\\\/ekoenergetyka.com\\\/pl\\\/ekowizja\\\/#breadcrumb\",\"itemListElement\":[{\"@type\":\"ListItem\",\"position\":1,\"name\":\"Strona G\u0142\u00f3wna\",\"item\":\"https:\\\/\\\/ekoenergetyka.com\\\/pl\\\/\"},{\"@type\":\"ListItem\",\"position\":2,\"name\":\"EkoWizja\"}]},{\"@type\":\"WebSite\",\"@id\":\"https:\\\/\\\/ekoenergetyka.com\\\/pl\\\/#website\",\"url\":\"https:\\\/\\\/ekoenergetyka.com\\\/pl\\\/\",\"name\":\"Ekoenergetyka\",\"description\":\"\",\"publisher\":{\"@id\":\"https:\\\/\\\/ekoenergetyka.com\\\/pl\\\/#organization\"},\"potentialAction\":[{\"@type\":\"SearchAction\",\"target\":{\"@type\":\"EntryPoint\",\"urlTemplate\":\"https:\\\/\\\/ekoenergetyka.com\\\/pl\\\/?s={search_term_string}\"},\"query-input\":{\"@type\":\"PropertyValueSpecification\",\"valueRequired\":true,\"valueName\":\"search_term_string\"}}],\"inLanguage\":\"pl-PL\"},{\"@type\":\"Organization\",\"@id\":\"https:\\\/\\\/ekoenergetyka.com\\\/pl\\\/#organization\",\"name\":\"Ekoenergetyka - Polska S.A.\",\"url\":\"https:\\\/\\\/ekoenergetyka.com\\\/pl\\\/\",\"logo\":{\"@type\":\"ImageObject\",\"inLanguage\":\"pl-PL\",\"@id\":\"https:\\\/\\\/ekoenergetyka.com\\\/pl\\\/#\\\/schema\\\/logo\\\/image\\\/\",\"url\":\"https:\\\/\\\/ekoenergetyka.com\\\/wp-content\\\/uploads\\\/2024\\\/11\\\/cropped-sygnet-bez-tla-black-1-2.png\",\"contentUrl\":\"https:\\\/\\\/ekoenergetyka.com\\\/wp-content\\\/uploads\\\/2024\\\/11\\\/cropped-sygnet-bez-tla-black-1-2.png\",\"width\":512,\"height\":512,\"caption\":\"Ekoenergetyka - Polska S.A.\"},\"image\":{\"@id\":\"https:\\\/\\\/ekoenergetyka.com\\\/pl\\\/#\\\/schema\\\/logo\\\/image\\\/\"},\"sameAs\":[\"https:\\\/\\\/www.facebook.com\\\/ekoenergetykaPolska\\\/\",\"https:\\\/\\\/www.linkedin.com\\\/company\\\/ekoenergetyka\",\"https:\\\/\\\/www.youtube.com\\\/channel\\\/UCfZM_rPDdrv6D0JB-uhWi8Q\\\/videos\"],\"description\":\"Established in 2009 Poland with a sole purpose of providing charging solutions, we are one of the pioneers in the e-mobility industry. In a decade, Ekoenergetyka has grown from 2 to more than 400 employees (currently around 1,000) and has acquired customers throughout Europe and are now a Central and Eastern European leader in charging technologies.\",\"email\":\"contact@ekoenergetyka.com.pl\",\"telephone\":\"+ 48 68 328 20 68\",\"numberOfEmployees\":{\"@type\":\"QuantitativeValue\",\"minValue\":\"501\",\"maxValue\":\"1000\"}}]}<\/script>\n<!-- \/ Yoast SEO Premium plugin. -->","yoast_head_json":{"title":"EkoWizja | Ekoenergetyka","description":"Ekoenergetyka to nie tylko innowacyjna firma, kt\u00f3ra rozwija si\u0119 w bardzo szybkim tempie. To tak\u017ce warto\u015bci, kt\u00f3re wyznajemy. Poznaj je!","robots":{"index":"index","follow":"follow","max-snippet":"max-snippet:-1","max-image-preview":"max-image-preview:large","max-video-preview":"max-video-preview:-1"},"canonical":"https:\/\/ekoenergetyka.com\/pl\/ekowizja\/","og_locale":"pl_PL","og_type":"article","og_title":"EkoWizja","og_description":"Ekoenergetyka to nie tylko innowacyjna firma, kt\u00f3ra rozwija si\u0119 w bardzo szybkim tempie. To tak\u017ce warto\u015bci, kt\u00f3re wyznajemy. Poznaj je!","og_url":"https:\/\/ekoenergetyka.com\/pl\/ekowizja\/","og_site_name":"Ekoenergetyka","article_publisher":"https:\/\/www.facebook.com\/ekoenergetykaPolska\/","article_modified_time":"2021-09-28T11:47:52+00:00","og_image":[{"width":1920,"height":916,"url":"https:\/\/ekoenergetyka.com\/wp-content\/uploads\/2025\/06\/baner-ev-charging-stations-hd.jpg","type":"image\/jpeg"}],"twitter_card":"summary_large_image","twitter_misc":{"Szacowany czas czytania":"1 minuta"},"schema":{"@context":"https:\/\/schema.org","@graph":[{"@type":"WebPage","@id":"https:\/\/ekoenergetyka.com\/pl\/ekowizja\/","url":"https:\/\/ekoenergetyka.com\/pl\/ekowizja\/","name":"EkoWizja | Ekoenergetyka","isPartOf":{"@id":"https:\/\/ekoenergetyka.com\/pl\/#website"},"datePublished":"2021-08-24T19:16:46+00:00","dateModified":"2021-09-28T11:47:52+00:00","description":"Ekoenergetyka to nie tylko innowacyjna firma, kt\u00f3ra rozwija si\u0119 w bardzo szybkim tempie. To tak\u017ce warto\u015bci, kt\u00f3re wyznajemy. Poznaj je!","breadcrumb":{"@id":"https:\/\/ekoenergetyka.com\/pl\/ekowizja\/#breadcrumb"},"inLanguage":"pl-PL","potentialAction":[{"@type":"ReadAction","target":["https:\/\/ekoenergetyka.com\/pl\/ekowizja\/"]}]},{"@type":"BreadcrumbList","@id":"https:\/\/ekoenergetyka.com\/pl\/ekowizja\/#breadcrumb","itemListElement":[{"@type":"ListItem","position":1,"name":"Strona G\u0142\u00f3wna","item":"https:\/\/ekoenergetyka.com\/pl\/"},{"@type":"ListItem","position":2,"name":"EkoWizja"}]},{"@type":"WebSite","@id":"https:\/\/ekoenergetyka.com\/pl\/#website","url":"https:\/\/ekoenergetyka.com\/pl\/","name":"Ekoenergetyka","description":"","publisher":{"@id":"https:\/\/ekoenergetyka.com\/pl\/#organization"},"potentialAction":[{"@type":"SearchAction","target":{"@type":"EntryPoint","urlTemplate":"https:\/\/ekoenergetyka.com\/pl\/?s={search_term_string}"},"query-input":{"@type":"PropertyValueSpecification","valueRequired":true,"valueName":"search_term_string"}}],"inLanguage":"pl-PL"},{"@type":"Organization","@id":"https:\/\/ekoenergetyka.com\/pl\/#organization","name":"Ekoenergetyka - Polska S.A.","url":"https:\/\/ekoenergetyka.com\/pl\/","logo":{"@type":"ImageObject","inLanguage":"pl-PL","@id":"https:\/\/ekoenergetyka.com\/pl\/#\/schema\/logo\/image\/","url":"https:\/\/ekoenergetyka.com\/wp-content\/uploads\/2024\/11\/cropped-sygnet-bez-tla-black-1-2.png","contentUrl":"https:\/\/ekoenergetyka.com\/wp-content\/uploads\/2024\/11\/cropped-sygnet-bez-tla-black-1-2.png","width":512,"height":512,"caption":"Ekoenergetyka - Polska S.A."},"image":{"@id":"https:\/\/ekoenergetyka.com\/pl\/#\/schema\/logo\/image\/"},"sameAs":["https:\/\/www.facebook.com\/ekoenergetykaPolska\/","https:\/\/www.linkedin.com\/company\/ekoenergetyka","https:\/\/www.youtube.com\/channel\/UCfZM_rPDdrv6D0JB-uhWi8Q\/videos"],"description":"Established in 2009 Poland with a sole purpose of providing charging solutions, we are one of the pioneers in the e-mobility industry. In a decade, Ekoenergetyka has grown from 2 to more than 400 employees (currently around 1,000) and has acquired customers throughout Europe and are now a Central and Eastern European leader in charging technologies.","email":"contact@ekoenergetyka.com.pl","telephone":"+ 48 68 328 20 68","numberOfEmployees":{"@type":"QuantitativeValue","minValue":"501","maxValue":"1000"}}]}},"_links":{"self":[{"href":"https:\/\/ekoenergetyka.com\/pl\/wp-json\/wp\/v2\/pages\/2541","targetHints":{"allow":["GET"]}}],"collection":[{"href":"https:\/\/ekoenergetyka.com\/pl\/wp-json\/wp\/v2\/pages"}],"about":[{"href":"https:\/\/ekoenergetyka.com\/pl\/wp-json\/wp\/v2\/types\/page"}],"author":[{"embeddable":true,"href":"https:\/\/ekoenergetyka.com\/pl\/wp-json\/wp\/v2\/users\/1"}],"replies":[{"embeddable":true,"href":"https:\/\/ekoenergetyka.com\/pl\/wp-json\/wp\/v2\/comments?post=2541"}],"version-history":[{"count":0,"href":"https:\/\/ekoenergetyka.com\/pl\/wp-json\/wp\/v2\/pages\/2541\/revisions"}],"wp:attachment":[{"href":"https:\/\/ekoenergetyka.com\/pl\/wp-json\/wp\/v2\/media?parent=2541"}],"curies":[{"name":"wp","href":"https:\/\/api.w.org\/{rel}","templated":true}]}}