{"id":1672,"date":"2021-06-29T13:34:44","date_gmt":"2021-06-29T11:34:44","guid":{"rendered":"https:\/\/ekoenergetyka.com\/ogolne-warunki-zakupu\/"},"modified":"2025-09-16T16:07:48","modified_gmt":"2025-09-16T14:07:48","slug":"ogolne-warunki-sprzedazy","status":"publish","type":"page","link":"https:\/\/ekoenergetyka.com\/pl\/ogolne-warunki-sprzedazy\/","title":{"rendered":"Og\u00f3lne Warunki Sprzeda\u017cy"},"content":{"rendered":"\n<p class=\"has-small-font-size\">Data publikacji: 09.10.2023r.<\/p>\n\n\n\n<p><strong>OG\u00d3LNE WARUNKI SPRZEDA\u017bY TOWAR\u00d3W I US\u0141UG EKOENERGETYKA-POLSKA S.A.<\/strong><\/p>\n\n\n\n<ol class=\"wp-block-list\">\n<li>Niniejsze Og\u00f3lne Warunki Sprzeda\u017cy Towar\u00f3w i Us\u0142ug maj\u0105 zastosowanie do um\u00f3w zawieranych przez Ekoenergetyka-Polska S.A., na podstawie kt\u00f3rych dochodzi do sprzeda\u017cy towar\u00f3w lub us\u0142ug, bez wzgl\u0119du na podstaw\u0119 i form\u0119 ich zawarcia.<\/li>\n\n\n\n<li>U\u017cyte w OWS definicje, pisane wielk\u0105 liter\u0105, maj\u0105 nast\u0119puj\u0105ce znaczenie:\n<ul class=\"wp-block-list\">\n<li>Oferta - oznacza o\u015bwiadczenie woli zawarcia umowy na warunkach wskazanych w Ofercie i OWS, z\u0142o\u017cone Zamawiaj\u0105cemu przez Wykonawc\u0119,<\/li>\n\n\n\n<li>OWS - oznacza niniejsze Og\u00f3lne Warunki Sprzeda\u017cy Towar\u00f3w i Us\u0142ug,<\/li>\n\n\n\n<li>Wykonawca \/ EE Polska - oznacza sp\u00f3\u0142k\u0119 Ekoenergetyka-Polska S.A.,<\/li>\n\n\n\n<li>Zamawiaj\u0105cy - oznacza podmiot, kt\u00f3ry zwr\u00f3ci\u0142 si\u0119 do Wykonawcy o przedstawienie Oferty,<\/li>\n\n\n\n<li>Zapytanie Ofertowe - informacje podane przez Zamawiaj\u0105cego w jakiejkolwiek formie, okre\u015blaj\u0105ce og\u00f3lne wymagania Zamawiaj\u0105cego, na podstawie kt\u00f3rych sporz\u0105dzana jest Oferta.<\/li>\n<\/ul>\n<\/li>\n\n\n\n<li>Wykonawca udziela gwarancji na warunkach wskazanych w Og\u00f3lnych Warunkach Gwarancji Wykonawcy, dost\u0119pnych na stronie internetowej <a href=\"https:\/\/ekoenergetyka.com\/\">https:\/\/ekoenergetyka.com\/<\/a>.<\/li>\n\n\n\n<li>Oferta nie obejmuje produkt\u00f3w oraz koszt\u00f3w wprost niewskazanych w Ofercie, w tym:\n<ul class=\"wp-block-list\">\n<li>instalacji, uruchomienia, odbior\u00f3w (w tym: UDT), je\u017celi wprost nie zosta\u0142y wskazane w Ofercie,<\/li>\n\n\n\n<li>dostawy oprogramowania;<\/li>\n\n\n\n<li>prac projektowych, budowlanych, przy\u0142\u0105czeniowych,<\/li>\n\n\n\n<li>pozwole\u0144 administracyjnych,<\/li>\n\n\n\n<li>stacji transformatorowej,<\/li>\n\n\n\n<li>bada\u0144 gruntu, dostawy i monta\u017cu fundament\u00f3w,<\/li>\n\n\n\n<li>dostawy i po\u0142o\u017cenia kabli,<\/li>\n\n\n\n<li>brandingu stacji \u0142adowania.<\/li>\n<\/ul>\n<\/li>\n\n\n\n<li>Wykonawca dostarczy deklaracj\u0119 zgodno\u015bci CE na dostarczone stacje \u0142adowania oraz dokumentacj\u0119 techniczn\u0105 w j\u0119zyku polskim.<\/li>\n\n\n\n<li>W przypadku zmiany wytycznych przekazanych w Zapytaniu Ofertowym lub innych warunk\u00f3w realizacji, Wykonawca zastrzega sobie prawo do zmiany Oferty.<\/li>\n\n\n\n<li>W przypadku dostawy poza terytorium Polski, na \u017c\u0105danie Wykonawcy, Zamawiaj\u0105cy ma obowi\u0105zek potwierdzenia dostawy i wykonania us\u0142ugi, w szczeg\u00f3lno\u015bci poprzez przekazanie CMR, zwrot potwierdzonej WZ, przekazanie podpisanego protoko\u0142u z dostawy lub wykonania us\u0142ugi, potwierdzenie w formie mailowej.<\/li>\n\n\n\n<li>Wy\u0142\u0105cza si\u0119 zastosowanie jakichkolwiek og\u00f3lnych warunk\u00f3w zakup\u00f3w, sprzeda\u017cy itd. stosowanych przez Zamawiaj\u0105cego, o ile odr\u0119bne pisemne pod rygorem niewa\u017cno\u015bci ustalenia Stron nie b\u0119d\u0105 stanowi\u0107 inaczej.<\/li>\n\n\n\n<li>Wykonawca nie ponosi odpowiedzialno\u015bci za niedotrzymanie termin\u00f3w wskazanych w Ofercie, z uwagi na wyst\u0105pienie si\u0142y wy\u017cszej, rozumianej jako niezale\u017cn\u0105 od stron, zewn\u0119trzn\u0105 okoliczno\u015b\u0107 kt\u00f3rej nie mo\u017cna by\u0142o przy zachowaniu nale\u017cytej staranno\u015bci zapobiec ani jej przewidzie\u0107, w tym w szczeg\u00f3lno\u015bci sytuacj\u0119 epidemiologiczn\u0105 COVID-19 lub z uwagi na agresj\u0119 Federacji Rosyjskiej na Ukrain\u0119. Wykonawca niezw\u0142ocznie poinformuje o wszelkich zmianach w Ofercie spowodowanych w\/w okoliczno\u015bci\u0105.<\/li>\n\n\n\n<li>Wykonawca mo\u017ce realizowa\u0107 swoje zobowi\u0105zania z pomoc\u0105 dowolnych podwykonawc\u00f3w, na co akceptuj\u0105c Ofert\u0119 Zamawiaj\u0105cy wyra\u017ca zgod\u0119.<\/li>\n\n\n\n<li>W przypadku zaakceptowania Oferty, Wykonawca poinformuje Zamawiaj\u0105cego o planowanej dacie dostawy z niezb\u0119dnym wyprzedzeniem. Na Zamawiaj\u0105cym spoczywa obowi\u0105zek odbioru stacji \u0142adowania oraz prawid\u0142owego przygotowania miejsca dostawy oraz instalacji, w tym obowi\u0105zek zapewnienia przy\u0142\u0105cza, a tak\u017ce pozyskanie wszelkich zg\u00f3d, zezwole\u0144 i pozwole\u0144 niezb\u0119dnych do instalacji produkt\u00f3w (je\u017celi dotyczy) oraz ich eksploatacji (o ile Oferta nie stanowi inaczej). Je\u017celi dostawa produkt\u00f3w wymaga jakiegokolwiek kontaktu z osobami trzecimi innymi ni\u017c podwykonawcy Wykonawcy (np. z innymi przewo\u017anikami, kt\u00f3rzy maj\u0105 dostarcza\u0107 przesy\u0142k\u0119 w miejscu dostawy w planowanym jej terminie), Zamawiaj\u0105cy b\u0119dzie odpowiedzialny za prawid\u0142ow\u0105 koordynacj\u0119 dostawy z takimi osobami trzecimi, aby umo\u017cliwi\u0107 realizacj\u0119 zobowi\u0105za\u0144 Wykonawcy wzgl\u0119dem Zamawiaj\u0105cego.<\/li>\n\n\n\n<li>W przypadku akceptacji Oferty, obowi\u0105zkiem Zamawiaj\u0105cego b\u0119dzie odbi\u00f3r zam\u00f3wionych produkt\u00f3w i us\u0142ug.<\/li>\n\n\n\n<li>Akceptuj\u0105c Ofert\u0119 Zamawiaj\u0105cy o\u015bwiadcza, \u017ce zapozna\u0142 si\u0119 ze specyfikacjami za\u0142\u0105czonymi do Oferty i nie zg\u0142asza \u017cadnych zastrze\u017ce\u0144 co do ich tre\u015bci. Wykonawca nie gwarantuje, \u017ce dostarczane produkty i us\u0142ugi b\u0119d\u0105 posiada\u0107, osi\u0105gn\u0105 lub sprostaj\u0105 warunkom, parametrom, w\u0142a\u015bciwo\u015bciom lub funkcjonalno\u015bciom niewskazanym wprost w za\u0142\u0105czonych specyfikacjach i nie gwarantuje w jakikolwiek spos\u00f3b, wprost lub dorozumianie, przydatno\u015bci handlowej ani gotowo\u015bci do osi\u0105gni\u0119cia za\u0142o\u017conego przez Zamawiaj\u0105cego celu. Nieosi\u0105gni\u0119cie lub nieposiadanie przez towary lub us\u0142ugi jakichkolwiek w\u0142a\u015bciwo\u015bci, parametr\u00f3w, specyfikacji lub funkcjonalno\u015bci niewymienionych wprost w za\u0142\u0105czonych specyfikacjach nie b\u0119dzie stanowi\u0107 ich wady ani \u017cadnego innego rodzaju nieprawid\u0142owego wykonania zobowi\u0105zania przez Wykonawc\u0119. Wszelkie zastrze\u017cenia i uwagi prosimy niezw\u0142ocznie zg\u0142asza\u0107 na adres e-mail wskazany na wst\u0119pie Oferty.<\/li>\n\n\n\n<li>Dostawa towar\u00f3w na rzecz Zamawiaj\u0105cego odbywa si\u0119 na warunkach EXW Incoterms 2020. Towary b\u0119d\u0105 wydawane i dost\u0119pne w magazynach Wykonawcy pod adresem: Nowy Kisielin - Rozwojowa 7a, 66-002 Zielona G\u00f3ra.<\/li>\n\n\n\n<li>Wykonawca zastrzega sobie prawo do wstrzymania realizacji dostaw i us\u0142ug okre\u015blonych w Ofercie oraz przechowania zam\u00f3wionych produkt\u00f3w na koszt i ryzyko Zamawiaj\u0105cego w przypadku op\u00f3\u017anienia w zap\u0142acie jakiejkolwiek cz\u0119\u015bci wynagrodzenia z jakiegokolwiek stosunku zobowi\u0105zaniowego, \u0142\u0105cz\u0105cego Wykonawc\u0119 oraz Zamawiaj\u0105cego.<\/li>\n\n\n\n<li>W przypadku op\u00f3\u017anienia w zap\u0142acie jakiejkolwiek cz\u0119\u015bci wynagrodzenia z jakiegokolwiek stosunku zobowi\u0105zaniowego, \u0142\u0105cz\u0105cego Wykonawc\u0119 oraz Zamawiaj\u0105cego, Wykonawcy przys\u0142uguje prawo wyznaczenia dodatkowego, ostatecznego terminu do uiszczenia zaleg\u0142ej p\u0142atno\u015bci. Po jego bezskutecznym up\u0142ywie, Wykonawca zastrzega sobie prawo odst\u0105pienia od umowy zawartej w wyniku akceptacji Oferty w ca\u0142o\u015bci lub w wybranej cz\u0119\u015bci. Prawo do odst\u0105pienia powinno zosta\u0107 zrealizowane w terminie miesi\u0105ca od up\u0142ywu wyznaczonego dodatkowego terminu p\u0142atno\u015bci.<\/li>\n\n\n\n<li>W przypadku braku mo\u017cliwo\u015bci odbioru lub instalacji stacji \u0142adowania w terminie wynikaj\u0105cym z Oferty, Zamawiaj\u0105cy pokryje koszty przechowania stacji \u0142adowania oraz ewentualne koszty dodatkowe poniesione przez Wykonawc\u0119, w tym koszty ponownego transportu stacji \u0142adowania do miejsca dostawy na podstawie odr\u0119bnej faktury. Niezale\u017cnie od powy\u017cszego, w przypadku przechowania dostarczanych towar\u00f3w zgodnie z powy\u017cszym, Wykonawcy przys\u0142uguje r\u00f3wnie\u017c prawo wystawienia faktury i \u017c\u0105dania 100% wynagrodzenia za przechowywane towary.<\/li>\n\n\n\n<li>O ile odr\u0119bna dokumentacja, odr\u0119bne warunki licencji itd. wprost nie wskazuj\u0105 inaczej, Wykonawca nie przenosi na Zamawiaj\u0105cego \u017cadnych autorskich praw maj\u0105tkowych ani nie udziela \u017cadnych licencji do dostarczanych tre\u015bci.<\/li>\n\n\n\n<li>Strony wy\u0142\u0105czaj\u0105 zastosowanie art. 681 kodeksu cywilnego.<\/li>\n\n\n\n<li>Zamawiaj\u0105cy wyra\u017ca zgod\u0119 na cesj\u0119 wierzytelno\u015bci na podmiot trzeci.<\/li>\n\n\n\n<li>Prawem w\u0142a\u015bciwym dla Oferty oraz - w przypadku jej akceptacji - do stosunku prawnego powsta\u0142ego wskutek zaakceptowania Oferty b\u0119dzie prawo polskie z wy\u0142\u0105czeniem Konwencji Wiede\u0144skiej o Mi\u0119dzynarodowej Sprzeda\u017cy Towar\u00f3w (CISG) oraz norm kolizyjnych prawa prywatnego mi\u0119dzynarodowego. Wszelkie spory rozstrzygane b\u0119d\u0105 przez polski s\u0105d powszechny w\u0142a\u015bciwy miejscowo wg siedziby Wykonawcy.<\/li>\n\n\n\n<li>Odpowiedzialno\u015b\u0107 Wykonawcy z tytu\u0142u ustawowej r\u0119kojmi za wady dostarczanych towar\u00f3w i us\u0142ug jest wy\u0142\u0105czona.<\/li>\n\n\n\n<li>W najszerszym dopuszczalnym przez przepisy powszechnie obowi\u0105zuj\u0105cego prawa zakresie odpowiedzialno\u015b\u0107 Wykonawcy z tytu\u0142u nieprawid\u0142owego wykonania zobowi\u0105zania wynikaj\u0105cego z Oferty ograniczona jest do 100% wynagrodzenia netto wskazanego w ofercie i obejmuje wy\u0142\u0105cznie bezpo\u015bredni\u0105 szkod\u0119 rzeczywist\u0105 wywo\u0142an\u0105 nieprawid\u0142owym wykonaniem zobowi\u0105zania przez Wykonawc\u0119, z wy\u0142\u0105czeniem odpowiedzialno\u015bci za szkody po\u015brednie i utracone korzy\u015bci.<\/li>\n\n\n\n<li>Nie znajd\u0105 zastosowania \u017cadne inne og\u00f3lne warunki zam\u00f3wie\u0144, sprzeda\u017cy, \u015bwiadczenia us\u0142ug i tym podobne, chyba \u017ce Strony na pi\u015bmie postanowi\u0105 inaczej lub inaczej wskazano w samej Ofercie.<\/li>\n\n\n\n<li>Wszystkie dokumenty b\u0119d\u0105ce za\u0142\u0105cznikami do Oferty stanowi\u0105 jej integraln\u0105 cz\u0119\u015b\u0107.<\/li>\n\n\n\n<li>O ile Oferta nie wskazuje inaczej, wszelkie zmiany umowy zawartej wskutek akceptacji Oferty wymagaj\u0105 zachowania formy pisemnej pod rygorem niewa\u017cno\u015bci.<\/li>\n\n\n\n<li>Wykonawca o\u015bwiadcza \u017ce jest \u201edu\u017cym przedsi\u0119biorc\u0105\" w rozumieniu ustawy z dnia 8 marca 2013 r. o przeciwdzia\u0142aniu nadmiernym op\u00f3\u017anieniom w transakcjach handlowych.<\/li>\n<\/ol>\n","protected":false},"excerpt":{"rendered":"<p>Data publikacji: 09.10.2023r. OG\u00d3LNE WARUNKI SPRZEDA\u017bY TOWAR\u00d3W I US\u0141UG EKOENERGETYKA-POLSKA S.A.<\/p>\n","protected":false},"author":1,"featured_media":0,"parent":0,"menu_order":0,"comment_status":"closed","ping_status":"closed","template":"","meta":{"_acf_changed":false,"footnotes":""},"class_list":["post-1672","page","type-page","status-publish","hentry"],"acf":[],"yoast_head":"<!-- This site is optimized with the Yoast SEO Premium plugin v27.3 (Yoast SEO v27.4) - https:\/\/yoast.com\/product\/yoast-seo-premium-wordpress\/ -->\n<title>Og\u00f3lne Warunki Sprzeda\u017cy | Ekoenergetyka<\/title>\n<meta name=\"description\" content=\"Og\u00f3lne warunki zakupu towar\u00f3w i\/lub \u015bwiadczenia us\u0142ug przez i\/lub dla Ekoenergetyka \u2013 Polska S.A. z siedzib\u0105 w Zielonej G\u00f3rze.\" \/>\n<meta name=\"robots\" content=\"index, follow, max-snippet:-1, max-image-preview:large, max-video-preview:-1\" \/>\n<link rel=\"canonical\" href=\"https:\/\/ekoenergetyka.com\/pl\/ogolne-warunki-sprzedazy\/\" \/>\n<meta property=\"og:locale\" content=\"pl_PL\" \/>\n<meta property=\"og:type\" content=\"article\" \/>\n<meta property=\"og:title\" content=\"Og\u00f3lne Warunki Sprzeda\u017cy\" \/>\n<meta property=\"og:description\" content=\"Og\u00f3lne warunki zakupu towar\u00f3w i\/lub \u015bwiadczenia us\u0142ug przez i\/lub dla Ekoenergetyka \u2013 Polska S.A. z siedzib\u0105 w Zielonej G\u00f3rze.\" \/>\n<meta property=\"og:url\" content=\"https:\/\/ekoenergetyka.com\/pl\/ogolne-warunki-sprzedazy\/\" \/>\n<meta property=\"og:site_name\" content=\"Ekoenergetyka\" \/>\n<meta property=\"article:publisher\" content=\"https:\/\/www.facebook.com\/ekoenergetykaPolska\/\" \/>\n<meta property=\"article:modified_time\" content=\"2025-09-16T14:07:48+00:00\" \/>\n<meta property=\"og:image\" content=\"https:\/\/ekoenergetyka.com\/wp-content\/uploads\/2025\/06\/baner-ev-charging-stations-hd.jpg\" \/>\n\t<meta property=\"og:image:width\" content=\"1920\" \/>\n\t<meta property=\"og:image:height\" content=\"916\" \/>\n\t<meta property=\"og:image:type\" content=\"image\/jpeg\" \/>\n<meta name=\"twitter:card\" content=\"summary_large_image\" \/>\n<meta name=\"twitter:label1\" content=\"Szacowany czas czytania\" \/>\n\t<meta name=\"twitter:data1\" content=\"7 minut\" \/>\n<script type=\"application\/ld+json\" class=\"yoast-schema-graph\">{\"@context\":\"https:\\\/\\\/schema.org\",\"@graph\":[{\"@type\":\"WebPage\",\"@id\":\"https:\\\/\\\/ekoenergetyka.com\\\/pl\\\/ogolne-warunki-sprzedazy\\\/\",\"url\":\"https:\\\/\\\/ekoenergetyka.com\\\/pl\\\/ogolne-warunki-sprzedazy\\\/\",\"name\":\"Og\u00f3lne Warunki Sprzeda\u017cy | Ekoenergetyka\",\"isPartOf\":{\"@id\":\"https:\\\/\\\/ekoenergetyka.com\\\/pl\\\/#website\"},\"datePublished\":\"2021-06-29T11:34:44+00:00\",\"dateModified\":\"2025-09-16T14:07:48+00:00\",\"description\":\"Og\u00f3lne warunki zakupu towar\u00f3w i\\\/lub \u015bwiadczenia us\u0142ug przez i\\\/lub dla Ekoenergetyka \u2013 Polska S.A. z siedzib\u0105 w Zielonej G\u00f3rze.\",\"breadcrumb\":{\"@id\":\"https:\\\/\\\/ekoenergetyka.com\\\/pl\\\/ogolne-warunki-sprzedazy\\\/#breadcrumb\"},\"inLanguage\":\"pl-PL\",\"potentialAction\":[{\"@type\":\"ReadAction\",\"target\":[\"https:\\\/\\\/ekoenergetyka.com\\\/pl\\\/ogolne-warunki-sprzedazy\\\/\"]}]},{\"@type\":\"BreadcrumbList\",\"@id\":\"https:\\\/\\\/ekoenergetyka.com\\\/pl\\\/ogolne-warunki-sprzedazy\\\/#breadcrumb\",\"itemListElement\":[{\"@type\":\"ListItem\",\"position\":1,\"name\":\"Strona G\u0142\u00f3wna\",\"item\":\"https:\\\/\\\/ekoenergetyka.com\\\/pl\\\/\"},{\"@type\":\"ListItem\",\"position\":2,\"name\":\"Og\u00f3lne Warunki Sprzeda\u017cy\"}]},{\"@type\":\"WebSite\",\"@id\":\"https:\\\/\\\/ekoenergetyka.com\\\/pl\\\/#website\",\"url\":\"https:\\\/\\\/ekoenergetyka.com\\\/pl\\\/\",\"name\":\"Ekoenergetyka\",\"description\":\"\",\"publisher\":{\"@id\":\"https:\\\/\\\/ekoenergetyka.com\\\/pl\\\/#organization\"},\"potentialAction\":[{\"@type\":\"SearchAction\",\"target\":{\"@type\":\"EntryPoint\",\"urlTemplate\":\"https:\\\/\\\/ekoenergetyka.com\\\/pl\\\/?s={search_term_string}\"},\"query-input\":{\"@type\":\"PropertyValueSpecification\",\"valueRequired\":true,\"valueName\":\"search_term_string\"}}],\"inLanguage\":\"pl-PL\"},{\"@type\":\"Organization\",\"@id\":\"https:\\\/\\\/ekoenergetyka.com\\\/pl\\\/#organization\",\"name\":\"Ekoenergetyka - Polska S.A.\",\"url\":\"https:\\\/\\\/ekoenergetyka.com\\\/pl\\\/\",\"logo\":{\"@type\":\"ImageObject\",\"inLanguage\":\"pl-PL\",\"@id\":\"https:\\\/\\\/ekoenergetyka.com\\\/pl\\\/#\\\/schema\\\/logo\\\/image\\\/\",\"url\":\"https:\\\/\\\/ekoenergetyka.com\\\/wp-content\\\/uploads\\\/2024\\\/11\\\/cropped-sygnet-bez-tla-black-1-2.png\",\"contentUrl\":\"https:\\\/\\\/ekoenergetyka.com\\\/wp-content\\\/uploads\\\/2024\\\/11\\\/cropped-sygnet-bez-tla-black-1-2.png\",\"width\":512,\"height\":512,\"caption\":\"Ekoenergetyka - Polska S.A.\"},\"image\":{\"@id\":\"https:\\\/\\\/ekoenergetyka.com\\\/pl\\\/#\\\/schema\\\/logo\\\/image\\\/\"},\"sameAs\":[\"https:\\\/\\\/www.facebook.com\\\/ekoenergetykaPolska\\\/\",\"https:\\\/\\\/www.linkedin.com\\\/company\\\/ekoenergetyka\",\"https:\\\/\\\/www.youtube.com\\\/channel\\\/UCfZM_rPDdrv6D0JB-uhWi8Q\\\/videos\"],\"description\":\"Established in 2009 Poland with a sole purpose of providing charging solutions, we are one of the pioneers in the e-mobility industry. In a decade, Ekoenergetyka has grown from 2 to more than 400 employees (currently around 1,000) and has acquired customers throughout Europe and are now a Central and Eastern European leader in charging technologies.\",\"email\":\"contact@ekoenergetyka.com.pl\",\"telephone\":\"+ 48 68 328 20 68\",\"numberOfEmployees\":{\"@type\":\"QuantitativeValue\",\"minValue\":\"501\",\"maxValue\":\"1000\"}}]}<\/script>\n<!-- \/ Yoast SEO Premium plugin. -->","yoast_head_json":{"title":"Og\u00f3lne Warunki Sprzeda\u017cy | Ekoenergetyka","description":"Og\u00f3lne warunki zakupu towar\u00f3w i\/lub \u015bwiadczenia us\u0142ug przez i\/lub dla Ekoenergetyka \u2013 Polska S.A. z siedzib\u0105 w Zielonej G\u00f3rze.","robots":{"index":"index","follow":"follow","max-snippet":"max-snippet:-1","max-image-preview":"max-image-preview:large","max-video-preview":"max-video-preview:-1"},"canonical":"https:\/\/ekoenergetyka.com\/pl\/ogolne-warunki-sprzedazy\/","og_locale":"pl_PL","og_type":"article","og_title":"Og\u00f3lne Warunki Sprzeda\u017cy","og_description":"Og\u00f3lne warunki zakupu towar\u00f3w i\/lub \u015bwiadczenia us\u0142ug przez i\/lub dla Ekoenergetyka \u2013 Polska S.A. z siedzib\u0105 w Zielonej G\u00f3rze.","og_url":"https:\/\/ekoenergetyka.com\/pl\/ogolne-warunki-sprzedazy\/","og_site_name":"Ekoenergetyka","article_publisher":"https:\/\/www.facebook.com\/ekoenergetykaPolska\/","article_modified_time":"2025-09-16T14:07:48+00:00","og_image":[{"width":1920,"height":916,"url":"https:\/\/ekoenergetyka.com\/wp-content\/uploads\/2025\/06\/baner-ev-charging-stations-hd.jpg","type":"image\/jpeg"}],"twitter_card":"summary_large_image","twitter_misc":{"Szacowany czas czytania":"7 minut"},"schema":{"@context":"https:\/\/schema.org","@graph":[{"@type":"WebPage","@id":"https:\/\/ekoenergetyka.com\/pl\/ogolne-warunki-sprzedazy\/","url":"https:\/\/ekoenergetyka.com\/pl\/ogolne-warunki-sprzedazy\/","name":"Og\u00f3lne Warunki Sprzeda\u017cy | Ekoenergetyka","isPartOf":{"@id":"https:\/\/ekoenergetyka.com\/pl\/#website"},"datePublished":"2021-06-29T11:34:44+00:00","dateModified":"2025-09-16T14:07:48+00:00","description":"Og\u00f3lne warunki zakupu towar\u00f3w i\/lub \u015bwiadczenia us\u0142ug przez i\/lub dla Ekoenergetyka \u2013 Polska S.A. z siedzib\u0105 w Zielonej G\u00f3rze.","breadcrumb":{"@id":"https:\/\/ekoenergetyka.com\/pl\/ogolne-warunki-sprzedazy\/#breadcrumb"},"inLanguage":"pl-PL","potentialAction":[{"@type":"ReadAction","target":["https:\/\/ekoenergetyka.com\/pl\/ogolne-warunki-sprzedazy\/"]}]},{"@type":"BreadcrumbList","@id":"https:\/\/ekoenergetyka.com\/pl\/ogolne-warunki-sprzedazy\/#breadcrumb","itemListElement":[{"@type":"ListItem","position":1,"name":"Strona G\u0142\u00f3wna","item":"https:\/\/ekoenergetyka.com\/pl\/"},{"@type":"ListItem","position":2,"name":"Og\u00f3lne Warunki Sprzeda\u017cy"}]},{"@type":"WebSite","@id":"https:\/\/ekoenergetyka.com\/pl\/#website","url":"https:\/\/ekoenergetyka.com\/pl\/","name":"Ekoenergetyka","description":"","publisher":{"@id":"https:\/\/ekoenergetyka.com\/pl\/#organization"},"potentialAction":[{"@type":"SearchAction","target":{"@type":"EntryPoint","urlTemplate":"https:\/\/ekoenergetyka.com\/pl\/?s={search_term_string}"},"query-input":{"@type":"PropertyValueSpecification","valueRequired":true,"valueName":"search_term_string"}}],"inLanguage":"pl-PL"},{"@type":"Organization","@id":"https:\/\/ekoenergetyka.com\/pl\/#organization","name":"Ekoenergetyka - Polska S.A.","url":"https:\/\/ekoenergetyka.com\/pl\/","logo":{"@type":"ImageObject","inLanguage":"pl-PL","@id":"https:\/\/ekoenergetyka.com\/pl\/#\/schema\/logo\/image\/","url":"https:\/\/ekoenergetyka.com\/wp-content\/uploads\/2024\/11\/cropped-sygnet-bez-tla-black-1-2.png","contentUrl":"https:\/\/ekoenergetyka.com\/wp-content\/uploads\/2024\/11\/cropped-sygnet-bez-tla-black-1-2.png","width":512,"height":512,"caption":"Ekoenergetyka - Polska S.A."},"image":{"@id":"https:\/\/ekoenergetyka.com\/pl\/#\/schema\/logo\/image\/"},"sameAs":["https:\/\/www.facebook.com\/ekoenergetykaPolska\/","https:\/\/www.linkedin.com\/company\/ekoenergetyka","https:\/\/www.youtube.com\/channel\/UCfZM_rPDdrv6D0JB-uhWi8Q\/videos"],"description":"Established in 2009 Poland with a sole purpose of providing charging solutions, we are one of the pioneers in the e-mobility industry. In a decade, Ekoenergetyka has grown from 2 to more than 400 employees (currently around 1,000) and has acquired customers throughout Europe and are now a Central and Eastern European leader in charging technologies.","email":"contact@ekoenergetyka.com.pl","telephone":"+ 48 68 328 20 68","numberOfEmployees":{"@type":"QuantitativeValue","minValue":"501","maxValue":"1000"}}]}},"_links":{"self":[{"href":"https:\/\/ekoenergetyka.com\/pl\/wp-json\/wp\/v2\/pages\/1672","targetHints":{"allow":["GET"]}}],"collection":[{"href":"https:\/\/ekoenergetyka.com\/pl\/wp-json\/wp\/v2\/pages"}],"about":[{"href":"https:\/\/ekoenergetyka.com\/pl\/wp-json\/wp\/v2\/types\/page"}],"author":[{"embeddable":true,"href":"https:\/\/ekoenergetyka.com\/pl\/wp-json\/wp\/v2\/users\/1"}],"replies":[{"embeddable":true,"href":"https:\/\/ekoenergetyka.com\/pl\/wp-json\/wp\/v2\/comments?post=1672"}],"version-history":[{"count":2,"href":"https:\/\/ekoenergetyka.com\/pl\/wp-json\/wp\/v2\/pages\/1672\/revisions"}],"predecessor-version":[{"id":48930,"href":"https:\/\/ekoenergetyka.com\/pl\/wp-json\/wp\/v2\/pages\/1672\/revisions\/48930"}],"wp:attachment":[{"href":"https:\/\/ekoenergetyka.com\/pl\/wp-json\/wp\/v2\/media?parent=1672"}],"curies":[{"name":"wp","href":"https:\/\/api.w.org\/{rel}","templated":true}]}}