{"id":1662,"date":"2021-06-29T13:11:00","date_gmt":"2021-06-29T11:11:00","guid":{"rendered":"https:\/\/ekoenergetyka.com\/projekty-europejskie\/"},"modified":"2026-04-02T13:05:54","modified_gmt":"2026-04-02T11:05:54","slug":"projekty-europejskie","status":"publish","type":"page","link":"https:\/\/ekoenergetyka.com\/pl\/projekty-europejskie\/","title":{"rendered":"Projekty Europejskie"},"content":{"rendered":"\n<div style=\"height:3rem\" aria-hidden=\"true\" class=\"wp-block-spacer\"><\/div>\n\n\n\n<div class=\"wp-block-group european-projects\"><div class=\"wp-block-group__inner-container is-layout-flow wp-block-group-is-layout-flow\">\n<div class=\"wp-block-columns is-layout-flex wp-container-core-columns-is-layout-9d6595d7 wp-block-columns-is-layout-flex\">\n<div class=\"wp-block-column is-layout-flow wp-block-column-is-layout-flow\">\n<section class=\"title-with-border hidden border-turkus\">\n        <h2>projects<\/h2>\n    <\/section>\n\n\n<p>Opracowanie i wdro\u017cenie stacji \u0142adowania <br>autobus\u00f3w elektrycznych zasilanej z sieci DC<\/p>\n\n\n\n<p><a class=\"button\" href=\"\/wp-content\/uploads\/2025\/12\/poir-01-01-01-00-1213-15-v2.pdf\" target=\"_blank\" rel=\"noreferrer noopener nofollow\">Dowiedz si\u0119 wi\u0119cej -&gt;<\/a><\/p>\n<\/div>\n\n\n\n<div class=\"wp-block-column is-layout-flow wp-block-column-is-layout-flow\">\n<section class=\"title-with-border hidden border-turkus\">\n        <h2>projects<\/h2>\n    <\/section>\n\n\n<p>Utworzenie centrum badawczo-rozwojowego  <br>nowych technologii w transporcie elektrycznym<\/p>\n\n\n\n<p><a class=\"button\" href=\"\/wp-content\/uploads\/2021\/12\/poir-02-01-00-00-0007-15.pdf\" target=\"_blank\" rel=\"noreferrer noopener nofollow\">Dowiedz si\u0119 wi\u0119cej -&gt;<\/a><\/p>\n<\/div>\n\n\n\n<div class=\"wp-block-column is-layout-flow wp-block-column-is-layout-flow\">\n<section class=\"title-with-border hidden border-turkus\">\n        <h2>projects<\/h2>\n    <\/section>\n\n\n<p>Rozw\u00f3j centrum badawczo - rozwojowego <br>nowych technologii w transporcie elektrycznym<\/p>\n\n\n\n<p><a class=\"button\" href=\"\/wp-content\/uploads\/2023\/06\/poir-02-01-00-00-0162-17.pdf\" target=\"_blank\" rel=\"noreferrer noopener nofollow\">Dowiedz si\u0119 wi\u0119cej -&gt;<\/a><\/p>\n<\/div>\n<\/div>\n\n\n\n<div style=\"height:2rem\" aria-hidden=\"true\" class=\"wp-block-spacer\"><\/div>\n\n\n\n<div class=\"wp-block-columns is-layout-flex wp-container-core-columns-is-layout-9d6595d7 wp-block-columns-is-layout-flex\">\n<div class=\"wp-block-column is-layout-flow wp-block-column-is-layout-flow\">\n<section class=\"title-with-border hidden border-turkus\">\n        <h2>projects<\/h2>\n    <\/section>\n\n\n<p>Terminal \u0142adowania autobus\u00f3w elektrycznych zasilany z sieci <br>dystrybucyjnej i wspomagany stacjonarnym zasobnikiem energii<\/p>\n\n\n\n<p><a class=\"button\" href=\"\/wp-content\/uploads\/2022\/02\/rplb-01-01-00-08-0033-16.pdf\" target=\"_blank\" rel=\"noreferrer noopener nofollow\">Dowiedz si\u0119 wi\u0119cej -&gt;<\/a><\/p>\n<\/div>\n\n\n\n<div class=\"wp-block-column is-layout-flow wp-block-column-is-layout-flow\">\n<section class=\"title-with-border hidden border-turkus\">\n        <h2>projects<\/h2>\n    <\/section>\n\n\n<p>Autonomiczny system \u0142adowania autobus\u00f3w elektrycznych <br>dla zoptymalizowania infrastruktury \u0142adowania<\/p>\n\n\n\n<p><a class=\"button\" href=\"\/wp-content\/uploads\/2022\/01\/poir-01-02-00-00-0283-16.pdf\" target=\"_blank\" rel=\"noreferrer noopener nofollow\">Dowiedz si\u0119 wi\u0119cej -&gt;<\/a><\/p>\n<\/div>\n\n\n\n<div class=\"wp-block-column is-layout-flow wp-block-column-is-layout-flow\">\n<section class=\"title-with-border hidden border-turkus\">\n        <h2>projects<\/h2>\n    <\/section>\n\n\n<p>Opracowanie wielowyj\u015bciowych ultraszybkich stacji <br>\u0142adowania samochod\u00f3w elektrycznych drugiej generacji (2G)<\/p>\n\n\n\n<p><a class=\"button\" href=\"\/wp-content\/uploads\/2025\/12\/rpld-01-02-02-10-0026-18-v2.pdf\" target=\"_blank\" rel=\"noreferrer noopener\">Dowiedz si\u0119 wi\u0119cej -&gt;<\/a><\/p>\n<\/div>\n<\/div>\n\n\n\n<div style=\"height:2rem\" aria-hidden=\"true\" class=\"wp-block-spacer\"><\/div>\n\n\n\n<div class=\"wp-block-columns is-layout-flex wp-container-core-columns-is-layout-9d6595d7 wp-block-columns-is-layout-flex\">\n<div class=\"wp-block-column is-layout-flow wp-block-column-is-layout-flow\">\n<section class=\"title-with-border hidden border-turkus\">\n        <h2>projects<\/h2>\n    <\/section>\n\n\n<p>\u0141adowarka Vehicle-to-Vehicle <br>(eV2V-DC)<\/p>\n\n\n\n<p><a class=\"button\" href=\"\/wp-content\/uploads\/2022\/10\/rpld-01-02-02-10-0037-18.pdf\" target=\"_blank\" rel=\"noreferrer noopener\" style=\"margin-right: 10px;\">Dowiedz si\u0119 wi\u0119cej -&gt;<\/a> <a class=\"button\" href=\"\/pl\/produkty\/mobilna-ladowarka-ev2v\/\" target=\"_blank\" rel=\"noreferrer noopener\">Zobacz produkt -&gt;<\/a><\/p>\n<\/div>\n\n\n\n<div class=\"wp-block-column is-layout-flow wp-block-column-is-layout-flow\">\n<section class=\"title-with-border hidden border-turkus\">\n        <h2>projects<\/h2>\n    <\/section>\n\n\n<p>Zorganizowanie stoiska wystawienniczego podczas <br>targ\u00f3w Hannover Messe<\/p>\n\n\n\n<p><a class=\"button\" href=\"\/wp-content\/uploads\/2021\/06\/POIR.03.03.03-08-0002_17_ok.pdf\" target=\"_blank\" rel=\"noreferrer noopener\">Dowiedz si\u0119 wi\u0119cej -&gt;<\/a><\/p>\n<\/div>\n\n\n\n<div class=\"wp-block-column is-layout-flow wp-block-column-is-layout-flow\">\n<section class=\"title-with-border hidden border-turkus\">\n        <h2>projects<\/h2>\n    <\/section>\n\n\n<p>Centrum Badawczo-Rozwojowe <br>Technologii Wodorowych w Transporcie<\/p>\n\n\n\n<p><a class=\"button\" href=\"\/wp-content\/uploads\/2022\/01\/rplb-01-01-00-08-0024-18.pdf\" target=\"_blank\" rel=\"noreferrer noopener\">Dowiedz si\u0119 wi\u0119cej -&gt;<\/a><\/p>\n<\/div>\n<\/div>\n\n\n\n<div style=\"height:2rem\" aria-hidden=\"true\" class=\"wp-block-spacer\"><\/div>\n\n\n\n<div class=\"wp-block-columns is-layout-flex wp-container-core-columns-is-layout-9d6595d7 wp-block-columns-is-layout-flex\">\n<div class=\"wp-block-column is-layout-flow wp-block-column-is-layout-flow\">\n<section class=\"title-with-border hidden border-turkus\">\n        <h2>projects<\/h2>\n    <\/section>\n\n\n<p>Mobilny tester zgodno\u015bci pojazdu elektrycznego\/stacji  <br>\u0142adowania ze standardami ISO 15118 i IEC 61851<\/p>\n\n\n\n<p><a class=\"button\" href=\"\/wp-content\/uploads\/2021\/12\/rplb-01-01-00-08-0022-18.pdf\" target=\"_blank\" rel=\"noreferrer noopener nofollow\">Dowiedz si\u0119 wi\u0119cej -&gt;<\/a><\/p>\n<\/div>\n\n\n\n<div class=\"wp-block-column is-layout-flow wp-block-column-is-layout-flow\">\n<section class=\"title-with-border hidden border-turkus\">\n        <h2>projects<\/h2>\n    <\/section>\n\n\n<p>Opracowanie nowej generacji stacji szybkiego \u0142adowania autobus\u00f3w <br>elektrycznych o podwy\u017cszonej sprawno\u015bci energetycznej<\/p>\n\n\n\n<p><a class=\"button\" href=\"\/wp-content\/uploads\/2024\/04\/rplb-01-01-00-08-0030-19.pdf\" target=\"_blank\" rel=\"noreferrer noopener nofollow\">Dowiedz si\u0119 wi\u0119cej -&gt;<\/a><\/p>\n<\/div>\n\n\n\n<div class=\"wp-block-column is-layout-flow wp-block-column-is-layout-flow\">\n<section class=\"title-with-border hidden border-turkus\">\n        <h2>projects<\/h2>\n    <\/section>\n\n\n<p>Zaproszenie do udzielenia przez Konsorcjum niewy\u0142\u0105cznej i odp\u0142atnej <br>licencji na korzystanie z Wynik\u00f3w Prac B+R i przedmiot\u00f3w Background IP<\/p>\n\n\n\n<p><a class=\"button\" href=\"\/wp-content\/uploads\/2021\/06\/Zaproszenie-do-udzielenia-przez-Konsorcjum-niewylacznej-i-odplatnej-licencji-na-korzystanie-z-Wynikow-Prac-BR-i-przedmiotow-Background-IP.pdf\" target=\"_blank\" rel=\"noreferrer noopener nofollow\">Dowiedz si\u0119 wi\u0119cej -&gt;<\/a><\/p>\n<\/div>\n<\/div>\n\n\n\n<div style=\"height:2rem\" aria-hidden=\"true\" class=\"wp-block-spacer\"><\/div>\n\n\n\n<div class=\"wp-block-columns is-layout-flex wp-container-core-columns-is-layout-9d6595d7 wp-block-columns-is-layout-flex\">\n<div class=\"wp-block-column is-layout-flow wp-block-column-is-layout-flow\">\n<section class=\"title-with-border hidden border-turkus\">\n        <h2>projects<\/h2>\n    <\/section>\n\n\n<p>Stacja szybkiego \u0142adowania z aktywnymi uk\u0142adami <br>redukcji ha\u0142asu - ultracicha<\/p>\n\n\n\n<p><a class=\"button\" href=\"\/wp-content\/uploads\/2022\/10\/rpld-01-02-02-10-0023-19.pdf\" target=\"_blank\" rel=\"noreferrer noopener nofollow\">Dowiedz si\u0119 wi\u0119cej -&gt;<\/a><\/p>\n<\/div>\n\n\n\n<div class=\"wp-block-column is-layout-flow wp-block-column-is-layout-flow\">\n<section class=\"title-with-border hidden border-turkus\">\n        <h2>projects<\/h2>\n    <\/section>\n\n\n<p>Budowa nowej hali, linii technologicznej <br>i uruchomienie produkcji \u0142adowarek<\/p>\n\n\n\n<p><a class=\"button\" href=\"\/wp-content\/uploads\/2024\/04\/rplb-01-05-01-08-0017-20-1.pdf\" target=\"_blank\" rel=\"noreferrer noopener nofollow\">Dowiedz si\u0119 wi\u0119cej -&gt;<\/a><\/p>\n<\/div>\n\n\n\n<div class=\"wp-block-column is-layout-flow wp-block-column-is-layout-flow\">\n<section class=\"title-with-border hidden border-turkus\">\n        <h2>projects<\/h2>\n    <\/section>\n\n\n<p>Centrum Badawczo-Rozwojowe  <br>Energoelektroniki w Elektromobilno\u015bci<\/p>\n\n\n\n<p><a class=\"button\" href=\"\/wp-content\/uploads\/2023\/07\/rplb-01-01-00-08-0031-19.pdf\" target=\"_blank\" rel=\"noreferrer noopener nofollow\">Dowiedz si\u0119 wi\u0119cej -&gt;<\/a><\/p>\n<\/div>\n<\/div>\n\n\n\n<div style=\"height:2rem\" aria-hidden=\"true\" class=\"wp-block-spacer\"><\/div>\n\n\n\n<div class=\"wp-block-columns is-layout-flex wp-container-core-columns-is-layout-9d6595d7 wp-block-columns-is-layout-flex\">\n<div class=\"wp-block-column is-layout-flow wp-block-column-is-layout-flow\">\n<section class=\"title-with-border hidden border-turkus\">\n        <h2>projects<\/h2>\n    <\/section>\n\n\n<p>Stacja ultraszybkiego \u0142adowania <br>typu HPCVC o mocy 750 kW<\/p>\n\n\n\n<p><a class=\"button\" href=\"\/wp-content\/uploads\/2022\/01\/poir-01-01-01-00-0323-21.pdf\" target=\"_blank\" rel=\"noreferrer noopener nofollow\">Dowiedz si\u0119 wi\u0119cej -&gt;<\/a><\/p>\n<\/div>\n\n\n\n<div class=\"wp-block-column is-layout-flow wp-block-column-is-layout-flow\">\n<section class=\"title-with-border hidden border-turkus\">\n        <h2>projects<\/h2>\n    <\/section>\n\n\n<p>Budowa nowego laboratorium i uruchomienie <br>centrum certyfikacyjnego system\u00f3w \u0142adowania w zakresie IT<\/p>\n\n\n\n<p><a class=\"button\" href=\"\/wp-content\/uploads\/2024\/04\/rplb-01-05-01-08-0011-21-1.pdf\" target=\"_blank\" rel=\"noreferrer noopener nofollow\">Dowiedz si\u0119 wi\u0119cej -&gt;<\/a><\/p>\n<\/div>\n\n\n\n<div class=\"wp-block-column is-layout-flow wp-block-column-is-layout-flow\"><\/div>\n<\/div>\n\n\n\n<div class=\"wp-block-columns is-layout-flex wp-container-core-columns-is-layout-9d6595d7 wp-block-columns-is-layout-flex\">\n<div class=\"wp-block-column is-layout-flow wp-block-column-is-layout-flow\"><\/div>\n\n\n\n<div class=\"wp-block-column is-layout-flow wp-block-column-is-layout-flow\"><\/div>\n\n\n\n<div class=\"wp-block-column is-layout-flow wp-block-column-is-layout-flow\"><\/div>\n<\/div>\n<\/div><\/div>\n\n\n\n<div style=\"height:1rem\" aria-hidden=\"true\" class=\"wp-block-spacer\"><\/div>\n\n\n\n<style>\n.entry-content .button {\nmargin-top: 1rem;\n}\n@media(max-width:1700px) {\n    p br {\n    display: none;\n    }\n}\n@media(max-width:600px) {\n    .entry-content .button {\n    margin-top: 0;\n    margin-bottom: 1rem;\n    }\n    .wp-block-spacer {\n        height: 0 !important;\n    }\n}\n<\/style>\n","protected":false},"excerpt":{"rendered":"<p>Opracowanie i wdro\u017cenie stacji \u0142adowania autobus\u00f3w elektrycznych zasilanej z sieci DC Dowiedz si\u0119 wi\u0119cej -&gt; Utworzenie centrum badawczo-rozwojowego nowych technologii w transporcie elektrycznym Dowiedz si\u0119 wi\u0119cej -&gt; Rozw\u00f3j centrum badawczo &#8211; rozwojowego nowych technologii w transporcie elektrycznym Dowiedz si\u0119 wi\u0119cej -&gt; Terminal \u0142adowania autobus\u00f3w elektrycznych zasilany z sieci dystrybucyjnej i wspomagany stacjonarnym zasobnikiem energii Dowiedz [&hellip;]<\/p>\n","protected":false},"author":1,"featured_media":0,"parent":0,"menu_order":0,"comment_status":"closed","ping_status":"closed","template":"","meta":{"_acf_changed":false,"footnotes":""},"class_list":["post-1662","page","type-page","status-publish","hentry"],"acf":[],"yoast_head":"<!-- This site is optimized with the Yoast SEO Premium plugin v27.1 (Yoast SEO v27.3) - https:\/\/yoast.com\/product\/yoast-seo-premium-wordpress\/ -->\n<title>Projekty Europejskie | Ekoenergetyka<\/title>\n<meta name=\"description\" content=\"Jeste\u015bmy innowacyjn\u0105 firm\u0105, kt\u00f3ra przeprowadza mn\u00f3stwo prac badawczo-rozwojowych. Zobacz nasze projekty, realizowane przy wsparciu UE.\" \/>\n<meta name=\"robots\" content=\"index, follow, max-snippet:-1, max-image-preview:large, max-video-preview:-1\" \/>\n<link rel=\"canonical\" href=\"https:\/\/ekoenergetyka.com\/pl\/projekty-europejskie\/\" \/>\n<meta property=\"og:locale\" content=\"pl_PL\" \/>\n<meta property=\"og:type\" content=\"article\" \/>\n<meta property=\"og:title\" content=\"Projekty Europejskie\" \/>\n<meta property=\"og:description\" content=\"Jeste\u015bmy innowacyjn\u0105 firm\u0105, kt\u00f3ra przeprowadza mn\u00f3stwo prac badawczo-rozwojowych. Zobacz nasze projekty, realizowane przy wsparciu UE.\" \/>\n<meta property=\"og:url\" content=\"https:\/\/ekoenergetyka.com\/pl\/projekty-europejskie\/\" \/>\n<meta property=\"og:site_name\" content=\"Ekoenergetyka\" \/>\n<meta property=\"article:publisher\" content=\"https:\/\/www.facebook.com\/ekoenergetykaPolska\/\" \/>\n<meta property=\"article:modified_time\" content=\"2026-04-02T11:05:54+00:00\" \/>\n<meta property=\"og:image\" content=\"https:\/\/ekoenergetyka.com\/wp-content\/uploads\/2025\/06\/baner-ev-charging-stations-hd.jpg\" \/>\n\t<meta property=\"og:image:width\" content=\"1920\" \/>\n\t<meta property=\"og:image:height\" content=\"916\" \/>\n\t<meta property=\"og:image:type\" content=\"image\/jpeg\" \/>\n<meta name=\"twitter:card\" content=\"summary_large_image\" \/>\n<meta name=\"twitter:label1\" content=\"Szacowany czas czytania\" \/>\n\t<meta name=\"twitter:data1\" content=\"2 minuty\" \/>\n<script type=\"application\/ld+json\" class=\"yoast-schema-graph\">{\"@context\":\"https:\\\/\\\/schema.org\",\"@graph\":[{\"@type\":\"WebPage\",\"@id\":\"https:\\\/\\\/ekoenergetyka.com\\\/pl\\\/projekty-europejskie\\\/\",\"url\":\"https:\\\/\\\/ekoenergetyka.com\\\/pl\\\/projekty-europejskie\\\/\",\"name\":\"Projekty Europejskie | Ekoenergetyka\",\"isPartOf\":{\"@id\":\"https:\\\/\\\/ekoenergetyka.com\\\/pl\\\/#website\"},\"datePublished\":\"2021-06-29T11:11:00+00:00\",\"dateModified\":\"2026-04-02T11:05:54+00:00\",\"description\":\"Jeste\u015bmy innowacyjn\u0105 firm\u0105, kt\u00f3ra przeprowadza mn\u00f3stwo prac badawczo-rozwojowych. Zobacz nasze projekty, realizowane przy wsparciu UE.\",\"breadcrumb\":{\"@id\":\"https:\\\/\\\/ekoenergetyka.com\\\/pl\\\/projekty-europejskie\\\/#breadcrumb\"},\"inLanguage\":\"pl-PL\",\"potentialAction\":[{\"@type\":\"ReadAction\",\"target\":[\"https:\\\/\\\/ekoenergetyka.com\\\/pl\\\/projekty-europejskie\\\/\"]}]},{\"@type\":\"BreadcrumbList\",\"@id\":\"https:\\\/\\\/ekoenergetyka.com\\\/pl\\\/projekty-europejskie\\\/#breadcrumb\",\"itemListElement\":[{\"@type\":\"ListItem\",\"position\":1,\"name\":\"Strona G\u0142\u00f3wna\",\"item\":\"https:\\\/\\\/ekoenergetyka.com\\\/pl\\\/\"},{\"@type\":\"ListItem\",\"position\":2,\"name\":\"Projekty Europejskie\"}]},{\"@type\":\"WebSite\",\"@id\":\"https:\\\/\\\/ekoenergetyka.com\\\/pl\\\/#website\",\"url\":\"https:\\\/\\\/ekoenergetyka.com\\\/pl\\\/\",\"name\":\"Ekoenergetyka\",\"description\":\"\",\"publisher\":{\"@id\":\"https:\\\/\\\/ekoenergetyka.com\\\/pl\\\/#organization\"},\"potentialAction\":[{\"@type\":\"SearchAction\",\"target\":{\"@type\":\"EntryPoint\",\"urlTemplate\":\"https:\\\/\\\/ekoenergetyka.com\\\/pl\\\/?s={search_term_string}\"},\"query-input\":{\"@type\":\"PropertyValueSpecification\",\"valueRequired\":true,\"valueName\":\"search_term_string\"}}],\"inLanguage\":\"pl-PL\"},{\"@type\":\"Organization\",\"@id\":\"https:\\\/\\\/ekoenergetyka.com\\\/pl\\\/#organization\",\"name\":\"Ekoenergetyka - Polska S.A.\",\"url\":\"https:\\\/\\\/ekoenergetyka.com\\\/pl\\\/\",\"logo\":{\"@type\":\"ImageObject\",\"inLanguage\":\"pl-PL\",\"@id\":\"https:\\\/\\\/ekoenergetyka.com\\\/pl\\\/#\\\/schema\\\/logo\\\/image\\\/\",\"url\":\"https:\\\/\\\/ekoenergetyka.com\\\/wp-content\\\/uploads\\\/2024\\\/11\\\/cropped-sygnet-bez-tla-black-1-2.png\",\"contentUrl\":\"https:\\\/\\\/ekoenergetyka.com\\\/wp-content\\\/uploads\\\/2024\\\/11\\\/cropped-sygnet-bez-tla-black-1-2.png\",\"width\":512,\"height\":512,\"caption\":\"Ekoenergetyka - Polska S.A.\"},\"image\":{\"@id\":\"https:\\\/\\\/ekoenergetyka.com\\\/pl\\\/#\\\/schema\\\/logo\\\/image\\\/\"},\"sameAs\":[\"https:\\\/\\\/www.facebook.com\\\/ekoenergetykaPolska\\\/\",\"https:\\\/\\\/www.linkedin.com\\\/company\\\/ekoenergetyka\",\"https:\\\/\\\/www.youtube.com\\\/channel\\\/UCfZM_rPDdrv6D0JB-uhWi8Q\\\/videos\"],\"description\":\"Established in 2009 Poland with a sole purpose of providing charging solutions, we are one of the pioneers in the e-mobility industry. In a decade, Ekoenergetyka has grown from 2 to more than 400 employees (currently around 1,000) and has acquired customers throughout Europe and are now a Central and Eastern European leader in charging technologies.\",\"email\":\"contact@ekoenergetyka.com.pl\",\"telephone\":\"+ 48 68 328 20 68\",\"numberOfEmployees\":{\"@type\":\"QuantitativeValue\",\"minValue\":\"501\",\"maxValue\":\"1000\"}}]}<\/script>\n<!-- \/ Yoast SEO Premium plugin. -->","yoast_head_json":{"title":"Projekty Europejskie | Ekoenergetyka","description":"Jeste\u015bmy innowacyjn\u0105 firm\u0105, kt\u00f3ra przeprowadza mn\u00f3stwo prac badawczo-rozwojowych. Zobacz nasze projekty, realizowane przy wsparciu UE.","robots":{"index":"index","follow":"follow","max-snippet":"max-snippet:-1","max-image-preview":"max-image-preview:large","max-video-preview":"max-video-preview:-1"},"canonical":"https:\/\/ekoenergetyka.com\/pl\/projekty-europejskie\/","og_locale":"pl_PL","og_type":"article","og_title":"Projekty Europejskie","og_description":"Jeste\u015bmy innowacyjn\u0105 firm\u0105, kt\u00f3ra przeprowadza mn\u00f3stwo prac badawczo-rozwojowych. Zobacz nasze projekty, realizowane przy wsparciu UE.","og_url":"https:\/\/ekoenergetyka.com\/pl\/projekty-europejskie\/","og_site_name":"Ekoenergetyka","article_publisher":"https:\/\/www.facebook.com\/ekoenergetykaPolska\/","article_modified_time":"2026-04-02T11:05:54+00:00","og_image":[{"width":1920,"height":916,"url":"https:\/\/ekoenergetyka.com\/wp-content\/uploads\/2025\/06\/baner-ev-charging-stations-hd.jpg","type":"image\/jpeg"}],"twitter_card":"summary_large_image","twitter_misc":{"Szacowany czas czytania":"2 minuty"},"schema":{"@context":"https:\/\/schema.org","@graph":[{"@type":"WebPage","@id":"https:\/\/ekoenergetyka.com\/pl\/projekty-europejskie\/","url":"https:\/\/ekoenergetyka.com\/pl\/projekty-europejskie\/","name":"Projekty Europejskie | Ekoenergetyka","isPartOf":{"@id":"https:\/\/ekoenergetyka.com\/pl\/#website"},"datePublished":"2021-06-29T11:11:00+00:00","dateModified":"2026-04-02T11:05:54+00:00","description":"Jeste\u015bmy innowacyjn\u0105 firm\u0105, kt\u00f3ra przeprowadza mn\u00f3stwo prac badawczo-rozwojowych. Zobacz nasze projekty, realizowane przy wsparciu UE.","breadcrumb":{"@id":"https:\/\/ekoenergetyka.com\/pl\/projekty-europejskie\/#breadcrumb"},"inLanguage":"pl-PL","potentialAction":[{"@type":"ReadAction","target":["https:\/\/ekoenergetyka.com\/pl\/projekty-europejskie\/"]}]},{"@type":"BreadcrumbList","@id":"https:\/\/ekoenergetyka.com\/pl\/projekty-europejskie\/#breadcrumb","itemListElement":[{"@type":"ListItem","position":1,"name":"Strona G\u0142\u00f3wna","item":"https:\/\/ekoenergetyka.com\/pl\/"},{"@type":"ListItem","position":2,"name":"Projekty Europejskie"}]},{"@type":"WebSite","@id":"https:\/\/ekoenergetyka.com\/pl\/#website","url":"https:\/\/ekoenergetyka.com\/pl\/","name":"Ekoenergetyka","description":"","publisher":{"@id":"https:\/\/ekoenergetyka.com\/pl\/#organization"},"potentialAction":[{"@type":"SearchAction","target":{"@type":"EntryPoint","urlTemplate":"https:\/\/ekoenergetyka.com\/pl\/?s={search_term_string}"},"query-input":{"@type":"PropertyValueSpecification","valueRequired":true,"valueName":"search_term_string"}}],"inLanguage":"pl-PL"},{"@type":"Organization","@id":"https:\/\/ekoenergetyka.com\/pl\/#organization","name":"Ekoenergetyka - Polska S.A.","url":"https:\/\/ekoenergetyka.com\/pl\/","logo":{"@type":"ImageObject","inLanguage":"pl-PL","@id":"https:\/\/ekoenergetyka.com\/pl\/#\/schema\/logo\/image\/","url":"https:\/\/ekoenergetyka.com\/wp-content\/uploads\/2024\/11\/cropped-sygnet-bez-tla-black-1-2.png","contentUrl":"https:\/\/ekoenergetyka.com\/wp-content\/uploads\/2024\/11\/cropped-sygnet-bez-tla-black-1-2.png","width":512,"height":512,"caption":"Ekoenergetyka - Polska S.A."},"image":{"@id":"https:\/\/ekoenergetyka.com\/pl\/#\/schema\/logo\/image\/"},"sameAs":["https:\/\/www.facebook.com\/ekoenergetykaPolska\/","https:\/\/www.linkedin.com\/company\/ekoenergetyka","https:\/\/www.youtube.com\/channel\/UCfZM_rPDdrv6D0JB-uhWi8Q\/videos"],"description":"Established in 2009 Poland with a sole purpose of providing charging solutions, we are one of the pioneers in the e-mobility industry. In a decade, Ekoenergetyka has grown from 2 to more than 400 employees (currently around 1,000) and has acquired customers throughout Europe and are now a Central and Eastern European leader in charging technologies.","email":"contact@ekoenergetyka.com.pl","telephone":"+ 48 68 328 20 68","numberOfEmployees":{"@type":"QuantitativeValue","minValue":"501","maxValue":"1000"}}]}},"_links":{"self":[{"href":"https:\/\/ekoenergetyka.com\/pl\/wp-json\/wp\/v2\/pages\/1662","targetHints":{"allow":["GET"]}}],"collection":[{"href":"https:\/\/ekoenergetyka.com\/pl\/wp-json\/wp\/v2\/pages"}],"about":[{"href":"https:\/\/ekoenergetyka.com\/pl\/wp-json\/wp\/v2\/types\/page"}],"author":[{"embeddable":true,"href":"https:\/\/ekoenergetyka.com\/pl\/wp-json\/wp\/v2\/users\/1"}],"replies":[{"embeddable":true,"href":"https:\/\/ekoenergetyka.com\/pl\/wp-json\/wp\/v2\/comments?post=1662"}],"version-history":[{"count":5,"href":"https:\/\/ekoenergetyka.com\/pl\/wp-json\/wp\/v2\/pages\/1662\/revisions"}],"predecessor-version":[{"id":58711,"href":"https:\/\/ekoenergetyka.com\/pl\/wp-json\/wp\/v2\/pages\/1662\/revisions\/58711"}],"wp:attachment":[{"href":"https:\/\/ekoenergetyka.com\/pl\/wp-json\/wp\/v2\/media?parent=1662"}],"curies":[{"name":"wp","href":"https:\/\/api.w.org\/{rel}","templated":true}]}}