{"id":1006,"date":"2021-06-16T15:47:49","date_gmt":"2021-06-16T13:47:49","guid":{"rendered":"https:\/\/ekoenergetyka.com\/polityka-prywatnosci\/"},"modified":"2025-09-16T16:03:51","modified_gmt":"2025-09-16T14:03:51","slug":"klauzula-informacyjna","status":"publish","type":"page","link":"https:\/\/ekoenergetyka.com\/pl\/klauzula-informacyjna\/","title":{"rendered":"Klauzula informacyjna"},"content":{"rendered":"\n<h2 class=\"wp-block-heading\" id=\"h-klauzula-informacyjna-o-przetwarzaniu-danych-osobowych\"><strong>KLAUZULA INFORMACYJNA O PRZETWARZANIU DANYCH OSOBOWYCH<\/strong><\/h2>\n\n\n\n<p>W zwi\u0105zku z obowi\u0105zuj\u0105cym Rozporz\u0105dzeniem Parlamentu Europejskiego i Rady (UE) 2016\/679 z dnia 27 kwietnia 2016 r. w sprawie ochrony os\u00f3b fizycznych w zwi\u0105zku z przetwarzaniem danych osobowych i w sprawie swobodnego przep\u0142ywu takich danych oraz uchylenia dyrektywy 95\/46\/WE (Og\u00f3lne rozporz\u0105dzenie o ochronie danych \u2013 dalej \u201eRODO\u201d, opubl. w Dz. Urz. UE L 119\/1 z 4 maja 2016 r.), informujemy, \u017ce:<\/p>\n\n\n\n<ul class=\"wp-block-list\">\n<li>Administratorem Pana(-i) danych osobowych jest Ekoenergetyka-Polska S.A. z siedzib\u0105 w Zielonej G\u00f3rze (66-002) przy ulicy Nowy Kisielin \u2013 Rozwojowa 7A, z kt\u00f3rym mo\u017cna kontaktowa\u0107 si\u0119 mailowo za po\u015brednictwem adresu:\u00a0<a href=\"mailto:contact@ekoenergetyka.com\">contact@ekoenergetyka.com<\/a>\u00a0.<\/li>\n\n\n\n<li>Inspektorem Ochrony Danych jest S\u0142awomir Kozie\u0142, z kt\u00f3rym mo\u017cna kontaktowa\u0107 si\u0119 mailowo za po\u015brednictwem adresu: rodo@ekoenergetyka.com we wszelkich sprawach z zakresu realizacji obowi\u0105zku ochrony danych osobowych.<\/li>\n\n\n\n<li>Administrator przetwarza Pana(-i) dane osobowe na podstawie obowi\u0105zuj\u0105cych przepis\u00f3w prawa, zawartych um\u00f3w oraz na podstawie wyra\u017conej przez Pana\/Pani\u0105 zgody.<\/li>\n\n\n\n<li>Pana(-i) dane osobowe przetwarzane b\u0119d\u0105 w celu:\n<ul class=\"wp-block-list\">\n<li>realizacji praw i obowi\u0105zk\u00f3w ustawowych Administratora,<\/li>\n\n\n\n<li>realizacji um\u00f3w,<\/li>\n\n\n\n<li>niezb\u0119dnym do ochrony Pana(-i) \u017cywotnych interes\u00f3w lub innych interes\u00f3w,<\/li>\n\n\n\n<li>realizacj\u0105 prawnie uzasadnionego interesu Administratora, w szczeg\u00f3lno\u015bci w zakresie:\n<ul class=\"wp-block-list\">\n<li>Przygotowania ofert handlowych;<\/li>\n\n\n\n<li>Prowadzenia dzia\u0142a\u0144 marketingowych;<\/li>\n\n\n\n<li>Prowadzenia bada\u0144 satysfakcji klient\u00f3w;<\/li>\n\n\n\n<li>Monitorowania obszaru firmy;<\/li>\n\n\n\n<li>Dochodzenia roszcze\u0144.<\/li>\n<\/ul>\n<\/li>\n\n\n\n<li>w pozosta\u0142ych przypadkach \u2013 wy\u0142\u0105cznie na podstawie uprzednio udzielonej przez Pana\/Pani\u0105 pisemnej zgody w zakresie i celu, wskazanym w tej zgodzie, w szczeg\u00f3lno\u015bci:\n<ul class=\"wp-block-list\">\n<li>Udzielania odpowiedzi na zapytania, w ramach prowadzonej korespondencji;<\/li>\n\n\n\n<li>Prowadzenia rekrutacji;<\/li>\n\n\n\n<li>Przekazywania informacji za po\u015brednictwem medi\u00f3w spo\u0142eczno\u015bciowych:\n<ul class=\"wp-block-list\">\n<li>serwisie Facebook (<a href=\"https:\/\/www.facebook.com\/ekoenergetykaPolska\/\">https:\/\/www.facebook.com\/ekoenergetykaPolska\/<\/a>);<\/li>\n\n\n\n<li>serwisie LinkedIn: (<a href=\"https:\/\/www.linkedin.com\/company\/ekoenergetyka\/\">https:\/\/www.linkedin.com\/company\/ekoenergetyka\/<\/a>);<\/li>\n\n\n\n<li>serwisie YouTube (<a href=\"https:\/\/www.youtube.com\/channel\/UCfZM_rPDdrv6D0JB-uhWi8Q\">https:\/\/www.youtube.com\/channel\/UCfZM_rPDdrv6D0JB-uhWi8Q<\/a>).<\/li>\n<\/ul>\n<\/li>\n<\/ul>\n<\/li>\n<\/ul>\n<\/li>\n\n\n\n<li>W zwi\u0105zku z realizacj\u0105 praw i obowi\u0105zk\u00f3w Administratora, Pana(-i) dane osobowe mog\u0105 by\u0107 udost\u0119pniane przez Administratora innym odbiorcom lub kategoriom odbiorc\u00f3w danych osobowych, kt\u00f3rymi mog\u0105 by\u0107:\n<ul class=\"wp-block-list\">\n<li>organy w\u0142adzy publicznej oraz podmioty wykonuj\u0105ce zadania publiczne lub dzia\u0142aj\u0105ce na zlecenie tych organ\u00f3w na podstawie odpowiednich przepis\u00f3w prawa,<\/li>\n\n\n\n<li>inne podmioty, upowa\u017cnione do odbioru Pana(-i) danych osobowych na podstawie odpowiednich przepis\u00f3w prawa,<\/li>\n\n\n\n<li>podmioty, kt\u00f3re przetwarzaj\u0105 Pana(-i) dane osobowe w imieniu Administratora na podstawie zawartej umowy powierzenia przetwarzania danych osobowych (tzw. podmioty przetwarzaj\u0105ce),<\/li>\n\n\n\n<li>sp\u00f3\u0142ki powi\u0105zane w zakresie cel\u00f3w dzia\u0142alno\u015bci z Administratorem (sp\u00f3\u0142ki z grupy kapita\u0142owej \u2013 Grupa Ekoenergetyka S.A.).<\/li>\n<\/ul>\n<\/li>\n<\/ul>\n\n\n\n<ul class=\"wp-block-list\">\n<li>Dane osobowe b\u0119d\u0105 przetwarzane przez okres niezb\u0119dny do realizacji w\/w cel\u00f3w z uwzgl\u0119dnieniem okres\u00f3w przechowywania wynikaj\u0105cych z termin\u00f3w przedawnienia roszcze\u0144 lub prawnie okre\u015blonych wymog\u00f3w:\n<ul class=\"wp-block-list\">\n<li>Rekrutowanie pracownik\u00f3w: 12 miesi\u0119cy od daty zako\u0144czenia rekrutacji, dla danych zawartych w CV, kt\u00f3re zosta\u0142y przes\u0142ane w odpowiedzi na og\u0142oszenie rekrutacyjne dotycz\u0105ce konkretnej rekrutacji lub 24 miesi\u0105ce od daty zako\u0144czenia rekrutacji, dla danych zawartych w CV, w przypadku os\u00f3b, kt\u00f3re wyrazi\u0142y dodatkow\u0105 zgod\u0119 na pozostawienie ich aplikacji dla cel\u00f3w przysz\u0142ych rekrutacji;<\/li>\n\n\n\n<li>Zatrudnianie pracownik\u00f3w: 10 lat od momentu zatrudnienia w stosunku do pracownik\u00f3w zatrudnionych od 1 stycznia 2019 roku oraz 50 lat w stosunku do os\u00f3b zatrudnionych przed t\u0105 dat\u0105;<\/li>\n\n\n\n<li>Prowadzenie dokumentacji pracowniczej: 10 lat od momentu zatrudnienia w stosunku do pracownik\u00f3w zatrudnionych od 1 stycznia 2019 roku oraz 50 lat w stosunku do os\u00f3b zatrudnionych przed t\u0105 dat\u0105;<\/li>\n\n\n\n<li>Wyp\u0142acanie wynagrodze\u0144 oraz przys\u0142uguj\u0105cych \u015bwiadcze\u0144: 10 lat od momentu zatrudnienia w stosunku do pracownik\u00f3w zatrudnionych od 1 stycznia 2019 roku oraz 50 lat w stosunku do os\u00f3b zatrudnionych przed t\u0105 dat\u0105;<\/li>\n\n\n\n<li>Udzielanie pracownikom przys\u0142uguj\u0105cych uprawnie\u0144: 10 lat od momentu zatrudnienia w stosunku do pracownik\u00f3w zatrudnionych od 1 stycznia 2019 roku oraz 50 lat w stosunku do os\u00f3b zatrudnionych przed t\u0105 dat\u0105;<\/li>\n\n\n\n<li>Nawi\u0105zywanie um\u00f3w cywilnoprawnych: do up\u0142ywu okresu przedawnienia roszcze\u0144 zwi\u0105zanych z dan\u0105 umow\u0105;<\/li>\n\n\n\n<li>Prowadzenie monitoringu wizyjnego: maksymalnie 3 miesi\u0105ce od momentu utrwalenia obrazu, jednak\u017ce w przypadku prowadzenia post\u0119powa\u0144 przez organy \u015bcigania lub dochodzenia roszcze\u0144 okres przechowywania mo\u017ce zosta\u0107 wyd\u0142u\u017cony;<\/li>\n\n\n\n<li>Prowadzenie nadzoru nad systemami \u0142adowarek: 5 lat od momentu pozyskania danych osobowych w przypadku podmiot\u00f3w nieb\u0119d\u0105cych na dzie\u0144 usuwania klientami;<\/li>\n\n\n\n<li>Przygotowywanie oraz sk\u0142adanie ofert w post\u0119powaniach przetargowych: 2 lata od momentu rozstrzygni\u0119cia post\u0119powania przetargowego, a w przypadku wygrania przetargu okres zostaje wyd\u0142u\u017cony do 5 lat od momentu zako\u0144czenia projektu;<\/li>\n\n\n\n<li>Tworzenie oraz przesy\u0142anie ofert handlowych: 2 lata od momentu przes\u0142ania oferty oraz zaprzestania prowadzenia rozm\u00f3w handlowych;<\/li>\n\n\n\n<li>Realizowanie projekt\u00f3w: 5 lat od momentu zako\u0144czenia projektu, a w przypadku roszcze\u0144 okres mo\u017ce zosta\u0107 wyd\u0142u\u017cony;<\/li>\n\n\n\n<li>Prowadzenie dzia\u0142a\u0144 promocyjnych: do czasu wycofania zgody w przypadku promocji wizerunku oraz przeprowadzenia akcji promocyjnych za pomoc\u0105 social medi\u00f3w;<\/li>\n\n\n\n<li>Realizowanie cel\u00f3w rachunkowo- podatkowych: nie d\u0142u\u017cej ni\u017c przez okres 5 lat od ko\u0144ca roku kalendarzowego, w kt\u00f3rym powsta\u0142 obowi\u0105zek podatkowy.<\/li>\n<\/ul>\n<\/li>\n\n\n\n<li>W zwi\u0105zku z przetwarzaniem Pana(-i) danych osobowych przys\u0142uguj\u0105 Panu(-i) nast\u0119puj\u0105ce uprawnienia:<\/li>\n<\/ul>\n\n\n\n<figure class=\"wp-block-table aligncenter table-rodo\"><table><tbody><tr><td class=\"has-text-align-left\" data-align=\"left\"><strong>a)<\/strong> prawo dost\u0119pu do tre\u015bci swoich danych osobowych,<\/td><\/tr><tr><td class=\"has-text-align-left\" data-align=\"left\"><strong>b)<\/strong> prawo do \u017c\u0105dania sprostowania swoich danych osobowych w przypadku, gdy dane s\u0105 niekompletne lub niezgodne z rzeczywisto\u015bci\u0105,<\/td><\/tr><tr><td class=\"has-text-align-left\" data-align=\"left\"><strong>c) <\/strong>prawo do \u017c\u0105dania usuni\u0119cia swoich danych osobowych (tzw. prawo do bycia zapomnianym) w przypadku, gdy:<br>\u2013 dane osobowe nie s\u0105 ju\u017c niezb\u0119dne do cel\u00f3w, w kt\u00f3rych zosta\u0142y zebrane lub w inny spos\u00f3b przetwarzane,<br>\u2013 osoba, kt\u00f3rej dane dotycz\u0105, cofn\u0119\u0142a zgod\u0119 i nie ma innej podstawy prawnej przetwarzania, <br>\u2013 osoba, kt\u00f3rej dane dotycz\u0105, wnosi sprzeciw wobec przetwarzania i nie wyst\u0119puj\u0105 nadrz\u0119dne prawnie uzasadnione podstawy przetwarzania, <br>\u2013 dane osobowe by\u0142y przetwarzane niezgodnie z prawem, <br>\u2013 dane osobowe musz\u0105 zosta\u0107 usuni\u0119te w celu wywi\u0105zania si\u0119 z obowi\u0105zku prawnego przewidzianego w prawie Unii lub prawie pa\u0144stwa cz\u0142onkowskiego, kt\u00f3remu podlega administrator, <br>\u2013 dane osobowe zosta\u0142y zebrane w zwi\u0105zku z oferowaniem us\u0142ug spo\u0142ecze\u0144stwa informacyjnego,<\/td><\/tr><tr><td class=\"has-text-align-left\" data-align=\"left\"><strong>d) <\/strong>prawo do \u017c\u0105dania ograniczenia przetwarzania swoich danych osobowych w przypadku, gdy: <br>\u2013&nbsp; osoba, kt\u00f3rej dane dotycz\u0105, kwestionuje prawid\u0142owo\u015b\u0107 danych osobowych, <br>\u2013&nbsp; przetwarzanie jest niezgodne z prawem, a osoba, kt\u00f3rej dane dotycz\u0105, sprzeciwia si\u0119 usuni\u0119ciu danych osobowych, \u017c\u0105daj\u0105c w zamian ograniczenia ich wykorzystywania, <br>\u2013&nbsp; administrator nie potrzebuje ju\u017c danych osobowych do cel\u00f3w przetwarzania, ale s\u0105 one potrzebne osobie, kt\u00f3rej dane dotycz\u0105, do ustalenia, dochodzenia lub obrony roszcze\u0144, <br>\u2013 osoba, kt\u00f3rej dane dotycz\u0105, wnios\u0142a sprzeciw wobec przetwarzania, <br>\u2013 do czasu stwierdzenia, czy prawnie uzasadnione podstawy po stronie administratora s\u0105 nadrz\u0119dne wobec podstaw sprzeciwu osoby, kt\u00f3rej dane dotycz\u0105,<\/td><\/tr><tr><td class=\"has-text-align-left\" data-align=\"left\"><strong>e<\/strong>) prawo do przenoszenia swoich danych osobowych, gdy \u0142\u0105cznie spe\u0142nione s\u0105 nast\u0119puj\u0105ce przes\u0142anki:\n\n\u2013 przetwarzanie odbywa si\u0119 na podstawie zgody lub na podstawie umowy oraz\n\n\u2013 przetwarzanie odbywa si\u0119 w spos\u00f3b zautomatyzowany,<\/td><\/tr><tr><td class=\"has-text-align-left\" data-align=\"left\"><strong>f) <\/strong>prawo wniesienia sprzeciwu wobec przetwarzania swoich danych osobowych,<\/td><\/tr><tr><td class=\"has-text-align-left\" data-align=\"left\"><strong>g) <\/strong>prawo do cofni\u0119cia zgody w dowolnym momencie bez wp\u0142ywu na zgodno\u015b\u0107 z prawem przetwarzania, kt\u00f3rego dokonano na podstawie zgody przed jej cofni\u0119ciem,<\/td><\/tr><tr><td class=\"has-text-align-left\" data-align=\"left\"><strong>h) <\/strong>prawo wniesienia skargi do organu nadzorczego, tj. Prezesa Urz\u0119du Ochrony Danych Osobowych, na adres:\n\n<strong>Urz\u0105d Ochrony Danych Osobowych<\/strong>\n\nul. Stawki 2\n\n00-193 Warszawa<\/td><\/tr><\/tbody><\/table><\/figure>\n\n\n\n<ul class=\"wp-block-list\">\n<li>Podanie danych osobowych jest obligatoryjne w zakresie, uj\u0119tym przepisami prawa, do kt\u00f3rych podania jest Pan(-i) zobowi\u0105zany\/zobowi\u0105zana, a w pozosta\u0142ym zakresie jest dobrowolne, jednak\u017ce niepodanie danych b\u0119dzie skutkowa\u0142o odmow\u0105 realizacji us\u0142ug.<\/li>\n\n\n\n<li>Pana(-i) dane nie b\u0119d\u0105 poddawane profilowaniu.<\/li>\n<\/ul>\n\n\n\n<p>Podstawa prawna:<\/p>\n\n\n\n<p>\u2013 art. 13 Rozporz\u0105dzenia Parlamentu Europejskiego i Rady (UE) 2016\/679 z dnia 27 kwietnia 2016 r. w sprawie ochrony os\u00f3b fizycznych w zwi\u0105zku z przetwarzaniem danych osobowych i w sprawie swobodnego przep\u0142ywu takich danych oraz uchylenia dyrektywy 95\/46\/WE\n\n<\/p>\n","protected":false},"excerpt":{"rendered":"<p>KLAUZULA INFORMACYJNA O PRZETWARZANIU DANYCH OSOBOWYCH W zwi\u0105zku z obowi\u0105zuj\u0105cym Rozporz\u0105dzeniem Parlamentu Europejskiego i Rady (UE) 2016\/679 z dnia 27 kwietnia 2016 r. w sprawie ochrony os\u00f3b fizycznych w zwi\u0105zku z przetwarzaniem danych osobowych i w sprawie swobodnego przep\u0142ywu takich danych oraz uchylenia dyrektywy 95\/46\/WE (Og\u00f3lne rozporz\u0105dzenie o ochronie danych \u2013 dalej \u201eRODO\u201d, opubl. w [&hellip;]<\/p>\n","protected":false},"author":1,"featured_media":0,"parent":0,"menu_order":0,"comment_status":"closed","ping_status":"closed","template":"","meta":{"_acf_changed":false,"footnotes":""},"class_list":["post-1006","page","type-page","status-publish","hentry"],"acf":[],"yoast_head":"<!-- This site is optimized with the Yoast SEO Premium plugin v27.3 (Yoast SEO v27.3) - https:\/\/yoast.com\/product\/yoast-seo-premium-wordpress\/ -->\n<title>Klauzula informacyjna | Ekoenergetyka<\/title>\n<meta name=\"description\" content=\"Klauzula informacyjna o przetwarzaniu danych osobowych. Inspektorem Ochrony Danych jest S\u0142awomir Kozie\u0142.\" \/>\n<meta name=\"robots\" content=\"index, follow, max-snippet:-1, max-image-preview:large, max-video-preview:-1\" \/>\n<link rel=\"canonical\" href=\"https:\/\/ekoenergetyka.com\/pl\/klauzula-informacyjna\/\" \/>\n<meta property=\"og:locale\" content=\"pl_PL\" \/>\n<meta property=\"og:type\" content=\"article\" \/>\n<meta property=\"og:title\" content=\"Klauzula informacyjna\" \/>\n<meta property=\"og:description\" content=\"Klauzula informacyjna o przetwarzaniu danych osobowych. Inspektorem Ochrony Danych jest S\u0142awomir Kozie\u0142.\" \/>\n<meta property=\"og:url\" content=\"https:\/\/ekoenergetyka.com\/pl\/klauzula-informacyjna\/\" \/>\n<meta property=\"og:site_name\" content=\"Ekoenergetyka\" \/>\n<meta property=\"article:publisher\" content=\"https:\/\/www.facebook.com\/ekoenergetykaPolska\/\" \/>\n<meta property=\"article:modified_time\" content=\"2025-09-16T14:03:51+00:00\" \/>\n<meta property=\"og:image\" content=\"https:\/\/ekoenergetyka.com\/wp-content\/uploads\/2025\/06\/baner-ev-charging-stations-hd.jpg\" \/>\n\t<meta property=\"og:image:width\" content=\"1920\" \/>\n\t<meta property=\"og:image:height\" content=\"916\" \/>\n\t<meta property=\"og:image:type\" content=\"image\/jpeg\" \/>\n<meta name=\"twitter:card\" content=\"summary_large_image\" \/>\n<meta name=\"twitter:label1\" content=\"Szacowany czas czytania\" \/>\n\t<meta name=\"twitter:data1\" content=\"7 minut\" \/>\n<script type=\"application\/ld+json\" class=\"yoast-schema-graph\">{\"@context\":\"https:\\\/\\\/schema.org\",\"@graph\":[{\"@type\":\"WebPage\",\"@id\":\"https:\\\/\\\/ekoenergetyka.com\\\/pl\\\/klauzula-informacyjna\\\/\",\"url\":\"https:\\\/\\\/ekoenergetyka.com\\\/pl\\\/klauzula-informacyjna\\\/\",\"name\":\"Klauzula informacyjna | Ekoenergetyka\",\"isPartOf\":{\"@id\":\"https:\\\/\\\/ekoenergetyka.com\\\/pl\\\/#website\"},\"datePublished\":\"2021-06-16T13:47:49+00:00\",\"dateModified\":\"2025-09-16T14:03:51+00:00\",\"description\":\"Klauzula informacyjna o przetwarzaniu danych osobowych. Inspektorem Ochrony Danych jest S\u0142awomir Kozie\u0142.\",\"breadcrumb\":{\"@id\":\"https:\\\/\\\/ekoenergetyka.com\\\/pl\\\/klauzula-informacyjna\\\/#breadcrumb\"},\"inLanguage\":\"pl-PL\",\"potentialAction\":[{\"@type\":\"ReadAction\",\"target\":[\"https:\\\/\\\/ekoenergetyka.com\\\/pl\\\/klauzula-informacyjna\\\/\"]}]},{\"@type\":\"BreadcrumbList\",\"@id\":\"https:\\\/\\\/ekoenergetyka.com\\\/pl\\\/klauzula-informacyjna\\\/#breadcrumb\",\"itemListElement\":[{\"@type\":\"ListItem\",\"position\":1,\"name\":\"Strona G\u0142\u00f3wna\",\"item\":\"https:\\\/\\\/ekoenergetyka.com\\\/pl\\\/\"},{\"@type\":\"ListItem\",\"position\":2,\"name\":\"Klauzula informacyjna\"}]},{\"@type\":\"WebSite\",\"@id\":\"https:\\\/\\\/ekoenergetyka.com\\\/pl\\\/#website\",\"url\":\"https:\\\/\\\/ekoenergetyka.com\\\/pl\\\/\",\"name\":\"Ekoenergetyka\",\"description\":\"\",\"publisher\":{\"@id\":\"https:\\\/\\\/ekoenergetyka.com\\\/pl\\\/#organization\"},\"potentialAction\":[{\"@type\":\"SearchAction\",\"target\":{\"@type\":\"EntryPoint\",\"urlTemplate\":\"https:\\\/\\\/ekoenergetyka.com\\\/pl\\\/?s={search_term_string}\"},\"query-input\":{\"@type\":\"PropertyValueSpecification\",\"valueRequired\":true,\"valueName\":\"search_term_string\"}}],\"inLanguage\":\"pl-PL\"},{\"@type\":\"Organization\",\"@id\":\"https:\\\/\\\/ekoenergetyka.com\\\/pl\\\/#organization\",\"name\":\"Ekoenergetyka - Polska S.A.\",\"url\":\"https:\\\/\\\/ekoenergetyka.com\\\/pl\\\/\",\"logo\":{\"@type\":\"ImageObject\",\"inLanguage\":\"pl-PL\",\"@id\":\"https:\\\/\\\/ekoenergetyka.com\\\/pl\\\/#\\\/schema\\\/logo\\\/image\\\/\",\"url\":\"https:\\\/\\\/ekoenergetyka.com\\\/wp-content\\\/uploads\\\/2024\\\/11\\\/cropped-sygnet-bez-tla-black-1-2.png\",\"contentUrl\":\"https:\\\/\\\/ekoenergetyka.com\\\/wp-content\\\/uploads\\\/2024\\\/11\\\/cropped-sygnet-bez-tla-black-1-2.png\",\"width\":512,\"height\":512,\"caption\":\"Ekoenergetyka - Polska S.A.\"},\"image\":{\"@id\":\"https:\\\/\\\/ekoenergetyka.com\\\/pl\\\/#\\\/schema\\\/logo\\\/image\\\/\"},\"sameAs\":[\"https:\\\/\\\/www.facebook.com\\\/ekoenergetykaPolska\\\/\",\"https:\\\/\\\/www.linkedin.com\\\/company\\\/ekoenergetyka\",\"https:\\\/\\\/www.youtube.com\\\/channel\\\/UCfZM_rPDdrv6D0JB-uhWi8Q\\\/videos\"],\"description\":\"Established in 2009 Poland with a sole purpose of providing charging solutions, we are one of the pioneers in the e-mobility industry. In a decade, Ekoenergetyka has grown from 2 to more than 400 employees (currently around 1,000) and has acquired customers throughout Europe and are now a Central and Eastern European leader in charging technologies.\",\"email\":\"contact@ekoenergetyka.com.pl\",\"telephone\":\"+ 48 68 328 20 68\",\"numberOfEmployees\":{\"@type\":\"QuantitativeValue\",\"minValue\":\"501\",\"maxValue\":\"1000\"}}]}<\/script>\n<!-- \/ Yoast SEO Premium plugin. -->","yoast_head_json":{"title":"Klauzula informacyjna | Ekoenergetyka","description":"Klauzula informacyjna o przetwarzaniu danych osobowych. Inspektorem Ochrony Danych jest S\u0142awomir Kozie\u0142.","robots":{"index":"index","follow":"follow","max-snippet":"max-snippet:-1","max-image-preview":"max-image-preview:large","max-video-preview":"max-video-preview:-1"},"canonical":"https:\/\/ekoenergetyka.com\/pl\/klauzula-informacyjna\/","og_locale":"pl_PL","og_type":"article","og_title":"Klauzula informacyjna","og_description":"Klauzula informacyjna o przetwarzaniu danych osobowych. Inspektorem Ochrony Danych jest S\u0142awomir Kozie\u0142.","og_url":"https:\/\/ekoenergetyka.com\/pl\/klauzula-informacyjna\/","og_site_name":"Ekoenergetyka","article_publisher":"https:\/\/www.facebook.com\/ekoenergetykaPolska\/","article_modified_time":"2025-09-16T14:03:51+00:00","og_image":[{"width":1920,"height":916,"url":"https:\/\/ekoenergetyka.com\/wp-content\/uploads\/2025\/06\/baner-ev-charging-stations-hd.jpg","type":"image\/jpeg"}],"twitter_card":"summary_large_image","twitter_misc":{"Szacowany czas czytania":"7 minut"},"schema":{"@context":"https:\/\/schema.org","@graph":[{"@type":"WebPage","@id":"https:\/\/ekoenergetyka.com\/pl\/klauzula-informacyjna\/","url":"https:\/\/ekoenergetyka.com\/pl\/klauzula-informacyjna\/","name":"Klauzula informacyjna | Ekoenergetyka","isPartOf":{"@id":"https:\/\/ekoenergetyka.com\/pl\/#website"},"datePublished":"2021-06-16T13:47:49+00:00","dateModified":"2025-09-16T14:03:51+00:00","description":"Klauzula informacyjna o przetwarzaniu danych osobowych. Inspektorem Ochrony Danych jest S\u0142awomir Kozie\u0142.","breadcrumb":{"@id":"https:\/\/ekoenergetyka.com\/pl\/klauzula-informacyjna\/#breadcrumb"},"inLanguage":"pl-PL","potentialAction":[{"@type":"ReadAction","target":["https:\/\/ekoenergetyka.com\/pl\/klauzula-informacyjna\/"]}]},{"@type":"BreadcrumbList","@id":"https:\/\/ekoenergetyka.com\/pl\/klauzula-informacyjna\/#breadcrumb","itemListElement":[{"@type":"ListItem","position":1,"name":"Strona G\u0142\u00f3wna","item":"https:\/\/ekoenergetyka.com\/pl\/"},{"@type":"ListItem","position":2,"name":"Klauzula informacyjna"}]},{"@type":"WebSite","@id":"https:\/\/ekoenergetyka.com\/pl\/#website","url":"https:\/\/ekoenergetyka.com\/pl\/","name":"Ekoenergetyka","description":"","publisher":{"@id":"https:\/\/ekoenergetyka.com\/pl\/#organization"},"potentialAction":[{"@type":"SearchAction","target":{"@type":"EntryPoint","urlTemplate":"https:\/\/ekoenergetyka.com\/pl\/?s={search_term_string}"},"query-input":{"@type":"PropertyValueSpecification","valueRequired":true,"valueName":"search_term_string"}}],"inLanguage":"pl-PL"},{"@type":"Organization","@id":"https:\/\/ekoenergetyka.com\/pl\/#organization","name":"Ekoenergetyka - Polska S.A.","url":"https:\/\/ekoenergetyka.com\/pl\/","logo":{"@type":"ImageObject","inLanguage":"pl-PL","@id":"https:\/\/ekoenergetyka.com\/pl\/#\/schema\/logo\/image\/","url":"https:\/\/ekoenergetyka.com\/wp-content\/uploads\/2024\/11\/cropped-sygnet-bez-tla-black-1-2.png","contentUrl":"https:\/\/ekoenergetyka.com\/wp-content\/uploads\/2024\/11\/cropped-sygnet-bez-tla-black-1-2.png","width":512,"height":512,"caption":"Ekoenergetyka - Polska S.A."},"image":{"@id":"https:\/\/ekoenergetyka.com\/pl\/#\/schema\/logo\/image\/"},"sameAs":["https:\/\/www.facebook.com\/ekoenergetykaPolska\/","https:\/\/www.linkedin.com\/company\/ekoenergetyka","https:\/\/www.youtube.com\/channel\/UCfZM_rPDdrv6D0JB-uhWi8Q\/videos"],"description":"Established in 2009 Poland with a sole purpose of providing charging solutions, we are one of the pioneers in the e-mobility industry. In a decade, Ekoenergetyka has grown from 2 to more than 400 employees (currently around 1,000) and has acquired customers throughout Europe and are now a Central and Eastern European leader in charging technologies.","email":"contact@ekoenergetyka.com.pl","telephone":"+ 48 68 328 20 68","numberOfEmployees":{"@type":"QuantitativeValue","minValue":"501","maxValue":"1000"}}]}},"_links":{"self":[{"href":"https:\/\/ekoenergetyka.com\/pl\/wp-json\/wp\/v2\/pages\/1006","targetHints":{"allow":["GET"]}}],"collection":[{"href":"https:\/\/ekoenergetyka.com\/pl\/wp-json\/wp\/v2\/pages"}],"about":[{"href":"https:\/\/ekoenergetyka.com\/pl\/wp-json\/wp\/v2\/types\/page"}],"author":[{"embeddable":true,"href":"https:\/\/ekoenergetyka.com\/pl\/wp-json\/wp\/v2\/users\/1"}],"replies":[{"embeddable":true,"href":"https:\/\/ekoenergetyka.com\/pl\/wp-json\/wp\/v2\/comments?post=1006"}],"version-history":[{"count":3,"href":"https:\/\/ekoenergetyka.com\/pl\/wp-json\/wp\/v2\/pages\/1006\/revisions"}],"predecessor-version":[{"id":48927,"href":"https:\/\/ekoenergetyka.com\/pl\/wp-json\/wp\/v2\/pages\/1006\/revisions\/48927"}],"wp:attachment":[{"href":"https:\/\/ekoenergetyka.com\/pl\/wp-json\/wp\/v2\/media?parent=1006"}],"curies":[{"name":"wp","href":"https:\/\/api.w.org\/{rel}","templated":true}]}}