{"id":52113,"date":"2025-11-20T13:23:00","date_gmt":"2025-11-20T12:23:00","guid":{"rendered":"https:\/\/ekoenergetyka.com\/?page_id=52113"},"modified":"2025-11-28T10:31:13","modified_gmt":"2025-11-28T09:31:13","slug":"artur-holodok","status":"publish","type":"page","link":"https:\/\/ekoenergetyka.com\/it\/chi-siamo\/artur-holodok\/","title":{"rendered":"Artur Ho\u0142odok"},"content":{"rendered":"\n<div class=\"wp-block-columns bio-page is-layout-flex wp-container-core-columns-is-layout-9d6595d7 wp-block-columns-is-layout-flex\">\n<div class=\"wp-block-column is-layout-flow wp-block-column-is-layout-flow\" style=\"flex-basis:25%\"><\/div>\n\n\n\n<div class=\"wp-block-column is-layout-flow wp-block-column-is-layout-flow\" style=\"flex-basis:50%\">\n<h1 class=\"wp-block-heading\" id=\"h-artur-holodok\">Artur Ho\u0142odok<\/h1>\n\n\n\n<h3 class=\"wp-block-heading\" id=\"h-vicepresidente-sviluppo\">Vicepresidente, Sviluppo<\/h3>\n\n\n\n<div style=\"height:1rem\" aria-hidden=\"true\" class=\"wp-block-spacer\"><\/div>\n\n\n\n<p class=\"text-big\">Artur Ho\u0142odok \u00e8 laureato presso la Facolt\u00e0 di Ingegneria dell\u2019Universit\u00e0 di Zielona G\u00f3ra, dove ha studiato ingegneria elettrica, con specializzazione in sistemi di misura digitale.<\/p>\n\n\n\n<p>Ha ideato e implementato la maggior parte delle soluzioni innovative in elettronica e automazione presso Ekoenergetyka\u2011Polska, tra cui:<br>transduttori ad alta velocit\u00e0 per la misura dei parametri di rete;<br>convertitori intelligenti di protocolli con accesso a Internet;<br>sistemi distribuiti basati su GSM\/GPRS per il monitoraggio di impianti industriali remoti;<br>sistema distribuito di classe RCP per istituti bancari;<br>moduli di comunicazione wireless per sistemi SCADA<br>Tra i suoi progetti vi sono anche la concezione, progettazione e programmazione di:<br>sistemi di comunicazione elettronica per terminali mobili di ricarica per autobus elettrici;<br>sistemi di comunicazione elettronica distribuita e moduli di controllo per i postamenti di potenza della serie marinePoint (per porti turistici), integrati con sistemi informatici avanzati di gestione e fatturazione;<br>oltre a molti altri concetti, design e algoritmi in campo elettrotecnico.<br>In qualit\u00e0 di Vicepresidente per lo Sviluppo, Artur Ho\u0142odok coordina l\u2019applicazione di nuove tecnologie che contribuiscono in modo significativo all\u2019evoluzione dei prodotti del portafoglio aziendale.<\/p>\n\n\n\n<div style=\"height:3rem\" aria-hidden=\"true\" class=\"wp-block-spacer\"><\/div>\n\n\n<section class=\"history-back\">\n    <div class=\"history-back-button\">\n                        <a href=\"\/about-us#managment-board\" class=\"button\">\n            <span>\n                <svg xmlns=\"http:\/\/www.w3.org\/2000\/svg\" width=\"15\" height=\"16\" viewBox=\"0 0 15 16\" fill=\"none\">\n                    <path\n                        d=\"M0.0941435 8.47611C0.153637 8.62955 0.242844 8.76973 0.356645 8.88861L6.60664 15.1386C6.72319 15.2552 6.86155 15.3476 7.01383 15.4107C7.16611 15.4738 7.32932 15.5062 7.49414 15.5062C7.82702 15.5062 8.14626 15.374 8.38164 15.1386C8.49819 15.0221 8.59064 14.8837 8.65372 14.7314C8.71679 14.5791 8.74926 14.4159 8.74926 14.2511C8.74926 13.9182 8.61702 13.599 8.38164 13.3636L4.25664 9.25111L13.7441 9.25111C14.0757 9.25111 14.3936 9.11942 14.628 8.885C14.8624 8.65058 14.9941 8.33263 14.9941 8.00111C14.9941 7.66959 14.8624 7.35165 14.628 7.11723C14.3936 6.88281 14.0757 6.75111 13.7441 6.75111L4.25664 6.75111L8.38164 2.63861C8.4988 2.52241 8.5918 2.38416 8.65526 2.23183C8.71872 2.07951 8.75139 1.91613 8.75139 1.75111C8.75139 1.5861 8.71872 1.42272 8.65526 1.27039C8.5918 1.11807 8.4988 0.979819 8.38164 0.863614C8.26544 0.746455 8.12719 0.653459 7.97486 0.589999C7.82254 0.526537 7.65916 0.493866 7.49414 0.493866C7.32913 0.493866 7.16575 0.526537 7.01342 0.589999C6.8611 0.653459 6.72285 0.746454 6.60664 0.863614L0.356645 7.11361C0.242844 7.23249 0.153637 7.37267 0.0941436 7.52611C-0.0308783 7.83044 -0.0308784 8.17178 0.0941435 8.47611Z\" \/>\n                <\/svg>\n            <\/span>\n            Back        <\/a>\n            <\/div>\n<\/section><\/div>\n\n\n\n<div class=\"wp-block-column is-layout-flow wp-block-column-is-layout-flow\" style=\"flex-basis:25%\"><\/div>\n<\/div>\n\n\n\n<p><\/p>\n","protected":false},"excerpt":{"rendered":"<p>Artur Ho\u0142odok Vicepresidente, Sviluppo Artur Ho\u0142odok \u00e8 laureato presso la Facolt\u00e0 di Ingegneria dell\u2019Universit\u00e0 di Zielona G\u00f3ra, dove ha studiato ingegneria elettrica, con specializzazione in sistemi di misura digitale. Ha ideato e implementato la maggior parte delle soluzioni innovative in elettronica e automazione presso Ekoenergetyka\u2011Polska, tra cui:transduttori ad alta velocit\u00e0 per la misura dei parametri [&hellip;]<\/p>\n","protected":false},"author":1,"featured_media":52115,"parent":52036,"menu_order":0,"comment_status":"closed","ping_status":"closed","template":"","meta":{"_acf_changed":false,"footnotes":""},"class_list":["post-52113","page","type-page","status-publish","has-post-thumbnail","hentry"],"acf":[],"yoast_head":"<!-- This site is optimized with the Yoast SEO Premium plugin v27.3 (Yoast SEO v27.4) - https:\/\/yoast.com\/product\/yoast-seo-premium-wordpress\/ -->\n<title>Artur Ho\u0142odok | Ekoenergetyka<\/title>\n<meta name=\"description\" content=\"Ekoenergetyka - we develop and produce high power charging solutions for electric passenger cars, buses and HD vehicles.\" \/>\n<meta name=\"robots\" content=\"index, follow, max-snippet:-1, max-image-preview:large, max-video-preview:-1\" \/>\n<link rel=\"canonical\" href=\"https:\/\/ekoenergetyka.com\/it\/chi-siamo\/artur-holodok\/\" \/>\n<meta property=\"og:locale\" content=\"it_IT\" \/>\n<meta property=\"og:type\" content=\"article\" \/>\n<meta property=\"og:title\" content=\"Artur Ho\u0142odok\" \/>\n<meta property=\"og:description\" content=\"Ekoenergetyka - we develop and produce high power charging solutions for electric passenger cars, buses and HD vehicles.\" \/>\n<meta property=\"og:url\" content=\"https:\/\/ekoenergetyka.com\/it\/chi-siamo\/artur-holodok\/\" \/>\n<meta property=\"og:site_name\" content=\"Ekoenergetyka\" \/>\n<meta property=\"article:publisher\" content=\"https:\/\/www.facebook.com\/ekoenergetykaPolska\/\" \/>\n<meta property=\"article:modified_time\" content=\"2025-11-28T09:31:13+00:00\" \/>\n<meta property=\"og:image\" content=\"https:\/\/ekoenergetyka.com\/wp-content\/uploads\/2025\/11\/artur-holodok-new.jpg\" \/>\n\t<meta property=\"og:image:width\" content=\"743\" \/>\n\t<meta property=\"og:image:height\" content=\"791\" \/>\n\t<meta property=\"og:image:type\" content=\"image\/jpeg\" \/>\n<meta name=\"twitter:card\" content=\"summary_large_image\" \/>\n<meta name=\"twitter:label1\" content=\"Tempo di lettura stimato\" \/>\n\t<meta name=\"twitter:data1\" content=\"2 minuti\" \/>\n<script type=\"application\/ld+json\" class=\"yoast-schema-graph\">{\"@context\":\"https:\\\/\\\/schema.org\",\"@graph\":[{\"@type\":\"WebPage\",\"@id\":\"https:\\\/\\\/ekoenergetyka.com\\\/it\\\/chi-siamo\\\/artur-holodok\\\/\",\"url\":\"https:\\\/\\\/ekoenergetyka.com\\\/it\\\/chi-siamo\\\/artur-holodok\\\/\",\"name\":\"Artur Ho\u0142odok | Ekoenergetyka\",\"isPartOf\":{\"@id\":\"https:\\\/\\\/ekoenergetyka.com\\\/it\\\/#website\"},\"primaryImageOfPage\":{\"@id\":\"https:\\\/\\\/ekoenergetyka.com\\\/it\\\/chi-siamo\\\/artur-holodok\\\/#primaryimage\"},\"image\":{\"@id\":\"https:\\\/\\\/ekoenergetyka.com\\\/it\\\/chi-siamo\\\/artur-holodok\\\/#primaryimage\"},\"thumbnailUrl\":\"https:\\\/\\\/ekoenergetyka.com\\\/wp-content\\\/uploads\\\/2025\\\/07\\\/artur-holdok-full.jpg\",\"datePublished\":\"2025-11-20T12:23:00+00:00\",\"dateModified\":\"2025-11-28T09:31:13+00:00\",\"description\":\"Ekoenergetyka - we develop and produce high power charging solutions for electric passenger cars, buses and HD vehicles.\",\"breadcrumb\":{\"@id\":\"https:\\\/\\\/ekoenergetyka.com\\\/it\\\/chi-siamo\\\/artur-holodok\\\/#breadcrumb\"},\"inLanguage\":\"it-IT\",\"potentialAction\":[{\"@type\":\"ReadAction\",\"target\":[\"https:\\\/\\\/ekoenergetyka.com\\\/it\\\/chi-siamo\\\/artur-holodok\\\/\"]}]},{\"@type\":\"ImageObject\",\"inLanguage\":\"it-IT\",\"@id\":\"https:\\\/\\\/ekoenergetyka.com\\\/it\\\/chi-siamo\\\/artur-holodok\\\/#primaryimage\",\"url\":\"https:\\\/\\\/ekoenergetyka.com\\\/wp-content\\\/uploads\\\/2025\\\/07\\\/artur-holdok-full.jpg\",\"contentUrl\":\"https:\\\/\\\/ekoenergetyka.com\\\/wp-content\\\/uploads\\\/2025\\\/07\\\/artur-holdok-full.jpg\",\"width\":2298,\"height\":1131,\"caption\":\"Artur_Holdok\"},{\"@type\":\"BreadcrumbList\",\"@id\":\"https:\\\/\\\/ekoenergetyka.com\\\/it\\\/chi-siamo\\\/artur-holodok\\\/#breadcrumb\",\"itemListElement\":[{\"@type\":\"ListItem\",\"position\":1,\"name\":\"Heim\",\"item\":\"https:\\\/\\\/ekoenergetyka.com\\\/it\\\/\"},{\"@type\":\"ListItem\",\"position\":2,\"name\":\"Chi siamo\",\"item\":\"https:\\\/\\\/ekoenergetyka.com\\\/it\\\/chi-siamo\\\/\"},{\"@type\":\"ListItem\",\"position\":3,\"name\":\"Artur Ho\u0142odok\"}]},{\"@type\":\"WebSite\",\"@id\":\"https:\\\/\\\/ekoenergetyka.com\\\/it\\\/#website\",\"url\":\"https:\\\/\\\/ekoenergetyka.com\\\/it\\\/\",\"name\":\"Ekoenergetyka\",\"description\":\"\",\"publisher\":{\"@id\":\"https:\\\/\\\/ekoenergetyka.com\\\/it\\\/#organization\"},\"potentialAction\":[{\"@type\":\"SearchAction\",\"target\":{\"@type\":\"EntryPoint\",\"urlTemplate\":\"https:\\\/\\\/ekoenergetyka.com\\\/it\\\/?s={search_term_string}\"},\"query-input\":{\"@type\":\"PropertyValueSpecification\",\"valueRequired\":true,\"valueName\":\"search_term_string\"}}],\"inLanguage\":\"it-IT\"},{\"@type\":\"Organization\",\"@id\":\"https:\\\/\\\/ekoenergetyka.com\\\/it\\\/#organization\",\"name\":\"Ekoenergetyka\",\"url\":\"https:\\\/\\\/ekoenergetyka.com\\\/it\\\/\",\"logo\":{\"@type\":\"ImageObject\",\"inLanguage\":\"it-IT\",\"@id\":\"https:\\\/\\\/ekoenergetyka.com\\\/it\\\/#\\\/schema\\\/logo\\\/image\\\/\",\"url\":\"https:\\\/\\\/ekoenergetyka.com\\\/wp-content\\\/uploads\\\/2024\\\/11\\\/cropped-sygnet-bez-tla-black-1-2.png\",\"contentUrl\":\"https:\\\/\\\/ekoenergetyka.com\\\/wp-content\\\/uploads\\\/2024\\\/11\\\/cropped-sygnet-bez-tla-black-1-2.png\",\"width\":512,\"height\":512,\"caption\":\"Ekoenergetyka\"},\"image\":{\"@id\":\"https:\\\/\\\/ekoenergetyka.com\\\/it\\\/#\\\/schema\\\/logo\\\/image\\\/\"},\"sameAs\":[\"https:\\\/\\\/www.facebook.com\\\/ekoenergetykaPolska\\\/\",\"https:\\\/\\\/www.linkedin.com\\\/company\\\/ekoenergetyka\",\"https:\\\/\\\/www.youtube.com\\\/channel\\\/UCfZM_rPDdrv6D0JB-uhWi8Q\\\/videos\"],\"description\":\"Established in 2009 Poland with a sole purpose of providing charging solutions, we are one of the pioneers in the e-mobility industry. In a decade, Ekoenergetyka has grown from 2 to more than 400 employees (currently around 1,000) and has acquired customers throughout Europe and are now a Central and Eastern European leader in charging technologies.\",\"email\":\"contact@ekoenergetyka.com.pl\",\"telephone\":\"+ 48 68 328 20 68\",\"numberOfEmployees\":{\"@type\":\"QuantitativeValue\",\"minValue\":\"501\",\"maxValue\":\"1000\"}}]}<\/script>\n<!-- \/ Yoast SEO Premium plugin. -->","yoast_head_json":{"title":"Artur Ho\u0142odok | Ekoenergetyka","description":"Ekoenergetyka - we develop and produce high power charging solutions for electric passenger cars, buses and HD vehicles.","robots":{"index":"index","follow":"follow","max-snippet":"max-snippet:-1","max-image-preview":"max-image-preview:large","max-video-preview":"max-video-preview:-1"},"canonical":"https:\/\/ekoenergetyka.com\/it\/chi-siamo\/artur-holodok\/","og_locale":"it_IT","og_type":"article","og_title":"Artur Ho\u0142odok","og_description":"Ekoenergetyka - we develop and produce high power charging solutions for electric passenger cars, buses and HD vehicles.","og_url":"https:\/\/ekoenergetyka.com\/it\/chi-siamo\/artur-holodok\/","og_site_name":"Ekoenergetyka","article_publisher":"https:\/\/www.facebook.com\/ekoenergetykaPolska\/","article_modified_time":"2025-11-28T09:31:13+00:00","og_image":[{"width":743,"height":791,"url":"https:\/\/ekoenergetyka.com\/wp-content\/uploads\/2025\/11\/artur-holodok-new.jpg","type":"image\/jpeg"}],"twitter_card":"summary_large_image","twitter_misc":{"Tempo di lettura stimato":"2 minuti"},"schema":{"@context":"https:\/\/schema.org","@graph":[{"@type":"WebPage","@id":"https:\/\/ekoenergetyka.com\/it\/chi-siamo\/artur-holodok\/","url":"https:\/\/ekoenergetyka.com\/it\/chi-siamo\/artur-holodok\/","name":"Artur Ho\u0142odok | Ekoenergetyka","isPartOf":{"@id":"https:\/\/ekoenergetyka.com\/it\/#website"},"primaryImageOfPage":{"@id":"https:\/\/ekoenergetyka.com\/it\/chi-siamo\/artur-holodok\/#primaryimage"},"image":{"@id":"https:\/\/ekoenergetyka.com\/it\/chi-siamo\/artur-holodok\/#primaryimage"},"thumbnailUrl":"https:\/\/ekoenergetyka.com\/wp-content\/uploads\/2025\/07\/artur-holdok-full.jpg","datePublished":"2025-11-20T12:23:00+00:00","dateModified":"2025-11-28T09:31:13+00:00","description":"Ekoenergetyka - we develop and produce high power charging solutions for electric passenger cars, buses and HD vehicles.","breadcrumb":{"@id":"https:\/\/ekoenergetyka.com\/it\/chi-siamo\/artur-holodok\/#breadcrumb"},"inLanguage":"it-IT","potentialAction":[{"@type":"ReadAction","target":["https:\/\/ekoenergetyka.com\/it\/chi-siamo\/artur-holodok\/"]}]},{"@type":"ImageObject","inLanguage":"it-IT","@id":"https:\/\/ekoenergetyka.com\/it\/chi-siamo\/artur-holodok\/#primaryimage","url":"https:\/\/ekoenergetyka.com\/wp-content\/uploads\/2025\/07\/artur-holdok-full.jpg","contentUrl":"https:\/\/ekoenergetyka.com\/wp-content\/uploads\/2025\/07\/artur-holdok-full.jpg","width":2298,"height":1131,"caption":"Artur_Holdok"},{"@type":"BreadcrumbList","@id":"https:\/\/ekoenergetyka.com\/it\/chi-siamo\/artur-holodok\/#breadcrumb","itemListElement":[{"@type":"ListItem","position":1,"name":"Heim","item":"https:\/\/ekoenergetyka.com\/it\/"},{"@type":"ListItem","position":2,"name":"Chi siamo","item":"https:\/\/ekoenergetyka.com\/it\/chi-siamo\/"},{"@type":"ListItem","position":3,"name":"Artur Ho\u0142odok"}]},{"@type":"WebSite","@id":"https:\/\/ekoenergetyka.com\/it\/#website","url":"https:\/\/ekoenergetyka.com\/it\/","name":"Ekoenergetyka","description":"","publisher":{"@id":"https:\/\/ekoenergetyka.com\/it\/#organization"},"potentialAction":[{"@type":"SearchAction","target":{"@type":"EntryPoint","urlTemplate":"https:\/\/ekoenergetyka.com\/it\/?s={search_term_string}"},"query-input":{"@type":"PropertyValueSpecification","valueRequired":true,"valueName":"search_term_string"}}],"inLanguage":"it-IT"},{"@type":"Organization","@id":"https:\/\/ekoenergetyka.com\/it\/#organization","name":"Ekoenergetyka","url":"https:\/\/ekoenergetyka.com\/it\/","logo":{"@type":"ImageObject","inLanguage":"it-IT","@id":"https:\/\/ekoenergetyka.com\/it\/#\/schema\/logo\/image\/","url":"https:\/\/ekoenergetyka.com\/wp-content\/uploads\/2024\/11\/cropped-sygnet-bez-tla-black-1-2.png","contentUrl":"https:\/\/ekoenergetyka.com\/wp-content\/uploads\/2024\/11\/cropped-sygnet-bez-tla-black-1-2.png","width":512,"height":512,"caption":"Ekoenergetyka"},"image":{"@id":"https:\/\/ekoenergetyka.com\/it\/#\/schema\/logo\/image\/"},"sameAs":["https:\/\/www.facebook.com\/ekoenergetykaPolska\/","https:\/\/www.linkedin.com\/company\/ekoenergetyka","https:\/\/www.youtube.com\/channel\/UCfZM_rPDdrv6D0JB-uhWi8Q\/videos"],"description":"Established in 2009 Poland with a sole purpose of providing charging solutions, we are one of the pioneers in the e-mobility industry. In a decade, Ekoenergetyka has grown from 2 to more than 400 employees (currently around 1,000) and has acquired customers throughout Europe and are now a Central and Eastern European leader in charging technologies.","email":"contact@ekoenergetyka.com.pl","telephone":"+ 48 68 328 20 68","numberOfEmployees":{"@type":"QuantitativeValue","minValue":"501","maxValue":"1000"}}]}},"_links":{"self":[{"href":"https:\/\/ekoenergetyka.com\/it\/wp-json\/wp\/v2\/pages\/52113","targetHints":{"allow":["GET"]}}],"collection":[{"href":"https:\/\/ekoenergetyka.com\/it\/wp-json\/wp\/v2\/pages"}],"about":[{"href":"https:\/\/ekoenergetyka.com\/it\/wp-json\/wp\/v2\/types\/page"}],"author":[{"embeddable":true,"href":"https:\/\/ekoenergetyka.com\/it\/wp-json\/wp\/v2\/users\/1"}],"replies":[{"embeddable":true,"href":"https:\/\/ekoenergetyka.com\/it\/wp-json\/wp\/v2\/comments?post=52113"}],"version-history":[{"count":5,"href":"https:\/\/ekoenergetyka.com\/it\/wp-json\/wp\/v2\/pages\/52113\/revisions"}],"predecessor-version":[{"id":53473,"href":"https:\/\/ekoenergetyka.com\/it\/wp-json\/wp\/v2\/pages\/52113\/revisions\/53473"}],"up":[{"embeddable":true,"href":"https:\/\/ekoenergetyka.com\/it\/wp-json\/wp\/v2\/pages\/52036"}],"wp:featuredmedia":[{"embeddable":true,"href":"https:\/\/ekoenergetyka.com\/it\/wp-json\/wp\/v2\/media\/52115"}],"wp:attachment":[{"href":"https:\/\/ekoenergetyka.com\/it\/wp-json\/wp\/v2\/media?parent=52113"}],"curies":[{"name":"wp","href":"https:\/\/api.w.org\/{rel}","templated":true}]}}