{"id":49832,"date":"2025-09-24T12:51:04","date_gmt":"2025-09-24T10:51:04","guid":{"rendered":"https:\/\/ekoenergetyka.com\/?page_id=49832"},"modified":"2026-03-25T11:18:43","modified_gmt":"2026-03-25T10:18:43","slug":"abonnez-vous-a-notre-newsletter","status":"publish","type":"page","link":"https:\/\/ekoenergetyka.com\/fr\/abonnez-vous-a-notre-newsletter\/","title":{"rendered":"Abonnez-vous \u00e0 notre newsletter"},"content":{"rendered":"\n\n\n<section class=\"wp-block-group newsletter\"><div class=\"wp-block-group__inner-container is-layout-constrained wp-block-group-is-layout-constrained\">\n<div style=\"height:4rem\" aria-hidden=\"true\" class=\"wp-block-spacer\"><\/div>\n\n\n\n<div class=\"wp-block-columns is-layout-flex wp-container-core-columns-is-layout-9d6595d7 wp-block-columns-is-layout-flex\">\n<div class=\"wp-block-column is-layout-flow wp-block-column-is-layout-flow\">\n<div class=\"wp-block-columns is-layout-flex wp-container-core-columns-is-layout-9d6595d7 wp-block-columns-is-layout-flex\">\n<div class=\"wp-block-column is-layout-flow wp-block-column-is-layout-flow\" style=\"flex-basis:80%\">\n<h1 class=\"wp-block-heading small-h2\" id=\"h-vous-souhaitez-en-savoir-plus-restez-informe-des-dernieres-avancees-dans-le-secteur-de-la-recharge\">Vous souhaitez en savoir plus ? Restez inform\u00e9 des derni\u00e8res avanc\u00e9es dans le secteur de la recharge.<\/h1>\n\n\n\n<div style=\"height:2rem\" aria-hidden=\"true\" class=\"wp-block-spacer\"><\/div>\n\n\n\n<p class=\"text-big\">Abonnez-vous \u00e0 notre newsletter pour recevoir les derni\u00e8res actualit\u00e9s, informations produit et analyses directement dans votre bo\u00eete mail. Vous pouvez vous d\u00e9sinscrire \u00e0 tout moment.<\/p>\n<\/div>\n\n\n\n<div class=\"wp-block-column is-layout-flow wp-block-column-is-layout-flow\" style=\"flex-basis:20%\"><\/div>\n<\/div>\n<\/div>\n\n\n\n<div class=\"wp-block-column is-layout-flow wp-block-column-is-layout-flow\">\n<div class=\"wp-block-contact-form-7-contact-form-selector\">\n<div class=\"wpcf7 no-js\" id=\"wpcf7-f23458-o1\" lang=\"pl-PL\" dir=\"ltr\" data-wpcf7-id=\"23458\">\n<div class=\"screen-reader-response\"><p role=\"status\" aria-live=\"polite\" aria-atomic=\"true\"><\/p> <ul><\/ul><\/div>\n<form action=\"\/fr\/wp-json\/wp\/v2\/pages\/49832#wpcf7-f23458-o1\" method=\"post\" class=\"wpcf7-form init wpcf7-acceptance-as-validation\" aria-label=\"Formularz kontaktowy\" novalidate=\"novalidate\" data-status=\"init\">\n<fieldset class=\"hidden-fields-container\"><input type=\"hidden\" name=\"_wpcf7\" value=\"23458\" \/><input type=\"hidden\" name=\"_wpcf7_version\" value=\"6.1.5\" \/><input type=\"hidden\" name=\"_wpcf7_locale\" value=\"pl_PL\" \/><input type=\"hidden\" name=\"_wpcf7_unit_tag\" value=\"wpcf7-f23458-o1\" \/><input type=\"hidden\" name=\"_wpcf7_container_post\" value=\"0\" \/><input type=\"hidden\" name=\"_wpcf7_posted_data_hash\" value=\"\" \/><input type=\"hidden\" name=\"_wpcf7_recaptcha_response\" value=\"\" \/>\n<\/fieldset>\n<div class=\"newsletter-form\">\n\t<div>\n\t\t<p><span class=\"wpcf7-form-control-wrap\" data-name=\"sm-name\"><input size=\"40\" maxlength=\"400\" class=\"wpcf7-form-control wpcf7-text wpcf7-validates-as-required\" aria-required=\"true\" aria-invalid=\"false\" placeholder=\"Nom*\" value=\"\" type=\"text\" name=\"sm-name\" \/><\/span>\n\t\t<\/p>\n\t<\/div>\n\t<div>\n\t\t<p><span class=\"wpcf7-form-control-wrap\" data-name=\"sm-email\"><input size=\"40\" maxlength=\"400\" class=\"wpcf7-form-control wpcf7-email wpcf7-validates-as-required wpcf7-text wpcf7-validates-as-email\" aria-required=\"true\" aria-invalid=\"false\" placeholder=\"e-mail*\" value=\"\" type=\"email\" name=\"sm-email\" \/><\/span>\n\t\t<\/p>\n\t<\/div>\n\t<p><span class=\"wpcf7-form-control-wrap\" data-name=\"sm-optin\"><span class=\"wpcf7-form-control wpcf7-acceptance\"><span class=\"wpcf7-list-item\"><label><input type=\"checkbox\" name=\"sm-optin\" value=\"1\" aria-invalid=\"false\" \/><span class=\"wpcf7-list-item-label\">Je consens \u00e0 ce que mon adresse \u00e9lectronique soit ajout\u00e9e \u00e0 la base de donn\u00e9es des contacts et \u00e0 l'envoi d'informations commerciales li\u00e9es \u00e0 l'offre actuelle de produits et de services de Ekoenergetyka-Polska S.A. dont le si\u00e8ge social est situ\u00e9 \u00e0 Zielona G\u00f3ra (66-002), rue Nowy Kisielin - Rozwojowa 7A. Des informations d\u00e9taill\u00e9es sur le traitement des donn\u00e9es personnelles peuvent \u00eatre trouv\u00e9es sur la sous-page : <a style=\"text-decoration: underline;\" href=\"\/fr\/clause-dinformation\/\">Clause d\u2019information*<\/a><\/span><\/label><\/span><\/span><\/span>\n\t<\/p>\n\t<div>\n\t\t<p><input class=\"wpcf7-form-control wpcf7-submit has-spinner\" type=\"submit\" value=\"S&#039;inscrire -&gt;\" \/>\n\t\t<\/p>\n\t<\/div>\n<\/div><div class=\"wpcf7-response-output\" aria-hidden=\"true\"><\/div>\n<\/form>\n<\/div>\n<\/div>\n<\/div>\n<\/div>\n<\/div><\/section>\n","protected":false},"excerpt":{"rendered":"<p>Vous souhaitez en savoir plus ? Restez inform\u00e9 des derni\u00e8res avanc\u00e9es dans le secteur de la recharge. Abonnez-vous \u00e0 notre newsletter pour recevoir les derni\u00e8res actualit\u00e9s, informations produit et analyses directement dans votre bo\u00eete mail. Vous pouvez vous d\u00e9sinscrire \u00e0 tout moment.<\/p>\n","protected":false},"author":1,"featured_media":0,"parent":0,"menu_order":0,"comment_status":"closed","ping_status":"closed","template":"","meta":{"_acf_changed":false,"footnotes":""},"class_list":["post-49832","page","type-page","status-publish","hentry"],"acf":[],"yoast_head":"<!-- This site is optimized with the Yoast SEO Premium plugin v27.1 (Yoast SEO v27.3) - https:\/\/yoast.com\/product\/yoast-seo-premium-wordpress\/ -->\n<title>Abonnez-vous \u00e0 notre newsletter | Ekoenergetyka<\/title>\n<meta name=\"description\" content=\"Anim\u00e9s par la volont\u00e9 de cr\u00e9er des solutions innovantes et motiv\u00e9s par le d\u00e9sir d&#039;introduire des transports publics sans \u00e9missions, nous concevons et fabriquons des stations de recharge \u00e0 haute puissance pour les voitures, les camionnettes, les autobus et \u00e9galement les camions.\" \/>\n<meta name=\"robots\" content=\"index, follow, max-snippet:-1, max-image-preview:large, max-video-preview:-1\" \/>\n<link rel=\"canonical\" href=\"https:\/\/ekoenergetyka.com\/fr\/abonnez-vous-a-notre-newsletter\/\" \/>\n<meta property=\"og:locale\" content=\"fr_FR\" \/>\n<meta property=\"og:type\" content=\"article\" \/>\n<meta property=\"og:title\" content=\"Abonnez-vous \u00e0 notre newsletter\" \/>\n<meta property=\"og:description\" content=\"Anim\u00e9s par la volont\u00e9 de cr\u00e9er des solutions innovantes et motiv\u00e9s par le d\u00e9sir d&#039;introduire des transports publics sans \u00e9missions, nous concevons et fabriquons des stations de recharge \u00e0 haute puissance pour les voitures, les camionnettes, les autobus et \u00e9galement les camions.\" \/>\n<meta property=\"og:url\" content=\"https:\/\/ekoenergetyka.com\/fr\/abonnez-vous-a-notre-newsletter\/\" \/>\n<meta property=\"og:site_name\" content=\"Ekoenergetyka\" \/>\n<meta property=\"article:publisher\" content=\"https:\/\/www.facebook.com\/ekoenergetykaPolska\/\" \/>\n<meta property=\"article:modified_time\" content=\"2026-03-25T10:18:43+00:00\" \/>\n<meta property=\"og:image\" content=\"https:\/\/ekoenergetyka.com\/wp-content\/uploads\/2025\/06\/baner-ev-charging-stations-hd.jpg\" \/>\n\t<meta property=\"og:image:width\" content=\"1920\" \/>\n\t<meta property=\"og:image:height\" content=\"916\" \/>\n\t<meta property=\"og:image:type\" content=\"image\/jpeg\" \/>\n<meta name=\"twitter:card\" content=\"summary_large_image\" \/>\n<meta name=\"twitter:label1\" content=\"Dur\u00e9e de lecture estim\u00e9e\" \/>\n\t<meta name=\"twitter:data1\" content=\"1 minute\" \/>\n<script type=\"application\/ld+json\" class=\"yoast-schema-graph\">{\"@context\":\"https:\\\/\\\/schema.org\",\"@graph\":[{\"@type\":\"WebPage\",\"@id\":\"https:\\\/\\\/ekoenergetyka.com\\\/fr\\\/abonnez-vous-a-notre-newsletter\\\/\",\"url\":\"https:\\\/\\\/ekoenergetyka.com\\\/fr\\\/abonnez-vous-a-notre-newsletter\\\/\",\"name\":\"Abonnez-vous \u00e0 notre newsletter | Ekoenergetyka\",\"isPartOf\":{\"@id\":\"https:\\\/\\\/ekoenergetyka.com\\\/fr\\\/#website\"},\"datePublished\":\"2025-09-24T10:51:04+00:00\",\"dateModified\":\"2026-03-25T10:18:43+00:00\",\"description\":\"Anim\u00e9s par la volont\u00e9 de cr\u00e9er des solutions innovantes et motiv\u00e9s par le d\u00e9sir d'introduire des transports publics sans \u00e9missions, nous concevons et fabriquons des stations de recharge \u00e0 haute puissance pour les voitures, les camionnettes, les autobus et \u00e9galement les camions.\",\"breadcrumb\":{\"@id\":\"https:\\\/\\\/ekoenergetyka.com\\\/fr\\\/abonnez-vous-a-notre-newsletter\\\/#breadcrumb\"},\"inLanguage\":\"fr-FR\",\"potentialAction\":[{\"@type\":\"ReadAction\",\"target\":[\"https:\\\/\\\/ekoenergetyka.com\\\/fr\\\/abonnez-vous-a-notre-newsletter\\\/\"]}]},{\"@type\":\"BreadcrumbList\",\"@id\":\"https:\\\/\\\/ekoenergetyka.com\\\/fr\\\/abonnez-vous-a-notre-newsletter\\\/#breadcrumb\",\"itemListElement\":[{\"@type\":\"ListItem\",\"position\":1,\"name\":\"Heim\",\"item\":\"https:\\\/\\\/ekoenergetyka.com\\\/fr\\\/\"},{\"@type\":\"ListItem\",\"position\":2,\"name\":\"Abonnez-vous \u00e0 notre newsletter\"}]},{\"@type\":\"WebSite\",\"@id\":\"https:\\\/\\\/ekoenergetyka.com\\\/fr\\\/#website\",\"url\":\"https:\\\/\\\/ekoenergetyka.com\\\/fr\\\/\",\"name\":\"Ekoenergetyka\",\"description\":\"\",\"publisher\":{\"@id\":\"https:\\\/\\\/ekoenergetyka.com\\\/fr\\\/#organization\"},\"potentialAction\":[{\"@type\":\"SearchAction\",\"target\":{\"@type\":\"EntryPoint\",\"urlTemplate\":\"https:\\\/\\\/ekoenergetyka.com\\\/fr\\\/?s={search_term_string}\"},\"query-input\":{\"@type\":\"PropertyValueSpecification\",\"valueRequired\":true,\"valueName\":\"search_term_string\"}}],\"inLanguage\":\"fr-FR\"},{\"@type\":\"Organization\",\"@id\":\"https:\\\/\\\/ekoenergetyka.com\\\/fr\\\/#organization\",\"name\":\"Ekoenergetyka\",\"url\":\"https:\\\/\\\/ekoenergetyka.com\\\/fr\\\/\",\"logo\":{\"@type\":\"ImageObject\",\"inLanguage\":\"fr-FR\",\"@id\":\"https:\\\/\\\/ekoenergetyka.com\\\/fr\\\/#\\\/schema\\\/logo\\\/image\\\/\",\"url\":\"https:\\\/\\\/ekoenergetyka.com\\\/wp-content\\\/uploads\\\/2024\\\/11\\\/cropped-sygnet-bez-tla-black-1-2.png\",\"contentUrl\":\"https:\\\/\\\/ekoenergetyka.com\\\/wp-content\\\/uploads\\\/2024\\\/11\\\/cropped-sygnet-bez-tla-black-1-2.png\",\"width\":512,\"height\":512,\"caption\":\"Ekoenergetyka\"},\"image\":{\"@id\":\"https:\\\/\\\/ekoenergetyka.com\\\/fr\\\/#\\\/schema\\\/logo\\\/image\\\/\"},\"sameAs\":[\"https:\\\/\\\/www.facebook.com\\\/ekoenergetykaPolska\\\/\",\"https:\\\/\\\/www.linkedin.com\\\/company\\\/ekoenergetyka\",\"https:\\\/\\\/www.youtube.com\\\/channel\\\/UCfZM_rPDdrv6D0JB-uhWi8Q\\\/videos\"],\"description\":\"Established in 2009 Poland with a sole purpose of providing charging solutions, we are one of the pioneers in the e-mobility industry. In a decade, Ekoenergetyka has grown from 2 to more than 400 employees (currently around 1,000) and has acquired customers throughout Europe and are now a Central and Eastern European leader in charging technologies.\",\"email\":\"contact@ekoenergetyka.com.pl\",\"telephone\":\"+ 48 68 328 20 68\",\"numberOfEmployees\":{\"@type\":\"QuantitativeValue\",\"minValue\":\"501\",\"maxValue\":\"1000\"}}]}<\/script>\n<!-- \/ Yoast SEO Premium plugin. -->","yoast_head_json":{"title":"Abonnez-vous \u00e0 notre newsletter | Ekoenergetyka","description":"Anim\u00e9s par la volont\u00e9 de cr\u00e9er des solutions innovantes et motiv\u00e9s par le d\u00e9sir d'introduire des transports publics sans \u00e9missions, nous concevons et fabriquons des stations de recharge \u00e0 haute puissance pour les voitures, les camionnettes, les autobus et \u00e9galement les camions.","robots":{"index":"index","follow":"follow","max-snippet":"max-snippet:-1","max-image-preview":"max-image-preview:large","max-video-preview":"max-video-preview:-1"},"canonical":"https:\/\/ekoenergetyka.com\/fr\/abonnez-vous-a-notre-newsletter\/","og_locale":"fr_FR","og_type":"article","og_title":"Abonnez-vous \u00e0 notre newsletter","og_description":"Anim\u00e9s par la volont\u00e9 de cr\u00e9er des solutions innovantes et motiv\u00e9s par le d\u00e9sir d'introduire des transports publics sans \u00e9missions, nous concevons et fabriquons des stations de recharge \u00e0 haute puissance pour les voitures, les camionnettes, les autobus et \u00e9galement les camions.","og_url":"https:\/\/ekoenergetyka.com\/fr\/abonnez-vous-a-notre-newsletter\/","og_site_name":"Ekoenergetyka","article_publisher":"https:\/\/www.facebook.com\/ekoenergetykaPolska\/","article_modified_time":"2026-03-25T10:18:43+00:00","og_image":[{"width":1920,"height":916,"url":"https:\/\/ekoenergetyka.com\/wp-content\/uploads\/2025\/06\/baner-ev-charging-stations-hd.jpg","type":"image\/jpeg"}],"twitter_card":"summary_large_image","twitter_misc":{"Dur\u00e9e de lecture estim\u00e9e":"1 minute"},"schema":{"@context":"https:\/\/schema.org","@graph":[{"@type":"WebPage","@id":"https:\/\/ekoenergetyka.com\/fr\/abonnez-vous-a-notre-newsletter\/","url":"https:\/\/ekoenergetyka.com\/fr\/abonnez-vous-a-notre-newsletter\/","name":"Abonnez-vous \u00e0 notre newsletter | Ekoenergetyka","isPartOf":{"@id":"https:\/\/ekoenergetyka.com\/fr\/#website"},"datePublished":"2025-09-24T10:51:04+00:00","dateModified":"2026-03-25T10:18:43+00:00","description":"Anim\u00e9s par la volont\u00e9 de cr\u00e9er des solutions innovantes et motiv\u00e9s par le d\u00e9sir d'introduire des transports publics sans \u00e9missions, nous concevons et fabriquons des stations de recharge \u00e0 haute puissance pour les voitures, les camionnettes, les autobus et \u00e9galement les camions.","breadcrumb":{"@id":"https:\/\/ekoenergetyka.com\/fr\/abonnez-vous-a-notre-newsletter\/#breadcrumb"},"inLanguage":"fr-FR","potentialAction":[{"@type":"ReadAction","target":["https:\/\/ekoenergetyka.com\/fr\/abonnez-vous-a-notre-newsletter\/"]}]},{"@type":"BreadcrumbList","@id":"https:\/\/ekoenergetyka.com\/fr\/abonnez-vous-a-notre-newsletter\/#breadcrumb","itemListElement":[{"@type":"ListItem","position":1,"name":"Heim","item":"https:\/\/ekoenergetyka.com\/fr\/"},{"@type":"ListItem","position":2,"name":"Abonnez-vous \u00e0 notre newsletter"}]},{"@type":"WebSite","@id":"https:\/\/ekoenergetyka.com\/fr\/#website","url":"https:\/\/ekoenergetyka.com\/fr\/","name":"Ekoenergetyka","description":"","publisher":{"@id":"https:\/\/ekoenergetyka.com\/fr\/#organization"},"potentialAction":[{"@type":"SearchAction","target":{"@type":"EntryPoint","urlTemplate":"https:\/\/ekoenergetyka.com\/fr\/?s={search_term_string}"},"query-input":{"@type":"PropertyValueSpecification","valueRequired":true,"valueName":"search_term_string"}}],"inLanguage":"fr-FR"},{"@type":"Organization","@id":"https:\/\/ekoenergetyka.com\/fr\/#organization","name":"Ekoenergetyka","url":"https:\/\/ekoenergetyka.com\/fr\/","logo":{"@type":"ImageObject","inLanguage":"fr-FR","@id":"https:\/\/ekoenergetyka.com\/fr\/#\/schema\/logo\/image\/","url":"https:\/\/ekoenergetyka.com\/wp-content\/uploads\/2024\/11\/cropped-sygnet-bez-tla-black-1-2.png","contentUrl":"https:\/\/ekoenergetyka.com\/wp-content\/uploads\/2024\/11\/cropped-sygnet-bez-tla-black-1-2.png","width":512,"height":512,"caption":"Ekoenergetyka"},"image":{"@id":"https:\/\/ekoenergetyka.com\/fr\/#\/schema\/logo\/image\/"},"sameAs":["https:\/\/www.facebook.com\/ekoenergetykaPolska\/","https:\/\/www.linkedin.com\/company\/ekoenergetyka","https:\/\/www.youtube.com\/channel\/UCfZM_rPDdrv6D0JB-uhWi8Q\/videos"],"description":"Established in 2009 Poland with a sole purpose of providing charging solutions, we are one of the pioneers in the e-mobility industry. In a decade, Ekoenergetyka has grown from 2 to more than 400 employees (currently around 1,000) and has acquired customers throughout Europe and are now a Central and Eastern European leader in charging technologies.","email":"contact@ekoenergetyka.com.pl","telephone":"+ 48 68 328 20 68","numberOfEmployees":{"@type":"QuantitativeValue","minValue":"501","maxValue":"1000"}}]}},"_links":{"self":[{"href":"https:\/\/ekoenergetyka.com\/fr\/wp-json\/wp\/v2\/pages\/49832","targetHints":{"allow":["GET"]}}],"collection":[{"href":"https:\/\/ekoenergetyka.com\/fr\/wp-json\/wp\/v2\/pages"}],"about":[{"href":"https:\/\/ekoenergetyka.com\/fr\/wp-json\/wp\/v2\/types\/page"}],"author":[{"embeddable":true,"href":"https:\/\/ekoenergetyka.com\/fr\/wp-json\/wp\/v2\/users\/1"}],"replies":[{"embeddable":true,"href":"https:\/\/ekoenergetyka.com\/fr\/wp-json\/wp\/v2\/comments?post=49832"}],"version-history":[{"count":5,"href":"https:\/\/ekoenergetyka.com\/fr\/wp-json\/wp\/v2\/pages\/49832\/revisions"}],"predecessor-version":[{"id":58252,"href":"https:\/\/ekoenergetyka.com\/fr\/wp-json\/wp\/v2\/pages\/49832\/revisions\/58252"}],"wp:attachment":[{"href":"https:\/\/ekoenergetyka.com\/fr\/wp-json\/wp\/v2\/media?parent=49832"}],"curies":[{"name":"wp","href":"https:\/\/api.w.org\/{rel}","templated":true}]}}