{"id":22992,"date":"2022-12-16T11:12:59","date_gmt":"2022-12-16T10:12:59","guid":{"rendered":"https:\/\/ekoenergetyka.com\/?page_id=22992"},"modified":"2025-09-24T12:53:11","modified_gmt":"2025-09-24T10:53:11","slug":"politique-de-confidentialite","status":"publish","type":"page","link":"https:\/\/ekoenergetyka.com\/fr\/politique-de-confidentialite\/","title":{"rendered":"Politique de confidentialit\u00e9"},"content":{"rendered":"\n<h2 class=\"wp-block-heading\" id=\"h-politique-de-confidentialite-du-site-web\">POLITIQUE DE CONFIDENTIALIT\u00c9 DU SITE WEB<\/h2>\n\n\n\n<p id=\"h-ekoenergetyka-com-pl-website\">ekoenergetyka.com<\/p>\n\n\n\n<p><\/p>\n\n\n\n<h3 class=\"wp-block-heading\">Donn\u00e9es personnelles<\/h3>\n\n\n\n<p>1. Les donn\u00e9es personnelles collect\u00e9es par le Responsable par l'interm\u00e9diaire du site Internet sont trait\u00e9es conform\u00e9ment au r\u00e8glement (UE) 2016\/679 du Parlement europ\u00e9en et du Conseil du 27 avril 2016 relatif \u00e0 la protection des personnes physiques \u00e0 l'\u00e9gard du traitement des donn\u00e9es \u00e0 caract\u00e8re personnel et \u00e0 la libre circulation de ces donn\u00e9es et abrogeant la directive 95\/46\/CE (r\u00e8glement g\u00e9n\u00e9ral sur la protection des donn\u00e9es), \u00e9galement appel\u00e9 RGPD et la loi sur la protection des donn\u00e9es du 10 mai 2018.<\/p>\n\n\n\n<p>2. Le Responsable traite les donn\u00e9es personnelles (nom et adresse e-mail) via le site ekoenergetyka.com lorsque l'utilisateur utilise le formulaire de contact. Les donn\u00e9es sont trait\u00e9es sur la base du consentement donn\u00e9 (article 6, paragraphe 1, point a) RGPD) et \u00e0 des fins d'int\u00e9r\u00eats l\u00e9gitimes (article 6, paragraphe 1, point f) RGPD).<\/p>\n\n\n\n<p>3. Les donn\u00e9es seront trait\u00e9es pendant une p\u00e9riode minimale de 2 ans afin de remplir les obligations d\u00e9coulant des exigences de la demande ou jusqu'\u00e0 ce que le consentement donn\u00e9 soit r\u00e9voqu\u00e9.<\/p>\n\n\n\n<p>4. Lors de l'utilisation du site Internet, les donn\u00e9es suivantes seront \u00e9galement collect\u00e9es : l'adresse IP du visiteur et l'adresse IP \u00e0 partir de laquelle le message a \u00e9t\u00e9 envoy\u00e9, la localisation g\u00e9ographique, la version et le type de navigateur, ainsi que des informations sur l'heure et la m\u00e9thode de navigation.<\/p>\n\n\n\n<p>5. La communication des donn\u00e9es est volontaire, et le Responsable veille particuli\u00e8rement \u00e0 prot\u00e9ger les int\u00e9r\u00eats des personnes concern\u00e9es, et notamment \u00e0 ce que les donn\u00e9es qu'il collecte soient : trait\u00e9es l\u00e9galement, collect\u00e9es pour des finalit\u00e9s d\u00e9termin\u00e9es et l\u00e9gitimes et ne fassent pas l'objet d'un traitement ult\u00e9rieur incompatible avec ces finalit\u00e9s, substantiellement correctes et ad\u00e9quates au regard des finalit\u00e9s pour lesquelles elles sont trait\u00e9es, et conserv\u00e9es sous une forme permettant l'identification des personnes concern\u00e9es pendant une dur\u00e9e n'exc\u00e9dant pas celle n\u00e9cessaire \u00e0 la r\u00e9alisation de la finalit\u00e9 du traitement.<\/p>\n\n\n\n<h3 class=\"wp-block-heading\">Partage des donn\u00e9es personnelles<\/h3>\n\n\n\n<p>1. Les donn\u00e9es personnelles sont transf\u00e9r\u00e9es aux prestataires de services utilis\u00e9s par le Responsable pour exploiter le site Internet, notamment les h\u00e9bergeurs et les fournisseurs d'outils d'analyse du trafic Web, Google Analytics, Google Ads, Meta, Linkedin.<\/p>\n\n\n\n<p>2. La personne concern\u00e9e a le droit d'acc\u00e9der au contenu de ses donn\u00e9es personnelles et le droit de rectification, d'effacement, de limitation du traitement, le droit \u00e0 la portabilit\u00e9 des donn\u00e9es, le droit d'opposition, le droit de retirer son consentement \u00e0 tout moment sans que cela n'affecte la lic\u00e9it\u00e9 du traitement effectu\u00e9 sur la base du consentement avant son retrait.<\/p>\n\n\n\n<p>3. Pour exercer les droits vis\u00e9s au point 2, veuillez envoyer un courrier \u00e9lectronique \u00e0 l'adresse suivante : rodo@ekoenergetyka.com<\/p>\n\n\n\n<p>4. Si un utilisateur fait valoir un droit au titre des droits susmentionn\u00e9s, le Responsable doit soit satisfaire \u00e0 la demande, soit refuser de satisfaire \u00e0 la demande imm\u00e9diatement, mais au plus tard un mois apr\u00e8s la r\u00e9ception de la demande. Toutefois, si, en raison de la complexit\u00e9 de la demande ou du nombre de demandes, le Responsable n'est pas en mesure de satisfaire \u00e0 la demande dans un d\u00e9lai d'un mois, il doit satisfaire \u00e0 la demande dans un d\u00e9lai suppl\u00e9mentaire de deux mois en informant \u00e0 l'avance l'utilisateur, dans un d\u00e9lai d'un mois \u00e0 compter de la r\u00e9ception de la demande, de la prolongation pr\u00e9vue et des raisons de celle-ci.<\/p>\n\n\n\n<p>5. S'il est \u00e9tabli que le traitement des donn\u00e9es personnelles viole les dispositions du RGPD, la personne concern\u00e9e a le droit d'introduire une r\u00e9clamation aupr\u00e8s du pr\u00e9sident de l'Autorit\u00e9 de protection des donn\u00e9es.<\/p>\n\n\n\n<h3 class=\"wp-block-heading\">Cookies<\/h3>\n\n\n\n<p>1. Les cookies sont des donn\u00e9es informatiques, notamment des fichiers texte, qui sont t\u00e9l\u00e9charg\u00e9s et stock\u00e9s sur l'\u00e9quipement terminal de l'utilisateur du site Internet pendant la dur\u00e9e sp\u00e9cifi\u00e9e dans les param\u00e8tres du fichier ou jusqu'\u00e0 leur suppression par l'utilisateur. Les cookies stockent des informations qui sont souvent n\u00e9cessaires au bon fonctionnement du site Internet et comprennent notamment le nom de domaine du site Web dont ils proviennent, la dur\u00e9e de leur stockage sur l'appareil final et un nom unique.<\/p>\n\n\n\n<p>2. Afin d'analyser le trafic des utilisateurs sur le site, nous utilisons Google Analytics, qui utilise des cookies pour reconna\u00eetre votre ordinateur lorsque vous visitez le site. Ces cookies sont utilis\u00e9s pour analyser l'utilisation du site Internet afin d'\u00e9tablir des statistiques g\u00e9n\u00e9rales sur les visites du site. Des informations d\u00e9taill\u00e9es sur la politique de confidentialit\u00e9 de Google Analytics sont disponibles \u00e0 l'adresse : https:\/\/policies.google.com\/privacy?hl=pl<\/p>\n\n\n\n<p>3. L'utilisation de cookies est n\u00e9cessaire pour la bonne prestation des services sur le site Internet, et le Responsable utilise des cookies pour mieux comprendre comment l'utilisateur interagit avec le contenu du site Internet.<\/p>\n\n\n\n<p>4. L'utilisateur a le droit de d\u00e9cider de la disponibilit\u00e9 des cookies pour son ordinateur en les s\u00e9lectionnant au pr\u00e9alable dans la fen\u00eatre du navigateur. Les informations d\u00e9taill\u00e9es sur les possibilit\u00e9s et les moyens de traiter les cookies sont disponibles dans les param\u00e8tres du navigateur Web.<\/p>\n","protected":false},"excerpt":{"rendered":"<p>POLITIQUE DE CONFIDENTIALIT\u00c9 DU SITE WEB ekoenergetyka.com Donn\u00e9es personnelles 1. Les donn\u00e9es personnelles collect\u00e9es par le Responsable par l&rsquo;interm\u00e9diaire du site Internet sont trait\u00e9es conform\u00e9ment au r\u00e8glement (UE) 2016\/679 du Parlement europ\u00e9en et du Conseil du 27 avril 2016 relatif \u00e0 la protection des personnes physiques \u00e0 l&rsquo;\u00e9gard du traitement des donn\u00e9es \u00e0 caract\u00e8re personnel [&hellip;]<\/p>\n","protected":false},"author":1,"featured_media":0,"parent":0,"menu_order":0,"comment_status":"closed","ping_status":"closed","template":"","meta":{"_acf_changed":false,"footnotes":""},"class_list":["post-22992","page","type-page","status-publish","hentry"],"acf":[],"yoast_head":"<!-- This site is optimized with the Yoast SEO Premium plugin v27.3 (Yoast SEO v27.3) - https:\/\/yoast.com\/product\/yoast-seo-premium-wordpress\/ -->\n<title>Politique de confidentialit\u00e9 | Ekoenergetyka<\/title>\n<meta name=\"description\" content=\"Consultez notre politique de confidentialit\u00e9 pour savoir comment Ekoenergetyka traite vos donn\u00e9es personnelles. S\u00e9curit\u00e9 et confidentialit\u00e9 garanties.\" \/>\n<meta name=\"robots\" content=\"index, follow, max-snippet:-1, max-image-preview:large, max-video-preview:-1\" \/>\n<link rel=\"canonical\" href=\"https:\/\/ekoenergetyka.com\/fr\/politique-de-confidentialite\/\" \/>\n<meta property=\"og:locale\" content=\"fr_FR\" \/>\n<meta property=\"og:type\" content=\"article\" \/>\n<meta property=\"og:title\" content=\"Politique de confidentialit\u00e9\" \/>\n<meta property=\"og:description\" content=\"Consultez notre politique de confidentialit\u00e9 pour savoir comment Ekoenergetyka traite vos donn\u00e9es personnelles. S\u00e9curit\u00e9 et confidentialit\u00e9 garanties.\" \/>\n<meta property=\"og:url\" content=\"https:\/\/ekoenergetyka.com\/fr\/politique-de-confidentialite\/\" \/>\n<meta property=\"og:site_name\" content=\"Ekoenergetyka\" \/>\n<meta property=\"article:publisher\" content=\"https:\/\/www.facebook.com\/ekoenergetykaPolska\/\" \/>\n<meta property=\"article:modified_time\" content=\"2025-09-24T10:53:11+00:00\" \/>\n<meta property=\"og:image\" content=\"https:\/\/ekoenergetyka.com\/wp-content\/uploads\/2025\/06\/baner-ev-charging-stations-hd.jpg\" \/>\n\t<meta property=\"og:image:width\" content=\"1920\" \/>\n\t<meta property=\"og:image:height\" content=\"916\" \/>\n\t<meta property=\"og:image:type\" content=\"image\/jpeg\" \/>\n<meta name=\"twitter:card\" content=\"summary_large_image\" \/>\n<meta name=\"twitter:label1\" content=\"Dur\u00e9e de lecture estim\u00e9e\" \/>\n\t<meta name=\"twitter:data1\" content=\"5 minutes\" \/>\n<script type=\"application\/ld+json\" class=\"yoast-schema-graph\">{\"@context\":\"https:\\\/\\\/schema.org\",\"@graph\":[{\"@type\":\"WebPage\",\"@id\":\"https:\\\/\\\/ekoenergetyka.com\\\/fr\\\/politique-de-confidentialite\\\/\",\"url\":\"https:\\\/\\\/ekoenergetyka.com\\\/fr\\\/politique-de-confidentialite\\\/\",\"name\":\"Politique de confidentialit\u00e9 | Ekoenergetyka\",\"isPartOf\":{\"@id\":\"https:\\\/\\\/ekoenergetyka.com\\\/fr\\\/#website\"},\"datePublished\":\"2022-12-16T10:12:59+00:00\",\"dateModified\":\"2025-09-24T10:53:11+00:00\",\"description\":\"Consultez notre politique de confidentialit\u00e9 pour savoir comment Ekoenergetyka traite vos donn\u00e9es personnelles. S\u00e9curit\u00e9 et confidentialit\u00e9 garanties.\",\"breadcrumb\":{\"@id\":\"https:\\\/\\\/ekoenergetyka.com\\\/fr\\\/politique-de-confidentialite\\\/#breadcrumb\"},\"inLanguage\":\"fr-FR\",\"potentialAction\":[{\"@type\":\"ReadAction\",\"target\":[\"https:\\\/\\\/ekoenergetyka.com\\\/fr\\\/politique-de-confidentialite\\\/\"]}]},{\"@type\":\"BreadcrumbList\",\"@id\":\"https:\\\/\\\/ekoenergetyka.com\\\/fr\\\/politique-de-confidentialite\\\/#breadcrumb\",\"itemListElement\":[{\"@type\":\"ListItem\",\"position\":1,\"name\":\"Heim\",\"item\":\"https:\\\/\\\/ekoenergetyka.com\\\/fr\\\/\"},{\"@type\":\"ListItem\",\"position\":2,\"name\":\"Politique de confidentialit\u00e9\"}]},{\"@type\":\"WebSite\",\"@id\":\"https:\\\/\\\/ekoenergetyka.com\\\/fr\\\/#website\",\"url\":\"https:\\\/\\\/ekoenergetyka.com\\\/fr\\\/\",\"name\":\"Ekoenergetyka\",\"description\":\"\",\"publisher\":{\"@id\":\"https:\\\/\\\/ekoenergetyka.com\\\/fr\\\/#organization\"},\"potentialAction\":[{\"@type\":\"SearchAction\",\"target\":{\"@type\":\"EntryPoint\",\"urlTemplate\":\"https:\\\/\\\/ekoenergetyka.com\\\/fr\\\/?s={search_term_string}\"},\"query-input\":{\"@type\":\"PropertyValueSpecification\",\"valueRequired\":true,\"valueName\":\"search_term_string\"}}],\"inLanguage\":\"fr-FR\"},{\"@type\":\"Organization\",\"@id\":\"https:\\\/\\\/ekoenergetyka.com\\\/fr\\\/#organization\",\"name\":\"Ekoenergetyka\",\"url\":\"https:\\\/\\\/ekoenergetyka.com\\\/fr\\\/\",\"logo\":{\"@type\":\"ImageObject\",\"inLanguage\":\"fr-FR\",\"@id\":\"https:\\\/\\\/ekoenergetyka.com\\\/fr\\\/#\\\/schema\\\/logo\\\/image\\\/\",\"url\":\"https:\\\/\\\/ekoenergetyka.com\\\/wp-content\\\/uploads\\\/2024\\\/11\\\/cropped-sygnet-bez-tla-black-1-2.png\",\"contentUrl\":\"https:\\\/\\\/ekoenergetyka.com\\\/wp-content\\\/uploads\\\/2024\\\/11\\\/cropped-sygnet-bez-tla-black-1-2.png\",\"width\":512,\"height\":512,\"caption\":\"Ekoenergetyka\"},\"image\":{\"@id\":\"https:\\\/\\\/ekoenergetyka.com\\\/fr\\\/#\\\/schema\\\/logo\\\/image\\\/\"},\"sameAs\":[\"https:\\\/\\\/www.facebook.com\\\/ekoenergetykaPolska\\\/\",\"https:\\\/\\\/www.linkedin.com\\\/company\\\/ekoenergetyka\",\"https:\\\/\\\/www.youtube.com\\\/channel\\\/UCfZM_rPDdrv6D0JB-uhWi8Q\\\/videos\"],\"description\":\"Established in 2009 Poland with a sole purpose of providing charging solutions, we are one of the pioneers in the e-mobility industry. In a decade, Ekoenergetyka has grown from 2 to more than 400 employees (currently around 1,000) and has acquired customers throughout Europe and are now a Central and Eastern European leader in charging technologies.\",\"email\":\"contact@ekoenergetyka.com.pl\",\"telephone\":\"+ 48 68 328 20 68\",\"numberOfEmployees\":{\"@type\":\"QuantitativeValue\",\"minValue\":\"501\",\"maxValue\":\"1000\"}}]}<\/script>\n<!-- \/ Yoast SEO Premium plugin. -->","yoast_head_json":{"title":"Politique de confidentialit\u00e9 | Ekoenergetyka","description":"Consultez notre politique de confidentialit\u00e9 pour savoir comment Ekoenergetyka traite vos donn\u00e9es personnelles. S\u00e9curit\u00e9 et confidentialit\u00e9 garanties.","robots":{"index":"index","follow":"follow","max-snippet":"max-snippet:-1","max-image-preview":"max-image-preview:large","max-video-preview":"max-video-preview:-1"},"canonical":"https:\/\/ekoenergetyka.com\/fr\/politique-de-confidentialite\/","og_locale":"fr_FR","og_type":"article","og_title":"Politique de confidentialit\u00e9","og_description":"Consultez notre politique de confidentialit\u00e9 pour savoir comment Ekoenergetyka traite vos donn\u00e9es personnelles. S\u00e9curit\u00e9 et confidentialit\u00e9 garanties.","og_url":"https:\/\/ekoenergetyka.com\/fr\/politique-de-confidentialite\/","og_site_name":"Ekoenergetyka","article_publisher":"https:\/\/www.facebook.com\/ekoenergetykaPolska\/","article_modified_time":"2025-09-24T10:53:11+00:00","og_image":[{"width":1920,"height":916,"url":"https:\/\/ekoenergetyka.com\/wp-content\/uploads\/2025\/06\/baner-ev-charging-stations-hd.jpg","type":"image\/jpeg"}],"twitter_card":"summary_large_image","twitter_misc":{"Dur\u00e9e de lecture estim\u00e9e":"5 minutes"},"schema":{"@context":"https:\/\/schema.org","@graph":[{"@type":"WebPage","@id":"https:\/\/ekoenergetyka.com\/fr\/politique-de-confidentialite\/","url":"https:\/\/ekoenergetyka.com\/fr\/politique-de-confidentialite\/","name":"Politique de confidentialit\u00e9 | Ekoenergetyka","isPartOf":{"@id":"https:\/\/ekoenergetyka.com\/fr\/#website"},"datePublished":"2022-12-16T10:12:59+00:00","dateModified":"2025-09-24T10:53:11+00:00","description":"Consultez notre politique de confidentialit\u00e9 pour savoir comment Ekoenergetyka traite vos donn\u00e9es personnelles. S\u00e9curit\u00e9 et confidentialit\u00e9 garanties.","breadcrumb":{"@id":"https:\/\/ekoenergetyka.com\/fr\/politique-de-confidentialite\/#breadcrumb"},"inLanguage":"fr-FR","potentialAction":[{"@type":"ReadAction","target":["https:\/\/ekoenergetyka.com\/fr\/politique-de-confidentialite\/"]}]},{"@type":"BreadcrumbList","@id":"https:\/\/ekoenergetyka.com\/fr\/politique-de-confidentialite\/#breadcrumb","itemListElement":[{"@type":"ListItem","position":1,"name":"Heim","item":"https:\/\/ekoenergetyka.com\/fr\/"},{"@type":"ListItem","position":2,"name":"Politique de confidentialit\u00e9"}]},{"@type":"WebSite","@id":"https:\/\/ekoenergetyka.com\/fr\/#website","url":"https:\/\/ekoenergetyka.com\/fr\/","name":"Ekoenergetyka","description":"","publisher":{"@id":"https:\/\/ekoenergetyka.com\/fr\/#organization"},"potentialAction":[{"@type":"SearchAction","target":{"@type":"EntryPoint","urlTemplate":"https:\/\/ekoenergetyka.com\/fr\/?s={search_term_string}"},"query-input":{"@type":"PropertyValueSpecification","valueRequired":true,"valueName":"search_term_string"}}],"inLanguage":"fr-FR"},{"@type":"Organization","@id":"https:\/\/ekoenergetyka.com\/fr\/#organization","name":"Ekoenergetyka","url":"https:\/\/ekoenergetyka.com\/fr\/","logo":{"@type":"ImageObject","inLanguage":"fr-FR","@id":"https:\/\/ekoenergetyka.com\/fr\/#\/schema\/logo\/image\/","url":"https:\/\/ekoenergetyka.com\/wp-content\/uploads\/2024\/11\/cropped-sygnet-bez-tla-black-1-2.png","contentUrl":"https:\/\/ekoenergetyka.com\/wp-content\/uploads\/2024\/11\/cropped-sygnet-bez-tla-black-1-2.png","width":512,"height":512,"caption":"Ekoenergetyka"},"image":{"@id":"https:\/\/ekoenergetyka.com\/fr\/#\/schema\/logo\/image\/"},"sameAs":["https:\/\/www.facebook.com\/ekoenergetykaPolska\/","https:\/\/www.linkedin.com\/company\/ekoenergetyka","https:\/\/www.youtube.com\/channel\/UCfZM_rPDdrv6D0JB-uhWi8Q\/videos"],"description":"Established in 2009 Poland with a sole purpose of providing charging solutions, we are one of the pioneers in the e-mobility industry. In a decade, Ekoenergetyka has grown from 2 to more than 400 employees (currently around 1,000) and has acquired customers throughout Europe and are now a Central and Eastern European leader in charging technologies.","email":"contact@ekoenergetyka.com.pl","telephone":"+ 48 68 328 20 68","numberOfEmployees":{"@type":"QuantitativeValue","minValue":"501","maxValue":"1000"}}]}},"_links":{"self":[{"href":"https:\/\/ekoenergetyka.com\/fr\/wp-json\/wp\/v2\/pages\/22992","targetHints":{"allow":["GET"]}}],"collection":[{"href":"https:\/\/ekoenergetyka.com\/fr\/wp-json\/wp\/v2\/pages"}],"about":[{"href":"https:\/\/ekoenergetyka.com\/fr\/wp-json\/wp\/v2\/types\/page"}],"author":[{"embeddable":true,"href":"https:\/\/ekoenergetyka.com\/fr\/wp-json\/wp\/v2\/users\/1"}],"replies":[{"embeddable":true,"href":"https:\/\/ekoenergetyka.com\/fr\/wp-json\/wp\/v2\/comments?post=22992"}],"version-history":[{"count":2,"href":"https:\/\/ekoenergetyka.com\/fr\/wp-json\/wp\/v2\/pages\/22992\/revisions"}],"predecessor-version":[{"id":49839,"href":"https:\/\/ekoenergetyka.com\/fr\/wp-json\/wp\/v2\/pages\/22992\/revisions\/49839"}],"wp:attachment":[{"href":"https:\/\/ekoenergetyka.com\/fr\/wp-json\/wp\/v2\/media?parent=22992"}],"curies":[{"name":"wp","href":"https:\/\/api.w.org\/{rel}","templated":true}]}}