{"id":22990,"date":"2022-12-16T11:07:29","date_gmt":"2022-12-16T10:07:29","guid":{"rendered":"https:\/\/ekoenergetyka.com\/?page_id=22990"},"modified":"2025-09-24T12:29:01","modified_gmt":"2025-09-24T10:29:01","slug":"clause-dinformation","status":"publish","type":"page","link":"https:\/\/ekoenergetyka.com\/fr\/clause-dinformation\/","title":{"rendered":"Clause d&rsquo;information"},"content":{"rendered":"\n<h2 class=\"wp-block-heading\" id=\"h-clause-d-information-sur-le-traitement-des-donnees-personnelles\"><strong>CLAUSE D'INFORMATION SUR LE TRAITEMENT DES DONN\u00c9ES PERSONNELLES<\/strong><\/h2>\n\n\n\n<p>Au regard du R\u00e8glement (UE) 2016\/679 du Parlement europ\u00e9en et du Conseil du 27 avril 2016 relatif \u00e0 la protection des personnes physiques \u00e0 l'\u00e9gard du traitement des donn\u00e9es \u00e0 caract\u00e8re personnel et \u00e0 la libre circulation de ces donn\u00e9es, et abrogeant la directive 95\/46\/CE (R\u00e8glement g\u00e9n\u00e9ral sur la protection des donn\u00e9es - ci-apr\u00e8s RGPD, publi\u00e9 au Journal officiel de l'UE L 119\/1 du 4 mai 2016), applicable, nous vous informons que :<\/p>\n\n\n\n<ul class=\"wp-block-list\">\n<li>le Responsable de vos donn\u00e9es personnelles est Ekoenergetyka-Polska S.A., dont le si\u00e8ge social est sis \u00e0 Zielona G\u00f3ra (66-002), rue Nowy Kisielin \u2013 Rozwojowa 7A, et qui peut \u00eatre contact\u00e9 par courrier \u00e9lectronique \u00e0 l'adresse suivante : <a href=\"mailto:contact@ekoenergetyka.com\">contact@ekoenergetyka.com<\/a> .<\/li>\n\n\n\n<li>Le d\u00e9l\u00e9gu\u00e9 \u00e0 la protection des donn\u00e9es est S\u0142awomir Kozie\u0142, qui peut \u00eatre contact\u00e9 par e-mail \u00e0 l'adresse suivante : rodo@ekoenergetyka.com pour toutes les questions relatives \u00e0 la mise en \u0153uvre de l'obligation de protection des donn\u00e9es.<\/li>\n\n\n\n<li>Le Responsable traite vos donn\u00e9es personnelles sur la base des lois applicables, des contrats conclus et sur la base de votre consentement.<\/li>\n\n\n\n<li>Vos donn\u00e9es personnelles seront trait\u00e9es pour :\n<ul class=\"wp-block-list\">\n<li>l'accomplissement des droits et obligations statutaires du Responsable,<\/li>\n\n\n\n<li>la mise en \u0153uvre des contrats,<\/li>\n\n\n\n<li>prot\u00e9ger vos int\u00e9r\u00eats vitaux ou d'autres int\u00e9r\u00eats,<\/li>\n\n\n\n<li>la r\u00e9alisation de l'int\u00e9r\u00eat l\u00e9gitime du Responsable, notamment en ce qui concerne :\n<ul class=\"wp-block-list\">\n<li>Pr\u00e9paration d'offres commerciales ;<\/li>\n\n\n\n<li>Mener des activit\u00e9s de marketing ;<\/li>\n\n\n\n<li>R\u00e9aliser des enqu\u00eates sur la satisfaction des clients ;<\/li>\n\n\n\n<li>Surveillance de la zone de l'entreprise.<\/li>\n<\/ul>\n<\/li>\n\n\n\n<li>dans les autres cas, uniquement sur la base de votre consentement \u00e9crit pr\u00e9alable, pour la port\u00e9e et la finalit\u00e9 indiqu\u00e9es dans ce consentement, notamment pour :<\/li>\n<\/ul>\n<\/li>\n<\/ul>\n\n\n\n<ul class=\"wp-block-list\">\n<li>R\u00e9pondre aux demandes de renseignements dans le cadre de la correspondance courante ;<\/li>\n\n\n\n<li>La conduite du recrutement ;<\/li>\n\n\n\n<li>Communiquer par le biais des m\u00e9dias sociaux :\n<ul class=\"wp-block-list\">\n<li>Facebook (<a href=\"https:\/\/www.facebook.com\/ekoenergetykaPolska\/\">https:\/\/www.facebook.com\/ekoenergetykaPolska\/<\/a>);<\/li>\n\n\n\n<li>service LinkedIn: (<a href=\"https:\/\/www.linkedin.com\/company\/ekoenergetyka\/\">https:\/\/www.linkedin.com\/company\/ekoenergetyka\/<\/a>);<\/li>\n\n\n\n<li>service YouTube (<a href=\"https:\/\/www.youtube.com\/channel\/UCfZM_rPDdrv6D0JB-uhWi8Q\">https:\/\/www.youtube.com\/channel\/UCfZM_rPDdrv6D0JB-uhWi8Q<\/a>).<\/li>\n<\/ul>\n<\/li>\n\n\n\n<li>Dans le cadre de l'exercice des droits et obligations du Responsable, vos donn\u00e9es personnelles peuvent \u00eatre partag\u00e9es par le Responsable avec d'autres destinataires ou cat\u00e9gories de destinataires de donn\u00e9es personnelles, qui peuvent \u00eatre :\n<ul class=\"wp-block-list\">\n<li>les autorit\u00e9s publiques et les organismes charg\u00e9s de missions publiques ou agissant pour le compte de ces autorit\u00e9s sur la base de la l\u00e9gislation pertinente,<\/li>\n\n\n\n<li>d'autres entit\u00e9s autoris\u00e9es \u00e0 recevoir vos donn\u00e9es personnelles sur la base de la l\u00e9gislation en vigueur,<\/li>\n\n\n\n<li>les entit\u00e9s qui traitent vos donn\u00e9es \u00e0 caract\u00e8re personnel pour le compte du contr\u00f4leur sur la base d'un accord conclu pour confier le traitement des donn\u00e9es \u00e0 caract\u00e8re personnel (les sous-traitants),<\/li>\n\n\n\n<li>les soci\u00e9t\u00e9s affili\u00e9es, en termes d'objectifs commerciaux, au Responsable (soci\u00e9t\u00e9s du groupe de capital \u2013 Grupa Ekoenergetyka S.A.).<\/li>\n<\/ul>\n<\/li>\n<\/ul>\n\n\n\n<ul class=\"wp-block-list\">\n<li>Les donn\u00e9es \u00e0 caract\u00e8re personnel seront trait\u00e9es pendant la p\u00e9riode n\u00e9cessaire aux fins susmentionn\u00e9es, en tenant compte des d\u00e9lais de conservation r\u00e9sultant des d\u00e9lais de prescription des cr\u00e9ances, et \u00e0 des fins comptables et fiscales pendant une dur\u00e9e maximale de 5 ans \u00e0 compter de la fin de l'ann\u00e9e civile au cours de laquelle l'obligation fiscale est n\u00e9e.<\/li>\n\n\n\n<li>Vous disposez des droits suivants en ce qui concerne le traitement de vos donn\u00e9es personnelles :<\/li>\n<\/ul>\n\n\n\n<figure class=\"wp-block-table aligncenter table-rodo\"><table><tbody><tr><td class=\"has-text-align-left\" data-align=\"left\"><strong>a)\u00a0<\/strong>le droit d'acc\u00e9der au contenu de vos donn\u00e9es personnelles,<\/td><\/tr><tr><td class=\"has-text-align-left\" data-align=\"left\"><strong>b)\u00a0<\/strong>le droit de faire rectifier les donn\u00e9es \u00e0 caract\u00e8re personnel le concernant lorsqu'elles sont incompl\u00e8tes ou inexactes dans les faits,<\/td><\/tr><tr><td class=\"has-text-align-left\" data-align=\"left\"><strong>c)\u00a0<\/strong>le droit de demander l'effacement de vos donn\u00e9es personnelles (le droit \u00e0 l'oubli) dans le cas o\u00f9 :<br>\u2013 les donn\u00e9es \u00e0 caract\u00e8re personnel ne sont plus n\u00e9cessaires aux fins pour lesquelles elles ont \u00e9t\u00e9 collect\u00e9es ou autrement trait\u00e9es,<br>\u2013 la personne concern\u00e9e a retir\u00e9 son consentement et il n'existe aucune autre base juridique pour le traitement,<br>\u2013 la personne concern\u00e9e s'oppose au traitement et il n'existe pas de motifs l\u00e9gitimes pr\u00e9pond\u00e9rants pour le traitement,<br>\u2013 les donn\u00e9es personnelles ont \u00e9t\u00e9 trait\u00e9es ill\u00e9galement,<br>\u2013 les donn\u00e9es \u00e0 caract\u00e8re personnel doivent \u00eatre effac\u00e9es afin de respecter une obligation l\u00e9gale en vertu du droit de l'Union ou des \u00c9tats membres \u00e0 laquelle le responsable du traitement est soumis,<br>\u2013 les donn\u00e9es \u00e0 caract\u00e8re personnel ont \u00e9t\u00e9 collect\u00e9es dans le cadre de l'offre de services de la soci\u00e9t\u00e9 de l'information,<\/td><\/tr><tr><td class=\"has-text-align-left\" data-align=\"left\"><strong>d)<\/strong> le droit de demander la restriction du traitement de vos donn\u00e9es personnelles lorsque :<br>\u2013 la personne concern\u00e9e met en doute l'exactitude des donn\u00e9es \u00e0 caract\u00e8re personnel,<br>\u2013 le traitement est ill\u00e9gal et la personne concern\u00e9e s'oppose \u00e0 l'effacement des donn\u00e9es \u00e0 caract\u00e8re personnel, demandant \u00e0 la place la restriction de leur utilisation,<br>\u2013 le responsable du traitement n'a plus besoin des donn\u00e9es \u00e0 caract\u00e8re personnel aux fins du traitement, mais la personne concern\u00e9e en a besoin pour constater, faire valoir ou d\u00e9fendre une r\u00e9clamation,<br>\u2013 la personne concern\u00e9e s'est oppos\u00e9e au traitement,<br>\u2013 jusqu'\u00e0 ce qu'il soit d\u00e9termin\u00e9 si les motifs l\u00e9gitimes du responsable du traitement l'emportent sur les motifs de l'opposition de la personne concern\u00e9e,<\/td><\/tr><tr><td class=\"has-text-align-left\" data-align=\"left\"><strong>e<\/strong>) le droit \u00e0 la portabilit\u00e9 de vos donn\u00e9es personnelles lorsque les conditions suivantes sont cumulativement r\u00e9unies : <br>\u2013 le traitement est effectu\u00e9 sur la base du consentement ou sur la base d'un contrat et <br>\u2013 le traitement est effectu\u00e9 par des moyens automatis\u00e9s,<\/td><\/tr><tr><td class=\"has-text-align-left\" data-align=\"left\"><strong>f)\u00a0<\/strong>le droit de s'opposer au traitement de vos donn\u00e9es personnelles<\/td><\/tr><tr><td class=\"has-text-align-left\" data-align=\"left\"><strong>g)\u00a0<\/strong>le droit de retirer le consentement \u00e0 tout moment sans que cela n'affecte la lic\u00e9it\u00e9 du traitement effectu\u00e9 sur la base du consentement avant son retrait,<\/td><\/tr><tr><td class=\"has-text-align-left\" data-align=\"left\"><strong>h)\u00a0<\/strong>\u00a0le droit de d\u00e9poser une plainte aupr\u00e8s de l'autorit\u00e9 de surveillance, c'est-\u00e0-dire Le Pr\u00e9sident Urz\u0119du Ochrony De Donn\u00e9es \u00c0 Caract\u00e8re Personnel, \u00e0 l'adresse :<br>Urz\u0105d Ochrony Danych Osobowych <br>ul. Stawki 2 00-193 Warszawa, Pologne<br><\/td><\/tr><\/tbody><\/table><\/figure>\n\n\n\n<ul class=\"wp-block-list\">\n<li>La fourniture de donn\u00e9es \u00e0 caract\u00e8re personnel est obligatoire dans la mesure o\u00f9 elle est couverte par des dispositions l\u00e9gales, que vous \u00eates tenu de fournir, et volontaire pour le reste, mais le manquement \u00e0 cette obligation entra\u00eenera un refus de fournir des services.<\/li>\n\n\n\n<li>Vos donn\u00e9es ne feront pas l'objet d'un profilage.<\/li>\n<\/ul>\n\n\n\n<p>Base juridique :<\/p>\n\n\n\n<p>\u2013 Article 13 du r\u00e8glement (UE) 2016\/679 du Parlement europ\u00e9en et du Conseil du 27 avril 2016 relatif \u00e0 la protection des personnes physiques \u00e0 l'\u00e9gard du traitement des donn\u00e9es \u00e0 caract\u00e8re personnel et \u00e0 la libre circulation de ces donn\u00e9es, et abrogeant la directive 95\/46\/CE<\/p>\n","protected":false},"excerpt":{"rendered":"<p>CLAUSE D&rsquo;INFORMATION SUR LE TRAITEMENT DES DONN\u00c9ES PERSONNELLES Au regard du R\u00e8glement (UE) 2016\/679 du Parlement europ\u00e9en et du Conseil du 27 avril 2016 relatif \u00e0 la protection des personnes physiques \u00e0 l&rsquo;\u00e9gard du traitement des donn\u00e9es \u00e0 caract\u00e8re personnel et \u00e0 la libre circulation de ces donn\u00e9es, et abrogeant la directive 95\/46\/CE (R\u00e8glement g\u00e9n\u00e9ral [&hellip;]<\/p>\n","protected":false},"author":1,"featured_media":0,"parent":0,"menu_order":0,"comment_status":"closed","ping_status":"closed","template":"","meta":{"_acf_changed":false,"footnotes":""},"class_list":["post-22990","page","type-page","status-publish","hentry"],"acf":[],"yoast_head":"<!-- This site is optimized with the Yoast SEO Premium plugin v27.1 (Yoast SEO v27.3) - https:\/\/yoast.com\/product\/yoast-seo-premium-wordpress\/ -->\n<title>Clause d&#039;information | Ekoenergetyka<\/title>\n<meta name=\"description\" content=\"Lisez notre clause d&#039;information pour comprendre comment nous prot\u00e9geons vos donn\u00e9es personnelles. Transparence et s\u00e9curit\u00e9 sont nos priorit\u00e9s.\" \/>\n<meta name=\"robots\" content=\"index, follow, max-snippet:-1, max-image-preview:large, max-video-preview:-1\" \/>\n<link rel=\"canonical\" href=\"https:\/\/ekoenergetyka.com\/fr\/clause-dinformation\/\" \/>\n<meta property=\"og:locale\" content=\"fr_FR\" \/>\n<meta property=\"og:type\" content=\"article\" \/>\n<meta property=\"og:title\" content=\"Clause d&#039;information\" \/>\n<meta property=\"og:description\" content=\"Lisez notre clause d&#039;information pour comprendre comment nous prot\u00e9geons vos donn\u00e9es personnelles. Transparence et s\u00e9curit\u00e9 sont nos priorit\u00e9s.\" \/>\n<meta property=\"og:url\" content=\"https:\/\/ekoenergetyka.com\/fr\/clause-dinformation\/\" \/>\n<meta property=\"og:site_name\" content=\"Ekoenergetyka\" \/>\n<meta property=\"article:publisher\" content=\"https:\/\/www.facebook.com\/ekoenergetykaPolska\/\" \/>\n<meta property=\"article:modified_time\" content=\"2025-09-24T10:29:01+00:00\" \/>\n<meta property=\"og:image\" content=\"https:\/\/ekoenergetyka.com\/wp-content\/uploads\/2025\/06\/baner-ev-charging-stations-hd.jpg\" \/>\n\t<meta property=\"og:image:width\" content=\"1920\" \/>\n\t<meta property=\"og:image:height\" content=\"916\" \/>\n\t<meta property=\"og:image:type\" content=\"image\/jpeg\" \/>\n<meta name=\"twitter:card\" content=\"summary_large_image\" \/>\n<meta name=\"twitter:label1\" content=\"Dur\u00e9e de lecture estim\u00e9e\" \/>\n\t<meta name=\"twitter:data1\" content=\"6 minutes\" \/>\n<script type=\"application\/ld+json\" class=\"yoast-schema-graph\">{\"@context\":\"https:\\\/\\\/schema.org\",\"@graph\":[{\"@type\":\"WebPage\",\"@id\":\"https:\\\/\\\/ekoenergetyka.com\\\/fr\\\/clause-dinformation\\\/\",\"url\":\"https:\\\/\\\/ekoenergetyka.com\\\/fr\\\/clause-dinformation\\\/\",\"name\":\"Clause d'information | Ekoenergetyka\",\"isPartOf\":{\"@id\":\"https:\\\/\\\/ekoenergetyka.com\\\/fr\\\/#website\"},\"datePublished\":\"2022-12-16T10:07:29+00:00\",\"dateModified\":\"2025-09-24T10:29:01+00:00\",\"description\":\"Lisez notre clause d'information pour comprendre comment nous prot\u00e9geons vos donn\u00e9es personnelles. Transparence et s\u00e9curit\u00e9 sont nos priorit\u00e9s.\",\"breadcrumb\":{\"@id\":\"https:\\\/\\\/ekoenergetyka.com\\\/fr\\\/clause-dinformation\\\/#breadcrumb\"},\"inLanguage\":\"fr-FR\",\"potentialAction\":[{\"@type\":\"ReadAction\",\"target\":[\"https:\\\/\\\/ekoenergetyka.com\\\/fr\\\/clause-dinformation\\\/\"]}]},{\"@type\":\"BreadcrumbList\",\"@id\":\"https:\\\/\\\/ekoenergetyka.com\\\/fr\\\/clause-dinformation\\\/#breadcrumb\",\"itemListElement\":[{\"@type\":\"ListItem\",\"position\":1,\"name\":\"Heim\",\"item\":\"https:\\\/\\\/ekoenergetyka.com\\\/fr\\\/\"},{\"@type\":\"ListItem\",\"position\":2,\"name\":\"Clause d&rsquo;information\"}]},{\"@type\":\"WebSite\",\"@id\":\"https:\\\/\\\/ekoenergetyka.com\\\/fr\\\/#website\",\"url\":\"https:\\\/\\\/ekoenergetyka.com\\\/fr\\\/\",\"name\":\"Ekoenergetyka\",\"description\":\"\",\"publisher\":{\"@id\":\"https:\\\/\\\/ekoenergetyka.com\\\/fr\\\/#organization\"},\"potentialAction\":[{\"@type\":\"SearchAction\",\"target\":{\"@type\":\"EntryPoint\",\"urlTemplate\":\"https:\\\/\\\/ekoenergetyka.com\\\/fr\\\/?s={search_term_string}\"},\"query-input\":{\"@type\":\"PropertyValueSpecification\",\"valueRequired\":true,\"valueName\":\"search_term_string\"}}],\"inLanguage\":\"fr-FR\"},{\"@type\":\"Organization\",\"@id\":\"https:\\\/\\\/ekoenergetyka.com\\\/fr\\\/#organization\",\"name\":\"Ekoenergetyka\",\"url\":\"https:\\\/\\\/ekoenergetyka.com\\\/fr\\\/\",\"logo\":{\"@type\":\"ImageObject\",\"inLanguage\":\"fr-FR\",\"@id\":\"https:\\\/\\\/ekoenergetyka.com\\\/fr\\\/#\\\/schema\\\/logo\\\/image\\\/\",\"url\":\"https:\\\/\\\/ekoenergetyka.com\\\/wp-content\\\/uploads\\\/2024\\\/11\\\/cropped-sygnet-bez-tla-black-1-2.png\",\"contentUrl\":\"https:\\\/\\\/ekoenergetyka.com\\\/wp-content\\\/uploads\\\/2024\\\/11\\\/cropped-sygnet-bez-tla-black-1-2.png\",\"width\":512,\"height\":512,\"caption\":\"Ekoenergetyka\"},\"image\":{\"@id\":\"https:\\\/\\\/ekoenergetyka.com\\\/fr\\\/#\\\/schema\\\/logo\\\/image\\\/\"},\"sameAs\":[\"https:\\\/\\\/www.facebook.com\\\/ekoenergetykaPolska\\\/\",\"https:\\\/\\\/www.linkedin.com\\\/company\\\/ekoenergetyka\",\"https:\\\/\\\/www.youtube.com\\\/channel\\\/UCfZM_rPDdrv6D0JB-uhWi8Q\\\/videos\"],\"description\":\"Established in 2009 Poland with a sole purpose of providing charging solutions, we are one of the pioneers in the e-mobility industry. In a decade, Ekoenergetyka has grown from 2 to more than 400 employees (currently around 1,000) and has acquired customers throughout Europe and are now a Central and Eastern European leader in charging technologies.\",\"email\":\"contact@ekoenergetyka.com.pl\",\"telephone\":\"+ 48 68 328 20 68\",\"numberOfEmployees\":{\"@type\":\"QuantitativeValue\",\"minValue\":\"501\",\"maxValue\":\"1000\"}}]}<\/script>\n<!-- \/ Yoast SEO Premium plugin. -->","yoast_head_json":{"title":"Clause d'information | Ekoenergetyka","description":"Lisez notre clause d'information pour comprendre comment nous prot\u00e9geons vos donn\u00e9es personnelles. Transparence et s\u00e9curit\u00e9 sont nos priorit\u00e9s.","robots":{"index":"index","follow":"follow","max-snippet":"max-snippet:-1","max-image-preview":"max-image-preview:large","max-video-preview":"max-video-preview:-1"},"canonical":"https:\/\/ekoenergetyka.com\/fr\/clause-dinformation\/","og_locale":"fr_FR","og_type":"article","og_title":"Clause d'information","og_description":"Lisez notre clause d'information pour comprendre comment nous prot\u00e9geons vos donn\u00e9es personnelles. Transparence et s\u00e9curit\u00e9 sont nos priorit\u00e9s.","og_url":"https:\/\/ekoenergetyka.com\/fr\/clause-dinformation\/","og_site_name":"Ekoenergetyka","article_publisher":"https:\/\/www.facebook.com\/ekoenergetykaPolska\/","article_modified_time":"2025-09-24T10:29:01+00:00","og_image":[{"width":1920,"height":916,"url":"https:\/\/ekoenergetyka.com\/wp-content\/uploads\/2025\/06\/baner-ev-charging-stations-hd.jpg","type":"image\/jpeg"}],"twitter_card":"summary_large_image","twitter_misc":{"Dur\u00e9e de lecture estim\u00e9e":"6 minutes"},"schema":{"@context":"https:\/\/schema.org","@graph":[{"@type":"WebPage","@id":"https:\/\/ekoenergetyka.com\/fr\/clause-dinformation\/","url":"https:\/\/ekoenergetyka.com\/fr\/clause-dinformation\/","name":"Clause d'information | Ekoenergetyka","isPartOf":{"@id":"https:\/\/ekoenergetyka.com\/fr\/#website"},"datePublished":"2022-12-16T10:07:29+00:00","dateModified":"2025-09-24T10:29:01+00:00","description":"Lisez notre clause d'information pour comprendre comment nous prot\u00e9geons vos donn\u00e9es personnelles. Transparence et s\u00e9curit\u00e9 sont nos priorit\u00e9s.","breadcrumb":{"@id":"https:\/\/ekoenergetyka.com\/fr\/clause-dinformation\/#breadcrumb"},"inLanguage":"fr-FR","potentialAction":[{"@type":"ReadAction","target":["https:\/\/ekoenergetyka.com\/fr\/clause-dinformation\/"]}]},{"@type":"BreadcrumbList","@id":"https:\/\/ekoenergetyka.com\/fr\/clause-dinformation\/#breadcrumb","itemListElement":[{"@type":"ListItem","position":1,"name":"Heim","item":"https:\/\/ekoenergetyka.com\/fr\/"},{"@type":"ListItem","position":2,"name":"Clause d&rsquo;information"}]},{"@type":"WebSite","@id":"https:\/\/ekoenergetyka.com\/fr\/#website","url":"https:\/\/ekoenergetyka.com\/fr\/","name":"Ekoenergetyka","description":"","publisher":{"@id":"https:\/\/ekoenergetyka.com\/fr\/#organization"},"potentialAction":[{"@type":"SearchAction","target":{"@type":"EntryPoint","urlTemplate":"https:\/\/ekoenergetyka.com\/fr\/?s={search_term_string}"},"query-input":{"@type":"PropertyValueSpecification","valueRequired":true,"valueName":"search_term_string"}}],"inLanguage":"fr-FR"},{"@type":"Organization","@id":"https:\/\/ekoenergetyka.com\/fr\/#organization","name":"Ekoenergetyka","url":"https:\/\/ekoenergetyka.com\/fr\/","logo":{"@type":"ImageObject","inLanguage":"fr-FR","@id":"https:\/\/ekoenergetyka.com\/fr\/#\/schema\/logo\/image\/","url":"https:\/\/ekoenergetyka.com\/wp-content\/uploads\/2024\/11\/cropped-sygnet-bez-tla-black-1-2.png","contentUrl":"https:\/\/ekoenergetyka.com\/wp-content\/uploads\/2024\/11\/cropped-sygnet-bez-tla-black-1-2.png","width":512,"height":512,"caption":"Ekoenergetyka"},"image":{"@id":"https:\/\/ekoenergetyka.com\/fr\/#\/schema\/logo\/image\/"},"sameAs":["https:\/\/www.facebook.com\/ekoenergetykaPolska\/","https:\/\/www.linkedin.com\/company\/ekoenergetyka","https:\/\/www.youtube.com\/channel\/UCfZM_rPDdrv6D0JB-uhWi8Q\/videos"],"description":"Established in 2009 Poland with a sole purpose of providing charging solutions, we are one of the pioneers in the e-mobility industry. In a decade, Ekoenergetyka has grown from 2 to more than 400 employees (currently around 1,000) and has acquired customers throughout Europe and are now a Central and Eastern European leader in charging technologies.","email":"contact@ekoenergetyka.com.pl","telephone":"+ 48 68 328 20 68","numberOfEmployees":{"@type":"QuantitativeValue","minValue":"501","maxValue":"1000"}}]}},"_links":{"self":[{"href":"https:\/\/ekoenergetyka.com\/fr\/wp-json\/wp\/v2\/pages\/22990","targetHints":{"allow":["GET"]}}],"collection":[{"href":"https:\/\/ekoenergetyka.com\/fr\/wp-json\/wp\/v2\/pages"}],"about":[{"href":"https:\/\/ekoenergetyka.com\/fr\/wp-json\/wp\/v2\/types\/page"}],"author":[{"embeddable":true,"href":"https:\/\/ekoenergetyka.com\/fr\/wp-json\/wp\/v2\/users\/1"}],"replies":[{"embeddable":true,"href":"https:\/\/ekoenergetyka.com\/fr\/wp-json\/wp\/v2\/comments?post=22990"}],"version-history":[{"count":2,"href":"https:\/\/ekoenergetyka.com\/fr\/wp-json\/wp\/v2\/pages\/22990\/revisions"}],"predecessor-version":[{"id":49828,"href":"https:\/\/ekoenergetyka.com\/fr\/wp-json\/wp\/v2\/pages\/22990\/revisions\/49828"}],"wp:attachment":[{"href":"https:\/\/ekoenergetyka.com\/fr\/wp-json\/wp\/v2\/media?parent=22990"}],"curies":[{"name":"wp","href":"https:\/\/api.w.org\/{rel}","templated":true}]}}