{"id":22973,"date":"2022-12-16T08:30:27","date_gmt":"2022-12-16T07:30:27","guid":{"rendered":"https:\/\/ekoenergetyka.com\/?page_id=22973"},"modified":"2026-03-05T12:26:53","modified_gmt":"2026-03-05T11:26:53","slug":"contact","status":"publish","type":"page","link":"https:\/\/ekoenergetyka.com\/fr\/contact\/","title":{"rendered":"Contact &#8211; Si\u00e8ge social"},"content":{"rendered":"\n<div style=\"height:2rem\" aria-hidden=\"true\" class=\"wp-block-spacer border-heading\"><\/div>\n\n\n\n<section class=\"wp-block-group contact-details\"><div class=\"wp-block-group__inner-container is-layout-constrained wp-block-group-is-layout-constrained\">\n<div class=\"wp-block-columns are-vertically-aligned-center is-layout-flex wp-container-core-columns-is-layout-9d6595d7 wp-block-columns-is-layout-flex\">\n<div class=\"wp-block-column is-vertically-aligned-center is-layout-flow wp-block-column-is-layout-flow\">\n<p class=\"text-big\">Ekoenergetyka \u2013 Polska S.A.<\/p>\n\n\n\n<p class=\"text-big has-text-color has-link-color wp-elements-492daa52117b414f98ac5a3a4e7b8b58\" style=\"color:#969696\">ul. Nowy Kisielin \u2013 Rozwojowa 7A, <br>66-002 Zielona G\u00f3ra, Pologne<\/p>\n\n\n\n<p>Contactez-nous via le formulaire. Un membre de notre \u00e9quipe vous r\u00e9pondra rapidement.<\/p>\n\n\n\n<div style=\"height:1rem\" aria-hidden=\"true\" class=\"wp-block-spacer\"><\/div>\n\n\n\n<p><a href=\"mailto:contact@ekoenergetyka.com\">contact@ekoenergetyka.com<\/a><\/p>\n\n\n\n<p><a href=\"tel:+48683282068\">+48 68 328 20 68<\/a><\/p>\n<\/div>\n\n\n\n<div class=\"wp-block-column is-vertically-aligned-center is-layout-flow wp-block-column-is-layout-flow\">\n<figure class=\"wp-block-image size-full\"><img loading=\"lazy\" decoding=\"async\" width=\"1907\" height=\"1257\" src=\"https:\/\/ekoenergetyka.com\/wp-content\/uploads\/2025\/07\/company-poster.webp\" alt=\"head office\" class=\"wp-image-45492\" srcset=\"https:\/\/ekoenergetyka.com\/wp-content\/uploads\/2025\/07\/company-poster.webp 1907w, https:\/\/ekoenergetyka.com\/wp-content\/uploads\/2025\/07\/company-poster-1024x675.webp 1024w, https:\/\/ekoenergetyka.com\/wp-content\/uploads\/2025\/07\/company-poster-768x506.webp 768w, https:\/\/ekoenergetyka.com\/wp-content\/uploads\/2025\/07\/company-poster-1536x1012.webp 1536w\" sizes=\"auto, (max-width: 1907px) 100vw, 1907px\" \/><\/figure>\n<\/div>\n<\/div>\n\n\n\n<div style=\"height:3rem\" aria-hidden=\"true\" class=\"wp-block-spacer border-heading\"><\/div>\n<\/div><\/section>\n\n\n\n<section class=\"wp-block-group contact\"><div class=\"wp-block-group__inner-container is-layout-constrained wp-block-group-is-layout-constrained\">\n<h2 class=\"wp-block-heading\" id=\"h-ventes\">Ventes<\/h2>\n\n\n\n<div style=\"height:2rem\" aria-hidden=\"true\" class=\"wp-block-spacer border-heading\"><\/div>\n\n\n\n<p class=\"text-big\"><a href=\"mailto:sales@ekoenergetyka.com\">sales@ekoenergetyka.com<\/a><\/p>\n\n\n\n<div style=\"height:2rem\" aria-hidden=\"true\" class=\"wp-block-spacer\"><\/div>\n\n\n\n<div style=\"height:1rem\" aria-hidden=\"true\" class=\"wp-block-spacer border-heading\"><\/div>\n<\/div><\/section>\n\n\n<section class=\"heading-with-text\">\n    <div\n        class=\"heading-with-text-wrapper\">\n                <div class=\"heading-with-text-h2\">\n                        <h2>Contactez-nous !<\/h2>\n                    <\/div>\n                        <div class=\"heading-with-text-text\">\n            <p class=\"text-big\">Vous \u00eates \u00e0 la recherche de chargeurs pour v\u00e9hicules \u00e9lectriques ? Remplissez notre formulaire de contact et d\u00e9couvrez comment nous pouvons adapter notre technologie innovante pour r\u00e9pondre parfaitement \u00e0 vos besoin<\/p>\n        <\/div>\n            <\/div>\n<\/section>\n\n\n<section class=\"wp-block-group\"><div class=\"wp-block-group__inner-container is-layout-constrained wp-block-group-is-layout-constrained\">\n<div class=\"wp-block-contact-form-7-contact-form-selector\">\n<div class=\"wpcf7 no-js\" id=\"wpcf7-f22977-o1\" lang=\"pl-PL\" dir=\"ltr\" data-wpcf7-id=\"22977\">\n<div class=\"screen-reader-response\"><p role=\"status\" aria-live=\"polite\" aria-atomic=\"true\"><\/p> <ul><\/ul><\/div>\n<form action=\"\/fr\/wp-json\/wp\/v2\/pages\/22973#wpcf7-f22977-o1\" method=\"post\" class=\"wpcf7-form init wpcf7-acceptance-as-validation\" aria-label=\"Formularz kontaktowy\" novalidate=\"novalidate\" data-status=\"init\">\n<fieldset class=\"hidden-fields-container\"><input type=\"hidden\" name=\"_wpcf7\" value=\"22977\" \/><input type=\"hidden\" name=\"_wpcf7_version\" value=\"6.1.5\" \/><input type=\"hidden\" name=\"_wpcf7_locale\" value=\"pl_PL\" \/><input type=\"hidden\" name=\"_wpcf7_unit_tag\" value=\"wpcf7-f22977-o1\" \/><input type=\"hidden\" name=\"_wpcf7_container_post\" value=\"0\" \/><input type=\"hidden\" name=\"_wpcf7_posted_data_hash\" value=\"\" \/><input type=\"hidden\" name=\"_wpcf7_recaptcha_response\" value=\"\" \/>\n<\/fieldset>\n<div class=\"contact-flex\">\n\t<p><span class=\"wpcf7-form-control-wrap\" data-name=\"drop-down-menu\"><select class=\"wpcf7-form-control wpcf7-select wpcf7-validates-as-required\" id=\"contactPurposeDropDown\" aria-required=\"true\" aria-invalid=\"false\" name=\"drop-down-menu\"><option value=\"\">Objet*<\/option><option value=\"Ventes\">Ventes<\/option><option value=\"Support client\">Support client<\/option><option value=\"Partenariat\">Partenariat<\/option><option value=\"Relations publiques\/ Marketing\">Relations publiques\/ Marketing<\/option><option value=\"Autre\">Autre<\/option><\/select><\/span><br \/>\n<span class=\"wpcf7-form-control-wrap\" data-name=\"text-410\"><input size=\"40\" maxlength=\"400\" class=\"wpcf7-form-control wpcf7-text wpcf7-validates-as-required\" aria-required=\"true\" aria-invalid=\"false\" placeholder=\"Pays\/R\u00e9gion*\" value=\"\" type=\"text\" name=\"text-410\" \/><\/span>\n\t<\/p>\n<\/div>\n<p><span class=\"wpcf7-form-control-wrap\" data-name=\"contact-propose-other\"><input size=\"40\" maxlength=\"400\" class=\"wpcf7-form-control wpcf7-text\" id=\"contactPurpose\" aria-invalid=\"false\" placeholder=\"Indiquez l&#039;objet du contact*\" value=\"\" type=\"text\" name=\"contact-propose-other\" \/><\/span>\n<\/p>\n<div class=\"contact-flex\">\n\t<p><span class=\"wpcf7-form-control-wrap\" data-name=\"sm-email\"><input size=\"40\" maxlength=\"400\" class=\"wpcf7-form-control wpcf7-email wpcf7-validates-as-required wpcf7-text wpcf7-validates-as-email\" aria-required=\"true\" aria-invalid=\"false\" placeholder=\"Votre e-mail*\" value=\"\" type=\"email\" name=\"sm-email\" \/><\/span><br \/>\n<span class=\"wpcf7-form-control-wrap\" data-name=\"tel-835\"><input size=\"40\" maxlength=\"400\" class=\"wpcf7-form-control wpcf7-tel wpcf7-text wpcf7-validates-as-tel\" aria-invalid=\"false\" placeholder=\"T\u00e9l\u00e9phone\" value=\"\" type=\"tel\" name=\"tel-835\" \/><\/span>\n\t<\/p>\n<\/div>\n<p><span class=\"wpcf7-form-control-wrap\" data-name=\"textarea-476\"><textarea cols=\"40\" rows=\"10\" maxlength=\"2000\" class=\"wpcf7-form-control wpcf7-textarea wpcf7-validates-as-required\" aria-required=\"true\" aria-invalid=\"false\" placeholder=\"Votre message*\" name=\"textarea-476\"><\/textarea><\/span>\n<\/p>\n<div class=\"contact-button\">\n\t<p><input class=\"wpcf7-form-control wpcf7-submit has-spinner\" type=\"submit\" value=\"Envoyer -&gt;\" \/>\n\t<\/p>\n<\/div>\n<p><span class=\"wpcf7-form-control-wrap\" data-name=\"acceptance-514\"><span class=\"wpcf7-form-control wpcf7-acceptance\"><span class=\"wpcf7-list-item\"><label><input type=\"checkbox\" name=\"acceptance-514\" value=\"1\" aria-invalid=\"false\" \/><span class=\"wpcf7-list-item-label\">Je consens au traitement de mes donn\u00e9es personnelles dans le but de r\u00e9pondre \u00e0 ma demande. Des informations d\u00e9taill\u00e9es sur le traitement des donn\u00e9es personnelles peuvent \u00eatre trouv\u00e9es sur la sous-page : <a style=\"text-decoration: underline;\" href=\"\/fr\/clause-dinformation\/\">Clause d\u2019information*<\/a><\/span><\/label><\/span><\/span><\/span><br \/>\n<span class=\"wpcf7-form-control-wrap\" data-name=\"sm-optin\"><span class=\"wpcf7-form-control wpcf7-acceptance optional\"><span class=\"wpcf7-list-item\"><label><input type=\"checkbox\" name=\"sm-optin\" value=\"1\" aria-invalid=\"false\" \/><span class=\"wpcf7-list-item-label\">Je consens \u00e0 ce que mon adresse \u00e9lectronique soit ajout\u00e9e \u00e0 la base de donn\u00e9es des contacts et \u00e0 l'envoi d'informations commerciales li\u00e9es \u00e0 l'offre actuelle de produits et de services de Ekoenergetyka-Polska S.A. dont le si\u00e8ge social est situ\u00e9 \u00e0 Zielona G\u00f3ra (66-002), rue Nowy Kisielin - Rozwojowa 7A. Des informations d\u00e9taill\u00e9es sur le traitement des donn\u00e9es personnelles peuvent \u00eatre trouv\u00e9es sur la sous-page : <a style=\"text-decoration: underline;\" href=\"\/fr\/clause-dinformation\/\">Clause d\u2019information<\/a><\/span><\/label><\/span><\/span><\/span>\n<\/p>\n<p><script language=\"javascript\" type=\"text\/javascript\">\ndocument.getElementById(\"contactPurpose\").style.display = 'none';\ndocument.getElementById(\"contactPurposeDropDown\").addEventListener(\"change\", displayTextField);\n function displayTextField() {\n \/\/ Get the value of the selected drop down\n var dropDownText = document.getElementById(\"contactPurposeDropDown\").value;\n \/\/ If selected text matches 'Other', display the text field.\n if (dropDownText == \"Autre\") {\n document.getElementById(\"contactPurpose\").style.display = 'block';\n } else {\n document.getElementById(\"contactPurpose\").style.display = 'none';\n }\n }\n<\/script>\n<\/p><div class=\"wpcf7-response-output\" aria-hidden=\"true\"><\/div>\n<\/form>\n<\/div>\n<\/div>\n<\/div><\/section>\n\n\n\n<p class=\"has-medium-font-size\"><a href=\"https:\/\/ekoenergetyka.com\/fr\/de-notifications\/\" target=\"_blank\" rel=\"noreferrer noopener\"><strong><a href=\"https:\/\/ekoenergetyka.com\/fr\/de-notifications\/\"><strong>Notifications<\/strong><\/a><\/strong><\/a><\/p>\n","protected":false},"excerpt":{"rendered":"<p>Ekoenergetyka \u2013 Polska S.A. ul. Nowy Kisielin \u2013 Rozwojowa 7A, 66-002 Zielona G\u00f3ra, Pologne Contactez-nous via le formulaire. Un membre de notre \u00e9quipe vous r\u00e9pondra rapidement. contact@ekoenergetyka.com +48 68 328 20 68 Ventes sales@ekoenergetyka.com Notifications<\/p>\n","protected":false},"author":1,"featured_media":0,"parent":0,"menu_order":0,"comment_status":"closed","ping_status":"closed","template":"","meta":{"_acf_changed":false,"footnotes":""},"class_list":["post-22973","page","type-page","status-publish","hentry"],"acf":[],"yoast_head":"<!-- This site is optimized with the Yoast SEO Premium plugin v27.3 (Yoast SEO v27.3) - https:\/\/yoast.com\/product\/yoast-seo-premium-wordpress\/ -->\n<title>Contact - Si\u00e8ge social | Ekoenergetyka<\/title>\n<meta name=\"description\" content=\"Contactez Ekoenergetyka pour toute question ou demande d&#039;information. Notre \u00e9quipe est \u00e0 votre disposition pour vous offrir une assistance personnalis\u00e9e.\" \/>\n<meta name=\"robots\" content=\"index, follow, max-snippet:-1, max-image-preview:large, max-video-preview:-1\" \/>\n<link rel=\"canonical\" href=\"https:\/\/ekoenergetyka.com\/fr\/contact\/\" \/>\n<meta property=\"og:locale\" content=\"fr_FR\" \/>\n<meta property=\"og:type\" content=\"article\" \/>\n<meta property=\"og:title\" content=\"Contact - Si\u00e8ge social\" \/>\n<meta property=\"og:description\" content=\"Contactez Ekoenergetyka pour toute question ou demande d&#039;information. Notre \u00e9quipe est \u00e0 votre disposition pour vous offrir une assistance personnalis\u00e9e.\" \/>\n<meta property=\"og:url\" content=\"https:\/\/ekoenergetyka.com\/fr\/contact\/\" \/>\n<meta property=\"og:site_name\" content=\"Ekoenergetyka\" \/>\n<meta property=\"article:publisher\" content=\"https:\/\/www.facebook.com\/ekoenergetykaPolska\/\" \/>\n<meta property=\"article:modified_time\" content=\"2026-03-05T11:26:53+00:00\" \/>\n<meta property=\"og:image\" content=\"https:\/\/ekoenergetyka.com\/wp-content\/uploads\/2025\/07\/company-poster.webp\" \/>\n\t<meta property=\"og:image:width\" content=\"1907\" \/>\n\t<meta property=\"og:image:height\" content=\"1257\" \/>\n\t<meta property=\"og:image:type\" content=\"image\/webp\" \/>\n<meta name=\"twitter:card\" content=\"summary_large_image\" \/>\n<meta name=\"twitter:label1\" content=\"Dur\u00e9e de lecture estim\u00e9e\" \/>\n\t<meta name=\"twitter:data1\" content=\"1 minute\" \/>\n<script type=\"application\/ld+json\" class=\"yoast-schema-graph\">{\"@context\":\"https:\\\/\\\/schema.org\",\"@graph\":[{\"@type\":\"WebPage\",\"@id\":\"https:\\\/\\\/ekoenergetyka.com\\\/fr\\\/contact\\\/\",\"url\":\"https:\\\/\\\/ekoenergetyka.com\\\/fr\\\/contact\\\/\",\"name\":\"Contact - Si\u00e8ge social | Ekoenergetyka\",\"isPartOf\":{\"@id\":\"https:\\\/\\\/ekoenergetyka.com\\\/fr\\\/#website\"},\"primaryImageOfPage\":{\"@id\":\"https:\\\/\\\/ekoenergetyka.com\\\/fr\\\/contact\\\/#primaryimage\"},\"image\":{\"@id\":\"https:\\\/\\\/ekoenergetyka.com\\\/fr\\\/contact\\\/#primaryimage\"},\"thumbnailUrl\":\"https:\\\/\\\/ekoenergetyka.com\\\/wp-content\\\/uploads\\\/2025\\\/07\\\/company-poster.webp\",\"datePublished\":\"2022-12-16T07:30:27+00:00\",\"dateModified\":\"2026-03-05T11:26:53+00:00\",\"description\":\"Contactez Ekoenergetyka pour toute question ou demande d'information. Notre \u00e9quipe est \u00e0 votre disposition pour vous offrir une assistance personnalis\u00e9e.\",\"breadcrumb\":{\"@id\":\"https:\\\/\\\/ekoenergetyka.com\\\/fr\\\/contact\\\/#breadcrumb\"},\"inLanguage\":\"fr-FR\",\"potentialAction\":[{\"@type\":\"ReadAction\",\"target\":[\"https:\\\/\\\/ekoenergetyka.com\\\/fr\\\/contact\\\/\"]}]},{\"@type\":\"ImageObject\",\"inLanguage\":\"fr-FR\",\"@id\":\"https:\\\/\\\/ekoenergetyka.com\\\/fr\\\/contact\\\/#primaryimage\",\"url\":\"https:\\\/\\\/ekoenergetyka.com\\\/wp-content\\\/uploads\\\/2025\\\/07\\\/company-poster.webp\",\"contentUrl\":\"https:\\\/\\\/ekoenergetyka.com\\\/wp-content\\\/uploads\\\/2025\\\/07\\\/company-poster.webp\"},{\"@type\":\"BreadcrumbList\",\"@id\":\"https:\\\/\\\/ekoenergetyka.com\\\/fr\\\/contact\\\/#breadcrumb\",\"itemListElement\":[{\"@type\":\"ListItem\",\"position\":1,\"name\":\"Heim\",\"item\":\"https:\\\/\\\/ekoenergetyka.com\\\/fr\\\/\"},{\"@type\":\"ListItem\",\"position\":2,\"name\":\"Contact &#8211; Si\u00e8ge social\"}]},{\"@type\":\"WebSite\",\"@id\":\"https:\\\/\\\/ekoenergetyka.com\\\/fr\\\/#website\",\"url\":\"https:\\\/\\\/ekoenergetyka.com\\\/fr\\\/\",\"name\":\"Ekoenergetyka\",\"description\":\"\",\"publisher\":{\"@id\":\"https:\\\/\\\/ekoenergetyka.com\\\/fr\\\/#organization\"},\"potentialAction\":[{\"@type\":\"SearchAction\",\"target\":{\"@type\":\"EntryPoint\",\"urlTemplate\":\"https:\\\/\\\/ekoenergetyka.com\\\/fr\\\/?s={search_term_string}\"},\"query-input\":{\"@type\":\"PropertyValueSpecification\",\"valueRequired\":true,\"valueName\":\"search_term_string\"}}],\"inLanguage\":\"fr-FR\"},{\"@type\":\"Organization\",\"@id\":\"https:\\\/\\\/ekoenergetyka.com\\\/fr\\\/#organization\",\"name\":\"Ekoenergetyka\",\"url\":\"https:\\\/\\\/ekoenergetyka.com\\\/fr\\\/\",\"logo\":{\"@type\":\"ImageObject\",\"inLanguage\":\"fr-FR\",\"@id\":\"https:\\\/\\\/ekoenergetyka.com\\\/fr\\\/#\\\/schema\\\/logo\\\/image\\\/\",\"url\":\"https:\\\/\\\/ekoenergetyka.com\\\/wp-content\\\/uploads\\\/2024\\\/11\\\/cropped-sygnet-bez-tla-black-1-2.png\",\"contentUrl\":\"https:\\\/\\\/ekoenergetyka.com\\\/wp-content\\\/uploads\\\/2024\\\/11\\\/cropped-sygnet-bez-tla-black-1-2.png\",\"width\":512,\"height\":512,\"caption\":\"Ekoenergetyka\"},\"image\":{\"@id\":\"https:\\\/\\\/ekoenergetyka.com\\\/fr\\\/#\\\/schema\\\/logo\\\/image\\\/\"},\"sameAs\":[\"https:\\\/\\\/www.facebook.com\\\/ekoenergetykaPolska\\\/\",\"https:\\\/\\\/www.linkedin.com\\\/company\\\/ekoenergetyka\",\"https:\\\/\\\/www.youtube.com\\\/channel\\\/UCfZM_rPDdrv6D0JB-uhWi8Q\\\/videos\"],\"description\":\"Established in 2009 Poland with a sole purpose of providing charging solutions, we are one of the pioneers in the e-mobility industry. In a decade, Ekoenergetyka has grown from 2 to more than 400 employees (currently around 1,000) and has acquired customers throughout Europe and are now a Central and Eastern European leader in charging technologies.\",\"email\":\"contact@ekoenergetyka.com.pl\",\"telephone\":\"+ 48 68 328 20 68\",\"numberOfEmployees\":{\"@type\":\"QuantitativeValue\",\"minValue\":\"501\",\"maxValue\":\"1000\"}}]}<\/script>\n<!-- \/ Yoast SEO Premium plugin. -->","yoast_head_json":{"title":"Contact - Si\u00e8ge social | Ekoenergetyka","description":"Contactez Ekoenergetyka pour toute question ou demande d'information. Notre \u00e9quipe est \u00e0 votre disposition pour vous offrir une assistance personnalis\u00e9e.","robots":{"index":"index","follow":"follow","max-snippet":"max-snippet:-1","max-image-preview":"max-image-preview:large","max-video-preview":"max-video-preview:-1"},"canonical":"https:\/\/ekoenergetyka.com\/fr\/contact\/","og_locale":"fr_FR","og_type":"article","og_title":"Contact - Si\u00e8ge social","og_description":"Contactez Ekoenergetyka pour toute question ou demande d'information. Notre \u00e9quipe est \u00e0 votre disposition pour vous offrir une assistance personnalis\u00e9e.","og_url":"https:\/\/ekoenergetyka.com\/fr\/contact\/","og_site_name":"Ekoenergetyka","article_publisher":"https:\/\/www.facebook.com\/ekoenergetykaPolska\/","article_modified_time":"2026-03-05T11:26:53+00:00","og_image":[{"width":1907,"height":1257,"url":"https:\/\/ekoenergetyka.com\/wp-content\/uploads\/2025\/07\/company-poster.webp","type":"image\/webp"}],"twitter_card":"summary_large_image","twitter_misc":{"Dur\u00e9e de lecture estim\u00e9e":"1 minute"},"schema":{"@context":"https:\/\/schema.org","@graph":[{"@type":"WebPage","@id":"https:\/\/ekoenergetyka.com\/fr\/contact\/","url":"https:\/\/ekoenergetyka.com\/fr\/contact\/","name":"Contact - Si\u00e8ge social | Ekoenergetyka","isPartOf":{"@id":"https:\/\/ekoenergetyka.com\/fr\/#website"},"primaryImageOfPage":{"@id":"https:\/\/ekoenergetyka.com\/fr\/contact\/#primaryimage"},"image":{"@id":"https:\/\/ekoenergetyka.com\/fr\/contact\/#primaryimage"},"thumbnailUrl":"https:\/\/ekoenergetyka.com\/wp-content\/uploads\/2025\/07\/company-poster.webp","datePublished":"2022-12-16T07:30:27+00:00","dateModified":"2026-03-05T11:26:53+00:00","description":"Contactez Ekoenergetyka pour toute question ou demande d'information. Notre \u00e9quipe est \u00e0 votre disposition pour vous offrir une assistance personnalis\u00e9e.","breadcrumb":{"@id":"https:\/\/ekoenergetyka.com\/fr\/contact\/#breadcrumb"},"inLanguage":"fr-FR","potentialAction":[{"@type":"ReadAction","target":["https:\/\/ekoenergetyka.com\/fr\/contact\/"]}]},{"@type":"ImageObject","inLanguage":"fr-FR","@id":"https:\/\/ekoenergetyka.com\/fr\/contact\/#primaryimage","url":"https:\/\/ekoenergetyka.com\/wp-content\/uploads\/2025\/07\/company-poster.webp","contentUrl":"https:\/\/ekoenergetyka.com\/wp-content\/uploads\/2025\/07\/company-poster.webp"},{"@type":"BreadcrumbList","@id":"https:\/\/ekoenergetyka.com\/fr\/contact\/#breadcrumb","itemListElement":[{"@type":"ListItem","position":1,"name":"Heim","item":"https:\/\/ekoenergetyka.com\/fr\/"},{"@type":"ListItem","position":2,"name":"Contact &#8211; Si\u00e8ge social"}]},{"@type":"WebSite","@id":"https:\/\/ekoenergetyka.com\/fr\/#website","url":"https:\/\/ekoenergetyka.com\/fr\/","name":"Ekoenergetyka","description":"","publisher":{"@id":"https:\/\/ekoenergetyka.com\/fr\/#organization"},"potentialAction":[{"@type":"SearchAction","target":{"@type":"EntryPoint","urlTemplate":"https:\/\/ekoenergetyka.com\/fr\/?s={search_term_string}"},"query-input":{"@type":"PropertyValueSpecification","valueRequired":true,"valueName":"search_term_string"}}],"inLanguage":"fr-FR"},{"@type":"Organization","@id":"https:\/\/ekoenergetyka.com\/fr\/#organization","name":"Ekoenergetyka","url":"https:\/\/ekoenergetyka.com\/fr\/","logo":{"@type":"ImageObject","inLanguage":"fr-FR","@id":"https:\/\/ekoenergetyka.com\/fr\/#\/schema\/logo\/image\/","url":"https:\/\/ekoenergetyka.com\/wp-content\/uploads\/2024\/11\/cropped-sygnet-bez-tla-black-1-2.png","contentUrl":"https:\/\/ekoenergetyka.com\/wp-content\/uploads\/2024\/11\/cropped-sygnet-bez-tla-black-1-2.png","width":512,"height":512,"caption":"Ekoenergetyka"},"image":{"@id":"https:\/\/ekoenergetyka.com\/fr\/#\/schema\/logo\/image\/"},"sameAs":["https:\/\/www.facebook.com\/ekoenergetykaPolska\/","https:\/\/www.linkedin.com\/company\/ekoenergetyka","https:\/\/www.youtube.com\/channel\/UCfZM_rPDdrv6D0JB-uhWi8Q\/videos"],"description":"Established in 2009 Poland with a sole purpose of providing charging solutions, we are one of the pioneers in the e-mobility industry. In a decade, Ekoenergetyka has grown from 2 to more than 400 employees (currently around 1,000) and has acquired customers throughout Europe and are now a Central and Eastern European leader in charging technologies.","email":"contact@ekoenergetyka.com.pl","telephone":"+ 48 68 328 20 68","numberOfEmployees":{"@type":"QuantitativeValue","minValue":"501","maxValue":"1000"}}]}},"_links":{"self":[{"href":"https:\/\/ekoenergetyka.com\/fr\/wp-json\/wp\/v2\/pages\/22973","targetHints":{"allow":["GET"]}}],"collection":[{"href":"https:\/\/ekoenergetyka.com\/fr\/wp-json\/wp\/v2\/pages"}],"about":[{"href":"https:\/\/ekoenergetyka.com\/fr\/wp-json\/wp\/v2\/types\/page"}],"author":[{"embeddable":true,"href":"https:\/\/ekoenergetyka.com\/fr\/wp-json\/wp\/v2\/users\/1"}],"replies":[{"embeddable":true,"href":"https:\/\/ekoenergetyka.com\/fr\/wp-json\/wp\/v2\/comments?post=22973"}],"version-history":[{"count":5,"href":"https:\/\/ekoenergetyka.com\/fr\/wp-json\/wp\/v2\/pages\/22973\/revisions"}],"predecessor-version":[{"id":57948,"href":"https:\/\/ekoenergetyka.com\/fr\/wp-json\/wp\/v2\/pages\/22973\/revisions\/57948"}],"wp:attachment":[{"href":"https:\/\/ekoenergetyka.com\/fr\/wp-json\/wp\/v2\/media?parent=22973"}],"curies":[{"name":"wp","href":"https:\/\/api.w.org\/{rel}","templated":true}]}}