{"id":48986,"date":"2025-09-17T13:51:27","date_gmt":"2025-09-17T11:51:27","guid":{"rendered":"https:\/\/ekoenergetyka.com\/?page_id=48986"},"modified":"2025-10-02T11:35:35","modified_gmt":"2025-10-02T09:35:35","slug":"barbara-wacht","status":"publish","type":"page","link":"https:\/\/ekoenergetyka.com\/de\/uber-uns\/barbara-wacht\/","title":{"rendered":"Barbara Wacht"},"content":{"rendered":"\n<div class=\"wp-block-columns bio-page is-layout-flex wp-container-core-columns-is-layout-9d6595d7 wp-block-columns-is-layout-flex\">\n<div class=\"wp-block-column is-layout-flow wp-block-column-is-layout-flow\" style=\"flex-basis:25%\"><\/div>\n\n\n\n<div class=\"wp-block-column is-layout-flow wp-block-column-is-layout-flow\" style=\"flex-basis:50%\">\n<h1 class=\"wp-block-heading\" id=\"h-barbara-wacht\">Barbara Wacht<\/h1>\n\n\n\n<h3 class=\"wp-block-heading\" id=\"h-vizeprasidentin-fur-compliance-investor-relations-und-strategische-finanzierung\">Vizepr\u00e4sidentin f\u00fcr Compliance, Investor Relations und Strategische Finanzierung<\/h3>\n\n\n\n<div style=\"height:1rem\" aria-hidden=\"true\" class=\"wp-block-spacer\"><\/div>\n\n\n\n<p class=\"text-big\">Barbara Wacht ist Rechtsberaterin und Absolventin der Rechtsfakult\u00e4t der Katholischen Universit\u00e4t Lublin.<\/p>\n\n\n\n<p>Sie hat au\u00dferdem ein Aufbaustudium in Compliance und AML an der Leon-Ko\u017ami\u0144ski-Akademie abgeschlossen. Von Anfang an unterst\u00fctzt sie Ekoenergetyka-Polska bei Finanzierungsprozessen, einschlie\u00dflich privater und institutioneller externer Investoren sowie Finanzinstitute.<\/p>\n\n\n\n<p>Als Vizepr\u00e4sidentin ist sie verantwortlich f\u00fcr Corporate Governance, Compliance und strategische Finanzierung und beteiligt sich zudem an Projekten zum Risikomanagement in allen Bereichen der T\u00e4tigkeiten der Unternehmensgruppe.<\/p>\n\n\n\n<div style=\"height:3rem\" aria-hidden=\"true\" class=\"wp-block-spacer\"><\/div>\n\n\n<section class=\"history-back\">\n    <div class=\"history-back-button\">\n                        <a href=\"\/de\/uber-uns#managment-board\" class=\"button\">\n            <span>\n                <svg xmlns=\"http:\/\/www.w3.org\/2000\/svg\" width=\"15\" height=\"16\" viewBox=\"0 0 15 16\" fill=\"none\">\n                    <path\n                        d=\"M0.0941435 8.47611C0.153637 8.62955 0.242844 8.76973 0.356645 8.88861L6.60664 15.1386C6.72319 15.2552 6.86155 15.3476 7.01383 15.4107C7.16611 15.4738 7.32932 15.5062 7.49414 15.5062C7.82702 15.5062 8.14626 15.374 8.38164 15.1386C8.49819 15.0221 8.59064 14.8837 8.65372 14.7314C8.71679 14.5791 8.74926 14.4159 8.74926 14.2511C8.74926 13.9182 8.61702 13.599 8.38164 13.3636L4.25664 9.25111L13.7441 9.25111C14.0757 9.25111 14.3936 9.11942 14.628 8.885C14.8624 8.65058 14.9941 8.33263 14.9941 8.00111C14.9941 7.66959 14.8624 7.35165 14.628 7.11723C14.3936 6.88281 14.0757 6.75111 13.7441 6.75111L4.25664 6.75111L8.38164 2.63861C8.4988 2.52241 8.5918 2.38416 8.65526 2.23183C8.71872 2.07951 8.75139 1.91613 8.75139 1.75111C8.75139 1.5861 8.71872 1.42272 8.65526 1.27039C8.5918 1.11807 8.4988 0.979819 8.38164 0.863614C8.26544 0.746455 8.12719 0.653459 7.97486 0.589999C7.82254 0.526537 7.65916 0.493866 7.49414 0.493866C7.32913 0.493866 7.16575 0.526537 7.01342 0.589999C6.8611 0.653459 6.72285 0.746454 6.60664 0.863614L0.356645 7.11361C0.242844 7.23249 0.153637 7.37267 0.0941436 7.52611C-0.0308783 7.83044 -0.0308784 8.17178 0.0941435 8.47611Z\" \/>\n                <\/svg>\n            <\/span>\n            Zur\u00fcck        <\/a>\n            <\/div>\n<\/section><\/div>\n\n\n\n<div class=\"wp-block-column is-layout-flow wp-block-column-is-layout-flow\" style=\"flex-basis:25%\"><\/div>\n<\/div>\n\n\n\n<p><\/p>\n","protected":false},"excerpt":{"rendered":"<p>Barbara Wacht Vizepr\u00e4sidentin f\u00fcr Compliance, Investor Relations und Strategische Finanzierung Barbara Wacht ist Rechtsberaterin und Absolventin der Rechtsfakult\u00e4t der Katholischen Universit\u00e4t Lublin. Sie hat au\u00dferdem ein Aufbaustudium in Compliance und AML an der Leon-Ko\u017ami\u0144ski-Akademie abgeschlossen. Von Anfang an unterst\u00fctzt sie Ekoenergetyka-Polska bei Finanzierungsprozessen, einschlie\u00dflich privater und institutioneller externer Investoren sowie Finanzinstitute. Als Vizepr\u00e4sidentin ist sie [&hellip;]<\/p>\n","protected":false},"author":1,"featured_media":51285,"parent":19718,"menu_order":0,"comment_status":"closed","ping_status":"closed","template":"","meta":{"_acf_changed":false,"footnotes":""},"class_list":["post-48986","page","type-page","status-publish","has-post-thumbnail","hentry"],"acf":[],"yoast_head":"<!-- This site is optimized with the Yoast SEO Premium plugin v27.3 (Yoast SEO v27.4) - https:\/\/yoast.com\/product\/yoast-seo-premium-wordpress\/ -->\n<title>Barbara Wacht | Ekoenergetyka<\/title>\n<meta name=\"description\" content=\"Ekoenergetyka - we develop and produce high power charging solutions for electric passenger cars, buses and HD vehicles.\" \/>\n<meta name=\"robots\" content=\"index, follow, max-snippet:-1, max-image-preview:large, max-video-preview:-1\" \/>\n<link rel=\"canonical\" href=\"https:\/\/ekoenergetyka.com\/de\/uber-uns\/barbara-wacht\/\" \/>\n<meta property=\"og:locale\" content=\"de_DE\" \/>\n<meta property=\"og:type\" content=\"article\" \/>\n<meta property=\"og:title\" content=\"Barbara Wacht\" \/>\n<meta property=\"og:description\" content=\"Ekoenergetyka - we develop and produce high power charging solutions for electric passenger cars, buses and HD vehicles.\" \/>\n<meta property=\"og:url\" content=\"https:\/\/ekoenergetyka.com\/de\/uber-uns\/barbara-wacht\/\" \/>\n<meta property=\"og:site_name\" content=\"Ekoenergetyka\" \/>\n<meta property=\"article:publisher\" content=\"https:\/\/www.facebook.com\/ekoenergetykaPolska\/\" \/>\n<meta property=\"article:modified_time\" content=\"2025-10-02T09:35:35+00:00\" \/>\n<meta property=\"og:image\" content=\"https:\/\/ekoenergetyka.com\/wp-content\/uploads\/2025\/07\/barbara-wacht-full.jpg\" \/>\n\t<meta property=\"og:image:width\" content=\"2298\" \/>\n\t<meta property=\"og:image:height\" content=\"1131\" \/>\n\t<meta property=\"og:image:type\" content=\"image\/jpeg\" \/>\n<meta name=\"twitter:card\" content=\"summary_large_image\" \/>\n<meta name=\"twitter:label1\" content=\"Gesch\u00e4tzte Lesezeit\" \/>\n\t<meta name=\"twitter:data1\" content=\"1\u00a0Minute\" \/>\n<script type=\"application\/ld+json\" class=\"yoast-schema-graph\">{\"@context\":\"https:\\\/\\\/schema.org\",\"@graph\":[{\"@type\":\"WebPage\",\"@id\":\"https:\\\/\\\/ekoenergetyka.com\\\/de\\\/uber-uns\\\/barbara-wacht\\\/\",\"url\":\"https:\\\/\\\/ekoenergetyka.com\\\/de\\\/uber-uns\\\/barbara-wacht\\\/\",\"name\":\"Barbara Wacht | Ekoenergetyka\",\"isPartOf\":{\"@id\":\"https:\\\/\\\/ekoenergetyka.com\\\/de\\\/#website\"},\"primaryImageOfPage\":{\"@id\":\"https:\\\/\\\/ekoenergetyka.com\\\/de\\\/uber-uns\\\/barbara-wacht\\\/#primaryimage\"},\"image\":{\"@id\":\"https:\\\/\\\/ekoenergetyka.com\\\/de\\\/uber-uns\\\/barbara-wacht\\\/#primaryimage\"},\"thumbnailUrl\":\"https:\\\/\\\/ekoenergetyka.com\\\/wp-content\\\/uploads\\\/2025\\\/10\\\/barbara-wacht-new-big.jpg\",\"datePublished\":\"2025-09-17T11:51:27+00:00\",\"dateModified\":\"2025-10-02T09:35:35+00:00\",\"description\":\"Ekoenergetyka - we develop and produce high power charging solutions for electric passenger cars, buses and HD vehicles.\",\"breadcrumb\":{\"@id\":\"https:\\\/\\\/ekoenergetyka.com\\\/de\\\/uber-uns\\\/barbara-wacht\\\/#breadcrumb\"},\"inLanguage\":\"de\",\"potentialAction\":[{\"@type\":\"ReadAction\",\"target\":[\"https:\\\/\\\/ekoenergetyka.com\\\/de\\\/uber-uns\\\/barbara-wacht\\\/\"]}]},{\"@type\":\"ImageObject\",\"inLanguage\":\"de\",\"@id\":\"https:\\\/\\\/ekoenergetyka.com\\\/de\\\/uber-uns\\\/barbara-wacht\\\/#primaryimage\",\"url\":\"https:\\\/\\\/ekoenergetyka.com\\\/wp-content\\\/uploads\\\/2025\\\/10\\\/barbara-wacht-new-big.jpg\",\"contentUrl\":\"https:\\\/\\\/ekoenergetyka.com\\\/wp-content\\\/uploads\\\/2025\\\/10\\\/barbara-wacht-new-big.jpg\",\"width\":2298,\"height\":1131,\"caption\":\"Barbara Wacht\"},{\"@type\":\"BreadcrumbList\",\"@id\":\"https:\\\/\\\/ekoenergetyka.com\\\/de\\\/uber-uns\\\/barbara-wacht\\\/#breadcrumb\",\"itemListElement\":[{\"@type\":\"ListItem\",\"position\":1,\"name\":\"Heim\",\"item\":\"https:\\\/\\\/ekoenergetyka.com\\\/de\\\/\"},{\"@type\":\"ListItem\",\"position\":2,\"name\":\"\u00dcber uns\",\"item\":\"https:\\\/\\\/ekoenergetyka.com\\\/de\\\/uber-uns\\\/\"},{\"@type\":\"ListItem\",\"position\":3,\"name\":\"Barbara Wacht\"}]},{\"@type\":\"WebSite\",\"@id\":\"https:\\\/\\\/ekoenergetyka.com\\\/de\\\/#website\",\"url\":\"https:\\\/\\\/ekoenergetyka.com\\\/de\\\/\",\"name\":\"Ekoenergetyka\",\"description\":\"\",\"publisher\":{\"@id\":\"https:\\\/\\\/ekoenergetyka.com\\\/de\\\/#organization\"},\"potentialAction\":[{\"@type\":\"SearchAction\",\"target\":{\"@type\":\"EntryPoint\",\"urlTemplate\":\"https:\\\/\\\/ekoenergetyka.com\\\/de\\\/?s={search_term_string}\"},\"query-input\":{\"@type\":\"PropertyValueSpecification\",\"valueRequired\":true,\"valueName\":\"search_term_string\"}}],\"inLanguage\":\"de\"},{\"@type\":\"Organization\",\"@id\":\"https:\\\/\\\/ekoenergetyka.com\\\/de\\\/#organization\",\"name\":\"Ekoenergetyka\",\"url\":\"https:\\\/\\\/ekoenergetyka.com\\\/de\\\/\",\"logo\":{\"@type\":\"ImageObject\",\"inLanguage\":\"de\",\"@id\":\"https:\\\/\\\/ekoenergetyka.com\\\/de\\\/#\\\/schema\\\/logo\\\/image\\\/\",\"url\":\"https:\\\/\\\/ekoenergetyka.com\\\/wp-content\\\/uploads\\\/2024\\\/11\\\/cropped-sygnet-bez-tla-black-1-2.png\",\"contentUrl\":\"https:\\\/\\\/ekoenergetyka.com\\\/wp-content\\\/uploads\\\/2024\\\/11\\\/cropped-sygnet-bez-tla-black-1-2.png\",\"width\":512,\"height\":512,\"caption\":\"Ekoenergetyka\"},\"image\":{\"@id\":\"https:\\\/\\\/ekoenergetyka.com\\\/de\\\/#\\\/schema\\\/logo\\\/image\\\/\"},\"sameAs\":[\"https:\\\/\\\/www.facebook.com\\\/ekoenergetykaPolska\\\/\",\"https:\\\/\\\/www.linkedin.com\\\/company\\\/ekoenergetyka\",\"https:\\\/\\\/www.youtube.com\\\/channel\\\/UCfZM_rPDdrv6D0JB-uhWi8Q\\\/videos\"],\"description\":\"Established in 2009 Poland with a sole purpose of providing charging solutions, we are one of the pioneers in the e-mobility industry. In a decade, Ekoenergetyka has grown from 2 to more than 400 employees (currently around 1,000) and has acquired customers throughout Europe and are now a Central and Eastern European leader in charging technologies.\",\"email\":\"contact@ekoenergetyka.com.pl\",\"telephone\":\"+ 48 68 328 20 68\",\"numberOfEmployees\":{\"@type\":\"QuantitativeValue\",\"minValue\":\"501\",\"maxValue\":\"1000\"}}]}<\/script>\n<!-- \/ Yoast SEO Premium plugin. -->","yoast_head_json":{"title":"Barbara Wacht | Ekoenergetyka","description":"Ekoenergetyka - we develop and produce high power charging solutions for electric passenger cars, buses and HD vehicles.","robots":{"index":"index","follow":"follow","max-snippet":"max-snippet:-1","max-image-preview":"max-image-preview:large","max-video-preview":"max-video-preview:-1"},"canonical":"https:\/\/ekoenergetyka.com\/de\/uber-uns\/barbara-wacht\/","og_locale":"de_DE","og_type":"article","og_title":"Barbara Wacht","og_description":"Ekoenergetyka - we develop and produce high power charging solutions for electric passenger cars, buses and HD vehicles.","og_url":"https:\/\/ekoenergetyka.com\/de\/uber-uns\/barbara-wacht\/","og_site_name":"Ekoenergetyka","article_publisher":"https:\/\/www.facebook.com\/ekoenergetykaPolska\/","article_modified_time":"2025-10-02T09:35:35+00:00","og_image":[{"width":2298,"height":1131,"url":"https:\/\/ekoenergetyka.com\/wp-content\/uploads\/2025\/07\/barbara-wacht-full.jpg","type":"image\/jpeg"}],"twitter_card":"summary_large_image","twitter_misc":{"Gesch\u00e4tzte Lesezeit":"1\u00a0Minute"},"schema":{"@context":"https:\/\/schema.org","@graph":[{"@type":"WebPage","@id":"https:\/\/ekoenergetyka.com\/de\/uber-uns\/barbara-wacht\/","url":"https:\/\/ekoenergetyka.com\/de\/uber-uns\/barbara-wacht\/","name":"Barbara Wacht | Ekoenergetyka","isPartOf":{"@id":"https:\/\/ekoenergetyka.com\/de\/#website"},"primaryImageOfPage":{"@id":"https:\/\/ekoenergetyka.com\/de\/uber-uns\/barbara-wacht\/#primaryimage"},"image":{"@id":"https:\/\/ekoenergetyka.com\/de\/uber-uns\/barbara-wacht\/#primaryimage"},"thumbnailUrl":"https:\/\/ekoenergetyka.com\/wp-content\/uploads\/2025\/10\/barbara-wacht-new-big.jpg","datePublished":"2025-09-17T11:51:27+00:00","dateModified":"2025-10-02T09:35:35+00:00","description":"Ekoenergetyka - we develop and produce high power charging solutions for electric passenger cars, buses and HD vehicles.","breadcrumb":{"@id":"https:\/\/ekoenergetyka.com\/de\/uber-uns\/barbara-wacht\/#breadcrumb"},"inLanguage":"de","potentialAction":[{"@type":"ReadAction","target":["https:\/\/ekoenergetyka.com\/de\/uber-uns\/barbara-wacht\/"]}]},{"@type":"ImageObject","inLanguage":"de","@id":"https:\/\/ekoenergetyka.com\/de\/uber-uns\/barbara-wacht\/#primaryimage","url":"https:\/\/ekoenergetyka.com\/wp-content\/uploads\/2025\/10\/barbara-wacht-new-big.jpg","contentUrl":"https:\/\/ekoenergetyka.com\/wp-content\/uploads\/2025\/10\/barbara-wacht-new-big.jpg","width":2298,"height":1131,"caption":"Barbara Wacht"},{"@type":"BreadcrumbList","@id":"https:\/\/ekoenergetyka.com\/de\/uber-uns\/barbara-wacht\/#breadcrumb","itemListElement":[{"@type":"ListItem","position":1,"name":"Heim","item":"https:\/\/ekoenergetyka.com\/de\/"},{"@type":"ListItem","position":2,"name":"\u00dcber uns","item":"https:\/\/ekoenergetyka.com\/de\/uber-uns\/"},{"@type":"ListItem","position":3,"name":"Barbara Wacht"}]},{"@type":"WebSite","@id":"https:\/\/ekoenergetyka.com\/de\/#website","url":"https:\/\/ekoenergetyka.com\/de\/","name":"Ekoenergetyka","description":"","publisher":{"@id":"https:\/\/ekoenergetyka.com\/de\/#organization"},"potentialAction":[{"@type":"SearchAction","target":{"@type":"EntryPoint","urlTemplate":"https:\/\/ekoenergetyka.com\/de\/?s={search_term_string}"},"query-input":{"@type":"PropertyValueSpecification","valueRequired":true,"valueName":"search_term_string"}}],"inLanguage":"de"},{"@type":"Organization","@id":"https:\/\/ekoenergetyka.com\/de\/#organization","name":"Ekoenergetyka","url":"https:\/\/ekoenergetyka.com\/de\/","logo":{"@type":"ImageObject","inLanguage":"de","@id":"https:\/\/ekoenergetyka.com\/de\/#\/schema\/logo\/image\/","url":"https:\/\/ekoenergetyka.com\/wp-content\/uploads\/2024\/11\/cropped-sygnet-bez-tla-black-1-2.png","contentUrl":"https:\/\/ekoenergetyka.com\/wp-content\/uploads\/2024\/11\/cropped-sygnet-bez-tla-black-1-2.png","width":512,"height":512,"caption":"Ekoenergetyka"},"image":{"@id":"https:\/\/ekoenergetyka.com\/de\/#\/schema\/logo\/image\/"},"sameAs":["https:\/\/www.facebook.com\/ekoenergetykaPolska\/","https:\/\/www.linkedin.com\/company\/ekoenergetyka","https:\/\/www.youtube.com\/channel\/UCfZM_rPDdrv6D0JB-uhWi8Q\/videos"],"description":"Established in 2009 Poland with a sole purpose of providing charging solutions, we are one of the pioneers in the e-mobility industry. In a decade, Ekoenergetyka has grown from 2 to more than 400 employees (currently around 1,000) and has acquired customers throughout Europe and are now a Central and Eastern European leader in charging technologies.","email":"contact@ekoenergetyka.com.pl","telephone":"+ 48 68 328 20 68","numberOfEmployees":{"@type":"QuantitativeValue","minValue":"501","maxValue":"1000"}}]}},"_links":{"self":[{"href":"https:\/\/ekoenergetyka.com\/de\/wp-json\/wp\/v2\/pages\/48986","targetHints":{"allow":["GET"]}}],"collection":[{"href":"https:\/\/ekoenergetyka.com\/de\/wp-json\/wp\/v2\/pages"}],"about":[{"href":"https:\/\/ekoenergetyka.com\/de\/wp-json\/wp\/v2\/types\/page"}],"author":[{"embeddable":true,"href":"https:\/\/ekoenergetyka.com\/de\/wp-json\/wp\/v2\/users\/1"}],"replies":[{"embeddable":true,"href":"https:\/\/ekoenergetyka.com\/de\/wp-json\/wp\/v2\/comments?post=48986"}],"version-history":[{"count":3,"href":"https:\/\/ekoenergetyka.com\/de\/wp-json\/wp\/v2\/pages\/48986\/revisions"}],"predecessor-version":[{"id":51297,"href":"https:\/\/ekoenergetyka.com\/de\/wp-json\/wp\/v2\/pages\/48986\/revisions\/51297"}],"up":[{"embeddable":true,"href":"https:\/\/ekoenergetyka.com\/de\/wp-json\/wp\/v2\/pages\/19718"}],"wp:featuredmedia":[{"embeddable":true,"href":"https:\/\/ekoenergetyka.com\/de\/wp-json\/wp\/v2\/media\/51285"}],"wp:attachment":[{"href":"https:\/\/ekoenergetyka.com\/de\/wp-json\/wp\/v2\/media?parent=48986"}],"curies":[{"name":"wp","href":"https:\/\/api.w.org\/{rel}","templated":true}]}}