{"id":1992,"date":"2021-07-20T23:24:15","date_gmt":"2021-07-20T21:24:15","guid":{"rendered":"https:\/\/ekoenergetyka.com\/?page_id=1992"},"modified":"2025-09-17T15:13:55","modified_gmt":"2025-09-17T13:13:55","slug":"allgemeinen-verkaufsbedingungen","status":"publish","type":"page","link":"https:\/\/ekoenergetyka.com\/de\/allgemeinen-verkaufsbedingungen\/","title":{"rendered":"Allgemeine Verkaufsbedingungen"},"content":{"rendered":"\n<p class=\"has-small-font-size\">Datum der Ver\u00f6ffentlichung 09.10.2023<\/p>\n\n\n\n<p><strong>ALLGEMEINE VERKAUFSBEDINGUNGEN F\u00dcR WAREN UND DIENSTLEISTUNGEN BEI EKOENERGETYKA-POLSKA S.A.<\/strong><\/p>\n\n\n\n<ol class=\"wp-block-list\">\n<li>Diese Allgemeinen Verkaufsbedingungen f\u00fcr Waren und Dienstleistungen gelten f\u00fcr die von Ekoenergetyka-Polska S.A. abgeschlossenen Vertr\u00e4ge, aufgrund deren der Verkauf von Waren oder Dienstleistungen erfolgt, unabh\u00e4ngig von der Grundlage und Form ihres Abschlusses.<\/li>\n\n\n\n<li>Die in AVB verwendeten Definitionen in Gro\u00dfbuchstaben haben folgende Bedeutungen:\n<ul class=\"wp-block-list\">\n<li>Angebot \u2013 eine Absichtserkl\u00e4rung des Auftragnehmers gegen\u00fcber dem Auftraggeber, dass er bereit ist, den Vertrag zu den Bedingungen des Angebots und der AVB abzuschlie\u00dfen,<\/li>\n\n\n\n<li>AVB \u2013 die vorliegenden Allgemeinen Verkaufsbedingungen f\u00fcr Waren und Dienstleistungen,<\/li>\n\n\n\n<li>Auftragnehmer \/ EE Polska \u2013 die Gesellschaft Ekoenergetyka-Polska S.A.,<\/li>\n\n\n\n<li>Auftraggeber \u2013 Rechtstr\u00e4ger, der den Auftragnehmer um die Vorlage eines Angebots gebeten hat,<\/li>\n\n\n\n<li>Angebotsanfrage \u2013 vom Auftraggeber in beliebiger Form bereitgestellte Informationen, die die allgemeinen Anforderungen des Auftraggebers bestimmen, auf deren Grundlage das Angebot zu erstellen ist.<\/li>\n<\/ul>\n<\/li>\n<\/ol>\n\n\n\n<ol class=\"wp-block-list\" start=\"3\">\n<li>Der Auftragnehmer gew\u00e4hrt eine Garantie zu den Bedingungen, die in den Allgemeinen Garantiebedingungen des Auftragnehmers angegeben sind, welche auf der Webseite <a href=\"https:\/\/ekoenergetyka.com\/\">https:\/\/ekoenergetyka.com\/<\/a> verf\u00fcgbar sind.<\/li>\n\n\n\n<li>Das Angebot umfasst keine Produkte und Kosten, die im Angebot ausdr\u00fccklich nicht erw\u00e4hnt werden, darunter:\n<ul class=\"wp-block-list\">\n<li>Installation, Inbetriebnahme, Abnahmen (darunter: der Technischen \u00dcberwachungsstelle (poln. UDT)), sofern sie im Angebot ausdr\u00fccklich nicht angegeben wurden,<\/li>\n\n\n\n<li>Lieferung von Software,<\/li>\n\n\n\n<li>Projekt-, Bau- und Anschlussarbeiten,<\/li>\n\n\n\n<li>Verwaltungsgenehmigungen,<\/li>\n\n\n\n<li>Trafostationen,<\/li>\n\n\n\n<li>Bodenuntersuchungen, Lieferung und Montage von Fundamenten,<\/li>\n\n\n\n<li>Lieferung und Verlegen von Kabeln,<\/li>\n\n\n\n<li>Branding der Ladestationen.<\/li>\n<\/ul>\n<\/li>\n<\/ol>\n\n\n\n<ol class=\"wp-block-list\" start=\"5\">\n<li>Der Auftragnehmer stellt eine CE-Konformit\u00e4tserkl\u00e4rung f\u00fcr die gelieferten Ladestationen sowie technische Dokumentation in polnischer Sprache zur Verf\u00fcgung.<\/li>\n\n\n\n<li>Im Falle einer \u00c4nderung der in der Angebotsanfrage angegebenen Richtlinien oder anderer Ausf\u00fchrungsbedingungen beh\u00e4lt sich der Auftragnehmer das Recht vor, das Angebot zu \u00e4ndern.<\/li>\n\n\n\n<li>Im Falle einer Lieferung au\u00dferhalb Polens ist der Auftraggeber auf Verlangen des Auftragnehmers verpflichtet, die Lieferung und Erbringung der Dienstleistung zu best\u00e4tigen, insbesondere durch Vorlage eines CMR-Belegs, R\u00fccksendung des best\u00e4tigten WZ-Belegs, Vorlage eines unterzeichneten Liefer- oder Leistungsprotokolls sowie eine E-Mail-Best\u00e4tigung.<\/li>\n\n\n\n<li>Die Anwendung jeglicher vom Auftraggeber angewandten allgemeinen Einkaufs- und Verkaufsbedingungen ist unter Androhung der Nichtigkeit ausgeschlossen, es sei denn, dass gesonderte schriftliche Vereinbarungen der Parteien etwas anderes vorsehen.<\/li>\n\n\n\n<li>Der Auftragnehmer tr\u00e4gt keine Haftung f\u00fcr die Nichteinhaltung der im Angebot genannten Fristen aufgrund des Eintretens h\u00f6herer Gewalt, darunter ein \u00e4u\u00dferer Umstand, der au\u00dferhalb der Kontrolle der Parteien liegt und der mit der gebotenen Sorgfalt nicht verhindert oder vorhergesagt werden konnte, insbesondere epidemiologische Situation von COVID-19 oder Aufmerksamkeit auf die Aggression der Russischen F\u00f6deration gegen die Ukraine. Der Auftragnehmer teilt jede durch den oben genannten Umstand bedingte \u00c4nderung des Angebots unverz\u00fcglich mit.<\/li>\n\n\n\n<li>Der Auftragnehmer kann seine Verpflichtungen mit Hilfe von beliebigen Unterauftragnehmern erf\u00fcllen, womit sich der Auftraggeber durch Annahme des Angebots einverstanden erkl\u00e4rt.<\/li>\n\n\n\n<li>Wird das Angebot angenommen, so teilt der Auftragnehmer dem Auftraggeber den voraussichtlichen Liefertermin vorab mit. Der Auftraggeber ist verpflichtet, die Ladestationen abzunehmen und den Liefer- und Montageort ordnungsgem\u00e4\u00df vorzubereiten, darunter die einen Anschluss vorzubereiten sowie alle f\u00fcr die Montage der Produkte (falls zutreffend) und deren Betrieb erforderlichen Genehmigungen, Erlaubnisse und Zulassungen einzuholen (sofern im Angebot nichts anders vorgesehen ist). Wenn die Lieferung der Produkte den Kontakt mit anderen Dritten als den Unterauftragnehmern des Auftragnehmers erfordert (z.B. anderen Spediteuren, die die Sendung zum vorgesehenen Liefertermin am Lieferort abzuliefern haben), ist der Auftraggeber f\u00fcr die ordnungsgem\u00e4\u00dfe Koordinierung der Lieferung mit diesen Dritten verantwortlich, um die Erf\u00fcllung der Verpflichtungen des Auftragnehmers gegen\u00fcber dem Auftraggeber zu erm\u00f6glichen.<\/li>\n\n\n\n<li>Wird das Angebot angenommen, so obliegt es dem Auftraggeber, die bestellten Produkte und Dienstleistungen abzunehmen.<\/li>\n\n\n\n<li>Mit der Annahme des Angebots erkl\u00e4rt der Auftraggeber, dass er sich mit den dem Angebot beigef\u00fcgten Spezifikationen vertraut gemacht hat und keine Einw\u00e4nde gegen deren Inhalt erhebt. Der Auftragnehmer garantiert nicht, dass die gelieferten Produkte und Dienstleistungen die Bedingungen, Parameter, Eigenschaften oder Funktionalit\u00e4ten aufweisen, erreichen oder erf\u00fcllen, die in den beigef\u00fcgten Spezifikationen nicht ausdr\u00fccklich angegeben sind, und gew\u00e4hrleistet in keiner Weise, weder ausdr\u00fccklich noch stillschweigend, die kommerzielle Eignung oder die Bereitschaft, den vom Auftraggeber beabsichtigten Zweck zu erreichen. Das Fehlen von Eigenschaften, Parametern, Spezifikationen oder Funktionen, die in den beigef\u00fcgten Spezifikationen ausdr\u00fccklich nicht aufgef\u00fchrt sind, in den Waren oder Dienstleistungen stellt weder einen Mangel noch eine andere Art mangelhafter Leistung des Auftragnehmers dar. S\u00e4mtliche Einwendungen oder Bemerkungen sind unverz\u00fcglich an die in der Einleitung des Angebots angegebene E-Mail-Adresse zu schicken.<\/li>\n\n\n\n<li>Die Lieferung von Waren an den Auftraggeber erfolgt gem\u00e4\u00df den EXW Incoterms 2020. Die Waren sind in den Lagern des Auftragnehmers ausgegeben und sind dort verf\u00fcgbar: Nowy Kisielin \u2013 Rozwojowa 7a, 66-002 Zielona G\u00f3ra.<\/li>\n\n\n\n<li>Der Auftragnehmer beh\u00e4lt sich das Recht vor, die Erbringung der in dem Angebot genannten Lieferungen und Dienstleistungen sowie die Lagerung der bestellten Produkte auf Kosten und Gefahr des Auftraggebers einzustellen, sofern die Zahlung eines Teils der Verg\u00fctung aus irgendeinem Schuldverh\u00e4ltnis zwischen dem Auftragnehmer und dem Auftraggeber verz\u00f6gert wird.<\/li>\n\n\n\n<li>Bei Zahlungsverzug eines Teils der Verg\u00fctung aus einem Schuldverh\u00e4ltnis zwischen dem Auftragnehmer und dem Auftraggeber steht dem Auftragnehmer ein Recht zu, eine Nachfrist zur Zahlung der ausstehenden Zahlung zu setzen. Nach dem fruchtlosen Ablauf der o.g. Nachfrist beh\u00e4lt sich der Auftragnehmer das Recht vor, von dem durch die Annahme des Angebots abgeschlossenen Vertrag ganz oder in dem ausgew\u00e4hlten Teil zur\u00fcckzutreten. Das R\u00fccktrittsrecht ist innerhalb eines Monats nach Ablauf der festgelegten Nachfrist zur Vornahme der Zahlung auszu\u00fcben.<\/li>\n\n\n\n<li>Sollte es nicht m\u00f6glich sein, die Ladestation innerhalb der im Angebot genannten Zeit abzunehmen oder zu montieren, tr\u00e4gt der Auftraggeber die Kosten f\u00fcr die Lagerung der Ladestation und alle dem Auftragnehmer entstehenden Mehrkosten, darunter die Kosten f\u00fcr den erneuten Transport der Ladestation zum Lieferort, aufgrund einer separaten Rechnung. Unabh\u00e4ngig davon hat der Auftragnehmer bei der Lagerung der gelieferten Waren gem\u00e4\u00df den vorstehenden Bestimmungen auch das Recht, eine Rechnung auszustellen und 100 % der Verg\u00fctung f\u00fcr die Lagerung zu verlangen.<\/li>\n\n\n\n<li>Soweit sich aus der gesonderten Dokumentation, den gesonderten Lizenzbedingungen etc. ausdr\u00fccklich nichts anderes ergibt, \u00fcbertr\u00e4gt der Auftragnehmer an den Auftraggeber keine Urheberverm\u00f6gensrechte und gew\u00e4hrt keine Lizenzen an den zu liefernden Inhalten.<\/li>\n\n\n\n<li>Die Parteien schlie\u00dfen die Anwendung von Art. 68<sup>1<\/sup> des Zivilgesetzbuches aus.<\/li>\n\n\n\n<li>Der Auftraggeber erteilt seine Zustimmung, die Forderung an einen Dritten abzutreten.<\/li>\n\n\n\n<li>Das auf das Angebot und \u2013 im Falle seiner Annahme \u2013 auf das sich aus der Annahme des Angebots ergebende Rechtsverh\u00e4ltnis ist polnisches Recht unter Ausschluss des Wiener \u00dcbereinkommen \u00fcber Vertr\u00e4ge \u00fcber den internationalen Warenkauf (CISG) und der Kollisionsnormen des Internationalen Privatrechts. Alle Streitigkeiten werden von einem polnischen ordentlichen Gericht mit Zust\u00e4ndigkeit f\u00fcr den Sitz des Auftragnehmers entschieden.<\/li>\n\n\n\n<li>Die Haftung des Auftragnehmers aufgrund der gesetzlichen Gew\u00e4hrleistung f\u00fcr die M\u00e4ngel an gelieferten Waren und Dienstleistungen ist ausgeschlossen.<\/li>\n\n\n\n<li>Die Haftung des Auftragnehmers f\u00fcr die Schlechterf\u00fcllung der Verpflichtung aus dem Angebot ist im gr\u00f6\u00dftm\u00f6glichen nach den allgemein geltenden Rechtsvorschriften zul\u00e4ssigen Umfang auf 100 % der im Angebot angegebenen Nettoverg\u00fctung beschr\u00e4nkt und deckt nur den unmittelbaren tats\u00e4chlichen Schaden ab, der durch die Schlechterf\u00fcllung durch den Auftragnehmer verursacht wurde, unter Ausschluss der Haftung f\u00fcr mittelbare Sch\u00e4den und entgangene Vorteile.<\/li>\n\n\n\n<li>Es gelten keine anderen Allgemeinen Gesch\u00e4ftsbedingungen f\u00fcr Bestellungen, Verk\u00e4ufe, Dienstleistungen oder \u00c4hnliches, es sei denn, die Parteien vereinbaren schriftlich etwas anderes oder es ist im Angebot selbst etwas anderes angegeben.<\/li>\n\n\n\n<li>Alle dem Angebot beigef\u00fcgten Unterlagen stellen einen integralen Bestandteil des Angebots dar.<\/li>\n\n\n\n<li>Sofern im Angebot nichts anders angegeben ist, bed\u00fcrfen alle \u00c4nderungen des durch die Annahme des Angebots zustande gekommenen Vertrags der Schriftform, unter Androhung der Nichtigkeit.<\/li>\n\n\n\n<li>Der Auftragnehmer erkl\u00e4rt, dass er ein \u201eGro\u00dfunternehmer\u201c im Sinne des Gesetzes zur Vermeidung von \u00fcberm\u00e4\u00dfigen Verz\u00f6gerungen im Gesch\u00e4ftsverkehr vom 8. M\u00e4rz 2013 ist.<\/li>\n<\/ol>\n","protected":false},"excerpt":{"rendered":"<p>Datum der Ver\u00f6ffentlichung 09.10.2023 ALLGEMEINE VERKAUFSBEDINGUNGEN F\u00dcR WAREN UND DIENSTLEISTUNGEN BEI EKOENERGETYKA-POLSKA S.A.<\/p>\n","protected":false},"author":1,"featured_media":0,"parent":0,"menu_order":0,"comment_status":"closed","ping_status":"closed","template":"","meta":{"_acf_changed":false,"footnotes":""},"class_list":["post-1992","page","type-page","status-publish","hentry"],"acf":[],"yoast_head":"<!-- This site is optimized with the Yoast SEO Premium plugin v27.3 (Yoast SEO v27.3) - https:\/\/yoast.com\/product\/yoast-seo-premium-wordpress\/ -->\n<title>Allgemeine Verkaufsbedingungen | Ekoenergetyka<\/title>\n<meta name=\"description\" content=\"Erfahren Sie mehr \u00fcber unsere allgemeinen Verkaufsbedingungen. Klare und faire Regelungen f\u00fcr eine reibungslose Zusammenarbeit mit Ekoenergetyka.\" \/>\n<meta name=\"robots\" content=\"index, follow, max-snippet:-1, max-image-preview:large, max-video-preview:-1\" \/>\n<link rel=\"canonical\" href=\"https:\/\/ekoenergetyka.com\/de\/allgemeinen-verkaufsbedingungen\/\" \/>\n<meta property=\"og:locale\" content=\"de_DE\" \/>\n<meta property=\"og:type\" content=\"article\" \/>\n<meta property=\"og:title\" content=\"Allgemeine Verkaufsbedingungen\" \/>\n<meta property=\"og:description\" content=\"Erfahren Sie mehr \u00fcber unsere allgemeinen Verkaufsbedingungen. Klare und faire Regelungen f\u00fcr eine reibungslose Zusammenarbeit mit Ekoenergetyka.\" \/>\n<meta property=\"og:url\" content=\"https:\/\/ekoenergetyka.com\/de\/allgemeinen-verkaufsbedingungen\/\" \/>\n<meta property=\"og:site_name\" content=\"Ekoenergetyka\" \/>\n<meta property=\"article:publisher\" content=\"https:\/\/www.facebook.com\/ekoenergetykaPolska\/\" \/>\n<meta property=\"article:modified_time\" content=\"2025-09-17T13:13:55+00:00\" \/>\n<meta property=\"og:image\" content=\"https:\/\/ekoenergetyka.com\/wp-content\/uploads\/2025\/06\/baner-ev-charging-stations-hd.jpg\" \/>\n\t<meta property=\"og:image:width\" content=\"1920\" \/>\n\t<meta property=\"og:image:height\" content=\"916\" \/>\n\t<meta property=\"og:image:type\" content=\"image\/jpeg\" \/>\n<meta name=\"twitter:card\" content=\"summary_large_image\" \/>\n<meta name=\"twitter:label1\" content=\"Gesch\u00e4tzte Lesezeit\" \/>\n\t<meta name=\"twitter:data1\" content=\"8\u00a0Minuten\" \/>\n<script type=\"application\/ld+json\" class=\"yoast-schema-graph\">{\"@context\":\"https:\\\/\\\/schema.org\",\"@graph\":[{\"@type\":\"WebPage\",\"@id\":\"https:\\\/\\\/ekoenergetyka.com\\\/de\\\/allgemeinen-verkaufsbedingungen\\\/\",\"url\":\"https:\\\/\\\/ekoenergetyka.com\\\/de\\\/allgemeinen-verkaufsbedingungen\\\/\",\"name\":\"Allgemeine Verkaufsbedingungen | Ekoenergetyka\",\"isPartOf\":{\"@id\":\"https:\\\/\\\/ekoenergetyka.com\\\/de\\\/#website\"},\"datePublished\":\"2021-07-20T21:24:15+00:00\",\"dateModified\":\"2025-09-17T13:13:55+00:00\",\"description\":\"Erfahren Sie mehr \u00fcber unsere allgemeinen Verkaufsbedingungen. Klare und faire Regelungen f\u00fcr eine reibungslose Zusammenarbeit mit Ekoenergetyka.\",\"breadcrumb\":{\"@id\":\"https:\\\/\\\/ekoenergetyka.com\\\/de\\\/allgemeinen-verkaufsbedingungen\\\/#breadcrumb\"},\"inLanguage\":\"de\",\"potentialAction\":[{\"@type\":\"ReadAction\",\"target\":[\"https:\\\/\\\/ekoenergetyka.com\\\/de\\\/allgemeinen-verkaufsbedingungen\\\/\"]}]},{\"@type\":\"BreadcrumbList\",\"@id\":\"https:\\\/\\\/ekoenergetyka.com\\\/de\\\/allgemeinen-verkaufsbedingungen\\\/#breadcrumb\",\"itemListElement\":[{\"@type\":\"ListItem\",\"position\":1,\"name\":\"Heim\",\"item\":\"https:\\\/\\\/ekoenergetyka.com\\\/de\\\/\"},{\"@type\":\"ListItem\",\"position\":2,\"name\":\"Allgemeine Verkaufsbedingungen\"}]},{\"@type\":\"WebSite\",\"@id\":\"https:\\\/\\\/ekoenergetyka.com\\\/de\\\/#website\",\"url\":\"https:\\\/\\\/ekoenergetyka.com\\\/de\\\/\",\"name\":\"Ekoenergetyka\",\"description\":\"\",\"publisher\":{\"@id\":\"https:\\\/\\\/ekoenergetyka.com\\\/de\\\/#organization\"},\"potentialAction\":[{\"@type\":\"SearchAction\",\"target\":{\"@type\":\"EntryPoint\",\"urlTemplate\":\"https:\\\/\\\/ekoenergetyka.com\\\/de\\\/?s={search_term_string}\"},\"query-input\":{\"@type\":\"PropertyValueSpecification\",\"valueRequired\":true,\"valueName\":\"search_term_string\"}}],\"inLanguage\":\"de\"},{\"@type\":\"Organization\",\"@id\":\"https:\\\/\\\/ekoenergetyka.com\\\/de\\\/#organization\",\"name\":\"Ekoenergetyka\",\"url\":\"https:\\\/\\\/ekoenergetyka.com\\\/de\\\/\",\"logo\":{\"@type\":\"ImageObject\",\"inLanguage\":\"de\",\"@id\":\"https:\\\/\\\/ekoenergetyka.com\\\/de\\\/#\\\/schema\\\/logo\\\/image\\\/\",\"url\":\"https:\\\/\\\/ekoenergetyka.com\\\/wp-content\\\/uploads\\\/2024\\\/11\\\/cropped-sygnet-bez-tla-black-1-2.png\",\"contentUrl\":\"https:\\\/\\\/ekoenergetyka.com\\\/wp-content\\\/uploads\\\/2024\\\/11\\\/cropped-sygnet-bez-tla-black-1-2.png\",\"width\":512,\"height\":512,\"caption\":\"Ekoenergetyka\"},\"image\":{\"@id\":\"https:\\\/\\\/ekoenergetyka.com\\\/de\\\/#\\\/schema\\\/logo\\\/image\\\/\"},\"sameAs\":[\"https:\\\/\\\/www.facebook.com\\\/ekoenergetykaPolska\\\/\",\"https:\\\/\\\/www.linkedin.com\\\/company\\\/ekoenergetyka\",\"https:\\\/\\\/www.youtube.com\\\/channel\\\/UCfZM_rPDdrv6D0JB-uhWi8Q\\\/videos\"],\"description\":\"Established in 2009 Poland with a sole purpose of providing charging solutions, we are one of the pioneers in the e-mobility industry. In a decade, Ekoenergetyka has grown from 2 to more than 400 employees (currently around 1,000) and has acquired customers throughout Europe and are now a Central and Eastern European leader in charging technologies.\",\"email\":\"contact@ekoenergetyka.com.pl\",\"telephone\":\"+ 48 68 328 20 68\",\"numberOfEmployees\":{\"@type\":\"QuantitativeValue\",\"minValue\":\"501\",\"maxValue\":\"1000\"}}]}<\/script>\n<!-- \/ Yoast SEO Premium plugin. -->","yoast_head_json":{"title":"Allgemeine Verkaufsbedingungen | Ekoenergetyka","description":"Erfahren Sie mehr \u00fcber unsere allgemeinen Verkaufsbedingungen. Klare und faire Regelungen f\u00fcr eine reibungslose Zusammenarbeit mit Ekoenergetyka.","robots":{"index":"index","follow":"follow","max-snippet":"max-snippet:-1","max-image-preview":"max-image-preview:large","max-video-preview":"max-video-preview:-1"},"canonical":"https:\/\/ekoenergetyka.com\/de\/allgemeinen-verkaufsbedingungen\/","og_locale":"de_DE","og_type":"article","og_title":"Allgemeine Verkaufsbedingungen","og_description":"Erfahren Sie mehr \u00fcber unsere allgemeinen Verkaufsbedingungen. Klare und faire Regelungen f\u00fcr eine reibungslose Zusammenarbeit mit Ekoenergetyka.","og_url":"https:\/\/ekoenergetyka.com\/de\/allgemeinen-verkaufsbedingungen\/","og_site_name":"Ekoenergetyka","article_publisher":"https:\/\/www.facebook.com\/ekoenergetykaPolska\/","article_modified_time":"2025-09-17T13:13:55+00:00","og_image":[{"width":1920,"height":916,"url":"https:\/\/ekoenergetyka.com\/wp-content\/uploads\/2025\/06\/baner-ev-charging-stations-hd.jpg","type":"image\/jpeg"}],"twitter_card":"summary_large_image","twitter_misc":{"Gesch\u00e4tzte Lesezeit":"8\u00a0Minuten"},"schema":{"@context":"https:\/\/schema.org","@graph":[{"@type":"WebPage","@id":"https:\/\/ekoenergetyka.com\/de\/allgemeinen-verkaufsbedingungen\/","url":"https:\/\/ekoenergetyka.com\/de\/allgemeinen-verkaufsbedingungen\/","name":"Allgemeine Verkaufsbedingungen | Ekoenergetyka","isPartOf":{"@id":"https:\/\/ekoenergetyka.com\/de\/#website"},"datePublished":"2021-07-20T21:24:15+00:00","dateModified":"2025-09-17T13:13:55+00:00","description":"Erfahren Sie mehr \u00fcber unsere allgemeinen Verkaufsbedingungen. Klare und faire Regelungen f\u00fcr eine reibungslose Zusammenarbeit mit Ekoenergetyka.","breadcrumb":{"@id":"https:\/\/ekoenergetyka.com\/de\/allgemeinen-verkaufsbedingungen\/#breadcrumb"},"inLanguage":"de","potentialAction":[{"@type":"ReadAction","target":["https:\/\/ekoenergetyka.com\/de\/allgemeinen-verkaufsbedingungen\/"]}]},{"@type":"BreadcrumbList","@id":"https:\/\/ekoenergetyka.com\/de\/allgemeinen-verkaufsbedingungen\/#breadcrumb","itemListElement":[{"@type":"ListItem","position":1,"name":"Heim","item":"https:\/\/ekoenergetyka.com\/de\/"},{"@type":"ListItem","position":2,"name":"Allgemeine Verkaufsbedingungen"}]},{"@type":"WebSite","@id":"https:\/\/ekoenergetyka.com\/de\/#website","url":"https:\/\/ekoenergetyka.com\/de\/","name":"Ekoenergetyka","description":"","publisher":{"@id":"https:\/\/ekoenergetyka.com\/de\/#organization"},"potentialAction":[{"@type":"SearchAction","target":{"@type":"EntryPoint","urlTemplate":"https:\/\/ekoenergetyka.com\/de\/?s={search_term_string}"},"query-input":{"@type":"PropertyValueSpecification","valueRequired":true,"valueName":"search_term_string"}}],"inLanguage":"de"},{"@type":"Organization","@id":"https:\/\/ekoenergetyka.com\/de\/#organization","name":"Ekoenergetyka","url":"https:\/\/ekoenergetyka.com\/de\/","logo":{"@type":"ImageObject","inLanguage":"de","@id":"https:\/\/ekoenergetyka.com\/de\/#\/schema\/logo\/image\/","url":"https:\/\/ekoenergetyka.com\/wp-content\/uploads\/2024\/11\/cropped-sygnet-bez-tla-black-1-2.png","contentUrl":"https:\/\/ekoenergetyka.com\/wp-content\/uploads\/2024\/11\/cropped-sygnet-bez-tla-black-1-2.png","width":512,"height":512,"caption":"Ekoenergetyka"},"image":{"@id":"https:\/\/ekoenergetyka.com\/de\/#\/schema\/logo\/image\/"},"sameAs":["https:\/\/www.facebook.com\/ekoenergetykaPolska\/","https:\/\/www.linkedin.com\/company\/ekoenergetyka","https:\/\/www.youtube.com\/channel\/UCfZM_rPDdrv6D0JB-uhWi8Q\/videos"],"description":"Established in 2009 Poland with a sole purpose of providing charging solutions, we are one of the pioneers in the e-mobility industry. In a decade, Ekoenergetyka has grown from 2 to more than 400 employees (currently around 1,000) and has acquired customers throughout Europe and are now a Central and Eastern European leader in charging technologies.","email":"contact@ekoenergetyka.com.pl","telephone":"+ 48 68 328 20 68","numberOfEmployees":{"@type":"QuantitativeValue","minValue":"501","maxValue":"1000"}}]}},"_links":{"self":[{"href":"https:\/\/ekoenergetyka.com\/de\/wp-json\/wp\/v2\/pages\/1992","targetHints":{"allow":["GET"]}}],"collection":[{"href":"https:\/\/ekoenergetyka.com\/de\/wp-json\/wp\/v2\/pages"}],"about":[{"href":"https:\/\/ekoenergetyka.com\/de\/wp-json\/wp\/v2\/types\/page"}],"author":[{"embeddable":true,"href":"https:\/\/ekoenergetyka.com\/de\/wp-json\/wp\/v2\/users\/1"}],"replies":[{"embeddable":true,"href":"https:\/\/ekoenergetyka.com\/de\/wp-json\/wp\/v2\/comments?post=1992"}],"version-history":[{"count":2,"href":"https:\/\/ekoenergetyka.com\/de\/wp-json\/wp\/v2\/pages\/1992\/revisions"}],"predecessor-version":[{"id":49020,"href":"https:\/\/ekoenergetyka.com\/de\/wp-json\/wp\/v2\/pages\/1992\/revisions\/49020"}],"wp:attachment":[{"href":"https:\/\/ekoenergetyka.com\/de\/wp-json\/wp\/v2\/media?parent=1992"}],"curies":[{"name":"wp","href":"https:\/\/api.w.org\/{rel}","templated":true}]}}