{"id":19453,"date":"2022-11-24T11:38:56","date_gmt":"2022-11-24T10:38:56","guid":{"rendered":"https:\/\/ekoenergetyka.com\/?page_id=19453"},"modified":"2025-09-18T08:03:14","modified_gmt":"2025-09-18T06:03:14","slug":"datenschutzbestimmungen","status":"publish","type":"page","link":"https:\/\/ekoenergetyka.com\/de\/datenschutzbestimmungen\/","title":{"rendered":"Datenschutzbestimmungen"},"content":{"rendered":"\n<h2 class=\"wp-block-heading\" id=\"h-datenschutzerklarung-fur-die-website\">DATENSCHUTZERKL\u00c4RUNG F\u00dcR DIE WEBSITE<\/h2>\n\n\n\n<p id=\"h-ekoenergetyka-com-pl-website\">ekoenergetyka.com<\/p>\n\n\n\n<p><\/p>\n\n\n\n<h3 class=\"wp-block-heading\"><strong>Verantwortlicher f\u00fcr die Datenverarbeitung<\/strong><\/h3>\n\n\n\n<p>Ekoenergetyka-Polska S.A. mit Sitz in Zielona G\u00f3ra (66-002), ul. Nowy Kisielin - Rozwojowa 7A<\/p>\n\n\n\n<h3 class=\"wp-block-heading\"><strong>Pers\u00f6nliche Daten<\/strong><\/h3>\n\n\n\n<p>1. Die vom Administrator \u00fcber die Website erhobenen personenbezogenen Daten werden im Einklang mit der Verordnung (EU) 2016\/679 des Europ\u00e4ischen Parlaments und des Rates vom 27. April 2016 zum Schutz nat\u00fcrlicher Personen bei der Verarbeitung personenbezogener Daten, zum freien Datenverkehr und zur Aufhebung der Richtlinie 95\/46\/EG (Datenschutz-Grundverordnung), im Folgenden DSGVO genannt, und dem Datenschutzgesetz vom 10. Mai 2018 verarbeitet.<\/p>\n\n\n\n<p>2. Der f\u00fcr die Verarbeitung Verantwortliche verarbeitet personenbezogene Daten (Name und E-Mail-Adresse) \u00fcber die Website ekoenergetyka.com, wenn der Nutzer das Kontaktformular verwendet. Die Daten werden auf der Grundlage der erteilten Einwilligung (Art. 6 Absatz 1 Buchstabe a) DSGVO) und zur Wahrung berechtigter Interessen (Art. 6 Absatz 1 Buchstabe f) DSGVO) verarbeitet.<\/p>\n\n\n\n<p>3. Die Daten werden mindestens 2 Jahre lang bearbeitet, um die sich aus den Anforderungen der Anfrage ergebenden Verpflichtungen zu erf\u00fcllen, oder bis die erteilte Zustimmung widerrufen wird.<\/p>\n\n\n\n<p>4. Bei der Nutzung der Website werden au\u00dferdem folgende Daten erhoben: die IP-Adresse des Besuchers und die IP-Adresse, von der aus die Nachricht gesendet wurde, der geografische Standort, die Browserversion und der Browsertyp sowie Informationen \u00fcber den Zeitpunkt und die Art des Surfens.<\/p>\n\n\n\n<p>5. Die Bereitstellung von Daten ist freiwillig, und der Verwalter tr\u00e4gt besonders sorgf\u00e4ltig f\u00fcr den Schutz der Interessen der betroffenen Personen Sorge und stellt insbesondere sicher, dass die von ihm erhobenen Daten rechtm\u00e4\u00dfig verarbeitet werden, dass sie f\u00fcr festgelegte, rechtm\u00e4\u00dfige Zwecke erhoben und nicht einer mit diesen Zwecken unvereinbaren Weiterverarbeitung unterzogen werden, dass sie sachlich richtig sind und den Zwecken entsprechen, f\u00fcr die sie verarbeitet werden, und dass sie in einer Form gespeichert werden, die die Identifizierung der betroffenen Personen erm\u00f6glicht, und zwar nicht l\u00e4nger, als es f\u00fcr die Erreichung des Zwecks der Verarbeitung erforderlich ist.<\/p>\n\n\n\n<h3 class=\"wp-block-heading\"><strong>Weitergabe personenbezogener Daten<\/strong><\/h3>\n\n\n\n<p>1. Personenbezogene Daten werden an die vom Administrator f\u00fcr den Betrieb der Website eingesetzten Dienstleister \u00fcbermittelt, insbesondere an die Webhosting-Anbieter und die Anbieter von Web-Traffic-Analyse-Tools - Google Analytics, Google Ads, Meta, Linkedin.<\/p>\n\n\n\n<p>2. Die betroffene Person hat das Recht auf Auskunft \u00fcber den Inhalt der sie betreffenden personenbezogenen Daten sowie das Recht auf Berichtigung, L\u00f6schung, Einschr\u00e4nkung der Verarbeitung, das Recht auf Daten\u00fcbertragbarkeit, das Widerspruchsrecht und das Recht, die Einwilligung jederzeit zu widerrufen, ohne dass die Rechtm\u00e4\u00dfigkeit der aufgrund der Einwilligung vor deren Widerruf erfolgten Verarbeitung ber\u00fchrt wird<\/p>\n\n\n\n<p>3. F\u00fcr die Aus\u00fcbung der Rechte gem\u00e4\u00df Punkt. 2, senden Sie bitte die entsprechende E-Mail an: <a href=\"mailto:rodo@ekoenergetyka.com\">rodo@ekoenergetyka.com<\/a><\/p>\n\n\n\n<p>4. Stellt der Nutzer einen Antrag auf Aus\u00fcbung seiner Rechte aus den oben genannten Rechten, so kommt der Verwalter diesem Antrag entweder unverz\u00fcglich, sp\u00e4testens jedoch innerhalb eines Monats nach Eingang des Antrags, nach oder lehnt ihn ab. Ist der Verwalter jedoch aufgrund der Komplexit\u00e4t des Antrags oder der Anzahl der Antr\u00e4ge nicht in der Lage, dem Antrag innerhalb eines Monats nachzukommen, so kommt er dem Antrag innerhalb von zwei weiteren Monaten nach, wobei er den Nutzer vorab innerhalb eines Monats nach Eingang des Antrags \u00fcber die beabsichtigte Fristverl\u00e4ngerung und die Gr\u00fcnde daf\u00fcr informiert.<\/p>\n\n\n\n<p>5. Wird festgestellt, dass die Verarbeitung personenbezogener Daten gegen die Bestimmungen der GDSVO verst\u00f6\u00dft, hat die betroffene Person das Recht, beim Pr\u00e4sidenten der Datenschutzbeh\u00f6rde eine Beschwerde einzureichen.<\/p>\n\n\n\n<h3 class=\"wp-block-heading\"><strong>Cookies<\/strong><\/h3>\n\n\n\n<p>1. Cookies sind IT-Daten, insbesondere Textdateien, die heruntergeladen und auf dem Endger\u00e4t des Nutzers der Website f\u00fcr die in den Dateiparametern angegebene Dauer oder bis zu ihrer L\u00f6schung durch den Nutzer gespeichert werden. In Cookies werden Informationen gespeichert, die h\u00e4ufig f\u00fcr das ordnungsgem\u00e4\u00dfe Funktionieren der Website erforderlich sind. Dazu geh\u00f6ren insbesondere der Dom\u00e4nenname der Website, von der sie stammen, die Zeit, in der sie auf dem Endger\u00e4t gespeichert werden, und ein eindeutiger Name.<\/p>\n\n\n\n<p>2. Wir verwenden Google Analytics, um den Nutzerverkehr auf der Website zu analysieren, das Cookies verwendet, um Ihren Computer zu erkennen, wenn Sie die Website besuchen. Diese Cookies werden verwendet, um Ihre Nutzung der Website zu analysieren und Statistiken \u00fcber den Besuch der Website zu erstellen. Einzelheiten zu den Datenschutzbestimmungen von Google Analytics finden Sie unter dieser Adresse: <a href=\"https:\/\/policies.google.com\/privacy?hl=de\" target=\"_blank\" rel=\"noreferrer noopener\">https:\/\/policies.google.com\/privacy?hl=de<\/a><\/p>\n\n\n\n<p>3. Die Verwendung von Cookies ist f\u00fcr die ordnungsgem\u00e4\u00dfe Erbringung von Dienstleistungen auf der Website notwendig, und der Administrator verwendet Cookies, um besser zu verstehen, wie der Benutzer mit dem Inhalt der Website interagiert.<\/p>\n\n\n\n<p>4. Der Nutzer hat das Recht, \u00fcber die Verf\u00fcgbarkeit von Cookies f\u00fcr seinen Computer zu entscheiden, indem er sie im Browser-Fenster im Voraus ausw\u00e4hlt. Detaillierte Informationen \u00fcber die M\u00f6glichkeit und den Umgang mit Cookies finden Sie in den Einstellungen Ihres Browsers.<\/p>\n","protected":false},"excerpt":{"rendered":"<p>DATENSCHUTZERKL\u00c4RUNG F\u00dcR DIE WEBSITE ekoenergetyka.com Verantwortlicher f\u00fcr die Datenverarbeitung Ekoenergetyka-Polska S.A. mit Sitz in Zielona G\u00f3ra (66-002), ul. Nowy Kisielin &#8211; Rozwojowa 7A Pers\u00f6nliche Daten 1. Die vom Administrator \u00fcber die Website erhobenen personenbezogenen Daten werden im Einklang mit der Verordnung (EU) 2016\/679 des Europ\u00e4ischen Parlaments und des Rates vom 27. April 2016 zum Schutz [&hellip;]<\/p>\n","protected":false},"author":1,"featured_media":0,"parent":0,"menu_order":0,"comment_status":"closed","ping_status":"closed","template":"","meta":{"_acf_changed":false,"footnotes":""},"class_list":["post-19453","page","type-page","status-publish","hentry"],"acf":[],"yoast_head":"<!-- This site is optimized with the Yoast SEO Premium plugin v27.3 (Yoast SEO v27.3) - https:\/\/yoast.com\/product\/yoast-seo-premium-wordpress\/ -->\n<title>Datenschutzbestimmungen | Ekoenergetyka<\/title>\n<meta name=\"description\" content=\"Erfahren Sie mehr \u00fcber unsere Datenschutzrichtlinien und wie wir Ihre pers\u00f6nlichen Daten sch\u00fctzen. Transparenz und Sicherheit stehen bei Ekoenergetyka an erster Stelle.\" \/>\n<meta name=\"robots\" content=\"index, follow, max-snippet:-1, max-image-preview:large, max-video-preview:-1\" \/>\n<link rel=\"canonical\" href=\"https:\/\/ekoenergetyka.com\/de\/datenschutzbestimmungen\/\" \/>\n<meta property=\"og:locale\" content=\"de_DE\" \/>\n<meta property=\"og:type\" content=\"article\" \/>\n<meta property=\"og:title\" content=\"Datenschutzbestimmungen\" \/>\n<meta property=\"og:description\" content=\"Erfahren Sie mehr \u00fcber unsere Datenschutzrichtlinien und wie wir Ihre pers\u00f6nlichen Daten sch\u00fctzen. Transparenz und Sicherheit stehen bei Ekoenergetyka an erster Stelle.\" \/>\n<meta property=\"og:url\" content=\"https:\/\/ekoenergetyka.com\/de\/datenschutzbestimmungen\/\" \/>\n<meta property=\"og:site_name\" content=\"Ekoenergetyka\" \/>\n<meta property=\"article:publisher\" content=\"https:\/\/www.facebook.com\/ekoenergetykaPolska\/\" \/>\n<meta property=\"article:modified_time\" content=\"2025-09-18T06:03:14+00:00\" \/>\n<meta property=\"og:image\" content=\"https:\/\/ekoenergetyka.com\/wp-content\/uploads\/2025\/06\/baner-ev-charging-stations-hd.jpg\" \/>\n\t<meta property=\"og:image:width\" content=\"1920\" \/>\n\t<meta property=\"og:image:height\" content=\"916\" \/>\n\t<meta property=\"og:image:type\" content=\"image\/jpeg\" \/>\n<meta name=\"twitter:card\" content=\"summary_large_image\" \/>\n<meta name=\"twitter:label1\" content=\"Gesch\u00e4tzte Lesezeit\" \/>\n\t<meta name=\"twitter:data1\" content=\"5\u00a0Minuten\" \/>\n<script type=\"application\/ld+json\" class=\"yoast-schema-graph\">{\"@context\":\"https:\\\/\\\/schema.org\",\"@graph\":[{\"@type\":\"WebPage\",\"@id\":\"https:\\\/\\\/ekoenergetyka.com\\\/de\\\/datenschutzbestimmungen\\\/\",\"url\":\"https:\\\/\\\/ekoenergetyka.com\\\/de\\\/datenschutzbestimmungen\\\/\",\"name\":\"Datenschutzbestimmungen | Ekoenergetyka\",\"isPartOf\":{\"@id\":\"https:\\\/\\\/ekoenergetyka.com\\\/de\\\/#website\"},\"datePublished\":\"2022-11-24T10:38:56+00:00\",\"dateModified\":\"2025-09-18T06:03:14+00:00\",\"description\":\"Erfahren Sie mehr \u00fcber unsere Datenschutzrichtlinien und wie wir Ihre pers\u00f6nlichen Daten sch\u00fctzen. Transparenz und Sicherheit stehen bei Ekoenergetyka an erster Stelle.\",\"breadcrumb\":{\"@id\":\"https:\\\/\\\/ekoenergetyka.com\\\/de\\\/datenschutzbestimmungen\\\/#breadcrumb\"},\"inLanguage\":\"de\",\"potentialAction\":[{\"@type\":\"ReadAction\",\"target\":[\"https:\\\/\\\/ekoenergetyka.com\\\/de\\\/datenschutzbestimmungen\\\/\"]}]},{\"@type\":\"BreadcrumbList\",\"@id\":\"https:\\\/\\\/ekoenergetyka.com\\\/de\\\/datenschutzbestimmungen\\\/#breadcrumb\",\"itemListElement\":[{\"@type\":\"ListItem\",\"position\":1,\"name\":\"Heim\",\"item\":\"https:\\\/\\\/ekoenergetyka.com\\\/de\\\/\"},{\"@type\":\"ListItem\",\"position\":2,\"name\":\"Datenschutzbestimmungen\"}]},{\"@type\":\"WebSite\",\"@id\":\"https:\\\/\\\/ekoenergetyka.com\\\/de\\\/#website\",\"url\":\"https:\\\/\\\/ekoenergetyka.com\\\/de\\\/\",\"name\":\"Ekoenergetyka\",\"description\":\"\",\"publisher\":{\"@id\":\"https:\\\/\\\/ekoenergetyka.com\\\/de\\\/#organization\"},\"potentialAction\":[{\"@type\":\"SearchAction\",\"target\":{\"@type\":\"EntryPoint\",\"urlTemplate\":\"https:\\\/\\\/ekoenergetyka.com\\\/de\\\/?s={search_term_string}\"},\"query-input\":{\"@type\":\"PropertyValueSpecification\",\"valueRequired\":true,\"valueName\":\"search_term_string\"}}],\"inLanguage\":\"de\"},{\"@type\":\"Organization\",\"@id\":\"https:\\\/\\\/ekoenergetyka.com\\\/de\\\/#organization\",\"name\":\"Ekoenergetyka\",\"url\":\"https:\\\/\\\/ekoenergetyka.com\\\/de\\\/\",\"logo\":{\"@type\":\"ImageObject\",\"inLanguage\":\"de\",\"@id\":\"https:\\\/\\\/ekoenergetyka.com\\\/de\\\/#\\\/schema\\\/logo\\\/image\\\/\",\"url\":\"https:\\\/\\\/ekoenergetyka.com\\\/wp-content\\\/uploads\\\/2024\\\/11\\\/cropped-sygnet-bez-tla-black-1-2.png\",\"contentUrl\":\"https:\\\/\\\/ekoenergetyka.com\\\/wp-content\\\/uploads\\\/2024\\\/11\\\/cropped-sygnet-bez-tla-black-1-2.png\",\"width\":512,\"height\":512,\"caption\":\"Ekoenergetyka\"},\"image\":{\"@id\":\"https:\\\/\\\/ekoenergetyka.com\\\/de\\\/#\\\/schema\\\/logo\\\/image\\\/\"},\"sameAs\":[\"https:\\\/\\\/www.facebook.com\\\/ekoenergetykaPolska\\\/\",\"https:\\\/\\\/www.linkedin.com\\\/company\\\/ekoenergetyka\",\"https:\\\/\\\/www.youtube.com\\\/channel\\\/UCfZM_rPDdrv6D0JB-uhWi8Q\\\/videos\"],\"description\":\"Established in 2009 Poland with a sole purpose of providing charging solutions, we are one of the pioneers in the e-mobility industry. In a decade, Ekoenergetyka has grown from 2 to more than 400 employees (currently around 1,000) and has acquired customers throughout Europe and are now a Central and Eastern European leader in charging technologies.\",\"email\":\"contact@ekoenergetyka.com.pl\",\"telephone\":\"+ 48 68 328 20 68\",\"numberOfEmployees\":{\"@type\":\"QuantitativeValue\",\"minValue\":\"501\",\"maxValue\":\"1000\"}}]}<\/script>\n<!-- \/ Yoast SEO Premium plugin. -->","yoast_head_json":{"title":"Datenschutzbestimmungen | Ekoenergetyka","description":"Erfahren Sie mehr \u00fcber unsere Datenschutzrichtlinien und wie wir Ihre pers\u00f6nlichen Daten sch\u00fctzen. Transparenz und Sicherheit stehen bei Ekoenergetyka an erster Stelle.","robots":{"index":"index","follow":"follow","max-snippet":"max-snippet:-1","max-image-preview":"max-image-preview:large","max-video-preview":"max-video-preview:-1"},"canonical":"https:\/\/ekoenergetyka.com\/de\/datenschutzbestimmungen\/","og_locale":"de_DE","og_type":"article","og_title":"Datenschutzbestimmungen","og_description":"Erfahren Sie mehr \u00fcber unsere Datenschutzrichtlinien und wie wir Ihre pers\u00f6nlichen Daten sch\u00fctzen. Transparenz und Sicherheit stehen bei Ekoenergetyka an erster Stelle.","og_url":"https:\/\/ekoenergetyka.com\/de\/datenschutzbestimmungen\/","og_site_name":"Ekoenergetyka","article_publisher":"https:\/\/www.facebook.com\/ekoenergetykaPolska\/","article_modified_time":"2025-09-18T06:03:14+00:00","og_image":[{"width":1920,"height":916,"url":"https:\/\/ekoenergetyka.com\/wp-content\/uploads\/2025\/06\/baner-ev-charging-stations-hd.jpg","type":"image\/jpeg"}],"twitter_card":"summary_large_image","twitter_misc":{"Gesch\u00e4tzte Lesezeit":"5\u00a0Minuten"},"schema":{"@context":"https:\/\/schema.org","@graph":[{"@type":"WebPage","@id":"https:\/\/ekoenergetyka.com\/de\/datenschutzbestimmungen\/","url":"https:\/\/ekoenergetyka.com\/de\/datenschutzbestimmungen\/","name":"Datenschutzbestimmungen | Ekoenergetyka","isPartOf":{"@id":"https:\/\/ekoenergetyka.com\/de\/#website"},"datePublished":"2022-11-24T10:38:56+00:00","dateModified":"2025-09-18T06:03:14+00:00","description":"Erfahren Sie mehr \u00fcber unsere Datenschutzrichtlinien und wie wir Ihre pers\u00f6nlichen Daten sch\u00fctzen. Transparenz und Sicherheit stehen bei Ekoenergetyka an erster Stelle.","breadcrumb":{"@id":"https:\/\/ekoenergetyka.com\/de\/datenschutzbestimmungen\/#breadcrumb"},"inLanguage":"de","potentialAction":[{"@type":"ReadAction","target":["https:\/\/ekoenergetyka.com\/de\/datenschutzbestimmungen\/"]}]},{"@type":"BreadcrumbList","@id":"https:\/\/ekoenergetyka.com\/de\/datenschutzbestimmungen\/#breadcrumb","itemListElement":[{"@type":"ListItem","position":1,"name":"Heim","item":"https:\/\/ekoenergetyka.com\/de\/"},{"@type":"ListItem","position":2,"name":"Datenschutzbestimmungen"}]},{"@type":"WebSite","@id":"https:\/\/ekoenergetyka.com\/de\/#website","url":"https:\/\/ekoenergetyka.com\/de\/","name":"Ekoenergetyka","description":"","publisher":{"@id":"https:\/\/ekoenergetyka.com\/de\/#organization"},"potentialAction":[{"@type":"SearchAction","target":{"@type":"EntryPoint","urlTemplate":"https:\/\/ekoenergetyka.com\/de\/?s={search_term_string}"},"query-input":{"@type":"PropertyValueSpecification","valueRequired":true,"valueName":"search_term_string"}}],"inLanguage":"de"},{"@type":"Organization","@id":"https:\/\/ekoenergetyka.com\/de\/#organization","name":"Ekoenergetyka","url":"https:\/\/ekoenergetyka.com\/de\/","logo":{"@type":"ImageObject","inLanguage":"de","@id":"https:\/\/ekoenergetyka.com\/de\/#\/schema\/logo\/image\/","url":"https:\/\/ekoenergetyka.com\/wp-content\/uploads\/2024\/11\/cropped-sygnet-bez-tla-black-1-2.png","contentUrl":"https:\/\/ekoenergetyka.com\/wp-content\/uploads\/2024\/11\/cropped-sygnet-bez-tla-black-1-2.png","width":512,"height":512,"caption":"Ekoenergetyka"},"image":{"@id":"https:\/\/ekoenergetyka.com\/de\/#\/schema\/logo\/image\/"},"sameAs":["https:\/\/www.facebook.com\/ekoenergetykaPolska\/","https:\/\/www.linkedin.com\/company\/ekoenergetyka","https:\/\/www.youtube.com\/channel\/UCfZM_rPDdrv6D0JB-uhWi8Q\/videos"],"description":"Established in 2009 Poland with a sole purpose of providing charging solutions, we are one of the pioneers in the e-mobility industry. In a decade, Ekoenergetyka has grown from 2 to more than 400 employees (currently around 1,000) and has acquired customers throughout Europe and are now a Central and Eastern European leader in charging technologies.","email":"contact@ekoenergetyka.com.pl","telephone":"+ 48 68 328 20 68","numberOfEmployees":{"@type":"QuantitativeValue","minValue":"501","maxValue":"1000"}}]}},"_links":{"self":[{"href":"https:\/\/ekoenergetyka.com\/de\/wp-json\/wp\/v2\/pages\/19453","targetHints":{"allow":["GET"]}}],"collection":[{"href":"https:\/\/ekoenergetyka.com\/de\/wp-json\/wp\/v2\/pages"}],"about":[{"href":"https:\/\/ekoenergetyka.com\/de\/wp-json\/wp\/v2\/types\/page"}],"author":[{"embeddable":true,"href":"https:\/\/ekoenergetyka.com\/de\/wp-json\/wp\/v2\/users\/1"}],"replies":[{"embeddable":true,"href":"https:\/\/ekoenergetyka.com\/de\/wp-json\/wp\/v2\/comments?post=19453"}],"version-history":[{"count":2,"href":"https:\/\/ekoenergetyka.com\/de\/wp-json\/wp\/v2\/pages\/19453\/revisions"}],"predecessor-version":[{"id":49042,"href":"https:\/\/ekoenergetyka.com\/de\/wp-json\/wp\/v2\/pages\/19453\/revisions\/49042"}],"wp:attachment":[{"href":"https:\/\/ekoenergetyka.com\/de\/wp-json\/wp\/v2\/media?parent=19453"}],"curies":[{"name":"wp","href":"https:\/\/api.w.org\/{rel}","templated":true}]}}