{"id":1255,"date":"2021-04-03T17:00:49","date_gmt":"2021-04-03T15:00:49","guid":{"rendered":"https:\/\/ekoenergetyka.com\/datenschutz\/"},"modified":"2025-09-18T07:58:12","modified_gmt":"2025-09-18T05:58:12","slug":"informationsklausel","status":"publish","type":"page","link":"https:\/\/ekoenergetyka.com\/de\/informationsklausel\/","title":{"rendered":"Informationsklausel"},"content":{"rendered":"\n<h2 class=\"wp-block-heading\" id=\"h-informationsklausel-uber-die-verarbeitung-von-personenbezogenen-daten\"><strong>INFORMATIONSKLAUSEL \u00dcBER DIE VERARBEITUNG VON PERSONENBEZOGENEN DATEN<\/strong><\/h2>\n\n\n\n<p>Im Hinblick auf die geltende Verordnung (EU) 2016\/679 des Europ\u00e4ischen Parlaments und des Rates vom 27. April 2016 zum Schutz nat\u00fcrlicher Personen bei der Verarbeitung personenbezogener Daten, zum freien Datenverkehr und zur Aufhebung der Richtlinie 95\/46\/EG (Datenschutz-Grundverordnung - nachfolgend \"DSGVO\", ver\u00f6ffentlicht im Amtsblatt der EU L 119\/1 vom 4. Mai 2016) informieren wir Sie:<\/p>\n\n\n\n<ul class=\"wp-block-list\">\n<li>Der Verwalter Ihrer pers\u00f6nlichen Daten ist die Ekoenergetyka-Polska S.A. mit Sitz in Zielona G\u00f3ra (66-002) in der ul. Nowy Kisielin - Rozwojowa 7A, die Sie per E-Mail unter folgender Adresse erreichen k\u00f6nnen: <a href=\"mailto:contact@ekoenergetyka.com.pl\">contact@ekoenergetyka.com.pl<\/a>.<\/li>\n\n\n\n<li>Der Datenschutzbeauftragte ist Slawomir Koziel, der f\u00fcr alle Fragen im Zusammenhang mit der Umsetzung der Datenschutzverpflichtung per E-Mail erreichbar ist: <a href=\"mailto:rodo@ekoenergetyka.com.pl\">rodo@ekoenergetyka.com.pl<\/a>.<\/li>\n\n\n\n<li>Der Verwalter verarbeitet Ihre personenbezogenen Daten auf der Grundlage geltender Gesetze, abgeschlossener Vertr\u00e4ge und auf der Grundlage Ihrer Einwilligung.<\/li>\n\n\n\n<li>Ihre personenbezogenen Daten werden zu folgenden Zwecken verarbeitet:\n\n\n\n\n\n\n<ul class=\"wp-block-list\">\n<li>Zur Erf\u00fcllung der gesetzlichen Rechte und Pflichten des Verwalters, zur Durchf\u00fchrung von Vertr\u00e4gen,<\/li>\n\n\n\n<li>die notwendig sind, um Ihre lebenswichtigen Interessen oder andere Interessen zu sch\u00fctzen,<\/li>\n<\/ul>\n\n\n\n<ul class=\"wp-block-list\">\n<li>zur Erf\u00fcllung der berechtigten Interessen des Verwalters, insbesondere im Hinblick auf:\n<ul class=\"wp-block-list\">\n<li>die Vorbereitung von kommerziellen Angeboten;<\/li>\n\n\n\n<li>die Durchf\u00fchrung von Marketingaktivit\u00e4ten;<\/li>\n\n\n\n<li>die Durchf\u00fchrung von Umfragen zur Kundenzufriedenheit;<\/li>\n\n\n\n<li>die \u00dcberwachung des Unternehmensbereichs.<\/li>\n<\/ul>\n<\/li>\n\n\n\n<li>In anderen F\u00e4llen nur auf der Grundlage Ihrer vorherigen schriftlichen Zustimmung f\u00fcr den in dieser Zustimmung angegebenen Umfang und Zweck, insbesondere:\n<ul class=\"wp-block-list\">\n<li>zur Beantwortung von Anfragen im Rahmen des laufenden Schriftverkehrs;<\/li>\n\n\n\n<li>zur Durchf\u00fchrung der Rekrutierung;<\/li>\n\n\n\n<li>zur Kommunikation \u00fcber soziale Medien:\n<ul class=\"wp-block-list\">\n<li>Facebook (<a href=\"https:\/\/www.facebook.com\/ekoenergetykaPolska\/\">https:\/\/www.facebook.com\/ekoenergetykaPolska\/<\/a>);<\/li>\n\n\n\n<li>LinkedIn-Dienst: (<a href=\"https:\/\/www.linkedin.com\/company\/ekoenergetyka\/\">https:\/\/www.linkedin.com\/company\/ekoenergetyka\/<\/a>);<\/li>\n\n\n\n<li>YouTube (<a href=\"https:\/\/www.youtube.com\/channel\/UCfZM_rPDdrv6D0JB-uhWi8Q\">https:\/\/www.youtube.com\/channel\/UCfZM_rPDdrv6D0JB-uhWi8Q<\/a>).<\/li>\n<\/ul>\n<\/li>\n<\/ul>\n<\/li>\n<\/ul>\n<\/li>\n\n\n\n<li>Im Zusammenhang mit der Aus\u00fcbung der Rechte und Pflichten des Verwalters k\u00f6nnen Ihre personenbezogenen Daten vom Verwalter an andere Empf\u00e4nger oder Kategorien von Empf\u00e4ngern personenbezogener Daten weitergegeben werden, und zwar:\n<ul class=\"wp-block-list\">\n<li>Beh\u00f6rden und Einrichtungen, die \u00f6ffentliche Aufgaben wahrnehmen oder im Auftrag solcher Beh\u00f6rden auf der Grundlage der einschl\u00e4gigen Rechtsvorschriften handeln,<\/li>\n\n\n\n<li>andere Stellen, die auf der Grundlage der einschl\u00e4gigen Rechtsvorschriften befugt sind Ihre personenbezogenen Daten zu erhalten,<\/li>\n\n\n\n<li>Stellen, die Ihre personenbezogenen Daten im Auftrag des f\u00fcr die Verarbeitung Verantwortlichen auf der Grundlage einer Vereinbarung \u00fcber die Beauftragung mit der Verarbeitung personenbezogener Daten verarbeiten (sogenannte Auftragsverarbeiter),<\/li>\n\n\n\n<li>Unternehmen, die in Bezug auf ihre Gesch\u00e4ftsziele mit dem Verwalter verbunden sind (Unternehmen der Kapitalgruppe - Grupa Ekoenergetyka S.A.).<\/li>\n<\/ul>\n<\/li>\n<\/ul>\n\n\n\n<ul class=\"wp-block-list\">\n<li>Die personenbezogenen Daten werden so lange verarbeitet, wie es f\u00fcr die genannten Zwecke erforderlich ist, wobei die sich aus den Verj\u00e4hrungsfristen f\u00fcr Forderungen ergebenden Speicherfristen ber\u00fccksichtigt werden, und f\u00fcr buchhalterische und steuerliche Zwecke nicht l\u00e4nger als 5 Jahre nach Ablauf des Kalenderjahres, in dem die Steuerpflicht entstanden ist.<\/li>\n\n\n\n<li>Sie haben die folgenden Rechte in Bezug auf die Verarbeitung Ihrer personenbezogenen Daten:<\/li>\n<\/ul>\n\n\n\n<figure class=\"wp-block-table aligncenter table-rodo\"><table><tbody><tr><td class=\"has-text-align-left\" data-align=\"left\"><strong>a)&nbsp;<\/strong>das Recht auf Zugang zum Inhalt Ihrer personenbezogenen Daten,<\/td><\/tr><tr><td class=\"has-text-align-left\" data-align=\"left\"><strong>b)&nbsp;<\/strong>das Recht auf Berichtigung personenbezogener Daten, wenn diese unvollst\u00e4ndig oder sachlich unrichtig sind,tion of your personal data if the data is incomplete or inaccurate,<\/td><\/tr><tr><td class=\"has-text-align-left\" data-align=\"left\"><strong>c)<\/strong> das Recht, die L\u00f6schung Ihrer personenbezogenen Daten zu verlangen (das so genannte Recht auf Vergessenwerden), wenn:<br>- die personenbezogenen Daten f\u00fcr die Zwecke, f\u00fcr die sie erhoben oder anderweitig verarbeitet wurden, nicht mehr erforderlich sind,<br>- die betroffene Person ihre Einwilligung zur\u00fcckgezogen hat und es keine andere Rechtsgrundlage f\u00fcr die Verarbeitung gibt,<br>- die betroffene Person der Verarbeitung widerspricht, und keine vorrangigen berechtigten Gr\u00fcnde f\u00fcr die Verarbeitung vorliegen,<br>- personenbezogene Daten unrechtm\u00e4\u00dfig verarbeitet wurden,<br>- personenbezogene Daten gel\u00f6scht werden m\u00fcssen, um einer rechtlichen Verpflichtung nach dem Unionsrecht oder dem Recht der Mitgliedstaaten nachzukommen, dem der f\u00fcr die Verarbeitung Verantwortliche unterliegt,<br>- personenbezogene Daten im Zusammenhang mit dem Angebot von Diensten der Informationsgesellschaft erhoben wurden.<\/td><\/tr><tr><td class=\"has-text-align-left\" data-align=\"left\"><strong>d)<\/strong> das Recht, die Einschr\u00e4nkung der Verarbeitung Ihrer personenbezogenen Daten zu verlangen, wenn:<br>- die betroffene Person die Richtigkeit der personenbezogenen Daten in Frage stellt,- the processing is unlawful and the data subject opposes the erasure of the personal data and requests the restriction of their use instead,<br>- die Verarbeitung unrechtm\u00e4\u00dfig ist und die betroffene Person gegen die L\u00f6schung der personenbezogenen Daten Einspruch erhebt und stattdessen die Einschr\u00e4nkung ihrer Verwendung verlangt,&nbsp;<br>- der f\u00fcr die Verarbeitung Verantwortliche die personenbezogenen Daten f\u00fcr die Zwecke der Verarbeitung nicht mehr ben\u00f6tigt, sie aber von der betroffenen Person zur Begr\u00fcndung, Geltendmachung oder Verteidigung von Rechtsanspr\u00fcchen ben\u00f6tigt werden,<br>- die betroffene Person Widerspruch gegen die Verarbeitung eingelegt hat,<br>- bis zu dem Zeitpunkt, an dem festgestellt wird, ob die berechtigten Gr\u00fcnde des f\u00fcr die Verarbeitung Verantwortlichen die Gr\u00fcnde des Widerspruchs der betroffenen Person \u00fcberwiegen,<\/td><\/tr><tr><td class=\"has-text-align-left\" data-align=\"left\"><strong>e<\/strong>) das Recht auf \u00dcbertragbarkeit Ihrer personenbezogenen Daten, wenn die folgenden Bedingungen kumulativ erf\u00fcllt sind:<br>- die Verarbeitung erfolgt auf der Grundlage einer Einwilligung oder eines Vertrags, und&nbsp;<br>- die Verarbeitung erfolgt mit Hilfe automatisierter Verfahren;<\/td><\/tr><tr><td class=\"has-text-align-left\" data-align=\"left\"><strong>f)&nbsp;<\/strong>das Recht auf Widerspruch gegen die Verarbeitung Ihrer personenbezogenen Daten,<\/td><\/tr><tr><td class=\"has-text-align-left\" data-align=\"left\"><strong>g)&nbsp;<\/strong>das Recht, die Einwilligung jederzeit zu widerrufen, ohne dass die Rechtm\u00e4\u00dfigkeit der aufgrund der Einwilligung vor deren Widerruf erfolgten Verarbeitung ber\u00fchrt wird,ut affecting the lawfulness of processing based on consent before its withdrawal,<\/td><\/tr><tr><td class=\"has-text-align-left\" data-align=\"left\"><strong>h)&nbsp;<\/strong>das Recht, eine Beschwerde bei der Aufsichtsbeh\u00f6rde, d. h. beim Pr\u00e4sidenten des Amtes f\u00fcr den Schutz personenbezogener Daten, unter der Anschrift einzureichen: <br>Urz\u0105d Ochrony Danych Osobowych ul. Stawki 2 00-193 Warszawa.<\/td><\/tr><\/tbody><\/table><\/figure>\n\n\n\n<ul class=\"wp-block-list\">\n<li>Die Bereitstellung personenbezogener Daten ist obligatorisch, soweit sie unter die gesetzlichen Bestimmungen fallen, zu deren Angabe Sie verpflichtet sind, und im \u00dcbrigen freiwillig, wobei die Nichtbereitstellung jedoch zu einer Verweigerung der Erbringung von Dienstleistungen f\u00fchrt.<\/li>\n\n\n\n<li>Ihre Daten werden nicht f\u00fcr ein Profiling verwendet.<\/li>\n<\/ul>\n\n\n\n<p>Legal basis:<\/p>\n\n\n\n<p>Artikel 13 der Verordnung (EU) 2016\/679 des Europ\u00e4ischen Parlaments und des Rates vom 27. April 2016 zum Schutz nat\u00fcrlicher Personen bei der Verarbeitung personenbezogener Daten, zum freien Datenverkehr und zur Aufhebung der Richtlinie 95\/46\/EG<\/p>\n","protected":false},"excerpt":{"rendered":"<p>INFORMATIONSKLAUSEL \u00dcBER DIE VERARBEITUNG VON PERSONENBEZOGENEN DATEN Im Hinblick auf die geltende Verordnung (EU) 2016\/679 des Europ\u00e4ischen Parlaments und des Rates vom 27. April 2016 zum Schutz nat\u00fcrlicher Personen bei der Verarbeitung personenbezogener Daten, zum freien Datenverkehr und zur Aufhebung der Richtlinie 95\/46\/EG (Datenschutz-Grundverordnung &#8211; nachfolgend &#8222;DSGVO&#8220;, ver\u00f6ffentlicht im Amtsblatt der EU L 119\/1 vom [&hellip;]<\/p>\n","protected":false},"author":1,"featured_media":0,"parent":0,"menu_order":0,"comment_status":"closed","ping_status":"closed","template":"","meta":{"_acf_changed":false,"footnotes":""},"class_list":["post-1255","page","type-page","status-publish","hentry"],"acf":[],"yoast_head":"<!-- This site is optimized with the Yoast SEO Premium plugin v27.3 (Yoast SEO v27.4) - https:\/\/yoast.com\/product\/yoast-seo-premium-wordpress\/ -->\n<title>Informationsklausel | Ekoenergetyka<\/title>\n<meta name=\"description\" content=\"Datenschutz bei Ekoenergetyka. Erfahren Sie, wie wir Ihre pers\u00f6nlichen Daten sch\u00fctzen, welche Rechte Sie haben und zu welchen Zwecken wir Ihre Daten verwenden. DSGVO konform.\" \/>\n<meta name=\"robots\" content=\"index, follow, max-snippet:-1, max-image-preview:large, max-video-preview:-1\" \/>\n<link rel=\"canonical\" href=\"https:\/\/ekoenergetyka.com\/de\/informationsklausel\/\" \/>\n<meta property=\"og:locale\" content=\"de_DE\" \/>\n<meta property=\"og:type\" content=\"article\" \/>\n<meta property=\"og:title\" content=\"Informationsklausel\" \/>\n<meta property=\"og:description\" content=\"Datenschutz bei Ekoenergetyka. Erfahren Sie, wie wir Ihre pers\u00f6nlichen Daten sch\u00fctzen, welche Rechte Sie haben und zu welchen Zwecken wir Ihre Daten verwenden. DSGVO konform.\" \/>\n<meta property=\"og:url\" content=\"https:\/\/ekoenergetyka.com\/de\/informationsklausel\/\" \/>\n<meta property=\"og:site_name\" content=\"Ekoenergetyka\" \/>\n<meta property=\"article:publisher\" content=\"https:\/\/www.facebook.com\/ekoenergetykaPolska\/\" \/>\n<meta property=\"article:modified_time\" content=\"2025-09-18T05:58:12+00:00\" \/>\n<meta property=\"og:image\" content=\"https:\/\/ekoenergetyka.com\/wp-content\/uploads\/2025\/06\/baner-ev-charging-stations-hd.jpg\" \/>\n\t<meta property=\"og:image:width\" content=\"1920\" \/>\n\t<meta property=\"og:image:height\" content=\"916\" \/>\n\t<meta property=\"og:image:type\" content=\"image\/jpeg\" \/>\n<meta name=\"twitter:card\" content=\"summary_large_image\" \/>\n<meta name=\"twitter:label1\" content=\"Gesch\u00e4tzte Lesezeit\" \/>\n\t<meta name=\"twitter:data1\" content=\"6\u00a0Minuten\" \/>\n<script type=\"application\/ld+json\" class=\"yoast-schema-graph\">{\"@context\":\"https:\\\/\\\/schema.org\",\"@graph\":[{\"@type\":\"WebPage\",\"@id\":\"https:\\\/\\\/ekoenergetyka.com\\\/de\\\/informationsklausel\\\/\",\"url\":\"https:\\\/\\\/ekoenergetyka.com\\\/de\\\/informationsklausel\\\/\",\"name\":\"Informationsklausel | Ekoenergetyka\",\"isPartOf\":{\"@id\":\"https:\\\/\\\/ekoenergetyka.com\\\/de\\\/#website\"},\"datePublished\":\"2021-04-03T15:00:49+00:00\",\"dateModified\":\"2025-09-18T05:58:12+00:00\",\"description\":\"Datenschutz bei Ekoenergetyka. Erfahren Sie, wie wir Ihre pers\u00f6nlichen Daten sch\u00fctzen, welche Rechte Sie haben und zu welchen Zwecken wir Ihre Daten verwenden. DSGVO konform.\",\"breadcrumb\":{\"@id\":\"https:\\\/\\\/ekoenergetyka.com\\\/de\\\/informationsklausel\\\/#breadcrumb\"},\"inLanguage\":\"de\",\"potentialAction\":[{\"@type\":\"ReadAction\",\"target\":[\"https:\\\/\\\/ekoenergetyka.com\\\/de\\\/informationsklausel\\\/\"]}]},{\"@type\":\"BreadcrumbList\",\"@id\":\"https:\\\/\\\/ekoenergetyka.com\\\/de\\\/informationsklausel\\\/#breadcrumb\",\"itemListElement\":[{\"@type\":\"ListItem\",\"position\":1,\"name\":\"Heim\",\"item\":\"https:\\\/\\\/ekoenergetyka.com\\\/de\\\/\"},{\"@type\":\"ListItem\",\"position\":2,\"name\":\"Informationsklausel\"}]},{\"@type\":\"WebSite\",\"@id\":\"https:\\\/\\\/ekoenergetyka.com\\\/de\\\/#website\",\"url\":\"https:\\\/\\\/ekoenergetyka.com\\\/de\\\/\",\"name\":\"Ekoenergetyka\",\"description\":\"\",\"publisher\":{\"@id\":\"https:\\\/\\\/ekoenergetyka.com\\\/de\\\/#organization\"},\"potentialAction\":[{\"@type\":\"SearchAction\",\"target\":{\"@type\":\"EntryPoint\",\"urlTemplate\":\"https:\\\/\\\/ekoenergetyka.com\\\/de\\\/?s={search_term_string}\"},\"query-input\":{\"@type\":\"PropertyValueSpecification\",\"valueRequired\":true,\"valueName\":\"search_term_string\"}}],\"inLanguage\":\"de\"},{\"@type\":\"Organization\",\"@id\":\"https:\\\/\\\/ekoenergetyka.com\\\/de\\\/#organization\",\"name\":\"Ekoenergetyka\",\"url\":\"https:\\\/\\\/ekoenergetyka.com\\\/de\\\/\",\"logo\":{\"@type\":\"ImageObject\",\"inLanguage\":\"de\",\"@id\":\"https:\\\/\\\/ekoenergetyka.com\\\/de\\\/#\\\/schema\\\/logo\\\/image\\\/\",\"url\":\"https:\\\/\\\/ekoenergetyka.com\\\/wp-content\\\/uploads\\\/2024\\\/11\\\/cropped-sygnet-bez-tla-black-1-2.png\",\"contentUrl\":\"https:\\\/\\\/ekoenergetyka.com\\\/wp-content\\\/uploads\\\/2024\\\/11\\\/cropped-sygnet-bez-tla-black-1-2.png\",\"width\":512,\"height\":512,\"caption\":\"Ekoenergetyka\"},\"image\":{\"@id\":\"https:\\\/\\\/ekoenergetyka.com\\\/de\\\/#\\\/schema\\\/logo\\\/image\\\/\"},\"sameAs\":[\"https:\\\/\\\/www.facebook.com\\\/ekoenergetykaPolska\\\/\",\"https:\\\/\\\/www.linkedin.com\\\/company\\\/ekoenergetyka\",\"https:\\\/\\\/www.youtube.com\\\/channel\\\/UCfZM_rPDdrv6D0JB-uhWi8Q\\\/videos\"],\"description\":\"Established in 2009 Poland with a sole purpose of providing charging solutions, we are one of the pioneers in the e-mobility industry. In a decade, Ekoenergetyka has grown from 2 to more than 400 employees (currently around 1,000) and has acquired customers throughout Europe and are now a Central and Eastern European leader in charging technologies.\",\"email\":\"contact@ekoenergetyka.com.pl\",\"telephone\":\"+ 48 68 328 20 68\",\"numberOfEmployees\":{\"@type\":\"QuantitativeValue\",\"minValue\":\"501\",\"maxValue\":\"1000\"}}]}<\/script>\n<!-- \/ Yoast SEO Premium plugin. -->","yoast_head_json":{"title":"Informationsklausel | Ekoenergetyka","description":"Datenschutz bei Ekoenergetyka. Erfahren Sie, wie wir Ihre pers\u00f6nlichen Daten sch\u00fctzen, welche Rechte Sie haben und zu welchen Zwecken wir Ihre Daten verwenden. DSGVO konform.","robots":{"index":"index","follow":"follow","max-snippet":"max-snippet:-1","max-image-preview":"max-image-preview:large","max-video-preview":"max-video-preview:-1"},"canonical":"https:\/\/ekoenergetyka.com\/de\/informationsklausel\/","og_locale":"de_DE","og_type":"article","og_title":"Informationsklausel","og_description":"Datenschutz bei Ekoenergetyka. Erfahren Sie, wie wir Ihre pers\u00f6nlichen Daten sch\u00fctzen, welche Rechte Sie haben und zu welchen Zwecken wir Ihre Daten verwenden. DSGVO konform.","og_url":"https:\/\/ekoenergetyka.com\/de\/informationsklausel\/","og_site_name":"Ekoenergetyka","article_publisher":"https:\/\/www.facebook.com\/ekoenergetykaPolska\/","article_modified_time":"2025-09-18T05:58:12+00:00","og_image":[{"width":1920,"height":916,"url":"https:\/\/ekoenergetyka.com\/wp-content\/uploads\/2025\/06\/baner-ev-charging-stations-hd.jpg","type":"image\/jpeg"}],"twitter_card":"summary_large_image","twitter_misc":{"Gesch\u00e4tzte Lesezeit":"6\u00a0Minuten"},"schema":{"@context":"https:\/\/schema.org","@graph":[{"@type":"WebPage","@id":"https:\/\/ekoenergetyka.com\/de\/informationsklausel\/","url":"https:\/\/ekoenergetyka.com\/de\/informationsklausel\/","name":"Informationsklausel | Ekoenergetyka","isPartOf":{"@id":"https:\/\/ekoenergetyka.com\/de\/#website"},"datePublished":"2021-04-03T15:00:49+00:00","dateModified":"2025-09-18T05:58:12+00:00","description":"Datenschutz bei Ekoenergetyka. Erfahren Sie, wie wir Ihre pers\u00f6nlichen Daten sch\u00fctzen, welche Rechte Sie haben und zu welchen Zwecken wir Ihre Daten verwenden. DSGVO konform.","breadcrumb":{"@id":"https:\/\/ekoenergetyka.com\/de\/informationsklausel\/#breadcrumb"},"inLanguage":"de","potentialAction":[{"@type":"ReadAction","target":["https:\/\/ekoenergetyka.com\/de\/informationsklausel\/"]}]},{"@type":"BreadcrumbList","@id":"https:\/\/ekoenergetyka.com\/de\/informationsklausel\/#breadcrumb","itemListElement":[{"@type":"ListItem","position":1,"name":"Heim","item":"https:\/\/ekoenergetyka.com\/de\/"},{"@type":"ListItem","position":2,"name":"Informationsklausel"}]},{"@type":"WebSite","@id":"https:\/\/ekoenergetyka.com\/de\/#website","url":"https:\/\/ekoenergetyka.com\/de\/","name":"Ekoenergetyka","description":"","publisher":{"@id":"https:\/\/ekoenergetyka.com\/de\/#organization"},"potentialAction":[{"@type":"SearchAction","target":{"@type":"EntryPoint","urlTemplate":"https:\/\/ekoenergetyka.com\/de\/?s={search_term_string}"},"query-input":{"@type":"PropertyValueSpecification","valueRequired":true,"valueName":"search_term_string"}}],"inLanguage":"de"},{"@type":"Organization","@id":"https:\/\/ekoenergetyka.com\/de\/#organization","name":"Ekoenergetyka","url":"https:\/\/ekoenergetyka.com\/de\/","logo":{"@type":"ImageObject","inLanguage":"de","@id":"https:\/\/ekoenergetyka.com\/de\/#\/schema\/logo\/image\/","url":"https:\/\/ekoenergetyka.com\/wp-content\/uploads\/2024\/11\/cropped-sygnet-bez-tla-black-1-2.png","contentUrl":"https:\/\/ekoenergetyka.com\/wp-content\/uploads\/2024\/11\/cropped-sygnet-bez-tla-black-1-2.png","width":512,"height":512,"caption":"Ekoenergetyka"},"image":{"@id":"https:\/\/ekoenergetyka.com\/de\/#\/schema\/logo\/image\/"},"sameAs":["https:\/\/www.facebook.com\/ekoenergetykaPolska\/","https:\/\/www.linkedin.com\/company\/ekoenergetyka","https:\/\/www.youtube.com\/channel\/UCfZM_rPDdrv6D0JB-uhWi8Q\/videos"],"description":"Established in 2009 Poland with a sole purpose of providing charging solutions, we are one of the pioneers in the e-mobility industry. In a decade, Ekoenergetyka has grown from 2 to more than 400 employees (currently around 1,000) and has acquired customers throughout Europe and are now a Central and Eastern European leader in charging technologies.","email":"contact@ekoenergetyka.com.pl","telephone":"+ 48 68 328 20 68","numberOfEmployees":{"@type":"QuantitativeValue","minValue":"501","maxValue":"1000"}}]}},"_links":{"self":[{"href":"https:\/\/ekoenergetyka.com\/de\/wp-json\/wp\/v2\/pages\/1255","targetHints":{"allow":["GET"]}}],"collection":[{"href":"https:\/\/ekoenergetyka.com\/de\/wp-json\/wp\/v2\/pages"}],"about":[{"href":"https:\/\/ekoenergetyka.com\/de\/wp-json\/wp\/v2\/types\/page"}],"author":[{"embeddable":true,"href":"https:\/\/ekoenergetyka.com\/de\/wp-json\/wp\/v2\/users\/1"}],"replies":[{"embeddable":true,"href":"https:\/\/ekoenergetyka.com\/de\/wp-json\/wp\/v2\/comments?post=1255"}],"version-history":[{"count":4,"href":"https:\/\/ekoenergetyka.com\/de\/wp-json\/wp\/v2\/pages\/1255\/revisions"}],"predecessor-version":[{"id":49038,"href":"https:\/\/ekoenergetyka.com\/de\/wp-json\/wp\/v2\/pages\/1255\/revisions\/49038"}],"wp:attachment":[{"href":"https:\/\/ekoenergetyka.com\/de\/wp-json\/wp\/v2\/media?parent=1255"}],"curies":[{"name":"wp","href":"https:\/\/api.w.org\/{rel}","templated":true}]}}