{"id":1226,"date":"2021-06-25T13:53:20","date_gmt":"2021-06-25T11:53:20","guid":{"rendered":"https:\/\/ekoenergetyka.com\/kontakt\/"},"modified":"2026-03-05T12:28:19","modified_gmt":"2026-03-05T11:28:19","slug":"kontakt","status":"publish","type":"page","link":"https:\/\/ekoenergetyka.com\/de\/kontakt\/","title":{"rendered":"Kontakt"},"content":{"rendered":"\n<div style=\"height:2rem\" aria-hidden=\"true\" class=\"wp-block-spacer border-heading\"><\/div>\n\n\n\n<section class=\"wp-block-group contact-details\"><div class=\"wp-block-group__inner-container is-layout-constrained wp-block-group-is-layout-constrained\">\n<div class=\"wp-block-columns are-vertically-aligned-center is-layout-flex wp-container-core-columns-is-layout-9d6595d7 wp-block-columns-is-layout-flex\">\n<div class=\"wp-block-column is-vertically-aligned-center is-layout-flow wp-block-column-is-layout-flow\">\n<p class=\"text-big\">Ekoenergetyka \u2013 Polska S.A.<\/p>\n\n\n\n<p class=\"text-big has-text-color has-link-color wp-elements-c9755e8b0b82a4e3f2d291b488160cd7\" style=\"color:#969696\">ul. Nowy Kisielin \u2013 Rozwojowa 7A, <br>66-002 Zielona G\u00f3ra, Polen<\/p>\n\n\n\n<p>Rufen Sie uns an oder senden Sie eine Nachricht \u00fcber das Formular, und ein Mitglied unseres Teams wird sich mit Ihnen in Verbindung setzen.<\/p>\n\n\n\n<div style=\"height:1rem\" aria-hidden=\"true\" class=\"wp-block-spacer\"><\/div>\n\n\n\n<p><a href=\"mailto:contact@ekoenergetyka.com\">contact@ekoenergetyka.com<\/a><\/p>\n\n\n\n<p><a href=\"tel:+48683282068\">+48 68 328 20 68<\/a><\/p>\n<\/div>\n\n\n\n<div class=\"wp-block-column is-vertically-aligned-center is-layout-flow wp-block-column-is-layout-flow\">\n<figure class=\"wp-block-image size-full\"><img loading=\"lazy\" decoding=\"async\" width=\"1907\" height=\"1257\" src=\"https:\/\/ekoenergetyka.com\/wp-content\/uploads\/2025\/07\/company-poster.webp\" alt=\"head office\" class=\"wp-image-45492\" srcset=\"https:\/\/ekoenergetyka.com\/wp-content\/uploads\/2025\/07\/company-poster.webp 1907w, https:\/\/ekoenergetyka.com\/wp-content\/uploads\/2025\/07\/company-poster-1024x675.webp 1024w, https:\/\/ekoenergetyka.com\/wp-content\/uploads\/2025\/07\/company-poster-768x506.webp 768w, https:\/\/ekoenergetyka.com\/wp-content\/uploads\/2025\/07\/company-poster-1536x1012.webp 1536w\" sizes=\"auto, (max-width: 1907px) 100vw, 1907px\" \/><\/figure>\n<\/div>\n<\/div>\n\n\n\n<div style=\"height:3rem\" aria-hidden=\"true\" class=\"wp-block-spacer border-heading\"><\/div>\n<\/div><\/section>\n\n\n\n<section class=\"wp-block-group contact\"><div class=\"wp-block-group__inner-container is-layout-constrained wp-block-group-is-layout-constrained\">\n<h2 class=\"wp-block-heading\" id=\"h-vertrieb\">Vertrieb<\/h2>\n\n\n\n<div style=\"height:2rem\" aria-hidden=\"true\" class=\"wp-block-spacer border-heading\"><\/div>\n\n\n\n<p class=\"text-big\"><a href=\"mailto:sales@ekoenergetyka.com\">sales@ekoenergetyka.com<\/a><\/p>\n\n\n\n<div style=\"height:2rem\" aria-hidden=\"true\" class=\"wp-block-spacer\"><\/div>\n\n\n\n<div style=\"height:1rem\" aria-hidden=\"true\" class=\"wp-block-spacer border-heading\"><\/div>\n<\/div><\/section>\n\n\n<section class=\"heading-with-text\">\n    <div\n        class=\"heading-with-text-wrapper\">\n                <div class=\"heading-with-text-h2\">\n                        <h2>Schicken Sie uns eine<br\/> Nachricht<\/h2>\n                    <\/div>\n                        <div class=\"heading-with-text-text\">\n            <p class=\"text-big\">Suchen Sie das perfekte Ladeger\u00e4t f\u00fcr Elektrofahrzeuge? F\u00fcllen Sie das Formular aus und erfahren Sie mehr, wie wir unsere innovative Technologie an Ihre Bed\u00fcrfnisse anpassen k\u00f6nnen.<\/p>\n        <\/div>\n            <\/div>\n<\/section>\n\n\n<section class=\"wp-block-group\"><div class=\"wp-block-group__inner-container is-layout-constrained wp-block-group-is-layout-constrained\">\n<div class=\"wp-block-contact-form-7-contact-form-selector\">\n<div class=\"wpcf7 no-js\" id=\"wpcf7-f19448-o1\" lang=\"pl-PL\" dir=\"ltr\" data-wpcf7-id=\"19448\">\n<div class=\"screen-reader-response\"><p role=\"status\" aria-live=\"polite\" aria-atomic=\"true\"><\/p> <ul><\/ul><\/div>\n<form action=\"\/de\/wp-json\/wp\/v2\/pages\/1226#wpcf7-f19448-o1\" method=\"post\" class=\"wpcf7-form init wpcf7-acceptance-as-validation\" aria-label=\"Formularz kontaktowy\" novalidate=\"novalidate\" data-status=\"init\">\n<fieldset class=\"hidden-fields-container\"><input type=\"hidden\" name=\"_wpcf7\" value=\"19448\" \/><input type=\"hidden\" name=\"_wpcf7_version\" value=\"6.1.5\" \/><input type=\"hidden\" name=\"_wpcf7_locale\" value=\"pl_PL\" \/><input type=\"hidden\" name=\"_wpcf7_unit_tag\" value=\"wpcf7-f19448-o1\" \/><input type=\"hidden\" name=\"_wpcf7_container_post\" value=\"0\" \/><input type=\"hidden\" name=\"_wpcf7_posted_data_hash\" value=\"\" \/><input type=\"hidden\" name=\"_wpcf7_recaptcha_response\" value=\"\" \/>\n<\/fieldset>\n<div class=\"contact-flex\">\n\t<p><span class=\"wpcf7-form-control-wrap\" data-name=\"drop-down-menu\"><select class=\"wpcf7-form-control wpcf7-select wpcf7-validates-as-required\" id=\"contactPurposeDropDown\" aria-required=\"true\" aria-invalid=\"false\" name=\"drop-down-menu\"><option value=\"\">Zweck des Kontakts<\/option><option value=\"Vertrieb\">Vertrieb<\/option><option value=\"Kundenbetreuung\">Kundenbetreuung<\/option><option value=\"Zusammenarbeit\">Zusammenarbeit<\/option><option value=\"PR und Marketing\">PR und Marketing<\/option><option value=\"Andere\">Andere<\/option><\/select><\/span><br \/>\n<span class=\"wpcf7-form-control-wrap\" data-name=\"text-410\"><input size=\"40\" maxlength=\"400\" class=\"wpcf7-form-control wpcf7-text wpcf7-validates-as-required\" aria-required=\"true\" aria-invalid=\"false\" placeholder=\"Land\/Region*\" value=\"\" type=\"text\" name=\"text-410\" \/><\/span>\n\t<\/p>\n<\/div>\n<p><span class=\"wpcf7-form-control-wrap\" data-name=\"contact-propose-other\"><input size=\"40\" maxlength=\"400\" class=\"wpcf7-form-control wpcf7-text\" id=\"contactPurpose\" aria-invalid=\"false\" placeholder=\"Geben Sie den Zweck des Kontakts ein\" value=\"\" type=\"text\" name=\"contact-propose-other\" \/><\/span>\n<\/p>\n<div class=\"contact-flex\">\n\t<p><span class=\"wpcf7-form-control-wrap\" data-name=\"sm-email\"><input size=\"40\" maxlength=\"400\" class=\"wpcf7-form-control wpcf7-email wpcf7-validates-as-required wpcf7-text wpcf7-validates-as-email\" aria-required=\"true\" aria-invalid=\"false\" placeholder=\"Firmen -E-mail*\" value=\"\" type=\"email\" name=\"sm-email\" \/><\/span><br \/>\n<span class=\"wpcf7-form-control-wrap\" data-name=\"tel-123\"><input size=\"40\" maxlength=\"400\" class=\"wpcf7-form-control wpcf7-tel wpcf7-text wpcf7-validates-as-tel\" aria-invalid=\"false\" placeholder=\"Telefon\" value=\"\" type=\"tel\" name=\"tel-123\" \/><\/span>\n\t<\/p>\n<\/div>\n<p><span class=\"wpcf7-form-control-wrap\" data-name=\"textarea-476\"><textarea cols=\"40\" rows=\"10\" maxlength=\"2000\" class=\"wpcf7-form-control wpcf7-textarea wpcf7-validates-as-required\" aria-required=\"true\" aria-invalid=\"false\" placeholder=\"Ihre Nachricht*\" name=\"textarea-476\"><\/textarea><\/span>\n<\/p>\n<div class=\"contact-button\">\n\t<p><input class=\"wpcf7-form-control wpcf7-submit has-spinner\" type=\"submit\" value=\"Senden -&gt;\" \/>\n\t<\/p>\n<\/div>\n<p><span class=\"wpcf7-form-control-wrap\" data-name=\"acceptance-514\"><span class=\"wpcf7-form-control wpcf7-acceptance\"><span class=\"wpcf7-list-item\"><label><input type=\"checkbox\" name=\"acceptance-514\" value=\"1\" aria-invalid=\"false\" \/><span class=\"wpcf7-list-item-label\">Ich stimme der Verarbeitung meiner pers\u00f6nlichen Daten zum Zweck der Beantwortung meiner Anfrage zu. Ausf\u00fchrliche Informationen \u00fcber die Verarbeitung personenbezogener Daten finden Sie unter: <a style=\"text-decoration: underline;\" href=\"\/de\/informationsklausel\/\">Informationsklausel*<\/a><\/span><\/label><\/span><\/span><\/span><br \/>\n<span class=\"wpcf7-form-control-wrap\" data-name=\"sm-optin\"><span class=\"wpcf7-form-control wpcf7-acceptance optional\"><span class=\"wpcf7-list-item\"><label><input type=\"checkbox\" name=\"sm-optin\" value=\"1\" aria-invalid=\"false\" \/><span class=\"wpcf7-list-item-label\">Ich bin damit einverstanden, dass meine E-Mail-Adresse in die Kontaktdatenbank aufgenommen wird und dass mir kommerzielle Informationen \u00fcber das aktuelle Produkt- und Dienstleistungsangebot von Ekoenergetyka-Polska S.A. mit Sitz in Zielona G\u00f3ra (66-002), Nowy Kisielin - Rozwojowa 7A, zugesandt werden. Ausf\u00fchrliche Informationen \u00fcber die Verarbeitung personenbezogener Daten finden Sie unter: <a style=\"text-decoration: underline;\" href=\"\/de\/informationsklausel\/\">Informationsklausel<\/a><\/span><\/label><\/span><\/span><\/span>\n<\/p>\n<p style=\"font-size:12px;\">* - optionale felder\n<\/p>\n<p><script language=\"javascript\" type=\"text\/javascript\">\ndocument.getElementById(\"contactPurpose\").style.display = 'none';\ndocument.getElementById(\"contactPurposeDropDown\").addEventListener(\"change\", displayTextField);\n function displayTextField() {\n \/\/ Get the value of the selected drop down\n var dropDownText = document.getElementById(\"contactPurposeDropDown\").value;\n \/\/ If selected text matches 'Other', display the text field.\n if (dropDownText == \"Andere\") {\n document.getElementById(\"contactPurpose\").style.display = 'block';\n } else {\n document.getElementById(\"contactPurpose\").style.display = 'none';\n }\n }\n<\/script>\n<\/p><div class=\"wpcf7-response-output\" aria-hidden=\"true\"><\/div>\n<\/form>\n<\/div>\n<\/div>\n<\/div><\/section>\n\n\n\n<p class=\"has-medium-font-size\"><a href=\"https:\/\/ekoenergetyka.com\/de\/meldung\/\"><strong>Meldung<\/strong><\/a><\/p>\n","protected":false},"excerpt":{"rendered":"<p>Ekoenergetyka \u2013 Polska S.A. ul. Nowy Kisielin \u2013 Rozwojowa 7A, 66-002 Zielona G\u00f3ra, Polen Rufen Sie uns an oder senden Sie eine Nachricht \u00fcber das Formular, und ein Mitglied unseres Teams wird sich mit Ihnen in Verbindung setzen. contact@ekoenergetyka.com +48 68 328 20 68 Vertrieb sales@ekoenergetyka.com Meldung<\/p>\n","protected":false},"author":1,"featured_media":0,"parent":0,"menu_order":0,"comment_status":"closed","ping_status":"closed","template":"","meta":{"_acf_changed":false,"footnotes":""},"class_list":["post-1226","page","type-page","status-publish","hentry"],"acf":[],"yoast_head":"<!-- This site is optimized with the Yoast SEO Premium plugin v27.3 (Yoast SEO v27.3) - https:\/\/yoast.com\/product\/yoast-seo-premium-wordpress\/ -->\n<title>Kontakt | Ekoenergetyka<\/title>\n<meta name=\"description\" content=\"Haben Sie Fragen oder ben\u00f6tigen Sie weitere Informationen? Kontaktieren Sie uns. Unser Team steht Ihnen gerne zur Verf\u00fcgung.\" \/>\n<meta name=\"robots\" content=\"index, follow, max-snippet:-1, max-image-preview:large, max-video-preview:-1\" \/>\n<link rel=\"canonical\" href=\"https:\/\/ekoenergetyka.com\/de\/kontakt\/\" \/>\n<meta property=\"og:locale\" content=\"de_DE\" \/>\n<meta property=\"og:type\" content=\"article\" \/>\n<meta property=\"og:title\" content=\"Kontakt\" \/>\n<meta property=\"og:description\" content=\"Haben Sie Fragen oder ben\u00f6tigen Sie weitere Informationen? Kontaktieren Sie uns. Unser Team steht Ihnen gerne zur Verf\u00fcgung.\" \/>\n<meta property=\"og:url\" content=\"https:\/\/ekoenergetyka.com\/de\/kontakt\/\" \/>\n<meta property=\"og:site_name\" content=\"Ekoenergetyka\" \/>\n<meta property=\"article:publisher\" content=\"https:\/\/www.facebook.com\/ekoenergetykaPolska\/\" \/>\n<meta property=\"article:modified_time\" content=\"2026-03-05T11:28:19+00:00\" \/>\n<meta property=\"og:image\" content=\"https:\/\/ekoenergetyka.com\/wp-content\/uploads\/2025\/07\/company-poster.webp\" \/>\n\t<meta property=\"og:image:width\" content=\"1907\" \/>\n\t<meta property=\"og:image:height\" content=\"1257\" \/>\n\t<meta property=\"og:image:type\" content=\"image\/webp\" \/>\n<meta name=\"twitter:card\" content=\"summary_large_image\" \/>\n<meta name=\"twitter:label1\" content=\"Gesch\u00e4tzte Lesezeit\" \/>\n\t<meta name=\"twitter:data1\" content=\"1\u00a0Minute\" \/>\n<script type=\"application\/ld+json\" class=\"yoast-schema-graph\">{\"@context\":\"https:\\\/\\\/schema.org\",\"@graph\":[{\"@type\":\"WebPage\",\"@id\":\"https:\\\/\\\/ekoenergetyka.com\\\/de\\\/kontakt\\\/\",\"url\":\"https:\\\/\\\/ekoenergetyka.com\\\/de\\\/kontakt\\\/\",\"name\":\"Kontakt | Ekoenergetyka\",\"isPartOf\":{\"@id\":\"https:\\\/\\\/ekoenergetyka.com\\\/de\\\/#website\"},\"primaryImageOfPage\":{\"@id\":\"https:\\\/\\\/ekoenergetyka.com\\\/de\\\/kontakt\\\/#primaryimage\"},\"image\":{\"@id\":\"https:\\\/\\\/ekoenergetyka.com\\\/de\\\/kontakt\\\/#primaryimage\"},\"thumbnailUrl\":\"https:\\\/\\\/ekoenergetyka.com\\\/wp-content\\\/uploads\\\/2025\\\/07\\\/company-poster.webp\",\"datePublished\":\"2021-06-25T11:53:20+00:00\",\"dateModified\":\"2026-03-05T11:28:19+00:00\",\"description\":\"Haben Sie Fragen oder ben\u00f6tigen Sie weitere Informationen? Kontaktieren Sie uns. Unser Team steht Ihnen gerne zur Verf\u00fcgung.\",\"breadcrumb\":{\"@id\":\"https:\\\/\\\/ekoenergetyka.com\\\/de\\\/kontakt\\\/#breadcrumb\"},\"inLanguage\":\"de\",\"potentialAction\":[{\"@type\":\"ReadAction\",\"target\":[\"https:\\\/\\\/ekoenergetyka.com\\\/de\\\/kontakt\\\/\"]}]},{\"@type\":\"ImageObject\",\"inLanguage\":\"de\",\"@id\":\"https:\\\/\\\/ekoenergetyka.com\\\/de\\\/kontakt\\\/#primaryimage\",\"url\":\"https:\\\/\\\/ekoenergetyka.com\\\/wp-content\\\/uploads\\\/2025\\\/07\\\/company-poster.webp\",\"contentUrl\":\"https:\\\/\\\/ekoenergetyka.com\\\/wp-content\\\/uploads\\\/2025\\\/07\\\/company-poster.webp\"},{\"@type\":\"BreadcrumbList\",\"@id\":\"https:\\\/\\\/ekoenergetyka.com\\\/de\\\/kontakt\\\/#breadcrumb\",\"itemListElement\":[{\"@type\":\"ListItem\",\"position\":1,\"name\":\"Heim\",\"item\":\"https:\\\/\\\/ekoenergetyka.com\\\/de\\\/\"},{\"@type\":\"ListItem\",\"position\":2,\"name\":\"Kontakt\"}]},{\"@type\":\"WebSite\",\"@id\":\"https:\\\/\\\/ekoenergetyka.com\\\/de\\\/#website\",\"url\":\"https:\\\/\\\/ekoenergetyka.com\\\/de\\\/\",\"name\":\"Ekoenergetyka\",\"description\":\"\",\"publisher\":{\"@id\":\"https:\\\/\\\/ekoenergetyka.com\\\/de\\\/#organization\"},\"potentialAction\":[{\"@type\":\"SearchAction\",\"target\":{\"@type\":\"EntryPoint\",\"urlTemplate\":\"https:\\\/\\\/ekoenergetyka.com\\\/de\\\/?s={search_term_string}\"},\"query-input\":{\"@type\":\"PropertyValueSpecification\",\"valueRequired\":true,\"valueName\":\"search_term_string\"}}],\"inLanguage\":\"de\"},{\"@type\":\"Organization\",\"@id\":\"https:\\\/\\\/ekoenergetyka.com\\\/de\\\/#organization\",\"name\":\"Ekoenergetyka\",\"url\":\"https:\\\/\\\/ekoenergetyka.com\\\/de\\\/\",\"logo\":{\"@type\":\"ImageObject\",\"inLanguage\":\"de\",\"@id\":\"https:\\\/\\\/ekoenergetyka.com\\\/de\\\/#\\\/schema\\\/logo\\\/image\\\/\",\"url\":\"https:\\\/\\\/ekoenergetyka.com\\\/wp-content\\\/uploads\\\/2024\\\/11\\\/cropped-sygnet-bez-tla-black-1-2.png\",\"contentUrl\":\"https:\\\/\\\/ekoenergetyka.com\\\/wp-content\\\/uploads\\\/2024\\\/11\\\/cropped-sygnet-bez-tla-black-1-2.png\",\"width\":512,\"height\":512,\"caption\":\"Ekoenergetyka\"},\"image\":{\"@id\":\"https:\\\/\\\/ekoenergetyka.com\\\/de\\\/#\\\/schema\\\/logo\\\/image\\\/\"},\"sameAs\":[\"https:\\\/\\\/www.facebook.com\\\/ekoenergetykaPolska\\\/\",\"https:\\\/\\\/www.linkedin.com\\\/company\\\/ekoenergetyka\",\"https:\\\/\\\/www.youtube.com\\\/channel\\\/UCfZM_rPDdrv6D0JB-uhWi8Q\\\/videos\"],\"description\":\"Established in 2009 Poland with a sole purpose of providing charging solutions, we are one of the pioneers in the e-mobility industry. In a decade, Ekoenergetyka has grown from 2 to more than 400 employees (currently around 1,000) and has acquired customers throughout Europe and are now a Central and Eastern European leader in charging technologies.\",\"email\":\"contact@ekoenergetyka.com.pl\",\"telephone\":\"+ 48 68 328 20 68\",\"numberOfEmployees\":{\"@type\":\"QuantitativeValue\",\"minValue\":\"501\",\"maxValue\":\"1000\"}}]}<\/script>\n<!-- \/ Yoast SEO Premium plugin. -->","yoast_head_json":{"title":"Kontakt | Ekoenergetyka","description":"Haben Sie Fragen oder ben\u00f6tigen Sie weitere Informationen? Kontaktieren Sie uns. Unser Team steht Ihnen gerne zur Verf\u00fcgung.","robots":{"index":"index","follow":"follow","max-snippet":"max-snippet:-1","max-image-preview":"max-image-preview:large","max-video-preview":"max-video-preview:-1"},"canonical":"https:\/\/ekoenergetyka.com\/de\/kontakt\/","og_locale":"de_DE","og_type":"article","og_title":"Kontakt","og_description":"Haben Sie Fragen oder ben\u00f6tigen Sie weitere Informationen? Kontaktieren Sie uns. Unser Team steht Ihnen gerne zur Verf\u00fcgung.","og_url":"https:\/\/ekoenergetyka.com\/de\/kontakt\/","og_site_name":"Ekoenergetyka","article_publisher":"https:\/\/www.facebook.com\/ekoenergetykaPolska\/","article_modified_time":"2026-03-05T11:28:19+00:00","og_image":[{"width":1907,"height":1257,"url":"https:\/\/ekoenergetyka.com\/wp-content\/uploads\/2025\/07\/company-poster.webp","type":"image\/webp"}],"twitter_card":"summary_large_image","twitter_misc":{"Gesch\u00e4tzte Lesezeit":"1\u00a0Minute"},"schema":{"@context":"https:\/\/schema.org","@graph":[{"@type":"WebPage","@id":"https:\/\/ekoenergetyka.com\/de\/kontakt\/","url":"https:\/\/ekoenergetyka.com\/de\/kontakt\/","name":"Kontakt | Ekoenergetyka","isPartOf":{"@id":"https:\/\/ekoenergetyka.com\/de\/#website"},"primaryImageOfPage":{"@id":"https:\/\/ekoenergetyka.com\/de\/kontakt\/#primaryimage"},"image":{"@id":"https:\/\/ekoenergetyka.com\/de\/kontakt\/#primaryimage"},"thumbnailUrl":"https:\/\/ekoenergetyka.com\/wp-content\/uploads\/2025\/07\/company-poster.webp","datePublished":"2021-06-25T11:53:20+00:00","dateModified":"2026-03-05T11:28:19+00:00","description":"Haben Sie Fragen oder ben\u00f6tigen Sie weitere Informationen? Kontaktieren Sie uns. Unser Team steht Ihnen gerne zur Verf\u00fcgung.","breadcrumb":{"@id":"https:\/\/ekoenergetyka.com\/de\/kontakt\/#breadcrumb"},"inLanguage":"de","potentialAction":[{"@type":"ReadAction","target":["https:\/\/ekoenergetyka.com\/de\/kontakt\/"]}]},{"@type":"ImageObject","inLanguage":"de","@id":"https:\/\/ekoenergetyka.com\/de\/kontakt\/#primaryimage","url":"https:\/\/ekoenergetyka.com\/wp-content\/uploads\/2025\/07\/company-poster.webp","contentUrl":"https:\/\/ekoenergetyka.com\/wp-content\/uploads\/2025\/07\/company-poster.webp"},{"@type":"BreadcrumbList","@id":"https:\/\/ekoenergetyka.com\/de\/kontakt\/#breadcrumb","itemListElement":[{"@type":"ListItem","position":1,"name":"Heim","item":"https:\/\/ekoenergetyka.com\/de\/"},{"@type":"ListItem","position":2,"name":"Kontakt"}]},{"@type":"WebSite","@id":"https:\/\/ekoenergetyka.com\/de\/#website","url":"https:\/\/ekoenergetyka.com\/de\/","name":"Ekoenergetyka","description":"","publisher":{"@id":"https:\/\/ekoenergetyka.com\/de\/#organization"},"potentialAction":[{"@type":"SearchAction","target":{"@type":"EntryPoint","urlTemplate":"https:\/\/ekoenergetyka.com\/de\/?s={search_term_string}"},"query-input":{"@type":"PropertyValueSpecification","valueRequired":true,"valueName":"search_term_string"}}],"inLanguage":"de"},{"@type":"Organization","@id":"https:\/\/ekoenergetyka.com\/de\/#organization","name":"Ekoenergetyka","url":"https:\/\/ekoenergetyka.com\/de\/","logo":{"@type":"ImageObject","inLanguage":"de","@id":"https:\/\/ekoenergetyka.com\/de\/#\/schema\/logo\/image\/","url":"https:\/\/ekoenergetyka.com\/wp-content\/uploads\/2024\/11\/cropped-sygnet-bez-tla-black-1-2.png","contentUrl":"https:\/\/ekoenergetyka.com\/wp-content\/uploads\/2024\/11\/cropped-sygnet-bez-tla-black-1-2.png","width":512,"height":512,"caption":"Ekoenergetyka"},"image":{"@id":"https:\/\/ekoenergetyka.com\/de\/#\/schema\/logo\/image\/"},"sameAs":["https:\/\/www.facebook.com\/ekoenergetykaPolska\/","https:\/\/www.linkedin.com\/company\/ekoenergetyka","https:\/\/www.youtube.com\/channel\/UCfZM_rPDdrv6D0JB-uhWi8Q\/videos"],"description":"Established in 2009 Poland with a sole purpose of providing charging solutions, we are one of the pioneers in the e-mobility industry. In a decade, Ekoenergetyka has grown from 2 to more than 400 employees (currently around 1,000) and has acquired customers throughout Europe and are now a Central and Eastern European leader in charging technologies.","email":"contact@ekoenergetyka.com.pl","telephone":"+ 48 68 328 20 68","numberOfEmployees":{"@type":"QuantitativeValue","minValue":"501","maxValue":"1000"}}]}},"_links":{"self":[{"href":"https:\/\/ekoenergetyka.com\/de\/wp-json\/wp\/v2\/pages\/1226","targetHints":{"allow":["GET"]}}],"collection":[{"href":"https:\/\/ekoenergetyka.com\/de\/wp-json\/wp\/v2\/pages"}],"about":[{"href":"https:\/\/ekoenergetyka.com\/de\/wp-json\/wp\/v2\/types\/page"}],"author":[{"embeddable":true,"href":"https:\/\/ekoenergetyka.com\/de\/wp-json\/wp\/v2\/users\/1"}],"replies":[{"embeddable":true,"href":"https:\/\/ekoenergetyka.com\/de\/wp-json\/wp\/v2\/comments?post=1226"}],"version-history":[{"count":5,"href":"https:\/\/ekoenergetyka.com\/de\/wp-json\/wp\/v2\/pages\/1226\/revisions"}],"predecessor-version":[{"id":57949,"href":"https:\/\/ekoenergetyka.com\/de\/wp-json\/wp\/v2\/pages\/1226\/revisions\/57949"}],"wp:attachment":[{"href":"https:\/\/ekoenergetyka.com\/de\/wp-json\/wp\/v2\/media?parent=1226"}],"curies":[{"name":"wp","href":"https:\/\/api.w.org\/{rel}","templated":true}]}}